{"id":805,"date":"2022-12-11T20:07:53","date_gmt":"2022-12-11T17:07:53","guid":{"rendered":"https:\/\/healthestetik.com\/?p=805"},"modified":"2025-06-13T19:00:19","modified_gmt":"2025-06-13T16:00:19","slug":"bichectomy-surgery","status":"publish","type":"page","link":"https:\/\/healthestetik.com\/tr\/bichectomy-surgery\/","title":{"rendered":"Bi\u015fektomi Ameliyat\u0131"},"content":{"rendered":"<figure class=\"wp-block-image size-large is-resized\"><img fetchpriority=\"high\" decoding=\"async\" width=\"1024\" height=\"459\" src=\"https:\/\/healthestetik.com\/wp-content\/uploads\/2024\/10\/bichectomy-surgery-1024x459.jpg\" alt=\"\" class=\"wp-image-834\" style=\"width:1236px;height:auto\" srcset=\"https:\/\/healthestetik.com\/wp-content\/uploads\/2024\/10\/bichectomy-surgery-1024x459.jpg 1024w, https:\/\/healthestetik.com\/wp-content\/uploads\/2024\/10\/bichectomy-surgery-768x344.jpg 768w, https:\/\/healthestetik.com\/wp-content\/uploads\/2024\/10\/bichectomy-surgery-320x143.jpg 320w, https:\/\/healthestetik.com\/wp-content\/uploads\/2024\/10\/bichectomy-surgery-480x215.jpg 480w, https:\/\/healthestetik.com\/wp-content\/uploads\/2024\/10\/bichectomy-surgery-800x358.jpg 800w, https:\/\/healthestetik.com\/wp-content\/uploads\/2024\/10\/bichectomy-surgery-640x287.jpg 640w, https:\/\/healthestetik.com\/wp-content\/uploads\/2024\/10\/bichectomy-surgery-400x179.jpg 400w\" sizes=\"(max-width: 1024px) 100vw, 1024px\" \/><figcaption class=\"wp-element-caption\">T\u00fcrkiye&#039;de Bi\u015fektomi Ameliyat\u0131<\/figcaption><\/figure>\n\n\n\n<p><strong>Bi\u015fektomi Ameliyat\u0131 Nedir?<\/strong><\/p>\n\n\n\n<p>Y\u00fcz\u00fcn\u00fcz\u00fcn v\u00fccudunuzun geri kalan\u0131ndan daha yuvarlak veya tombul g\u00f6r\u00fcnd\u00fc\u011f\u00fcn\u00fc m\u00fc d\u00fc\u015f\u00fcn\u00fcyorsunuz? Bu, ba\u015fkalar\u0131yla etkile\u015fim kurarken \u00f6zg\u00fcveninizi etkiliyor mu? E\u011fer \u00f6yleyse, <strong>Bi\u015fektomi ameliyat\u0131<\/strong>, ayn\u0131 zamanda yanak ya\u011f\u0131 ald\u0131rma olarak da bilinir, arad\u0131\u011f\u0131n\u0131z \u00e7\u00f6z\u00fcm olabilir.<\/p>\n\n\n\n<hr class=\"wp-block-separator has-alpha-channel-opacity\"\/>\n\n\n\n<h3 class=\"wp-block-heading\"><strong>Bi\u015fektomi Nedir?<\/strong><\/h3>\n\n\n\n<p><strong>Bi\u015fektomi<\/strong> Y\u00fcz hatlar\u0131n\u0131z\u0131, \u00f6zellikle yanaklar\u0131n\u0131z\u0131 g\u00fczelle\u015ftirmek i\u00e7in tasarlanm\u0131\u015f bir kozmetik y\u00fcz ameliyat\u0131d\u0131r. Bu i\u015flem, yanaklardaki ya\u011f pedlerini (ya\u011f cepleri) \u00e7\u0131kararak daha ince, hatl\u0131 ve uzun bir y\u00fcz g\u00f6r\u00fcn\u00fcm\u00fc olu\u015fturur.<\/p>\n\n\n\n<p><strong>Bi\u015fektominin Temel Faydalar\u0131<\/strong>:<\/p>\n\n\n\n<ul class=\"wp-block-list\">\n<li>Y\u00fczdeki yuvarlak, tombul g\u00f6r\u00fcn\u00fcm\u00fc ortadan kald\u0131r\u0131r.<\/li>\n\n\n\n<li>Ayakta tedavi prosed\u00fcr\u00fc olarak ger\u00e7ekle\u015ftirilir.<\/li>\n\n\n\n<li>Minimum iyile\u015fme s\u00fcresi.<\/li>\n\n\n\n<li>Kesiler yanaklar\u0131n i\u00e7 k\u0131sm\u0131ndan yap\u0131ld\u0131\u011f\u0131 i\u00e7in g\u00f6zle g\u00f6r\u00fcl\u00fcr bir iz kalmaz.<\/li>\n<\/ul>\n\n\n\n<figure class=\"wp-block-gallery has-nested-images columns-default is-cropped wp-block-gallery-1 is-layout-flex wp-block-gallery-is-layout-flex\">\n<figure class=\"wp-block-image size-large\"><img decoding=\"async\" width=\"683\" height=\"1024\" data-id=\"1142\" src=\"https:\/\/healthestetik.com\/wp-content\/uploads\/2024\/12\/blonde-woman-with-curly-beautiful-hair-smiling-2023-11-27-05-15-56-utc-copy-683x1024.webp?wsr\" alt=\"\" class=\"wp-image-1142\" srcset=\"https:\/\/healthestetik.com\/wp-content\/uploads\/2024\/12\/blonde-woman-with-curly-beautiful-hair-smiling-2023-11-27-05-15-56-utc-copy-683x1024.webp 683w, https:\/\/healthestetik.com\/wp-content\/uploads\/2024\/12\/blonde-woman-with-curly-beautiful-hair-smiling-2023-11-27-05-15-56-utc-copy-320x480.webp 320w, https:\/\/healthestetik.com\/wp-content\/uploads\/2024\/12\/blonde-woman-with-curly-beautiful-hair-smiling-2023-11-27-05-15-56-utc-copy-480x720.webp 480w, https:\/\/healthestetik.com\/wp-content\/uploads\/2024\/12\/blonde-woman-with-curly-beautiful-hair-smiling-2023-11-27-05-15-56-utc-copy-640x960.webp 640w, https:\/\/healthestetik.com\/wp-content\/uploads\/2024\/12\/blonde-woman-with-curly-beautiful-hair-smiling-2023-11-27-05-15-56-utc-copy-400x600.webp 400w\" sizes=\"(max-width: 683px) 100vw, 683px\" \/><\/figure>\n<\/figure>\n\n\n\n<hr class=\"wp-block-separator has-alpha-channel-opacity\"\/>\n\n\n\n<h3 class=\"wp-block-heading\"><strong>Bi\u015fektomi Nas\u0131l Yap\u0131l\u0131r?<\/strong><\/h3>\n\n\n\n<ol class=\"wp-block-list\">\n<li><strong>Anestezi<\/strong>:\n<ul class=\"wp-block-list\">\n<li>\u0130\u015flem genellikle lokal anestezi alt\u0131nda yap\u0131l\u0131r.<\/li>\n\n\n\n<li>Di\u011fer ameliyatlarla kombine edilmesi durumunda genel anestezi uygulanabilir.<\/li>\n<\/ul>\n<\/li>\n\n\n\n<li><strong>Cerrahi \u0130\u015flem<\/strong>:\n<ul class=\"wp-block-list\">\n<li>Her iki yana\u011f\u0131n i\u00e7 k\u0131sm\u0131na k\u00fc\u00e7\u00fck bir kesi yap\u0131l\u0131r.<\/li>\n\n\n\n<li>Cerrah, yanak ya\u011f yast\u0131\u011f\u0131n\u0131 a\u00e7\u0131\u011fa \u00e7\u0131karmak i\u00e7in d\u0131\u015far\u0131dan bask\u0131 uygular.<\/li>\n\n\n\n<li>Ya\u011f yast\u0131k\u00e7\u0131klar\u0131 dikkatlice \u00e7\u0131kar\u0131l\u0131r ve kesiler eriyen diki\u015flerle kapat\u0131l\u0131r.<\/li>\n<\/ul>\n<\/li>\n<\/ol>\n\n\n\n<p>\u0130\u015flem olduk\u00e7a basittir ve yakla\u015f\u0131k 30-60 dakika s\u00fcrer.<\/p>\n\n\n\n<hr class=\"wp-block-separator has-alpha-channel-opacity\"\/>\n\n\n\n<h3 class=\"wp-block-heading\"><strong>Ameliyat Sonras\u0131 Bak\u0131m<\/strong><\/h3>\n\n\n\n<p>Ge\u00e7irdikten sonra <strong>Bi\u015fektomi<\/strong>, do\u011fru bak\u0131m sorunsuz iyile\u015fmeyi ve en iyi sonu\u00e7lar\u0131 garanti eder:<\/p>\n\n\n\n<ul class=\"wp-block-list\">\n<li><strong>A\u011f\u0131z Hijyeni<\/strong>: Enfeksiyonlar\u0131 \u00f6nlemek i\u00e7in re\u00e7ete edilen a\u011f\u0131z gargaras\u0131n\u0131 kullan\u0131n. \u0130lk hafta tuzlu su ile gargara yap\u0131lmas\u0131 \u00f6nerilir.<\/li>\n\n\n\n<li><strong>Diyet<\/strong>: Ba\u015flang\u0131\u00e7ta s\u0131v\u0131 beslenmeye devam edin. \u0130yile\u015fme ilerledik\u00e7e yumu\u015fak g\u0131dalara ve ard\u0131ndan normal beslenmenize ge\u00e7in.<\/li>\n\n\n\n<li><strong>\u015ei\u015flik Y\u00f6netimi<\/strong>:\n<ul class=\"wp-block-list\">\n<li>Ameliyattan sonra birka\u00e7 g\u00fcn \u015fi\u015flik olmas\u0131 normaldir.<\/li>\n\n\n\n<li>\u015ei\u015fli\u011fi azaltmak i\u00e7in buz torbas\u0131 uygulay\u0131n.<\/li>\n<\/ul>\n<\/li>\n\n\n\n<li><strong>Fiziksel Aktiviteler<\/strong>: En az bir hafta boyunca yorucu aktivitelerden ka\u00e7\u0131n\u0131n.<\/li>\n\n\n\n<li><strong>Takip etmek<\/strong>: \u0130yile\u015fmenizi takip etmek i\u00e7in t\u00fcm takip randevular\u0131n\u0131za kat\u0131l\u0131n.<\/li>\n<\/ul>\n\n\n\n<p>Ameliyat\u0131n nihai sonu\u00e7lar\u0131n\u0131n ortaya \u00e7\u0131kmas\u0131 ve yanaklar\u0131n tam olarak oturmas\u0131 birka\u00e7 ay s\u00fcrebilir.<\/p>\n\n\n\n<figure class=\"wp-block-image size-large is-resized\"><img decoding=\"async\" width=\"570\" height=\"1024\" src=\"https:\/\/healthestetik.com\/wp-content\/uploads\/2024\/12\/62269934_l_normal_none-570x1024.webp?wsr\" alt=\"\" class=\"wp-image-1211\" style=\"width:1236px;height:auto\" srcset=\"https:\/\/healthestetik.com\/wp-content\/uploads\/2024\/12\/62269934_l_normal_none-570x1024.webp 570w, https:\/\/healthestetik.com\/wp-content\/uploads\/2024\/12\/62269934_l_normal_none-320x575.webp 320w, https:\/\/healthestetik.com\/wp-content\/uploads\/2024\/12\/62269934_l_normal_none-480x863.webp 480w, https:\/\/healthestetik.com\/wp-content\/uploads\/2024\/12\/62269934_l_normal_none-400x719.webp 400w\" sizes=\"(max-width: 570px) 100vw, 570px\" \/><\/figure>\n\n\n\n<hr class=\"wp-block-separator has-alpha-channel-opacity\"\/>\n\n\n\n<h3 class=\"wp-block-heading\"><strong>Bi\u015fektomi Ameliyat\u0131 \u0130\u00e7in Kimler Adayd\u0131r?<\/strong><\/h3>\n\n\n\n<p><strong>Uygunluk<\/strong>:<\/p>\n\n\n\n<ul class=\"wp-block-list\">\n<li>18 ya\u015f \u00fcst\u00fc sa\u011fl\u0131kl\u0131 bireyler.<\/li>\n\n\n\n<li>Yanaklar\u0131 dolgun ve v\u00fccut a\u011f\u0131rl\u0131\u011f\u0131 dengeli olanlar.<\/li>\n<\/ul>\n\n\n\n<p><strong>Tavsiye Edilmez<\/strong>:<\/p>\n\n\n\n<ul class=\"wp-block-list\">\n<li>45 ya\u015f \u00fcst\u00fc bireylerde, ya\u015fla birlikte do\u011fal ya\u011f azalmas\u0131 ameliyat sonras\u0131 erken ya\u015fl\u0131 bir g\u00f6r\u00fcn\u00fcme yol a\u00e7abilir.<\/li>\n<\/ul>\n\n\n\n<p>Bu i\u015flemin sizin i\u00e7in uygun olup olmad\u0131\u011f\u0131n\u0131 belirlemek i\u00e7in deneyimli bir cerraha dan\u0131\u015fman\u0131z \u015fartt\u0131r.<\/p>\n\n\n\n<hr class=\"wp-block-separator has-alpha-channel-opacity\"\/>\n\n\n\n<h3 class=\"wp-block-heading\"><strong>T\u00fcrkiye&#039;de Bi\u015fektomi Ameliyat\u0131<\/strong><\/h3>\n\n\n\n<p>T\u00fcrkiye, \u00f6nde gelen bir destinasyon haline geldi <strong>Bi\u015fektomi ameliyat\u0131<\/strong>Rekabet\u00e7i fiyatlarla y\u00fcksek kaliteli hizmetler sunuyoruz. \u0130\u015fte nedeni:<\/p>\n\n\n\n<ul class=\"wp-block-list\">\n<li><strong>Deneyimli Cerrahlar<\/strong>: Yanak ya\u011f\u0131 ald\u0131rma konusunda y\u0131llar\u0131n deneyimine sahip yetenekli profesyoneller.<\/li>\n\n\n\n<li><strong>Geli\u015fmi\u015f Tesisler<\/strong>: Son teknoloji ile donat\u0131lm\u0131\u015f klinikler.<\/li>\n\n\n\n<li><strong>Uygun Fiyatlar<\/strong>: Bir\u00e7ok \u00fclkeye k\u0131yasla maliyetlerin \u00f6nemli \u00f6l\u00e7\u00fcde d\u00fc\u015f\u00fck olmas\u0131, T\u00fcrkiye&#039;yi sa\u011fl\u0131k turizmi i\u00e7in pop\u00fcler bir tercih haline getiriyor.<\/li>\n<\/ul>\n\n\n\n<figure class=\"wp-block-image size-large is-resized\"><img loading=\"lazy\" decoding=\"async\" width=\"942\" height=\"1024\" src=\"https:\/\/healthestetik.com\/wp-content\/uploads\/2024\/12\/shutterstock_1244623198-copy-942x1024.webp?wsr\" alt=\"\" class=\"wp-image-1150\" style=\"width:1236px;height:auto\" srcset=\"https:\/\/healthestetik.com\/wp-content\/uploads\/2024\/12\/shutterstock_1244623198-copy-942x1024.webp 942w, https:\/\/healthestetik.com\/wp-content\/uploads\/2024\/12\/shutterstock_1244623198-copy-768x835.webp 768w, https:\/\/healthestetik.com\/wp-content\/uploads\/2024\/12\/shutterstock_1244623198-copy-320x348.webp 320w, https:\/\/healthestetik.com\/wp-content\/uploads\/2024\/12\/shutterstock_1244623198-copy-480x522.webp 480w, https:\/\/healthestetik.com\/wp-content\/uploads\/2024\/12\/shutterstock_1244623198-copy-800x869.webp 800w, https:\/\/healthestetik.com\/wp-content\/uploads\/2024\/12\/shutterstock_1244623198-copy-640x696.webp 640w, https:\/\/healthestetik.com\/wp-content\/uploads\/2024\/12\/shutterstock_1244623198-copy-400x435.webp 400w\" sizes=\"(max-width: 942px) 100vw, 942px\" \/><\/figure>\n\n\n\n<hr class=\"wp-block-separator has-alpha-channel-opacity\"\/>\n\n\n\n<h3 class=\"wp-block-heading\"><strong>T\u00fcrkiye&#039;de Bukkal Ya\u011f Ald\u0131rma<\/strong><\/h3>\n\n\n\n<p><strong>Bukkal ya\u011f ald\u0131rma<\/strong> T\u00fcrkiye&#039;de veya <strong>Bi\u015fektomi<\/strong>, yanak \u00e7evresindeki fazla ya\u011f ve dokular\u0131n al\u0131narak daha ince ve gen\u00e7 bir y\u00fcz g\u00f6r\u00fcn\u00fcm\u00fcne kavu\u015fturulmas\u0131d\u0131r.<\/p>\n\n\n\n<p><strong>Bi\u015fektomi \u0130\u00e7in Neden T\u00fcrkiye&#039;yi Se\u00e7melisiniz?<\/strong><\/p>\n\n\n\n<ul class=\"wp-block-list\">\n<li>Ola\u011fan\u00fcst\u00fc t\u0131bbi bak\u0131m.<\/li>\n\n\n\n<li>Uygun fiyatland\u0131rma.<\/li>\n\n\n\n<li>Dan\u0131\u015fmanl\u0131k ve sonras\u0131ndaki bak\u0131m da dahil olmak \u00fczere kapsaml\u0131 destek.<\/li>\n<\/ul>\n\n\n\n<p>Deneyimli t\u0131bbi ekibimiz, s\u00fcre\u00e7te size rehberlik etmek ve sorular\u0131n\u0131z\u0131 yan\u0131tlamak i\u00e7in burada.<\/p>\n\n\n\n<figure class=\"wp-block-image size-large is-resized\"><img loading=\"lazy\" decoding=\"async\" width=\"1024\" height=\"683\" src=\"https:\/\/healthestetik.com\/wp-content\/uploads\/2024\/12\/19381972_m_normal_none-1024x683.webp?wsr\" alt=\"\" class=\"wp-image-1186\" style=\"width:1236px;height:auto\" srcset=\"https:\/\/healthestetik.com\/wp-content\/uploads\/2024\/12\/19381972_m_normal_none-1024x683.webp 1024w, https:\/\/healthestetik.com\/wp-content\/uploads\/2024\/12\/19381972_m_normal_none-768x512.webp 768w, https:\/\/healthestetik.com\/wp-content\/uploads\/2024\/12\/19381972_m_normal_none-320x213.webp 320w, https:\/\/healthestetik.com\/wp-content\/uploads\/2024\/12\/19381972_m_normal_none-480x320.webp 480w, https:\/\/healthestetik.com\/wp-content\/uploads\/2024\/12\/19381972_m_normal_none-800x533.webp 800w, https:\/\/healthestetik.com\/wp-content\/uploads\/2024\/12\/19381972_m_normal_none-640x427.webp 640w, https:\/\/healthestetik.com\/wp-content\/uploads\/2024\/12\/19381972_m_normal_none-400x267.webp 400w\" sizes=\"(max-width: 1024px) 100vw, 1024px\" \/><\/figure>\n\n\n\n<hr class=\"wp-block-separator has-alpha-channel-opacity\"\/>\n\n\n\n<h3 class=\"wp-block-heading\"><strong>Daha Fazla Bilgi \u0130\u00e7in Bizimle \u0130leti\u015fime Ge\u00e7in<\/strong><\/h3>\n\n\n\n<p>E\u011fer d\u00fc\u015f\u00fcn\u00fcyorsan\u0131z <strong>Bi\u015fektomi ameliyat\u0131<\/strong> veya prosed\u00fcr hakk\u0131nda sorular\u0131n\u0131z varsa, <a href=\"https:\/\/healthestetik.com\/tr\/bize-ulasin\/\"  data-wpil-monitor-id=\"198\">bize Ula\u015f\u0131n<\/a> Bug\u00fcn. Profesyonel t\u0131bbi ekibimiz t\u00fcm detaylar\u0131 sa\u011flayacak ve estetik hedeflerinize ula\u015fman\u0131za yard\u0131mc\u0131 olacakt\u0131r. <a href=\"https:\/\/healthestetik.com\/tr\/body-contouring-surgery\/\"  data-wpil-monitor-id=\"257\">Bi\u015fektomi ameliyat\u0131 ile konturlu ve kendine g\u00fcvenen bir g\u00f6r\u00fcn\u00fcm<\/a><strong> T\u00fcrkiye&#039;de<\/strong>!<\/p>","protected":false},"excerpt":{"rendered":"<p>Bi\u015fektomi veya yanak ya\u011f\u0131 ald\u0131rma, y\u00fcz hatlar\u0131n\u0131z\u0131, \u00f6zellikle yanaklar\u0131n\u0131z\u0131 iyile\u015ftirmek i\u00e7in yap\u0131lan bir y\u00fcz ameliyat\u0131d\u0131r. <\/p>","protected":false},"author":1,"featured_media":834,"parent":0,"menu_order":0,"comment_status":"open","ping_status":"open","template":"elementor_header_footer","meta":{"rs_blank_template":"","rs_page_bg_color":"","slide_template_v7":"","footnotes":""},"class_list":["post-805","page","type-page","status-publish","has-post-thumbnail","hentry"],"_links":{"self":[{"href":"https:\/\/healthestetik.com\/tr\/wp-json\/wp\/v2\/pages\/805","targetHints":{"allow":["GET"]}}],"collection":[{"href":"https:\/\/healthestetik.com\/tr\/wp-json\/wp\/v2\/pages"}],"about":[{"href":"https:\/\/healthestetik.com\/tr\/wp-json\/wp\/v2\/types\/page"}],"author":[{"embeddable":true,"href":"https:\/\/healthestetik.com\/tr\/wp-json\/wp\/v2\/users\/1"}],"replies":[{"embeddable":true,"href":"https:\/\/healthestetik.com\/tr\/wp-json\/wp\/v2\/comments?post=805"}],"version-history":[{"count":0,"href":"https:\/\/healthestetik.com\/tr\/wp-json\/wp\/v2\/pages\/805\/revisions"}],"wp:featuredmedia":[{"embeddable":true,"href":"https:\/\/healthestetik.com\/tr\/wp-json\/wp\/v2\/media\/834"}],"wp:attachment":[{"href":"https:\/\/healthestetik.com\/tr\/wp-json\/wp\/v2\/media?parent=805"}],"curies":[{"name":"wp","href":"https:\/\/api.w.org\/{rel}","templated":true}]}}