{"id":801,"date":"2022-12-11T19:53:00","date_gmt":"2022-12-11T16:53:00","guid":{"rendered":"https:\/\/healthestetik.com\/?p=801"},"modified":"2025-05-08T14:04:47","modified_gmt":"2025-05-08T11:04:47","slug":"turkiyede-jinekomasti","status":"publish","type":"page","link":"https:\/\/healthestetik.com\/tr\/turkiyede-jinekomasti\/","title":{"rendered":"T\u00fcrkiye&#039;de Jinekomasti"},"content":{"rendered":"<figure class=\"wp-block-image size-large is-resized\"><img fetchpriority=\"high\" decoding=\"async\" width=\"1024\" height=\"459\" src=\"https:\/\/healthestetik.com\/wp-content\/uploads\/2024\/10\/gynecomastia-1024x459.jpg\" alt=\"\" class=\"wp-image-865\" style=\"width:1236px;height:auto\" srcset=\"https:\/\/healthestetik.com\/wp-content\/uploads\/2024\/10\/gynecomastia-1024x459.jpg 1024w, https:\/\/healthestetik.com\/wp-content\/uploads\/2024\/10\/gynecomastia-768x344.jpg 768w, https:\/\/healthestetik.com\/wp-content\/uploads\/2024\/10\/gynecomastia-320x143.jpg 320w, https:\/\/healthestetik.com\/wp-content\/uploads\/2024\/10\/gynecomastia-480x215.jpg 480w, https:\/\/healthestetik.com\/wp-content\/uploads\/2024\/10\/gynecomastia-800x358.jpg 800w, https:\/\/healthestetik.com\/wp-content\/uploads\/2024\/10\/gynecomastia-640x287.jpg 640w, https:\/\/healthestetik.com\/wp-content\/uploads\/2024\/10\/gynecomastia-400x179.jpg 400w\" sizes=\"(max-width: 1024px) 100vw, 1024px\" \/><figcaption class=\"wp-element-caption\">T\u00fcrkiye&#039;de Jinekomasti<\/figcaption><\/figure>\n\n\n\n<p>Son birka\u00e7 y\u0131ld\u0131r T\u00fcrkiye, Jinekomasti gibi estetik prosed\u00fcrler i\u00e7in heyecan verici bir yer haline geldi. Meme k\u00fc\u00e7\u00fcltme ve v\u00fccut \u015fekillendirme konusunda uzman doktorlar\u0131n bulunmas\u0131, en iyi fig\u00fcre sahip olmak i\u00e7in yeni bir cazibe yaratt\u0131. T\u00fcrkiye ve ola\u011fan\u00fcst\u00fc konumu, Jinekomasti&#039;ye eri\u015fimi kolay ve e\u011flenceli hale getirdi. Turistik sa\u011fl\u0131k aktivitesi i\u00e7in en iyi 1 yer olarak aday g\u00f6sterilen T\u00fcrkiye, erkek meme k\u00fc\u00e7\u00fcltme i\u00e7in en iyi \u00e7\u00f6z\u00fcmd\u00fcr. Kalite ve bak\u0131m konusunda T\u00fcrkiye&#039;deki en iyi kliniklerden biriyiz. Dahas\u0131, Klini\u011fimizin en son sistemlerini ve teknolojilerini uygulamada \u00f6nc\u00fc bir kurumuz. Bu nedenle T\u00fcrkiye&#039;de jinekomasti ameliyat\u0131 se\u00e7mek ak\u0131ll\u0131ca olacakt\u0131r.<\/p>\n\n\n\n<p>Di\u011ferlerine k\u0131yasla \u00e7ok uygun bir fiyata en y\u00fcksek kaliteyi sunuyoruz <a href=\"https:\/\/healthestetik.com\/tr\/breast-lift\/\"  data-wpil-monitor-id=\"35\">meme esteti\u011fi<\/a> d\u00fcnya \u00e7ap\u0131nda klinikler. Hastalar\u0131m\u0131z\u0131n g\u00fcveni sayesinde jinekomasti ameliyatlar\u0131nda y\u0131llar\u0131n deneyimine sahibiz. Jinekomasti ameliyat\u0131 yetenekli ve deneyimli cerrahlar gerektirdi\u011finden bu deneyimi kullanarak size en iyi deneyimi ya\u015fatmay\u0131 hedefliyoruz.<\/p>\n\n\n\n<figure class=\"wp-block-image size-large is-resized\"><img decoding=\"async\" width=\"1024\" height=\"683\" src=\"https:\/\/healthestetik.com\/wp-content\/uploads\/2024\/12\/75307760_l_normal_none-1024x683.webp\" alt=\"\" class=\"wp-image-1231\" style=\"width:1236px;height:auto\" srcset=\"https:\/\/healthestetik.com\/wp-content\/uploads\/2024\/12\/75307760_l_normal_none-1024x683.webp 1024w, https:\/\/healthestetik.com\/wp-content\/uploads\/2024\/12\/75307760_l_normal_none-768x512.webp 768w, https:\/\/healthestetik.com\/wp-content\/uploads\/2024\/12\/75307760_l_normal_none-320x213.webp 320w, https:\/\/healthestetik.com\/wp-content\/uploads\/2024\/12\/75307760_l_normal_none-480x320.webp 480w, https:\/\/healthestetik.com\/wp-content\/uploads\/2024\/12\/75307760_l_normal_none-800x533.webp 800w, https:\/\/healthestetik.com\/wp-content\/uploads\/2024\/12\/75307760_l_normal_none-640x427.webp 640w, https:\/\/healthestetik.com\/wp-content\/uploads\/2024\/12\/75307760_l_normal_none-400x267.webp 400w\" sizes=\"(max-width: 1024px) 100vw, 1024px\" \/><\/figure>\n\n\n\n<h2 class=\"wp-block-heading\"><strong>Jinekomasti<\/strong><\/h2>\n\n\n\n<p>Bu durum hastan\u0131n genel sa\u011fl\u0131\u011f\u0131n\u0131 etkilemese de psikolojisi \u00fczerinde y\u0131k\u0131c\u0131 etkilere sahiptir. Jinekomasti ile hastan\u0131n \u00f6zsayg\u0131s\u0131 ve \u00f6zg\u00fcveni h\u0131zla d\u00fc\u015fer. Ve tedavi edilmezse, Kad\u0131nlar aras\u0131nda dolgun g\u00f6\u011f\u00fcslere sahip olmak arzu edilebilir, ancak erkekler aras\u0131nda kesinlikle de\u011fildir. Ancak Jinekomasti hastas\u0131ysan\u0131z, ortalama bir erkekten daha b\u00fcy\u00fck g\u00f6\u011f\u00fcsleriniz olurdu.&nbsp;<\/p>\n\n\n\n<p>Jinekomasti Ameliyat\u0131 hastan\u0131n t\u00fcm hayat\u0131n\u0131 de\u011fi\u015ftirebilir. Bunu bir \u00f6rnekle daha iyi a\u00e7\u0131klayal\u0131m. Jinekomasti hastas\u0131 bir erkek b\u00fcy\u00fck ihtimalle her t\u00fcrl\u00fc fiziksel spordan ka\u00e7\u0131nacakt\u0131r \u00e7\u00fcnk\u00fc spor yapamaz, k\u0131yafetlerini de\u011fi\u015ftirirken b\u00fcy\u00fck g\u00f6\u011f\u00fcslerini kimsenin g\u00f6rmesini istemez; bu, bunun erkekler i\u00e7in hayat\u0131 nas\u0131l \u00e7ok daha zorla\u015ft\u0131rabilece\u011finin sadece bir \u00f6rne\u011fidir.<\/p>\n\n\n\n<h2 class=\"wp-block-heading\"><strong>Jinekomasti Nedir?<\/strong><\/h2>\n\n\n\n<p>E\u011fer erkekseniz, ancak v\u00fccudunuzun geri kalan\u0131na g\u00f6re orant\u0131s\u0131z g\u00f6r\u00fcnen g\u00f6\u011f\u00fcsleriniz varsa, bu durumdan muzdarip olabilirsiniz. Jinekomasti \u00e7e\u015fitli semptomlarla karakterizedir. Bunlardan baz\u0131lar\u0131 \u015funlard\u0131r:<\/p>\n\n\n\n<ul class=\"wp-block-list\">\n<li>G\u00f6\u011f\u00fcslerin \u00e7evresinde a\u015f\u0131r\u0131 ya\u011f<\/li>\n\n\n\n<li>\u00c7ok kal\u0131n g\u00f6\u011f\u00fcs derisi<\/li>\n\n\n\n<li>Hassasiyet<\/li>\n\n\n\n<li>A\u011fr\u0131<\/li>\n<\/ul>\n\n\n\n<p>T\u00fcm bu semptomlara sahip olman\u0131z gerekmez; ana semptom b\u00fcy\u00fck g\u00f6\u011f\u00fcslerdir. Bunun t\u00fcr\u00fc ayr\u0131ca nedenine de ba\u011fl\u0131d\u0131r. Bazen sadece g\u00f6\u011f\u00fcslerin etraf\u0131nda ge\u00e7ici bir \u015fi\u015flik olabilir veya bazen do\u011fu\u015ftan gelen bir durumdur. Ayr\u0131ca her iki g\u00f6\u011f\u00fcste de\u011fil sadece bir g\u00f6\u011f\u00fcste olu\u015fmas\u0131 da m\u00fcmk\u00fcnd\u00fcr. Bu nedenle, jinekomasti&#039;nin \u00e7al\u0131\u015fma \u015fekli bir erkekten di\u011ferine farkl\u0131l\u0131k g\u00f6sterir.<\/p>\n\n\n\n<p>Her iki durumda da, erkekler i\u00e7in olduk\u00e7a rahats\u0131z edici bir \u015feydir. Ancak endi\u015felenmenize gerek yok. Jinekomasti hastas\u0131 oldu\u011funuzu d\u00fc\u015f\u00fcn\u00fcyorsan\u0131z, bunu tedavi etmek i\u00e7in bir\u00e7ok \u00e7\u00f6z\u00fcm mevcuttur. Yapman\u0131z gereken en k\u0131sa s\u00fcrede bir doktora dan\u0131\u015fmakt\u0131r.&nbsp;<\/p>\n\n\n\n<h2 class=\"wp-block-heading\"><strong>Jinekomasti Ameliyat\u0131<\/strong><\/h2>\n\n\n\n<p>G\u00f6\u011f\u00fcslerinizin etraf\u0131ndaki fazla dokudan kurtulmak ve do\u011fal g\u00f6\u011f\u00fcslerinize kavu\u015fmak istedi\u011finizde \u00e7e\u015fitli tedavi se\u00e7enekleriniz vard\u0131r. Ancak, tedavi y\u00f6ntemlerinden hi\u00e7biri pratik sonu\u00e7lar vermedi\u011finde, jinekomasti ameliyat\u0131 sorunu \u00e7\u00f6zecektir.<\/p>\n\n\n\n<p>Bu ameliyat meme k\u00fc\u00e7\u00fcltme ameliyat\u0131d\u0131r. Cerrah, memelerin boyutunu k\u00fc\u00e7\u00fcltmek i\u00e7in \u00e7e\u015fitli y\u00f6ntemler uygular ve bunu \u015fu \u015fekilde yapabilir: <a href=\"https:\/\/healthestetik.com\/tr\/liposuction\/\"  data-wpil-monitor-id=\"46\">liposuction<\/a> veya kesiler yoluyla fazla ya\u011flar\u0131n al\u0131nmas\u0131 yoluyla yap\u0131labilir.<\/p>\n\n\n\n\n\n<h3 class=\"wp-block-heading\"><strong>Jinekomasti Nedenleri<\/strong><\/h3>\n\n\n\n<p>Her erkekten di\u011ferine farkl\u0131l\u0131k g\u00f6sterse de, baz\u0131 \u015feyler bu rahats\u0131z edici duruma neden olabilir. Jinekomasti&#039;nin en yayg\u0131n nedenleri hormonal dengesizlikler ve baz\u0131 ila\u00e7lar\u0131n yan etkileridir.&nbsp;<\/p>\n\n\n\n<p>Ergenlik d\u00f6neminde bu durumdan muzdarip olanlarla kar\u015f\u0131la\u015fmak daha yayg\u0131nd\u0131r. Ergenlikte hormonal de\u011fi\u015fiklikler daha a\u015f\u0131r\u0131 olabilece\u011finden, g\u00f6\u011f\u00fcslerin boyutu bir s\u00fcre sonra do\u011fal olarak normale d\u00f6nmelidir. D\u00f6nmezse, bu Jinekomasti hastas\u0131 oldu\u011funuzu g\u00f6sterir.<\/p>\n\n\n\n<p>Baz\u0131 ila\u00e7lar veya e\u011flence ama\u00e7l\u0131 uyu\u015fturucular da hormonal dengesizliklere neden olabilir ve bu da Jinekomastiye yol a\u00e7abilir. Bu nedenle, \u00f6strojen ve testosteron seviyenizi etkileyen herhangi bir ila\u00e7 kullan\u0131yorsan\u0131z, ara vermek (doktorunuza dan\u0131\u015ft\u0131ktan sonra) ve g\u00f6\u011f\u00fcslerinizin boyutunun zamanla normale d\u00f6n\u00fcp d\u00f6nmeyece\u011fini g\u00f6rmek isteyebilirsiniz.<\/p>\n\n\n\n<h2 class=\"wp-block-heading\"><strong>Jinekomasti Tedavisi<\/strong><\/h2>\n\n\n\n<p>Jinekomasti hastas\u0131 oldu\u011funuzu fark etti\u011finizde, do\u011fal olarak bundan kurtulman\u0131n yollar\u0131n\u0131 arayacaks\u0131n\u0131z. Birka\u00e7 \u015feyi deneyebilir ve i\u015fe yaray\u0131p yaramad\u0131\u011f\u0131n\u0131 g\u00f6rebilirsiniz. Bazen jinekomasti tedavisi, ortadan kalkmas\u0131 i\u00e7in zaman verir. Ancak bu olmazsa, bu durumu d\u00fczeltmenize ve do\u011fal g\u00f6r\u00fcn\u00fcm\u00fcn\u00fcz\u00fc geri kazanman\u0131za yard\u0131mc\u0131 olacak \u00e7\u00f6z\u00fcmler bulman\u0131z gerekir.<\/p>\n\n\n\n<p>E\u011fer kulland\u0131\u011f\u0131n\u0131z bir ila\u00e7 g\u00f6\u011f\u00fcslerinizin b\u00fcy\u00fcmesine neden oluyorsa, doktorunuza ilac\u0131 b\u0131rak\u0131p yerine ba\u015fka bir ila\u00e7 al\u0131p alamayaca\u011f\u0131n\u0131z\u0131 sorabilirsiniz.<\/p>\n\n\n\n<p>Jinekomasti semptomlar\u0131 \u015fiddetli hale geldi\u011finde, hastaya a\u011fr\u0131 verebilir. Jinekomasti ameliyat\u0131, hastan\u0131n bu sorunu bir kez ve herkes i\u00e7in a\u015fmas\u0131na yard\u0131mc\u0131 olacakt\u0131r. Di\u011fer t\u00fcm y\u00f6ntemler ba\u015far\u0131s\u0131z olsa bile, ameliyat asla ba\u015far\u0131s\u0131z olmaz.<\/p>\n\n\n\n<h2 class=\"wp-block-heading\"><strong>Jinekomasti Maliyetleri<\/strong><\/h2>\n\n\n\n<p>Jinekomasti, erkeklerde yap\u0131lan bir meme k\u00fc\u00e7\u00fcltme ameliyat\u0131d\u0131r.&nbsp;<\/p>\n\n\n\n<p>Jinekomasti ameliyat\u0131n\u0131n fiyat\u0131n\u0131 belirleyen birka\u00e7 unsur bulunmaktad\u0131r:<\/p>\n\n\n\n<ul class=\"wp-block-list\">\n<li>ila\u00e7 kullan\u0131m\u0131<\/li>\n\n\n\n<li>doktorun deneyimi<\/li>\n\n\n\n<li>anestezi kullan\u0131m\u0131<\/li>\n<\/ul>\n\n\n\n<p>Ancak klini\u011fimize dan\u0131\u015f\u0131p fiyat isteyebilirsiniz. S\u00fcrprizlerle kar\u015f\u0131la\u015fmaman\u0131z i\u00e7in operasyonun toplam maliyetini alman\u0131z\u0131 sa\u011flayaca\u011f\u0131z.&nbsp;<\/p>\n\n\n\n<h2 class=\"wp-block-heading\"><strong>Jinekomasti Maliyeti T\u00fcrkiye&#039;de<\/strong><\/h2>\n\n\n\n<p>Erkek meme k\u00fc\u00e7\u00fcltme, \u00f6zellikle T\u00fcrkiye&#039;de son birka\u00e7 y\u0131ld\u0131r s\u0131kla\u015ft\u0131. Altyap\u0131 ko\u015fullar\u0131 nedeniyle Jinekomasti, \u0130ngiltere ve ABD&#039;ye k\u0131yasla ucuzdur. Y\u0131llar\u0131n uzmanl\u0131\u011f\u0131 ve \u00f6nemli say\u0131da tesis sayesinde, T\u00fcrkiye i\u00e7in rekabet\u00e7i bir maliyet olu\u015fturduk ve d\u00fcnya \u00e7ap\u0131nda ziyaret\u00e7ileri \u00e7ektik.&nbsp;<\/p>\n\n\n\n<p>Jinekomasti ile ilgileniyorsan\u0131z ve ki\u015fiselle\u015ftirilmi\u015f bir paket ar\u0131yorsan\u0131z, daha detayl\u0131 bilgi ve fiyat etiketi i\u00e7in bize ula\u015fabilirsiniz. Klini\u011fimiz b\u00fct\u00e7enize uygun ve beklentilerinizi a\u015fan VIP paketler sunmaktad\u0131r.<\/p>\n\n\n\n<h2 class=\"wp-block-heading\">Jinekomasti ameliyat\u0131 i\u00e7in iyi bir aday m\u0131y\u0131m?<\/h2>\n\n\n\n<p>Jinekomasti, meme \u00e7evresindeki fazla ya\u011flardan kurtulmak i\u00e7in uygulanan di\u011fer t\u0131bbi tedavilerden veya spor egzersizlerinden sonu\u00e7 alamayan erkekler i\u00e7in bir \u00e7\u00f6z\u00fcmd\u00fcr.<\/p>\n\n\n\n<h2 class=\"wp-block-heading\">Erkek g\u00f6\u011f\u00fcsleri nas\u0131l kaybedilir?<\/h2>\n\n\n\n<p>Erkeklerin g\u00f6\u011f\u00fcsleri art\u0131k sorun de\u011fil. Fazla ya\u011f ve dokular\u0131 kaybetmenize yard\u0131mc\u0131 olmayan bir \u00e7\u00f6z\u00fcm olarak sporu se\u00e7tiyseniz, cerrahi bir \u00e7\u00f6z\u00fcm bir se\u00e7enektir. Jinekomasti, erkeklerin g\u00f6\u011f\u00fcslerini do\u011fal bir bi\u00e7imde k\u00fc\u00e7\u00fcltmek ve yeniden \u015fekillendirmek i\u00e7in tasarlanm\u0131\u015f estetik bir g\u00f6\u011f\u00fcs uygulamas\u0131d\u0131r.<\/p>\n\n\n\n<figure class=\"wp-block-table is-style-stripes\"><table><tbody><tr><td>\u0130\u015fletme S\u00fcresi<\/td><td>1-3 Saat&nbsp;<\/td><\/tr><tr><td>Anestezi T\u00fcr\u00fc<\/td><td>Genel<\/td><\/tr><tr><td>\u0130lk Du\u015f<\/td><td>48 Saat&nbsp;<\/td><\/tr><tr><td>Ya\u015f s\u0131n\u0131r\u0131<\/td><td>Hi\u00e7biri<\/td><\/tr><tr><td>Hastaneye yat\u0131rmak<\/td><td>Hi\u00e7biri<\/td><\/tr><tr><td>A\u011fr\u0131 E\u015fi\u011fi<\/td><td>Denetlenen<\/td><\/tr><tr><td>\u00d6dem Durumu<\/td><td>1-2 Hafta&nbsp;<\/td><\/tr><tr><td>Komplikasyonlar<\/td><td>Hi\u00e7biri<\/td><\/tr><\/tbody><\/table><figcaption class=\"wp-element-caption\">Jinekomasti Ameliyatlar\u0131 Kart\u0131<\/figcaption><\/figure>","protected":false},"excerpt":{"rendered":"<p>T\u00fcrkiye, son y\u0131llarda Jinekomasti gibi estetik operasyonlar i\u00e7in heyecan verici bir destinasyon haline geldi.<\/p>","protected":false},"author":1,"featured_media":865,"parent":0,"menu_order":0,"comment_status":"open","ping_status":"open","template":"elementor_header_footer","meta":{"rs_blank_template":"","rs_page_bg_color":"","slide_template_v7":"","footnotes":""},"class_list":["post-801","page","type-page","status-publish","has-post-thumbnail","hentry"],"_links":{"self":[{"href":"https:\/\/healthestetik.com\/tr\/wp-json\/wp\/v2\/pages\/801","targetHints":{"allow":["GET"]}}],"collection":[{"href":"https:\/\/healthestetik.com\/tr\/wp-json\/wp\/v2\/pages"}],"about":[{"href":"https:\/\/healthestetik.com\/tr\/wp-json\/wp\/v2\/types\/page"}],"author":[{"embeddable":true,"href":"https:\/\/healthestetik.com\/tr\/wp-json\/wp\/v2\/users\/1"}],"replies":[{"embeddable":true,"href":"https:\/\/healthestetik.com\/tr\/wp-json\/wp\/v2\/comments?post=801"}],"version-history":[{"count":0,"href":"https:\/\/healthestetik.com\/tr\/wp-json\/wp\/v2\/pages\/801\/revisions"}],"wp:featuredmedia":[{"embeddable":true,"href":"https:\/\/healthestetik.com\/tr\/wp-json\/wp\/v2\/media\/865"}],"wp:attachment":[{"href":"https:\/\/healthestetik.com\/tr\/wp-json\/wp\/v2\/media?parent=801"}],"curies":[{"name":"wp","href":"https:\/\/api.w.org\/{rel}","templated":true}]}}