{"id":799,"date":"2022-12-11T19:30:20","date_gmt":"2022-12-11T16:30:20","guid":{"rendered":"https:\/\/healthestetik.com\/?p=799"},"modified":"2025-05-08T14:04:57","modified_gmt":"2025-05-08T11:04:57","slug":"kalca-buyutme-gelistirme","status":"publish","type":"page","link":"https:\/\/healthestetik.com\/tr\/kalca-buyutme-gelistirme\/","title":{"rendered":"Kal\u00e7a B\u00fcy\u00fctme: E\u011frilerinizi G\u00fcvenle Geli\u015ftirin"},"content":{"rendered":"<figure class=\"wp-block-image size-large is-resized\"><img fetchpriority=\"high\" decoding=\"async\" width=\"1024\" height=\"459\" src=\"https:\/\/healthestetik.com\/wp-content\/uploads\/2024\/10\/buttocks-augmentation-1024x459.jpg\" alt=\"\" class=\"wp-image-848\" style=\"width:1236px;height:auto\" srcset=\"https:\/\/healthestetik.com\/wp-content\/uploads\/2024\/10\/buttocks-augmentation-1024x459.jpg 1024w, https:\/\/healthestetik.com\/wp-content\/uploads\/2024\/10\/buttocks-augmentation-768x344.jpg 768w, https:\/\/healthestetik.com\/wp-content\/uploads\/2024\/10\/buttocks-augmentation-320x143.jpg 320w, https:\/\/healthestetik.com\/wp-content\/uploads\/2024\/10\/buttocks-augmentation-480x215.jpg 480w, https:\/\/healthestetik.com\/wp-content\/uploads\/2024\/10\/buttocks-augmentation-800x358.jpg 800w, https:\/\/healthestetik.com\/wp-content\/uploads\/2024\/10\/buttocks-augmentation-640x287.jpg 640w, https:\/\/healthestetik.com\/wp-content\/uploads\/2024\/10\/buttocks-augmentation-400x179.jpg 400w\" sizes=\"(max-width: 1024px) 100vw, 1024px\" \/><figcaption class=\"wp-element-caption\">T\u00fcrkiye&#039;de Meme K\u00fc\u00e7\u00fcltme<\/figcaption><\/figure>\n\n\n\n<h3 class=\"wp-block-heading\"><strong>Kal\u00e7a B\u00fcy\u00fctme: E\u011frilerinizi G\u00fcvenle Geli\u015ftirin<\/strong><\/h3>\n\n\n\n<p>Pop k\u00fclt\u00fcr\u00fcn ve sosyal medyan\u0131n da etkisiyle son y\u0131llarda pop\u00fclaritesi artan, dolgun, yuvarlak ve bi\u00e7imli kal\u00e7alara sahip olmak \u00f6nemli bir trend haline geldi. <strong>Kal\u00e7a b\u00fcy\u00fctme<\/strong> Ki\u015filerin kal\u0131c\u0131 sonu\u00e7larla istedikleri g\u00f6r\u00fcn\u00fcme kavu\u015fmalar\u0131n\u0131 sa\u011flayan, hacmi korumak i\u00e7in yo\u011fun egzersiz yapma ihtiyac\u0131n\u0131 ortadan kald\u0131ran pop\u00fcler bir kozmetik i\u015flem olarak ortaya \u00e7\u0131km\u0131\u015ft\u0131r.<\/p>\n\n\n\n<p>T\u0131bbi tekniklerdeki ilerlemelerle birlikte, art\u0131k bireysel ihtiya\u00e7lara ve tercihlere g\u00f6re uyarlanm\u0131\u015f kal\u00e7a b\u00fcy\u00fctme i\u015flemini ger\u00e7ekle\u015ftirmek i\u00e7in \u00e7e\u015fitli y\u00f6ntemler bulunmaktad\u0131r. Bu d\u00f6n\u00fc\u015ft\u00fcr\u00fcc\u00fc prosed\u00fcr\u00fc ve T\u00fcrkiye&#039;nin neden bunun i\u00e7in \u00f6nde gelen bir yer oldu\u011funu inceleyelim.<\/p>\n\n\n\n<figure class=\"wp-block-gallery has-nested-images columns-default is-cropped wp-block-gallery-1 is-layout-flex wp-block-gallery-is-layout-flex\">\n<figure class=\"wp-block-image size-large\"><img decoding=\"async\" data-id=\"1415\" src=\"https:\/\/healthestetik.com\/wp-content\/uploads\/2022\/12\/5-3-1024x542.jpg?wsr\" alt=\"\" class=\"wp-image-1415\"\/><\/figure>\n<\/figure>\n\n\n\n<hr class=\"wp-block-separator has-alpha-channel-opacity\"\/>\n\n\n\n<h3 class=\"wp-block-heading\"><strong>Kal\u00e7a B\u00fcy\u00fctme Nedir?<\/strong><\/h3>\n\n\n\n<p><strong><a href=\"https:\/\/healthestetik.com\/tr\/kalca-buyutme\/\"  data-wpil-monitor-id=\"50\">Kal\u00e7a b\u00fcy\u00fctme<\/a><\/strong>, s\u0131kl\u0131kla &quot;popo kald\u0131rma&quot; olarak an\u0131l\u0131r, kal\u00e7alar\u0131n \u015feklini, boyutunu ve konturunu iyile\u015ftirmeyi ama\u00e7layan bir kozmetik cerrahidir. Bu prosed\u00fcr hastalar\u0131n \u015funlar\u0131 elde etmesini sa\u011flar:<\/p>\n\n\n\n<ul class=\"wp-block-list\">\n<li>Daha dolgun, daha yuvarlak bir g\u00f6r\u00fcn\u00fcm.<\/li>\n\n\n\n<li>Artt\u0131r\u0131lm\u0131\u015f s\u0131k\u0131l\u0131k ve kald\u0131rma.<\/li>\n\n\n\n<li>S\u00fcrekli bak\u0131ma ihtiya\u00e7 duymadan kal\u0131c\u0131 sonu\u00e7lar.<\/li>\n<\/ul>\n\n\n\n<p>2002-2015 y\u0131llar\u0131 aras\u0131nda kal\u00e7a b\u00fcy\u00fctme operasyonuna d\u00fcnya \u00e7ap\u0131nda 5% oran\u0131nda talep art\u0131\u015f\u0131 g\u00f6r\u00fcld\u00fc ve bu da onu k\u00fcresel \u00e7apta en h\u0131zl\u0131 b\u00fcy\u00fcyen kozmetik cerrahi operasyonlar\u0131ndan biri haline getirdi.<\/p>\n\n\n\n<figure class=\"wp-block-image size-large is-resized\"><img decoding=\"async\" src=\"https:\/\/healthestetik.com\/wp-content\/uploads\/2022\/12\/6-4-1024x542.jpg?wsr\" alt=\"\" class=\"wp-image-1416\" style=\"width:1236px;height:auto\"\/><\/figure>\n\n\n\n<hr class=\"wp-block-separator has-alpha-channel-opacity\"\/>\n\n\n\n<h3 class=\"wp-block-heading\"><strong>Kal\u00e7a B\u00fcy\u00fctme Teknikleri<\/strong><\/h3>\n\n\n\n<p>Bunun i\u00e7in birden fazla teknik mevcuttur <strong>kal\u00e7a b\u00fcy\u00fctme<\/strong>, her biri hastan\u0131n v\u00fccut tipi, tercihleri ve hedeflerine g\u00f6re se\u00e7ilir. Yayg\u0131n y\u00f6ntemler \u015funlar\u0131 i\u00e7erir:<\/p>\n\n\n\n<ol class=\"wp-block-list\">\n<li><strong>Ya\u011f Transferi (Brezilya Popo Kald\u0131rma)<\/strong>:\n<ul class=\"wp-block-list\">\n<li>Liposuction, v\u00fccudun di\u011fer b\u00f6lgelerinden al\u0131nan ya\u011flar\u0131n safla\u015ft\u0131r\u0131larak kal\u00e7alara enjekte edilmesi i\u015flemidir.<\/li>\n\n\n\n<li>Minimum yara iziyle do\u011fal g\u00f6r\u00fcn\u00fcml\u00fc sonu\u00e7lar sa\u011flar.<\/li>\n<\/ul>\n<\/li>\n\n\n\n<li><strong>Popo <a href=\"https:\/\/healthestetik.com\/tr\/implant-treatment\/\"  data-wpil-monitor-id=\"127\">\u0130mplantlar<\/a><\/strong>:\n<ul class=\"wp-block-list\">\n<li>Daha dramatik ve belirgin bir g\u00f6r\u00fcn\u00fcm elde etmek i\u00e7in silikon implantlar yerle\u015ftirilir.<\/li>\n\n\n\n<li>Transfer i\u00e7in yeterli ya\u011f miktar\u0131na sahip olmayan ki\u015filer i\u00e7in idealdir.<\/li>\n<\/ul>\n<\/li>\n\n\n\n<li><strong>Kombinasyon Prosed\u00fcrleri<\/strong>:\n<ul class=\"wp-block-list\">\n<li>Hacim ve konturun art\u0131r\u0131lmas\u0131 i\u00e7in ya\u011f transferi ve implantlar\u0131n bir arada uygulanmas\u0131d\u0131r.<\/li>\n<\/ul>\n<\/li>\n<\/ol>\n\n\n\n<figure class=\"wp-block-image size-large is-resized\"><img decoding=\"async\" src=\"https:\/\/healthestetik.com\/wp-content\/uploads\/2022\/12\/3-5-1024x542.jpg?wsr\" alt=\"\" class=\"wp-image-1413\" style=\"width:1236px;height:auto\"\/><\/figure>\n\n\n\n<hr class=\"wp-block-separator has-alpha-channel-opacity\"\/>\n\n\n\n<h3 class=\"wp-block-heading\"><strong>Kal\u00e7a B\u00fcy\u00fctme \u0130\u00e7in Neden T\u00fcrkiye&#039;yi Se\u00e7melisiniz?<\/strong><\/h3>\n\n\n\n<p>T\u00fcrkiye, estetik cerrahi operasyonlar\u0131 i\u00e7in en \u00f6nemli destinasyonlardan biri haline geldi. <strong>kal\u00e7a b\u00fcy\u00fctme<\/strong>, sayesinde:<\/p>\n\n\n\n<ul class=\"wp-block-list\">\n<li><strong>\u00dcnl\u00fc Cerrahlar<\/strong>:Uluslararas\u0131 alanda tan\u0131nm\u0131\u015f, geni\u015f deneyime sahip profesyoneller.<\/li>\n\n\n\n<li><strong>Uygun Fiyatlar<\/strong>: Avrupa ve ABD ile kar\u015f\u0131la\u015ft\u0131r\u0131ld\u0131\u011f\u0131nda rekabet\u00e7i fiyatland\u0131rma, y\u00fcksek kaliteli prosed\u00fcrlerin daha geni\u015f bir kitleye ula\u015fmas\u0131n\u0131 sa\u011flar.<\/li>\n\n\n\n<li><strong>Son Teknoloji Tesisler<\/strong>:Hasta g\u00fcvenli\u011fi ve memnuniyetini sa\u011flamak i\u00e7in son teknoloji ile donat\u0131lm\u0131\u015ft\u0131r.<\/li>\n<\/ul>\n\n\n\n<p>Hastalar, T\u00fcrkiye&#039;yi tercih ederek di\u011fer geli\u015fmi\u015f \u00fclkelerdeki maliyetin \u00e7ok daha alt\u0131nda, d\u00fcnya standartlar\u0131nda sa\u011fl\u0131k hizmetlerinden faydalanabiliyor.<\/p>\n\n\n\n<p><\/p>\n\n\n\n<figure class=\"wp-block-image size-large is-resized\"><img decoding=\"async\" src=\"https:\/\/healthestetik.com\/wp-content\/uploads\/2022\/12\/1-4-1024x542.jpg?wsr\" alt=\"\" class=\"wp-image-1411\" style=\"width:1236px;height:auto\"\/><\/figure>\n\n\n\n<hr class=\"wp-block-separator has-alpha-channel-opacity\"\/>\n\n\n\n<h3 class=\"wp-block-heading\"><strong>Kal\u00e7a B\u00fcy\u00fctme Maliyetleri<\/strong><\/h3>\n\n\n\n<p>Maliyeti <strong>kal\u00e7a b\u00fcy\u00fctme<\/strong> \u00e7e\u015fitli fakt\u00f6rlere ba\u011fl\u0131 olarak de\u011fi\u015fir, bunlar aras\u0131nda \u015funlar yer al\u0131r:<\/p>\n\n\n\n<ul class=\"wp-block-list\">\n<li>Kullan\u0131lan teknik (\u00f6rne\u011fin; ya\u011f transferi, implantlar).<\/li>\n\n\n\n<li>\u0130\u015flemin karma\u015f\u0131kl\u0131\u011f\u0131 ve s\u00fcresi.<\/li>\n\n\n\n<li>Cerrah\u0131n uzmanl\u0131\u011f\u0131 ve klini\u011fin itibar\u0131.<\/li>\n<\/ul>\n\n\n\n<p>Klini\u011fimiz, prosed\u00fcr\u00fcn\u00fcz\u00fcn toplam maliyetini anlaman\u0131za yard\u0131mc\u0131 olmak i\u00e7in \u015feffaf fiyatland\u0131rma ve ki\u015fiselle\u015ftirilmi\u015f dan\u0131\u015fmanl\u0131k hizmeti sunmaktad\u0131r. <a href=\"https:\/\/healthestetik.com\/tr\/bize-ulasin\/\"  data-wpil-monitor-id=\"199\">Bize Ula\u015f\u0131n<\/a> Detayl\u0131 bilgi ve size \u00f6zel fiyat teklifi i\u00e7in.<\/p>\n\n\n\n<hr class=\"wp-block-separator has-alpha-channel-opacity\"\/>\n\n\n\n<h3 class=\"wp-block-heading\"><strong>Kal\u00e7a B\u00fcy\u00fctme Ameliyat\u0131 \u00d6ncesi ve Sonras\u0131<\/strong><\/h3>\n\n\n\n<p><strong>Ameliyattan \u00d6nce Neler Beklemelisiniz?<\/strong>:<\/p>\n\n\n\n<ul class=\"wp-block-list\">\n<li>Hedeflerinizi g\u00f6r\u00fc\u015fmek ve i\u015fleme uygunlu\u011funuzu de\u011ferlendirmek i\u00e7in cerrah\u0131n\u0131zla g\u00f6r\u00fc\u015f\u00fcn.<\/li>\n\n\n\n<li>Sorunsuz bir s\u00fcre\u00e7 sa\u011flamak i\u00e7in testler ve g\u00f6r\u00fcnt\u00fclemeyi i\u00e7eren ameliyat \u00f6ncesi planlama.<\/li>\n<\/ul>\n\n\n\n<p><strong>Ameliyat Sonras\u0131 Sonu\u00e7lar<\/strong>:<\/p>\n\n\n\n<ul class=\"wp-block-list\">\n<li>Hacim ve konturda an\u0131nda iyile\u015fme.<\/li>\n\n\n\n<li>\u015ei\u015flikler iki hafta i\u00e7inde iner ve daha do\u011fal bir g\u00f6r\u00fcn\u00fcm ortaya \u00e7\u0131kar.<\/li>\n\n\n\n<li>Kesin sonu\u00e7lar alt\u0131 ay i\u00e7inde ortaya \u00e7\u0131k\u0131yor, ancak g\u00f6zle g\u00f6r\u00fcl\u00fcr iyile\u015fmeler \u00e7ok daha erken g\u00f6r\u00fcl\u00fcyor.<\/li>\n<\/ul>\n\n\n\n<p><strong>Beklenen Sonu\u00e7lar<\/strong>:<\/p>\n\n\n\n<ul class=\"wp-block-list\">\n<li>Yuvarlakl\u0131k ve s\u0131k\u0131l\u0131kta belirgin art\u0131\u015f.<\/li>\n\n\n\n<li>Geli\u015ftirilmi\u015f k\u0131vr\u0131mlar ve daha \u015fekillendirilmi\u015f alt g\u00f6vde.<\/li>\n\n\n\n<li>Bireysel sonu\u00e7lar ya\u015f, v\u00fccut yap\u0131s\u0131, cerrah\u0131n becerisi gibi fakt\u00f6rlere ba\u011fl\u0131d\u0131r.<\/li>\n<\/ul>\n\n\n\n<figure class=\"wp-block-image size-large is-resized\"><img decoding=\"async\" src=\"https:\/\/healthestetik.com\/wp-content\/uploads\/2022\/12\/2-3-1024x542.jpg?wsr\" alt=\"\" class=\"wp-image-1412\" style=\"width:1236px;height:auto\"\/><\/figure>\n\n\n\n<hr class=\"wp-block-separator has-alpha-channel-opacity\"\/>\n\n\n\n<h3 class=\"wp-block-heading\"><strong>Kal\u00e7a B\u00fcy\u00fctme Sizin \u0130\u00e7in Uygun mu?<\/strong><\/h3>\n\n\n\n<p>Bu prosed\u00fcr a\u015fa\u011f\u0131dakileri arayan ki\u015filer i\u00e7in uygundur:<\/p>\n\n\n\n<ul class=\"wp-block-list\">\n<li>Kal\u00e7alar\u0131n\u0131n \u015feklini ve boyutunu geli\u015ftirin.<\/li>\n\n\n\n<li>Genel v\u00fccut oranlar\u0131n\u0131 iyile\u015ftirir.<\/li>\n\n\n\n<li>Minimum bak\u0131mla uzun \u00f6m\u00fcrl\u00fc sonu\u00e7lar elde edin.<\/li>\n<\/ul>\n\n\n\n<hr class=\"wp-block-separator has-alpha-channel-opacity\"\/>\n\n\n\n<h3 class=\"wp-block-heading\"><strong>Siluetinizi G\u00fcvenle D\u00f6n\u00fc\u015ft\u00fcr\u00fcn<\/strong><\/h3>\n\n\n\n<p><strong>Kal\u00e7a b\u00fcy\u00fctme<\/strong> k\u0131vr\u0131mlar\u0131n\u0131z\u0131 geli\u015ftirmek ve her zaman arzulad\u0131\u011f\u0131n\u0131z v\u00fccuda kavu\u015fmak i\u00e7in hayat\u0131n\u0131z\u0131 de\u011fi\u015ftirecek bir f\u0131rsat sunar. \u0130ster ya\u011f transferi ister implant d\u00fc\u015f\u00fcn\u00fcn, T\u00fcrkiye uzmanl\u0131k, uygun fiyat ve d\u00fcnya standartlar\u0131nda tesislerin ideal bir kar\u0131\u015f\u0131m\u0131n\u0131 sunar.<\/p>\n\n\n\n<p>Kons\u00fcltasyon planlamak, hedeflerinizi g\u00f6r\u00fc\u015fmek ve daha \u00f6zg\u00fcvenli ve k\u0131vr\u0131ml\u0131 bir siz olma yolculu\u011funuza ba\u015flamak i\u00e7in bug\u00fcn klini\u011fimizle ileti\u015fime ge\u00e7in!<\/p>\n\n\n\n<figure class=\"wp-block-image size-large is-resized\"><img decoding=\"async\" src=\"https:\/\/healthestetik.com\/wp-content\/uploads\/2022\/12\/4-3-1024x542.jpg?wsr\" alt=\"\" class=\"wp-image-1414\" style=\"width:1236px;height:auto\"\/><\/figure>\n\n\n\n<p><\/p>","protected":false},"excerpt":{"rendered":"<p>Meme k\u00fc\u00e7\u00fcltme, hastan\u0131n g\u00f6\u011f\u00fcslerinden fazla ya\u011f veya dokunun \u00e7\u0131kar\u0131ld\u0131\u011f\u0131 cerrahi bir operasyondur. <\/p>","protected":false},"author":1,"featured_media":848,"parent":0,"menu_order":0,"comment_status":"open","ping_status":"open","template":"elementor_header_footer","meta":{"rs_blank_template":"","rs_page_bg_color":"","slide_template_v7":"","footnotes":""},"class_list":["post-799","page","type-page","status-publish","has-post-thumbnail","hentry"],"_links":{"self":[{"href":"https:\/\/healthestetik.com\/tr\/wp-json\/wp\/v2\/pages\/799","targetHints":{"allow":["GET"]}}],"collection":[{"href":"https:\/\/healthestetik.com\/tr\/wp-json\/wp\/v2\/pages"}],"about":[{"href":"https:\/\/healthestetik.com\/tr\/wp-json\/wp\/v2\/types\/page"}],"author":[{"embeddable":true,"href":"https:\/\/healthestetik.com\/tr\/wp-json\/wp\/v2\/users\/1"}],"replies":[{"embeddable":true,"href":"https:\/\/healthestetik.com\/tr\/wp-json\/wp\/v2\/comments?post=799"}],"version-history":[{"count":0,"href":"https:\/\/healthestetik.com\/tr\/wp-json\/wp\/v2\/pages\/799\/revisions"}],"wp:featuredmedia":[{"embeddable":true,"href":"https:\/\/healthestetik.com\/tr\/wp-json\/wp\/v2\/media\/848"}],"wp:attachment":[{"href":"https:\/\/healthestetik.com\/tr\/wp-json\/wp\/v2\/media?parent=799"}],"curies":[{"name":"wp","href":"https:\/\/api.w.org\/{rel}","templated":true}]}}