{"id":796,"date":"2022-12-11T19:23:59","date_gmt":"2022-12-11T16:23:59","guid":{"rendered":"https:\/\/healthestetik.com\/?p=796"},"modified":"2025-05-08T14:05:10","modified_gmt":"2025-05-08T11:05:10","slug":"breast-lift","status":"publish","type":"page","link":"https:\/\/healthestetik.com\/tr\/breast-lift\/","title":{"rendered":"G\u00f6\u011f\u00fcs Dikle\u015ftirme"},"content":{"rendered":"<figure class=\"wp-block-image size-large is-resized\"><img fetchpriority=\"high\" decoding=\"async\" width=\"1024\" height=\"459\" src=\"https:\/\/healthestetik.com\/wp-content\/uploads\/2024\/10\/breast-lift-1024x459.jpg\" alt=\"\" class=\"wp-image-846\" style=\"width:1236px;height:auto\" srcset=\"https:\/\/healthestetik.com\/wp-content\/uploads\/2024\/10\/breast-lift-1024x459.jpg 1024w, https:\/\/healthestetik.com\/wp-content\/uploads\/2024\/10\/breast-lift-768x344.jpg 768w, https:\/\/healthestetik.com\/wp-content\/uploads\/2024\/10\/breast-lift-320x143.jpg 320w, https:\/\/healthestetik.com\/wp-content\/uploads\/2024\/10\/breast-lift-480x215.jpg 480w, https:\/\/healthestetik.com\/wp-content\/uploads\/2024\/10\/breast-lift-800x358.jpg 800w, https:\/\/healthestetik.com\/wp-content\/uploads\/2024\/10\/breast-lift-640x287.jpg 640w, https:\/\/healthestetik.com\/wp-content\/uploads\/2024\/10\/breast-lift-400x179.jpg 400w\" sizes=\"(max-width: 1024px) 100vw, 1024px\" \/><figcaption class=\"wp-element-caption\">T\u00fcrkiye&#039;de Meme Dikle\u015ftirme<\/figcaption><\/figure>\n\n\n\n<h3 class=\"wp-block-heading\"><strong>Meme Dikle\u015ftirme Ameliyat\u0131: \u00d6zg\u00fcveni ve \u015eekli Geri Kazand\u0131rma<\/strong><\/h3>\n\n\n\n<p>Sark\u0131k g\u00f6\u011f\u00fcsler veya a\u015fa\u011f\u0131 do\u011fru bakan meme u\u00e7lar\u0131, bir\u00e7ok kad\u0131n i\u00e7in rahats\u0131zl\u0131k ve \u00f6zg\u00fcven eksikli\u011fi kayna\u011f\u0131 olabilir. Bu durum genellikle ya\u015flanma, emzirme, kilo kayb\u0131 veya di\u011fer ya\u015fam olaylar\u0131ndan kaynaklan\u0131r. <strong>meme dikle\u015ftirme<\/strong> (mastopeksi), kad\u0131nlar\u0131n kendilerini daha g\u00fcvende ve g\u00f6r\u00fcn\u00fcmlerinden memnun hissetmelerine yard\u0131mc\u0131 olan, g\u00f6\u011f\u00fcslerin do\u011fal konturunu ve pozisyonunu geri kazand\u0131rabilen olduk\u00e7a etkili bir cerrahi i\u015flemdir.<\/p>\n\n\n\n<figure class=\"wp-block-image size-full is-resized\"><img decoding=\"async\" src=\"https:\/\/healthestetik.com\/wp-content\/uploads\/2022\/12\/Fat-Transfer-Breast-Augmentation-1.jpg\" alt=\"\" class=\"wp-image-1394\" style=\"width:1236px;height:auto\"\/><\/figure>\n\n\n\n<hr class=\"wp-block-separator has-alpha-channel-opacity\"\/>\n\n\n\n<h3 class=\"wp-block-heading\"><strong>Meme Dikle\u015ftirme Nedir?<\/strong><\/h3>\n\n\n\n<p>Meme dikle\u015ftirme, sark\u0131k g\u00f6\u011f\u00fcsleri boyutlar\u0131n\u0131 de\u011fi\u015ftirmeden kald\u0131rmak ve yeniden \u015fekillendirmek i\u00e7in tasarlanm\u0131\u015f bir kozmetik i\u015flemdir. <a href=\"https:\/\/healthestetik.com\/tr\/meme-buyutme-buyutme\/\"  data-wpil-monitor-id=\"37\">meme b\u00fcy\u00fctme<\/a> veya k\u00fc\u00e7\u00fcltme ameliyatlar\u0131 yerine mastopeksi, sadece fazla deriyi \u00e7\u0131kararak ve \u00e7evreleyen dokuyu s\u0131k\u0131la\u015ft\u0131rarak memelerin pozisyonunu ve s\u0131k\u0131l\u0131\u011f\u0131n\u0131 iyile\u015ftirmeye odaklan\u0131r.<\/p>\n\n\n\n<p>Baz\u0131 durumlarda kad\u0131nlar meme dikle\u015ftirme i\u015flemini \u015fu gibi di\u011fer i\u015flemlerle birle\u015ftirmeyi tercih edebilirler:<\/p>\n\n\n\n<ul class=\"wp-block-list\">\n<li><strong>Meme B\u00fcy\u00fctme<\/strong>: Boyutu b\u00fcy\u00fctmek i\u00e7in.<\/li>\n\n\n\n<li><strong>Meme K\u00fc\u00e7\u00fcltme<\/strong>: Kald\u0131rma s\u0131ras\u0131nda boyutu k\u00fc\u00e7\u00fcltmek.<\/li>\n<\/ul>\n\n\n\n<hr class=\"wp-block-separator has-alpha-channel-opacity\"\/>\n\n\n\n<h3 class=\"wp-block-heading\"><strong>Meme Dikle\u015ftirme Ameliyat\u0131na m\u0131 \u0130htiyac\u0131n\u0131z Var?<\/strong><\/h3>\n\n\n\n<p>G\u00f6\u011f\u00fcs dikle\u015ftirmeye ihtiyac\u0131n\u0131z olup olmad\u0131\u011f\u0131ndan emin de\u011fil misiniz? \u015eunu deneyin: <strong>kalem testi<\/strong>:<\/p>\n\n\n\n<ol class=\"wp-block-list\">\n<li>G\u00f6\u011fs\u00fcn\u00fcz\u00fcn alt\u0131na bir kalem koyun.<\/li>\n\n\n\n<li>E\u011fer kalem yerinde kal\u0131yor ve yere d\u00fc\u015fm\u00fcyorsa, bu ciddi bir sarkman\u0131n g\u00f6stergesi olabilir ve meme dikle\u015ftirme ameliyat\u0131 d\u00fc\u015f\u00fcnebilirsiniz.<\/li>\n<\/ol>\n\n\n\n<hr class=\"wp-block-separator has-alpha-channel-opacity\"\/>\n\n\n\n<h3 class=\"wp-block-heading\"><strong>Meme Dikle\u015ftirme Ameliyat\u0131: S\u00fcre\u00e7<\/strong><\/h3>\n\n\n\n<ol class=\"wp-block-list\">\n<li><strong>Dan\u0131\u015fmanl\u0131k ve Planlama<\/strong>:\n<ul class=\"wp-block-list\">\n<li>Hedeflerinizi cerrah\u0131n\u0131zla g\u00f6r\u00fc\u015f\u00fcn.<\/li>\n\n\n\n<li>\u0130stedi\u011finiz meme \u015feklinin resimlerini veya \u00f6rneklerini g\u00f6stererek net bir ileti\u015fim sa\u011flay\u0131n.<\/li>\n\n\n\n<li>\u0130htiya\u00e7lar\u0131n\u0131za g\u00f6re ki\u015fiselle\u015ftirilmi\u015f bir cerrahi plan al\u0131n.<\/li>\n<\/ul>\n<\/li>\n\n\n\n<li><strong>Prosed\u00fcr<\/strong>:\n<ul class=\"wp-block-list\">\n<li>Ameliyat, fazla derinin \u00e7\u0131kar\u0131lmas\u0131 ve meme dokusunun yeniden \u015fekillendirilmesini i\u00e7erir.<\/li>\n\n\n\n<li>Daha gen\u00e7 bir g\u00f6r\u00fcn\u00fcm i\u00e7in meme ucu ve areola yeniden konumland\u0131r\u0131l\u0131r.<\/li>\n\n\n\n<li>\u0130zler minimum d\u00fczeydedir ve gizlilik a\u00e7\u0131s\u0131ndan stratejik olarak yerle\u015ftirilmi\u015ftir.<\/li>\n<\/ul>\n<\/li>\n\n\n\n<li><strong>Ameliyat Sonras\u0131 \u0130yile\u015fme<\/strong>:\n<ul class=\"wp-block-list\">\n<li>Hastalar\u0131n \u00e7o\u011fu 6 hafta i\u00e7inde tamamen iyile\u015fir.<\/li>\n\n\n\n<li>\u0130lk iyile\u015fme d\u00f6neminde hafif rahats\u0131zl\u0131k ve \u015fi\u015flik yayg\u0131nd\u0131r.<\/li>\n<\/ul>\n<\/li>\n<\/ol>\n\n\n\n<figure class=\"wp-block-image size-full is-resized\"><img decoding=\"async\" src=\"https:\/\/healthestetik.com\/wp-content\/uploads\/2022\/12\/360_F_557196314_TwAPg9qcaKrflHQzrbnmIMeDtgdlpuUM.jpg\" alt=\"\" class=\"wp-image-1391\" style=\"width:1236px;height:auto\"\/><\/figure>\n\n\n\n<hr class=\"wp-block-separator has-alpha-channel-opacity\"\/>\n\n\n\n<h3 class=\"wp-block-heading\"><strong>Meme Dikle\u015ftirmenin Avantajlar\u0131<\/strong><\/h3>\n\n\n\n<ul class=\"wp-block-list\">\n<li><strong>Geli\u015ftirilmi\u015f G\u00f6r\u00fcn\u00fcm<\/strong>: G\u00f6\u011f\u00fcslerin gen\u00e7 \u015feklini ve s\u0131k\u0131l\u0131\u011f\u0131n\u0131 geri kazand\u0131r\u0131r.<\/li>\n\n\n\n<li><strong>Geli\u015fmi\u015f G\u00fcven<\/strong>: Bir\u00e7ok kad\u0131n, k\u0131yafetleri ve genel g\u00f6r\u00fcn\u00fcmleri konusunda kendilerini daha \u00f6zg\u00fcvenli ve rahat hissettiklerini bildiriyor.<\/li>\n\n\n\n<li><strong>Minimum Riskler<\/strong>: Deneyimli bir cerrah taraf\u0131ndan yap\u0131ld\u0131\u011f\u0131nda komplikasyonlar nadirdir.<\/li>\n<\/ul>\n\n\n\n<hr class=\"wp-block-separator has-alpha-channel-opacity\"\/>\n\n\n\n<h3 class=\"wp-block-heading\"><strong>Meme Dikle\u015ftirme \u0130zleri ve \u0130yile\u015fme<\/strong><\/h3>\n\n\n\n<p><strong>\u0130zler G\u00f6r\u00fcn\u00fcr m\u00fc?<\/strong><br>Baz\u0131 yara izleri ka\u00e7\u0131n\u0131lmaz olsa da, bunlar genellikle minimaldir ve uygun bak\u0131mla zamanla kaybolur.<\/p>\n\n\n\n<p><strong>Yara \u0130zlerini En Aza \u0130ndirmenin Yollar\u0131<\/strong>:<\/p>\n\n\n\n<ul class=\"wp-block-list\">\n<li><strong>Sigara i\u00e7mekten ka\u00e7\u0131n\u0131n<\/strong>: Sigara i\u00e7mek yara iyile\u015fmesini geciktirir ve yara izini k\u00f6t\u00fcle\u015ftirebilir.<\/li>\n\n\n\n<li><strong>G\u00fcne\u015ften Uzak Durun<\/strong>: UV \u0131\u015f\u0131nlar\u0131na maruz kalmak, yara izlerini koyula\u015ft\u0131rarak daha belirgin hale getirebilir. Bronzla\u015fmadan veya uzun s\u00fcre g\u00fcne\u015fe maruz kalmadan \u00f6nce en az alt\u0131 hafta bekleyin.<\/li>\n<\/ul>\n\n\n\n<hr class=\"wp-block-separator has-alpha-channel-opacity\"\/>\n\n\n\n<h3 class=\"wp-block-heading\"><strong>T\u00fcrkiye&#039;de Meme Dikle\u015ftirme<\/strong><\/h3>\n\n\n\n<p>T\u00fcrkiye, her y\u0131l binlerce uluslararas\u0131 hastay\u0131 kendine \u00e7ekerek meme dikle\u015ftirme ameliyatlar\u0131 i\u00e7in lider bir destinasyon haline gelmi\u015ftir. \u0130\u015fte nedenleri:<\/p>\n\n\n\n<ol class=\"wp-block-list\">\n<li><strong>Y\u00fcksek Nitelikli Cerrahlar<\/strong>:\n<ul class=\"wp-block-list\">\n<li>Cerrahlar\u0131m\u0131z y\u0131llar\u0131n deneyimine sahiptir ve en son teknikleri kullan\u0131r. <a href=\"https:\/\/healthestetik.com\/tr\/turkiyede-jinekomasti\/\"  data-wpil-monitor-id=\"23\">meme esteti\u011fi<\/a>.<\/li>\n<\/ul>\n<\/li>\n\n\n\n<li><strong>Son Teknoloji Klinikler<\/strong>:\n<ul class=\"wp-block-list\">\n<li>En y\u00fcksek bak\u0131m standartlar\u0131n\u0131 sa\u011flamak i\u00e7in ileri cerrahi teknolojilerle donat\u0131lm\u0131\u015ft\u0131r.<\/li>\n<\/ul>\n<\/li>\n\n\n\n<li><strong>Uygun Fiyatlar<\/strong>:\n<ul class=\"wp-block-list\">\n<li>T\u00fcrkiye&#039;de meme dikle\u015ftirme maliyetleri, kaliteden \u00f6d\u00fcn vermeden Avrupa veya ABD&#039;ye k\u0131yasla \u00f6nemli \u00f6l\u00e7\u00fcde daha d\u00fc\u015f\u00fckt\u00fcr.<\/li>\n<\/ul>\n<\/li>\n<\/ol>\n\n\n\n<p><strong>Neden Bizi Se\u00e7melisiniz?<\/strong><\/p>\n\n\n\n<ul class=\"wp-block-list\">\n<li>Ki\u015fiye \u00f6zel tedavi planlar\u0131.<\/li>\n\n\n\n<li>Ola\u011fan\u00fcst\u00fc hasta bak\u0131m\u0131.<\/li>\n\n\n\n<li>Gizli maliyetler olmadan rekabet\u00e7i fiyatland\u0131rma.<\/li>\n<\/ul>\n\n\n\n<figure class=\"wp-block-image size-large is-resized\"><img decoding=\"async\" src=\"https:\/\/healthestetik.com\/wp-content\/uploads\/2022\/12\/Breast-Enlargement-Cream-Pakistan-1024x481.webp\" alt=\"\" class=\"wp-image-1392\" style=\"width:1236px;height:auto\"\/><\/figure>\n\n\n\n<hr class=\"wp-block-separator has-alpha-channel-opacity\"\/>\n\n\n\n<h3 class=\"wp-block-heading\"><strong>Meme Dikle\u015ftirme Maliyetleri<\/strong><\/h3>\n\n\n\n<p>Meme dikle\u015ftirmenin maliyeti \u00e7e\u015fitli fakt\u00f6rlere ba\u011fl\u0131 olarak de\u011fi\u015fir:<\/p>\n\n\n\n<ul class=\"wp-block-list\">\n<li><strong>Klinik Konumu<\/strong>:Farkl\u0131 \u00fclke veya b\u00f6lgelerdeki kliniklerin fiyat aral\u0131klar\u0131 farkl\u0131d\u0131r.<\/li>\n\n\n\n<li><strong>Cerrah\u0131n Uzmanl\u0131\u011f\u0131<\/strong>: Daha deneyimli cerrahlar daha y\u00fcksek \u00fccretler talep edebilir.<\/li>\n\n\n\n<li><strong>Prosed\u00fcr Karma\u015f\u0131kl\u0131\u011f\u0131<\/strong>:Meme dikle\u015ftirmenin b\u00fcy\u00fctme veya k\u00fc\u00e7\u00fcltme gibi di\u011fer i\u015flemlerle birle\u015ftirilmesi maliyetleri art\u0131rabilir.<\/li>\n<\/ul>\n\n\n\n<p><strong>Bizden Ne Beklemelisiniz?<\/strong>:<\/p>\n\n\n\n<ul class=\"wp-block-list\">\n<li>S\u00fcrpriz \u00fccretler olmadan \u015feffaf fiyatland\u0131rma.<\/li>\n\n\n\n<li>Anestezi, ila\u00e7lar ve sonras\u0131ndaki bak\u0131m dahil t\u00fcm cerrahi masraflar\u0131 kapsayan kapsaml\u0131 paketler.<\/li>\n\n\n\n<li>Kaliteden \u00f6d\u00fcn vermeden uygun fiyatlar.<\/li>\n<\/ul>\n\n\n\n<p><strong>Not<\/strong>: \u00c7o\u011fu sa\u011fl\u0131k sigortas\u0131 poli\u00e7esi, meme dikle\u015ftirmenin kozmetik bir i\u015flem olarak kabul edilmesi nedeniyle masraflar\u0131n\u0131 kar\u015f\u0131lamaz.<\/p>\n\n\n\n<figure class=\"wp-block-image size-full is-resized\"><img decoding=\"async\" src=\"https:\/\/healthestetik.com\/wp-content\/uploads\/2022\/12\/bPIIv8_8Bs4.jpg\" alt=\"\" class=\"wp-image-1393\" style=\"width:1236px;height:auto\"\/><\/figure>\n\n\n\n<hr class=\"wp-block-separator has-alpha-channel-opacity\"\/>\n\n\n\n<h3 class=\"wp-block-heading\"><strong>Yeni Bir Sen&#039;e Yolculu\u011funuz Burada Ba\u015fl\u0131yor<\/strong><\/h3>\n\n\n\n<p>A <strong>meme dikle\u015ftirme<\/strong> sadece kozmetik bir iyile\u015ftirmeden \u00e7ok daha fazlas\u0131d\u0131r; \u00f6zg\u00fcveninizi yeniden kazanman\u0131za ve do\u011fal g\u00fczelli\u011finize kavu\u015fman\u0131za do\u011fru at\u0131lm\u0131\u015f bir ad\u0131md\u0131r. T\u00fcrkiye, bu d\u00f6n\u00fc\u015f\u00fcm\u00fc m\u00fcmk\u00fcn k\u0131lmak i\u00e7in yetenekli cerrahlar, son teknoloji tesisler ve uygun fiyatlar\u0131n m\u00fckemmel bir kombinasyonunu sunmaktad\u0131r.<\/p>\n\n\n\n<p><a href=\"https:\/\/healthestetik.com\/tr\/bize-ulasin\/\"  data-wpil-monitor-id=\"200\">Bize Ula\u015f\u0131n<\/a> Bug\u00fcn ki\u015fiselle\u015ftirilmi\u015f bir dan\u0131\u015fmanl\u0131k i\u00e7in bize ula\u015f\u0131n ve en kaliteli meme dikle\u015ftirme hizmetlerimizle arzu etti\u011finiz g\u00f6r\u00fcn\u00fcme nas\u0131l kavu\u015fabilece\u011finizi ke\u015ffedin!<\/p>","protected":false},"excerpt":{"rendered":"<p>T\u00fcrkiye, meme esteti\u011fi ameliyatlar\u0131 i\u00e7in en \u00e7ok tercih edilen \u00fclkelerin ba\u015f\u0131nda geliyor.<\/p>","protected":false},"author":1,"featured_media":846,"parent":0,"menu_order":0,"comment_status":"open","ping_status":"open","template":"elementor_header_footer","meta":{"rs_blank_template":"","rs_page_bg_color":"","slide_template_v7":"","footnotes":""},"class_list":["post-796","page","type-page","status-publish","has-post-thumbnail","hentry"],"_links":{"self":[{"href":"https:\/\/healthestetik.com\/tr\/wp-json\/wp\/v2\/pages\/796","targetHints":{"allow":["GET"]}}],"collection":[{"href":"https:\/\/healthestetik.com\/tr\/wp-json\/wp\/v2\/pages"}],"about":[{"href":"https:\/\/healthestetik.com\/tr\/wp-json\/wp\/v2\/types\/page"}],"author":[{"embeddable":true,"href":"https:\/\/healthestetik.com\/tr\/wp-json\/wp\/v2\/users\/1"}],"replies":[{"embeddable":true,"href":"https:\/\/healthestetik.com\/tr\/wp-json\/wp\/v2\/comments?post=796"}],"version-history":[{"count":0,"href":"https:\/\/healthestetik.com\/tr\/wp-json\/wp\/v2\/pages\/796\/revisions"}],"wp:featuredmedia":[{"embeddable":true,"href":"https:\/\/healthestetik.com\/tr\/wp-json\/wp\/v2\/media\/846"}],"wp:attachment":[{"href":"https:\/\/healthestetik.com\/tr\/wp-json\/wp\/v2\/media?parent=796"}],"curies":[{"name":"wp","href":"https:\/\/api.w.org\/{rel}","templated":true}]}}