{"id":786,"date":"2022-12-11T18:47:33","date_gmt":"2022-12-11T15:47:33","guid":{"rendered":"https:\/\/healthestetik.com\/?p=786"},"modified":"2025-06-13T19:00:59","modified_gmt":"2025-06-13T16:00:59","slug":"annelik-estetigi","status":"publish","type":"page","link":"https:\/\/healthestetik.com\/tr\/annelik-estetigi\/","title":{"rendered":"Anne Esteti\u011fi"},"content":{"rendered":"<figure class=\"wp-block-image size-large is-resized\"><img fetchpriority=\"high\" decoding=\"async\" width=\"1024\" height=\"459\" src=\"https:\/\/healthestetik.com\/wp-content\/uploads\/2024\/10\/mommy-makeover-surgery-1024x459.jpg\" alt=\"\" class=\"wp-image-871\" style=\"width:1236px;height:auto\" srcset=\"https:\/\/healthestetik.com\/wp-content\/uploads\/2024\/10\/mommy-makeover-surgery-1024x459.jpg 1024w, https:\/\/healthestetik.com\/wp-content\/uploads\/2024\/10\/mommy-makeover-surgery-768x344.jpg 768w, https:\/\/healthestetik.com\/wp-content\/uploads\/2024\/10\/mommy-makeover-surgery-320x143.jpg 320w, https:\/\/healthestetik.com\/wp-content\/uploads\/2024\/10\/mommy-makeover-surgery-480x215.jpg 480w, https:\/\/healthestetik.com\/wp-content\/uploads\/2024\/10\/mommy-makeover-surgery-800x358.jpg 800w, https:\/\/healthestetik.com\/wp-content\/uploads\/2024\/10\/mommy-makeover-surgery-640x287.jpg 640w, https:\/\/healthestetik.com\/wp-content\/uploads\/2024\/10\/mommy-makeover-surgery-400x179.jpg 400w\" sizes=\"(max-width: 1024px) 100vw, 1024px\" \/><figcaption class=\"wp-element-caption\">T\u00fcrkiye&#039;de Anne Esteti\u011fi<\/figcaption><\/figure>\n\n\n\n<p>G\u00fcn\u00fcm\u00fcz\u00fcn en pop\u00fcler plastik cerrahi tekniklerinden biridir ve \u00f6zellikle kad\u0131nlar\u0131n emzirme ve hamilelik s\u0131ras\u0131nda kar\u015f\u0131la\u015ft\u0131klar\u0131 yayg\u0131n sorunlar\u0131 ele almak i\u00e7in tasarlanm\u0131\u015ft\u0131r. Cerrahi teknik ana ak\u0131m haline gelmi\u015f ve Hollywood elitleri aras\u0131nda bir numaral\u0131 tercih haline gelmi\u015ftir.<\/p>\n\n\n\n<p>Uygun fiyatl\u0131l\u0131k ve kaliteli t\u0131bbi hizmetler aras\u0131nda ola\u011fan\u00fcst\u00fc bir denge istiyorsan\u0131z T\u00fcrkiye tam size g\u00f6re. \u00d6zellikle t\u0131bbi hizmetler arayan milyonlarca insan\u0131 \u00e7ekebilen tek Orta Do\u011fu \u00fclkesidir. <a href=\"https:\/\/healthestetik.com\/tr\/burun-estetigi\/\"  data-wpil-monitor-id=\"8\">estetik cerrahi<\/a>. D\u00fcnyan\u0131n her yerinde, insanlar rekabet nedeniyle T\u00fcrkiye&#039;yi se\u00e7me e\u011filimindedir, bu da ate\u015fi yakar. Ba\u015fka bir deyi\u015fle, alabilece\u011finiz en uygun fiyatlarla en iyi t\u0131bbi hizmetleri alacaks\u0131n\u0131z. Ayr\u0131ca, T\u00fcrkiye&#039;deki \u00fccretlerin Amerika Birle\u015fik Devletleri ve Avrupa&#039;daki fiyatlardan \u00e7ok daha iyi oldu\u011funu fark edeceksiniz.<\/p>\n\n\n\n<h2 class=\"wp-block-heading\"><strong>Anne Esteti\u011fi Nedir?<\/strong><\/h2>\n\n\n\n<p>Anne Esteti\u011fi, Hamileli\u011fin sevinci \u015f\u00fcphesiz bir kad\u0131n\u0131n hayat\u0131n\u0131n en \u00f6nemli anlar\u0131ndan biridir; hamileli\u011fe haz\u0131rlanmak i\u00e7in harcad\u0131klar\u0131 bir d\u00f6n\u00fcm noktas\u0131d\u0131r. Dokuz ay ge\u00e7er ve annenin ve ailesinin hayat\u0131n\u0131 ayd\u0131nlatacak bir \u00e7ocu\u011fun kutsamas\u0131 gelir.&nbsp;<\/p>\n\n\n\n<p>Ancak bu l\u00fctuf, fedakarl\u0131klar olmadan gelmedi. Hamilelik s\u0131ras\u0131nda, v\u00fccut g\u00f6r\u00fcn\u00fcm\u00fcn\u00fc sonsuza dek de\u011fi\u015ftiren kademeli de\u011fi\u015fikliklere u\u011frar.<\/p>\n\n\n\n<p>Bir bebek karn\u0131 vard\u0131, sadece gev\u015fek ya\u011flar sark\u0131yordu, g\u00f6\u011f\u00fcsler b\u00fcy\u00fcd\u00fc ve sonra patlad\u0131 ve kollardaki et \u015fimdi yarasa kanatlar\u0131yd\u0131. Etkileri fark edilebilir.<\/p>\n\n\n\n<p>Tarih boyunca kad\u0131nlar anne olmak i\u00e7in her zaman derin ki\u015fisel fedakarl\u0131klar yapm\u0131\u015flard\u0131r. Ancak g\u00fcn\u00fcm\u00fczde, v\u00fccudunuz bunlardan biri olmak zorunda de\u011fil.&nbsp;<\/p>\n\n\n\n<p>Hamilelik nedeniyle zarar g\u00f6ren b\u00f6lgeleri tedavi etmek i\u00e7in pek \u00e7ok farkl\u0131 kozmetik prosed\u00fcr mevcuttur.<\/p>\n\n\n\n<p>G\u00f6\u011f\u00fcsleri tekrar yerine kald\u0131rmaktan kaslar\u0131 birle\u015ftirmeye kadar par\u00e7alanan bir bebek karn\u0131. &#039;Anne Esteti\u011fi&#039; ad\u0131 verilen kapsaml\u0131 bir prosed\u00fcr seti en iyi g\u00f6r\u00fcn\u00fcm\u00fcn\u00fcz\u00fc geri kazand\u0131r\u0131r.<\/p>\n\n\n\n<p>\u0130\u015flemler ki\u015fiye \u00f6zeldir; hangisinin size uygun oldu\u011funa siz ve doktorunuz karar verecektir.<\/p>\n\n\n\n<p>Anne esteti\u011fi en az alt\u0131 ay \u00f6nce do\u011fum yapm\u0131\u015f kad\u0131nlar i\u00e7indir. Ancak do\u011fumdan ve emzirmeden sonra tam bir y\u0131l beklemek daha ihtiyatl\u0131d\u0131r. Bunun nedenleri bir prosed\u00fcrden di\u011ferine de\u011fi\u015fir.<\/p>\n\n\n\n<figure class=\"wp-block-gallery has-nested-images columns-default is-cropped wp-block-gallery-1 is-layout-flex wp-block-gallery-is-layout-flex\">\n<figure class=\"wp-block-image size-large\"><img decoding=\"async\" data-id=\"1524\" src=\"https:\/\/healthestetik.com\/wp-content\/uploads\/2022\/12\/15-2-1024x1024.jpg?wsr\" alt=\"\" class=\"wp-image-1524\"\/><\/figure>\n<\/figure>\n\n\n\n<h2 class=\"wp-block-heading\"><strong>Anne Esteti\u011fi \u015eunlar\u0131 \u0130\u00e7erir<\/strong><\/h2>\n\n\n\n<ul class=\"wp-block-list\">\n<li><strong>Liposuction:<\/strong>&nbsp;v\u00fccudun belirli b\u00f6lgelerini inceltir ve yeniden \u015fekillendirir, fazla ya\u011flar\u0131 giderir ve <a href=\"https:\/\/healthestetik.com\/tr\/body-contouring-surgery\/\"  data-wpil-monitor-id=\"263\">v\u00fccut hatlar\u0131<\/a>.<\/li>\n\n\n\n<li><strong>Kar\u0131n germe ameliyat\u0131<\/strong>, ayr\u0131ca bilinen ad\u0131yla <a href=\"https:\/\/healthestetik.com\/tr\/karin-germe\/\"  data-wpil-monitor-id=\"53\">kar\u0131n germe<\/a>, fazla ya\u011f ve derinin al\u0131narak, zay\u0131flam\u0131\u015f kaslar\u0131n yeniden kazand\u0131r\u0131lmas\u0131yla daha p\u00fcr\u00fczs\u00fcz ve s\u0131k\u0131 bir kar\u0131n profili olu\u015fturulmas\u0131 i\u015flemidir.<\/li>\n\n\n\n<li><strong><a href=\"https:\/\/healthestetik.com\/tr\/breast-lift\/\"  data-wpil-monitor-id=\"36\">Meme dikle\u015ftirme<\/a><\/strong>: Fazla deriyi \u00e7\u0131kararak ve \u00e7evre dokuyu s\u0131k\u0131la\u015ft\u0131rarak g\u00f6\u011f\u00fcsleri yukar\u0131 kald\u0131r\u0131r, yeni g\u00f6\u011f\u00fcs konturunu yeniden \u015fekillendirir ve destekler.<\/li>\n\n\n\n<li><strong>Meme b\u00fcy\u00fctme:<\/strong>&nbsp;meme kullan\u0131m\u0131ndan olu\u015fur <a href=\"https:\/\/healthestetik.com\/tr\/implant-treatment\/\"  data-wpil-monitor-id=\"129\">implantlar<\/a> veya memelerin boyutunu art\u0131rmak i\u00e7in ya\u011f transferi. Bu prosed\u00fcr ayr\u0131ca hamilelikten sonra kaybedilen meme hacmini geri kazand\u0131rabilir, daha yuvarlak bir meme \u015fekli elde edebilir veya do\u011fal meme \u015feklini iyile\u015ftirebilir.<\/li>\n\n\n\n<li><strong>Meme k\u00fc\u00e7\u00fcltme:<\/strong>&nbsp;V\u00fccudunuza uygun bir meme b\u00fcy\u00fckl\u00fc\u011f\u00fcne ula\u015fmak ve b\u00fcy\u00fck g\u00f6\u011f\u00fcslerden kaynaklanan rahats\u0131zl\u0131\u011f\u0131 hafifletmek i\u00e7in fazla meme ya\u011f\u0131n\u0131n, bez dokusunun ve derinin \u00e7\u0131kar\u0131ld\u0131\u011f\u0131 bir i\u015flemdir.<\/li>\n\n\n\n<li><strong>\u00c7evresel Kar\u0131n Germe<\/strong>: ya\u011flar\u0131 destekleyen alttaki dokunun \u015fekli ve tonunun iyile\u015ftirilmesi. Fazla sark\u0131k deri ve ya\u011f \u00e7\u0131kar\u0131l\u0131r ve prosed\u00fcr d\u00fczensiz deri y\u00fczeylerini iyile\u015ftirebilir.<\/li>\n<\/ul>\n\n\n\n<p>Tek bir ameliyatta birden fazla prosed\u00fcr\u00fc birle\u015ftirmenin olduk\u00e7a yayg\u0131n oldu\u011fu unutulmamal\u0131d\u0131r (Kar\u0131n germe veya <a href=\"https:\/\/healthestetik.com\/tr\/liposuction\/\"  data-wpil-monitor-id=\"47\">liposuction<\/a>. Tek anestezi alt\u0131nda bir\u00e7ok y\u00f6ntemin uygulanmas\u0131yla sonu\u00e7lar \u00e7arp\u0131c\u0131 ve tamamlay\u0131c\u0131d\u0131r, tek bir iyile\u015fme d\u00f6nemi vard\u0131r ve anne m\u00fcmk\u00fcn olan en k\u0131sa s\u00fcrede hayat\u0131na geri d\u00f6nebilir!<\/p>\n\n\n\n<figure class=\"wp-block-image size-large is-resized\"><img decoding=\"async\" src=\"https:\/\/healthestetik.com\/wp-content\/uploads\/2022\/12\/17-2-1024x1024.jpg?wsr\" alt=\"\" class=\"wp-image-1526\" style=\"width:1236px;height:auto\"\/><\/figure>\n\n\n\n<h3 class=\"wp-block-heading\"><strong>Ekstra Anne Esteti\u011fi Prosed\u00fcrleri:<\/strong><\/h3>\n\n\n\n<ul class=\"wp-block-list\">\n<li><a href=\"https:\/\/healthestetik.com\/tr\/kalca-buyutme-gelistirme\/\"  data-wpil-monitor-id=\"30\">Kal\u00e7a b\u00fcy\u00fctme<\/a> \u2013 Kilo dalgalanmalar\u0131 ve hareketsizlik sonucu olu\u015fan popo \u015fekil kayb\u0131n\u0131 d\u00fczeltmek.<\/li>\n\n\n\n<li>Enjekte edilebilir <a href=\"https:\/\/healthestetik.com\/tr\/yuz-genclestirme\/\"  data-wpil-monitor-id=\"76\">Y\u00fcz Gen\u00e7le\u015ftirme<\/a> \u2013 Y\u00fcz kaslar\u0131na Botoks ad\u0131 verilen bir n\u00f6rotoksin enjekte ederek kas\u0131lmalar\u0131n\u0131 durdurur. B\u00f6ylece hareketsizlikten kaynaklanan k\u0131r\u0131\u015f\u0131kl\u0131klar ve \u00e7izgiler \u00f6nlenir. Ayr\u0131ca cilde parlak ve p\u00fcr\u00fczs\u00fcz bir g\u00f6r\u00fcn\u00fcm kazand\u0131r\u0131r.<\/li>\n\n\n\n<li>\u00c7atlak Tedavisi \u2013 Lazer destekli i\u015flemler \u00e7atlaklar\u0131 b\u00fcy\u00fck oranda azaltabilir, ancak ortadan kald\u0131rmak imkans\u0131zd\u0131r.<\/li>\n<\/ul>\n\n\n\n<p>Herhangi bir Mommy Makeover i\u00e7in klini\u011fimizle ileti\u015fime ge\u00e7ebilirsiniz. Sonras\u0131nda uzmanlar\u0131m\u0131z hi\u00e7bir zorluk \u00e7\u0131karmadan sorunlar\u0131n\u0131zla ilgilenecektir.<\/p>\n\n\n\n<figure class=\"wp-block-image size-large is-resized\"><img decoding=\"async\" src=\"https:\/\/healthestetik.com\/wp-content\/uploads\/2022\/12\/12-2-1024x1024.jpg?wsr\" alt=\"\" class=\"wp-image-1519\" style=\"width:1236px;height:auto\"\/><\/figure>\n\n\n\n<h2 class=\"wp-block-heading\"><strong>Anne Esteti\u011fi Maliyetleri<\/strong><\/h2>\n\n\n\n<p>Anne esteti\u011fi bir\u00e7ok prosed\u00fcr\u00fc i\u00e7eren bir settir. Bu nedenle, t\u00fcm se\u00e7imin maliyeti ka\u00e7 tane ve hangisini se\u00e7ti\u011finize ba\u011fl\u0131d\u0131r.<\/p>\n\n\n\n<p>Se\u00e7ilen her prosed\u00fcr\u00fcn bireysel maliyetlerini toplayarak kabaca bir tahmin elde edebilirsiniz, ancak bu yaln\u0131zca belirsiz bir k\u0131lavuzdur. Bu nedenle, ger\u00e7ekle\u015ftirmek i\u00e7in \u00f6nemli bir beceri gerektirir. Bu nedenle, hesaplanan fiyata dahil olan cerrah\u0131n becerilerini de dahil edin.<\/p>\n\n\n\n<p>Son olarak, maliyetlerin bir k\u0131sm\u0131 anne ve onun v\u00fccuduna aittir. Gebeli\u011fin etkileri her ki\u015fide farkl\u0131l\u0131k g\u00f6sterdi\u011finden, her vaka \u00f6zel ilgi gerektirir. Her b\u00f6lgenin daha kapsaml\u0131 bir \u015fekilde bozulmas\u0131, her prosed\u00fcrde daha fazla i\u015f yap\u0131lmas\u0131 anlam\u0131na gelir.<\/p>\n\n\n\n<p>Bu, onu kald\u0131rmak kadar basit olabilir <a href=\"https:\/\/healthestetik.com\/tr\/meme-buyutme-buyutme\/\"  data-wpil-monitor-id=\"43\">meme veya b\u00fcy\u00fct\u00fclmesi gereken<\/a> implantlarla. Bu nedenle, \u00e7o\u011fu i\u015flem s\u0131ras\u0131nda annenin sa\u011fl\u0131\u011f\u0131na ba\u011fl\u0131d\u0131r.<\/p>\n\n\n\n<p>T\u00fcm bu fakt\u00f6rler ilk g\u00f6r\u00fc\u015fmeden \u00f6nce yap\u0131lan herhangi bir tahmini en iyi ihtimalle belirsiz hale getirir. Burada, sorunlar\u0131n\u0131za en iyi \u00e7\u00f6z\u00fcmleri sunuyoruz.<\/p>\n\n\n\n<figure class=\"wp-block-image size-large is-resized\"><img decoding=\"async\" src=\"https:\/\/healthestetik.com\/wp-content\/uploads\/2022\/12\/4-5-1024x1024.jpg?wsr\" alt=\"\" class=\"wp-image-1510\" style=\"width:1236px;height:auto\"\/><\/figure>\n\n\n\n<h2 class=\"wp-block-heading\"><strong>Anne Esteti\u011fi Hindi<\/strong><\/h2>\n\n\n\n<p>Anne esteti\u011fi ameliyatlar\u0131n\u0131n d\u00fcnya \u00e7ap\u0131nda, \u00f6zellikle T\u00fcrkiye&#039;de geni\u015f bir pop\u00fclaritesi vard\u0131r. Hem ulusal hem de uluslararas\u0131 anneler, T\u00fcrkiye&#039;nin son teknoloji kozmetik cerrahi kliniklerine gelir. Uygun fiyatlar\u0131m\u0131z, deneyimli doktorlar\u0131m\u0131z ve y\u00fcksek kaliteli hastane bak\u0131m\u0131m\u0131z bizi \u00e7ekici k\u0131l\u0131yor.&nbsp;<\/p>\n\n\n\n<h3 class=\"wp-block-heading\"><strong>T\u00fcrkiye&#039;de Anne Esteti\u011fi Maliyeti<\/strong><\/h3>\n\n\n\n<p>Uygun fiyatl\u0131l\u0131k ve kaliteli t\u0131bbi hizmetler aras\u0131nda ola\u011fan\u00fcst\u00fc bir denge istiyorsan\u0131z T\u00fcrkiye muhtemelen cevapt\u0131r. \u00d6zellikle t\u0131bbi hizmetler arayan milyonlarca insan\u0131 \u00e7ekebilen tek Orta Do\u011fu \u00fclkesidir. <a href=\"https:\/\/healthestetik.com\/tr\/kulak-ameliyati\/\"  data-wpil-monitor-id=\"13\">estetik cerrahi<\/a>. Di\u011fer t\u00fcm \u00fclkeler aras\u0131nda, insanlar piyasadaki ate\u015fi yakan rekabet nedeniyle T\u00fcrkiye&#039;yi se\u00e7me e\u011filimindedir. Ba\u015fka bir deyi\u015fle, alabilece\u011finiz en uygun fiyatlarla en iyi t\u0131bbi hizmetleri alacaks\u0131n\u0131z. Ayr\u0131ca, T\u00fcrkiye&#039;deki \u00fccretlerin Amerika Birle\u015fik Devletleri ve Avrupa&#039;daki fiyatlardan \u00e7ok daha iyi oldu\u011funu fark edeceksiniz. Tavsiye i\u00e7in daha ayr\u0131nt\u0131l\u0131 bir fiyat etiketi i\u00e7in t\u0131bbi dan\u0131\u015fmanlar\u0131m\u0131zla ileti\u015fime ge\u00e7melisiniz.&nbsp;<\/p>\n\n\n\n<figure class=\"wp-block-image size-large is-resized\"><img decoding=\"async\" src=\"https:\/\/healthestetik.com\/wp-content\/uploads\/2022\/12\/1-7-1024x1024.jpg?wsr\" alt=\"\" class=\"wp-image-1507\" style=\"width:1236px;height:auto\"\/><\/figure>\n\n\n\n<h2 class=\"wp-block-heading\">Emzirirken anne esteti\u011fi yapt\u0131rmam m\u00fcmk\u00fcn m\u00fc?<\/h2>\n\n\n\n<p>Cevap Hay\u0131r. Doktorlar, bebe\u011fe beslenme s\u0131ras\u0131nda zarar verebilece\u011fi i\u00e7in benzer vakalar\u0131 kesinlikle reddederler. Ameliyat sonras\u0131 tedavi, s\u00fct yoluyla bebe\u011finizin sistemine ge\u00e7erek bebe\u011finizin sa\u011fl\u0131\u011f\u0131n\u0131 tehlikeye atabilece\u011fi i\u00e7in beklemelisiniz.<\/p>\n\n\n\n<h2 class=\"wp-block-heading\">Anne Esteti\u011fi i\u00e7in en iyi aday kimdir?<\/h2>\n\n\n\n<p>Sa\u011fl\u0131\u011f\u0131n\u0131z iyiyse, anne esteti\u011fi yapt\u0131rabilirsiniz. Do\u011fumdan ve emzirmeden sonra en az 3 ila 6 ay ge\u00e7mi\u015f olmas\u0131 kesinlikle \u00f6nerilir. Ayr\u0131ca, gelecekte herhangi bir hamilelik planlam\u0131yorsan\u0131z.<\/p>\n\n\n\n<h2 class=\"wp-block-heading\">Ameliyattan sonra ne zaman bikini giyebilece\u011fim?<\/h2>\n\n\n\n<p>Cevap evet. Alt\u0131 ayl\u0131k iyile\u015fmeden sonra bikini giyebilmelisiniz. Yara izi, bikini alt\u0131n\u0131n gizleyebilece\u011fi sezaryen b\u00f6lgesine yerle\u015ftirilir ve cildiniz \u00e7ad\u0131r ve a\u00e7\u0131\u011fa \u00e7\u0131kmaya haz\u0131r olur.<\/p>\n\n\n\n<figure class=\"wp-block-image size-large is-resized\"><img decoding=\"async\" src=\"https:\/\/healthestetik.com\/wp-content\/uploads\/2022\/12\/10-2-1024x1024.jpg?wsr\" alt=\"\" class=\"wp-image-1517\" style=\"width:1236px;height:auto\"\/><\/figure>","protected":false},"excerpt":{"rendered":"<p>Mommy Makeover is one of the modern day&#8217;s most popular plastic surgery techniques.<\/p>","protected":false},"author":1,"featured_media":871,"parent":0,"menu_order":0,"comment_status":"open","ping_status":"open","template":"elementor_header_footer","meta":{"rs_blank_template":"","rs_page_bg_color":"","slide_template_v7":"","footnotes":""},"class_list":["post-786","page","type-page","status-publish","has-post-thumbnail","hentry"],"_links":{"self":[{"href":"https:\/\/healthestetik.com\/tr\/wp-json\/wp\/v2\/pages\/786","targetHints":{"allow":["GET"]}}],"collection":[{"href":"https:\/\/healthestetik.com\/tr\/wp-json\/wp\/v2\/pages"}],"about":[{"href":"https:\/\/healthestetik.com\/tr\/wp-json\/wp\/v2\/types\/page"}],"author":[{"embeddable":true,"href":"https:\/\/healthestetik.com\/tr\/wp-json\/wp\/v2\/users\/1"}],"replies":[{"embeddable":true,"href":"https:\/\/healthestetik.com\/tr\/wp-json\/wp\/v2\/comments?post=786"}],"version-history":[{"count":0,"href":"https:\/\/healthestetik.com\/tr\/wp-json\/wp\/v2\/pages\/786\/revisions"}],"wp:featuredmedia":[{"embeddable":true,"href":"https:\/\/healthestetik.com\/tr\/wp-json\/wp\/v2\/media\/871"}],"wp:attachment":[{"href":"https:\/\/healthestetik.com\/tr\/wp-json\/wp\/v2\/media?parent=786"}],"curies":[{"name":"wp","href":"https:\/\/api.w.org\/{rel}","templated":true}]}}