{"id":773,"date":"2022-12-11T17:49:38","date_gmt":"2022-12-11T14:49:38","guid":{"rendered":"https:\/\/healthestetik.com\/?p=773"},"modified":"2025-05-08T14:07:32","modified_gmt":"2025-05-08T11:07:32","slug":"kalca-buyutme","status":"publish","type":"page","link":"https:\/\/healthestetik.com\/tr\/kalca-buyutme\/","title":{"rendered":"Kal\u00e7a B\u00fcy\u00fctme"},"content":{"rendered":"<div class=\"wpb-content-wrapper\"><div class=\"vc_row wpb_row row top-row wpb_custom_034b39d9bc6c6b310d69e39f0ccf274f\"><div class=\"vc_column_container col-md-12\"><div class=\"wpb_wrapper vc_column-inner\">\r\n\t<div class=\"wpb_text_column wpb_content_element wpb_custom_7c91d232724f73626cc933bd95b25ff0\" >\r\n\t\t<div class=\"wpb_wrapper\">\r\n\t\t\t<figure class=\"wp-block-image size-large\"><img fetchpriority=\"high\" decoding=\"async\" class=\"wp-image-848 size-full aligncenter\" src=\"https:\/\/healthestetik.com\/wp-content\/uploads\/2024\/10\/buttocks-augmentation.jpg\" alt=\"\" width=\"1440\" height=\"645\" srcset=\"https:\/\/healthestetik.com\/wp-content\/uploads\/2024\/10\/buttocks-augmentation.jpg 1440w, https:\/\/healthestetik.com\/wp-content\/uploads\/2024\/10\/buttocks-augmentation-1024x459.jpg 1024w, https:\/\/healthestetik.com\/wp-content\/uploads\/2024\/10\/buttocks-augmentation-768x344.jpg 768w, https:\/\/healthestetik.com\/wp-content\/uploads\/2024\/10\/buttocks-augmentation-320x143.jpg 320w, https:\/\/healthestetik.com\/wp-content\/uploads\/2024\/10\/buttocks-augmentation-480x215.jpg 480w, https:\/\/healthestetik.com\/wp-content\/uploads\/2024\/10\/buttocks-augmentation-800x358.jpg 800w, https:\/\/healthestetik.com\/wp-content\/uploads\/2024\/10\/buttocks-augmentation-640x287.jpg 640w, https:\/\/healthestetik.com\/wp-content\/uploads\/2024\/10\/buttocks-augmentation-400x179.jpg 400w\" sizes=\"(max-width: 1440px) 100vw, 1440px\" \/><figcaption class=\"wp-element-caption\">T\u00fcrkiye&#039;de Kal\u00e7a B\u00fcy\u00fctme<\/figcaption><\/figure>\n<p>&nbsp;<\/p>\n<h2><span data-preserver-spaces=\"true\">Kal\u00e7a B\u00fcy\u00fctme<\/span><\/h2>\n<p><span data-preserver-spaces=\"true\">Kal\u00e7a B\u00fcy\u00fctme, Daha dolgun, daha yuvarlak ve daha kal\u0131n kal\u00e7a g\u00f6r\u00fcnt\u00fcleri son zamanlarda pop\u00fcler k\u00fclt\u00fcrde yayg\u0131nla\u015ft\u0131. Bu nedenle, hemen ard\u0131ndan estetik cerrahi geldi.<\/span><\/p>\n<p><span data-preserver-spaces=\"true\">Prosed\u00fcr, herkesin fiziksel egzersizle bak\u0131m gerektirmeden kal\u0131c\u0131, daha dolgun sonu\u00e7lara sahip olmas\u0131n\u0131 sa\u011flar. Hastalar, d\u00fczle\u015febilece\u011fi endi\u015fesi duymadan popo boyutlar\u0131nda s\u00fcrekli bir art\u0131\u015f\u0131n tad\u0131n\u0131 \u00e7\u0131karabilirler.<\/span><\/p>\n<p><span data-preserver-spaces=\"true\">Bunu ba\u015farmak i\u00e7in etkileyici \u00e7e\u015fitlilikte teknikler mevcuttur <a href=\"https:\/\/healthestetik.com\/tr\/kalca-buyutme-gelistirme\/\"  data-wpil-monitor-id=\"27\">kal\u00e7a b\u00fcy\u00fctme<\/a>B\u00f6ylece hekiminiz sizin durumunuza en uygun olan\u0131 se\u00e7ecektir.<\/span><\/p>\n<p><span data-preserver-spaces=\"true\">Kal\u00e7a prosed\u00fcrleri, &#039;popo kald\u0131rma&#039; olarak da adland\u0131r\u0131l\u0131r, pop\u00fclerlik a\u00e7\u0131s\u0131ndan patlama ya\u015fad\u0131. 2002&#039;den 2015&#039;e kadar, d\u00fcnya \u00e7ap\u0131nda ameliyathane taleplerinde ortalama 255%&#039;lik bir art\u0131\u015f g\u00f6r\u00fcld\u00fc.<\/span><\/p>\n<h2><strong><span data-preserver-spaces=\"true\"><img decoding=\"async\" class=\"aligncenter size-large wp-image-1411\" src=\"https:\/\/healthestetik.com\/wp-content\/uploads\/2022\/12\/1-4-1024x542.jpg\" alt=\"\" width=\"1024\" height=\"542\" \/>Kal\u00e7a B\u00fcy\u00fctme T\u00fcrkiye<\/span><\/strong><\/h2>\n<p><span data-preserver-spaces=\"true\">Kal\u00e7a ate\u015fi, pop\u00fcler k\u00fclt\u00fcrle beslenen d\u00fcnya \u00e7ap\u0131nda bir fenomen haline geldi. Bu nedenle, kozmetik cerrahi i\u00e7in y\u00fckselen bir k\u00fcresel merkez olarak T\u00fcrkiye, bu trende ayak uydurmak zorundayd\u0131.<\/span><\/p>\n<p><span data-preserver-spaces=\"true\">Birka\u00e7 fakt\u00f6r\u00fcn kar\u0131\u015f\u0131m\u0131, kal\u00e7a b\u00fcy\u00fctmeyi son zamanlarda T\u00fcrkiye&#039;de pop\u00fcler hale getirdi. Bunlar\u0131n ba\u015fl\u0131calar\u0131 \u015funlard\u0131r:<\/span><\/p>\n<ul>\n<li><span data-preserver-spaces=\"true\">Uluslararas\u0131 \u00e7apta tan\u0131nm\u0131\u015f yetenekli cerrahlar.<\/span><\/li>\n<li><span data-preserver-spaces=\"true\">Di\u011fer geli\u015fmi\u015f ekonomilere g\u00f6re daha d\u00fc\u015f\u00fck bir fiyat, dolay\u0131s\u0131yla bulunabilirli\u011fi sa\u011flar ve rekabeti te\u015fvik eder.<\/span><\/li>\n<\/ul>\n<p><span data-preserver-spaces=\"true\">Bunlar\u0131 g\u00f6z \u00f6n\u00fcnde bulundurarak, T\u00fcrkiye&#039;de kal\u00e7a b\u00fcy\u00fctme yapt\u0131rmak olduk\u00e7a avantajl\u0131 bir se\u00e7enektir. Daha fazla ayr\u0131nt\u0131 i\u00e7in bizimle ileti\u015fime ge\u00e7ebilirsiniz.<\/span><\/p>\n<h2><strong><span data-preserver-spaces=\"true\"><img decoding=\"async\" class=\"aligncenter size-large wp-image-1412\" src=\"https:\/\/healthestetik.com\/wp-content\/uploads\/2022\/12\/2-3-1024x542.jpg\" alt=\"\" width=\"1024\" height=\"542\" \/>Kal\u00e7a B\u00fcy\u00fctme Maliyetleri<\/span><\/strong><\/h2>\n<p><span data-preserver-spaces=\"true\">\u00c7e\u015fitli farkl\u0131 kal\u00e7a prosed\u00fcrleri vard\u0131r. Bu nedenle, her biri i\u00e7in \u00e7e\u015fitli bireysel fiyat aral\u0131klar\u0131 da vard\u0131r.<\/span><\/p>\n<p><span data-preserver-spaces=\"true\">Bir operasyonun maliyeti di\u011ferine g\u00f6re \u00e7ok farkl\u0131l\u0131k g\u00f6sterir. Bu nedenle, fiyat\u0131 belirlemek i\u00e7in gereken zorluk, ekipman ve beceri seviyesi.\u00a0<\/span><\/p>\n<p><span data-preserver-spaces=\"true\">Daha detayl\u0131 bilgi i\u00e7in klini\u011fimizle ileti\u015fime ge\u00e7erek fiyat alabilirsiniz.<\/span><\/p>\n<h2><strong><span data-preserver-spaces=\"true\"><img loading=\"lazy\" decoding=\"async\" class=\"aligncenter size-large wp-image-1416\" src=\"https:\/\/healthestetik.com\/wp-content\/uploads\/2022\/12\/6-4-1024x542.jpg\" alt=\"\" width=\"1024\" height=\"542\" \/>Kal\u00e7a B\u00fcy\u00fctme \u00d6ncesi ve Sonras\u0131<\/span><\/strong><\/h2>\n<p><span data-preserver-spaces=\"true\">Sonu\u00e7lar hemen belli olur. Bu nedenle operasyon biter bitmez fark edeceksiniz.<\/span><\/p>\n<p><span data-preserver-spaces=\"true\">Elbette, daha do\u011fal bir g\u00f6r\u00fcn\u00fcm elde etmek i\u00e7in \u015fi\u015fli\u011fin \u00f6nce inmesi gerekir. Bu, operasyondan iki hafta sonra ger\u00e7ekle\u015fir. Son g\u00f6r\u00fcn\u00fcm\u00fc alt\u0131 ay sonra yerle\u015fir, ancak daha yak\u0131n sonu\u00e7lar \u00e7ok daha erken belirginle\u015fir.<\/span><\/p>\n<p><span data-preserver-spaces=\"true\">Hastalar\u0131n alt kal\u00e7alar\u0131 belirgin bir yuvarlakl\u0131k art\u0131\u015f\u0131 g\u00f6sterecektir. Sonu\u00e7 olarak hastalar daha s\u0131k\u0131 bir yap\u0131ya ve daha k\u0131vr\u0131ml\u0131 bir g\u00f6r\u00fcn\u00fcme kavu\u015furlar.<\/span><\/p>\n<p><span data-preserver-spaces=\"true\">T\u00fcm sonu\u00e7lar bireyseldir ve hastan\u0131n v\u00fccuduna ve cerrah\u0131n becerisine ba\u011fl\u0131d\u0131r. Baz\u0131 hastalar\u0131n v\u00fccut yap\u0131lar\u0131 yetersiz veya ya\u015fl\u0131 olabilir. Bu nedenle, kal\u00e7a b\u00fcy\u00fctmelerinin sonu\u00e7lar\u0131 farkl\u0131 olabilir.<\/span><\/p>\n<p><img loading=\"lazy\" decoding=\"async\" class=\"aligncenter size-large wp-image-1414\" src=\"https:\/\/healthestetik.com\/wp-content\/uploads\/2022\/12\/4-3-1024x542.jpg\" alt=\"\" width=\"1024\" height=\"542\" \/><\/p>\n\r\n\t\t<\/div>\r\n\t<\/div>\r\n<\/div><\/div><\/div><div class=\"vc_row wpb_row row top-row wpb_custom_034b39d9bc6c6b310d69e39f0ccf274f\"><div class=\"vc_column_container col-md-12\"><div class=\"wpb_wrapper vc_column-inner\"><section class=\"vc_do_toggle toggle\"><label>Popo b\u00fcy\u00fctme ameliyat\u0131na uygun muyum?<\/label><div class=\"toggle-content\"><p><span data-preserver-spaces=\"true\">Deneyimli bir t\u0131bbi dan\u0131\u015fman veya doktorla tam bir te\u015fhis yap\u0131lmal\u0131d\u0131r. Kons\u00fcltasyon s\u0131ras\u0131nda, arzunuzu ve hedef fig\u00fcr\u00fcn\u00fcz\u00fc ifade edeceksiniz ve doktor \u015feklinizi geli\u015ftirmeniz i\u00e7in sizi y\u00f6nlendirecektir. Kal\u00e7a b\u00fcy\u00fctme, ya\u011f\u0131n\u0131z\u0131 enjekte ederek, bir kal\u00e7a implant\u0131 yerle\u015ftirerek veya <a href=\"https:\/\/healthestetik.com\/tr\/dolgu-enjeksiyonlari\/\"  data-wpil-monitor-id=\"82\">dolgu enjeksiyonlar\u0131<\/a>. Tekniklerin se\u00e7imi tan\u0131n\u0131za ba\u011fl\u0131d\u0131r. Daha fazla bilgi i\u00e7in bize ula\u015fabilirsiniz ve size davan\u0131z i\u00e7in gereken bilgileri sa\u011flayaca\u011f\u0131z.<\/span><\/p>\n<\/div><\/section><section class=\"vc_do_toggle toggle\"><label>Ya kal\u00e7a b\u00fcy\u00fctme operasyonu i\u00e7in yeterli ya\u011f\u0131m yoksa?<\/label><div class=\"toggle-content\"><p><span data-preserver-spaces=\"true\">Bu durumda, doktorunuz sizinle birden fazla se\u00e7ene\u011fi g\u00f6r\u00fc\u015fecektir. Size silikon jel kal\u00e7alar\u0131 \u00f6nereceklerdir. <a href=\"https:\/\/healthestetik.com\/tr\/implant-treatment\/\"  data-wpil-monitor-id=\"169\">implantlar<\/a> veya hyaluronik asit bazl\u0131 dermal dolgular.<\/span><\/p>\n<p><span data-preserver-spaces=\"true\">\u00a0<\/span><\/p>\n<\/div><\/section><\/div><\/div><\/div><\/div>","protected":false},"excerpt":{"rendered":"Buttocks Augmentation in Turkey &nbsp; Buttocks Augmentation Buttocks Augmentation, Images of fuller, rounder, and thicker buttocks have become common in pop culture as of late. Thus, cosmetic surgery followed right behind. The procedure lets everyone have permanent, fuller results without requiring upkeep through physical exercise. Patients can enjoy a perpetual increase in butt size without [...]","protected":false},"author":1,"featured_media":848,"parent":0,"menu_order":0,"comment_status":"open","ping_status":"open","template":"elementor_header_footer","meta":{"rs_blank_template":"","rs_page_bg_color":"","slide_template_v7":"","footnotes":""},"class_list":["post-773","page","type-page","status-publish","has-post-thumbnail","hentry"],"_links":{"self":[{"href":"https:\/\/healthestetik.com\/tr\/wp-json\/wp\/v2\/pages\/773","targetHints":{"allow":["GET"]}}],"collection":[{"href":"https:\/\/healthestetik.com\/tr\/wp-json\/wp\/v2\/pages"}],"about":[{"href":"https:\/\/healthestetik.com\/tr\/wp-json\/wp\/v2\/types\/page"}],"author":[{"embeddable":true,"href":"https:\/\/healthestetik.com\/tr\/wp-json\/wp\/v2\/users\/1"}],"replies":[{"embeddable":true,"href":"https:\/\/healthestetik.com\/tr\/wp-json\/wp\/v2\/comments?post=773"}],"version-history":[{"count":0,"href":"https:\/\/healthestetik.com\/tr\/wp-json\/wp\/v2\/pages\/773\/revisions"}],"wp:featuredmedia":[{"embeddable":true,"href":"https:\/\/healthestetik.com\/tr\/wp-json\/wp\/v2\/media\/848"}],"wp:attachment":[{"href":"https:\/\/healthestetik.com\/tr\/wp-json\/wp\/v2\/media?parent=773"}],"curies":[{"name":"wp","href":"https:\/\/api.w.org\/{rel}","templated":true}]}}