{"id":768,"date":"2022-12-11T17:35:00","date_gmt":"2022-12-11T14:35:00","guid":{"rendered":"https:\/\/healthestetik.com\/?p=768"},"modified":"2025-06-13T19:00:24","modified_gmt":"2025-06-13T16:00:24","slug":"body-lift","status":"publish","type":"page","link":"https:\/\/healthestetik.com\/tr\/body-lift\/","title":{"rendered":"V\u00fccut Kald\u0131rma"},"content":{"rendered":"<div class=\"wpb-content-wrapper\"><div class=\"vc_row wpb_row row top-row wpb_custom_034b39d9bc6c6b310d69e39f0ccf274f\"><div class=\"vc_column_container col-md-12\"><div class=\"wpb_wrapper vc_column-inner\">\r\n\t<div class=\"wpb_text_column wpb_content_element wpb_custom_7c91d232724f73626cc933bd95b25ff0\" >\r\n\t\t<div class=\"wpb_wrapper\">\r\n\t\t\t<figure class=\"wp-block-image size-large\">\n<h3><strong>T\u00fcrkiye&#039;de V\u00fccut Germe Ameliyat\u0131: V\u00fccudunuzu G\u00fcvenle D\u00f6n\u00fc\u015ft\u00fcr\u00fcn<\/strong><\/h3>\n<p>A <strong>v\u00fccut kald\u0131rma<\/strong> kar\u0131n, kal\u00e7a, uyluk ve basenleri yeniden \u015fekillendirmek ve konturland\u0131rmak i\u00e7in tasarlanm\u0131\u015f d\u00f6n\u00fc\u015ft\u00fcr\u00fcc\u00fc bir cerrahi i\u015flemdir. En pop\u00fcler kemer lipektomi prosed\u00fcrlerinden biri olarak, son y\u0131llarda \u00f6nemli bir ivme kazanm\u0131\u015f ve hastalara kilo dalgalanmalar\u0131 veya ya\u015flanma nedeniyle olu\u015fan fazla deri ve ya\u011flara \u00e7\u00f6z\u00fcm sunmu\u015ftur.<\/p>\n<p><img fetchpriority=\"high\" decoding=\"async\" class=\"aligncenter wp-image-1290 size-full\" src=\"https:\/\/healthestetik.com\/wp-content\/uploads\/2024\/12\/shutterstock_758154181-scaled.jpg\" alt=\"\" width=\"1707\" height=\"2560\" srcset=\"https:\/\/healthestetik.com\/wp-content\/uploads\/2024\/12\/shutterstock_758154181-scaled.jpg 1707w, https:\/\/healthestetik.com\/wp-content\/uploads\/2024\/12\/shutterstock_758154181-683x1024.jpg 683w, https:\/\/healthestetik.com\/wp-content\/uploads\/2024\/12\/shutterstock_758154181-768x1152.jpg 768w, https:\/\/healthestetik.com\/wp-content\/uploads\/2024\/12\/shutterstock_758154181-1024x1536.jpg 1024w, https:\/\/healthestetik.com\/wp-content\/uploads\/2024\/12\/shutterstock_758154181-1365x2048.jpg 1365w, https:\/\/healthestetik.com\/wp-content\/uploads\/2024\/12\/shutterstock_758154181-320x480.jpg 320w, https:\/\/healthestetik.com\/wp-content\/uploads\/2024\/12\/shutterstock_758154181-480x720.jpg 480w, https:\/\/healthestetik.com\/wp-content\/uploads\/2024\/12\/shutterstock_758154181-800x1200.jpg 800w, https:\/\/healthestetik.com\/wp-content\/uploads\/2024\/12\/shutterstock_758154181-640x960.jpg 640w, https:\/\/healthestetik.com\/wp-content\/uploads\/2024\/12\/shutterstock_758154181-400x600.jpg 400w\" sizes=\"(max-width: 1707px) 100vw, 1707px\" \/><\/p>\n<hr \/>\n<h3><strong>V\u00fccut Germe Nedir?<\/strong><\/h3>\n<p>A <strong>v\u00fccut kald\u0131rma<\/strong> Genellikle a\u015fa\u011f\u0131dakilerden kaynaklanan gev\u015fek ve sark\u0131k cildin estetik kayg\u0131lar\u0131n\u0131 giderir:<\/p>\n<ul>\n<li>A\u015f\u0131r\u0131 veya h\u0131zl\u0131 kilo kayb\u0131.<\/li>\n<li>Ya\u015flanma ve cilt elastikiyetinin kayb\u0131.<\/li>\n<li>Hamilelik veya v\u00fccut \u015feklini etkileyen di\u011fer ya\u015fam olaylar\u0131.<\/li>\n<\/ul>\n<p>Bu prosed\u00fcr, fazla deri ve ya\u011f\u0131 ortadan kald\u0131r\u0131r, kaslar\u0131 s\u0131k\u0131la\u015ft\u0131r\u0131r ve orant\u0131l\u0131 ve estetik a\u00e7\u0131dan ho\u015f bir g\u00f6r\u00fcn\u00fcm kazand\u0131r\u0131r. <a href=\"https:\/\/healthestetik.com\/tr\/body-contouring-surgery\/\"  data-wpil-monitor-id=\"258\">v\u00fccut kont\u00fcr\u00fc<\/a>.<\/p>\n<hr \/>\n<h3><strong>V\u00fccut Germe Ameliyat\u0131n\u0131n Faydalar\u0131<\/strong><\/h3>\n<p>V\u00fccut germe ameliyat\u0131 ge\u00e7iren hastalar genellikle \u015funlar\u0131 bildirmektedir:<\/p>\n<ul>\n<li>Fiziksel g\u00f6r\u00fcn\u00fcm ve v\u00fccut oranlar\u0131nda iyile\u015fme.<\/li>\n<li><a href=\"https:\/\/healthestetik.com\/tr\/kalca-buyutme-gelistirme\/\"  data-wpil-monitor-id=\"32\">Artt\u0131r\u0131lm\u0131\u015f g\u00fcven<\/a> ve \u00f6z sayg\u0131.<\/li>\n<li>Yeni v\u00fccut \u015fekilleriyle daha sa\u011fl\u0131kl\u0131 ve aktif bir ya\u015fam tarz\u0131na kavu\u015ftular.<\/li>\n<\/ul>\n<p>\u0130\u015flem s\u0131ras\u0131nda bir miktar kilo verilse de as\u0131l ama\u00e7 belirgin kilo kayb\u0131ndan ziyade v\u00fccut hatlar\u0131n\u0131 d\u00fczeltmektir.<\/p>\n<hr \/>\n<h3><strong>V\u00fccut Kald\u0131rma Prosed\u00fcr\u00fc<\/strong><\/h3>\n<p>A <strong>v\u00fccut kald\u0131rma<\/strong> \u0130stenilen sonu\u00e7lara ula\u015fmak i\u00e7in birden fazla ad\u0131m\u0131 i\u00e7eren kapsaml\u0131 bir s\u00fcre\u00e7tir:<\/p>\n<ol>\n<li><strong>Liposuction<\/strong>: Genellikle inat\u00e7\u0131 ya\u011f birikintilerini gidermek i\u00e7in, \u00f6zellikle alt v\u00fccut germe i\u015flemiyle birlikte ilk \u00f6nce yap\u0131l\u0131r.<\/li>\n<li><strong>Kesiler<\/strong>:\n<ul>\n<li><strong>Arka taraf<\/strong>: Kesiler kal\u00e7a k\u0131vr\u0131m\u0131n\u0131n \u00fcst\u00fcnden, kal\u00e7alara do\u011fru hafif\u00e7e k\u0131vr\u0131larak yap\u0131l\u0131r.<\/li>\n<li><strong>\u00d6n taraf<\/strong>: Benzer <a href=\"https:\/\/healthestetik.com\/tr\/karin-germe\/\"  data-wpil-monitor-id=\"54\">kar\u0131n germe<\/a> kesiler, kas ayr\u0131l\u0131klar\u0131 ve fazla deriyi ele al\u0131yor.<\/li>\n<\/ul>\n<\/li>\n<li><strong>Cilt ve Ya\u011f Alma<\/strong>:G\u00f6vde etraf\u0131ndaki fazla deri ve ya\u011f \u00e7evresel olarak \u00e7\u0131kar\u0131l\u0131r.<\/li>\n<li><strong>Kald\u0131rma<\/strong>: Kal\u00e7a, uyluk, basen ve kar\u0131n b\u00f6lgesi tonlu bir g\u00f6r\u00fcn\u00fcm i\u00e7in kald\u0131r\u0131l\u0131r.<\/li>\n<li><strong>Kapan\u0131\u015f<\/strong>: Kesiler birka\u00e7 kat eriyen diki\u015fle kapat\u0131l\u0131r ve \u00fczerine gazl\u0131 bez pansuman uygulan\u0131r.<\/li>\n<\/ol>\n<p>Hastalar\u0131n iyile\u015fme s\u00fcrecinde s\u0131v\u0131 y\u00f6netimi i\u00e7in genellikle 3-5 dren gerekir.<\/p>\n<p><img decoding=\"async\" class=\"aligncenter wp-image-1143 size-full\" src=\"https:\/\/healthestetik.com\/wp-content\/uploads\/2024\/12\/Body-Aesthetics.webp\" alt=\"\" width=\"1498\" height=\"998\" srcset=\"https:\/\/healthestetik.com\/wp-content\/uploads\/2024\/12\/Body-Aesthetics.webp 1498w, https:\/\/healthestetik.com\/wp-content\/uploads\/2024\/12\/Body-Aesthetics-1024x682.webp 1024w, https:\/\/healthestetik.com\/wp-content\/uploads\/2024\/12\/Body-Aesthetics-768x512.webp 768w, https:\/\/healthestetik.com\/wp-content\/uploads\/2024\/12\/Body-Aesthetics-320x213.webp 320w, https:\/\/healthestetik.com\/wp-content\/uploads\/2024\/12\/Body-Aesthetics-480x320.webp 480w, https:\/\/healthestetik.com\/wp-content\/uploads\/2024\/12\/Body-Aesthetics-800x533.webp 800w, https:\/\/healthestetik.com\/wp-content\/uploads\/2024\/12\/Body-Aesthetics-640x426.webp 640w, https:\/\/healthestetik.com\/wp-content\/uploads\/2024\/12\/Body-Aesthetics-400x266.webp 400w\" sizes=\"(max-width: 1498px) 100vw, 1498px\" \/><\/p>\n<hr \/>\n<h3><strong>\u0130yile\u015fme ve Sonraki Bak\u0131m<\/strong><\/h3>\n<p>\u0130\u015flemin kapsaml\u0131 yap\u0131s\u0131 g\u00f6z \u00f6n\u00fcne al\u0131nd\u0131\u011f\u0131nda, uygun iyile\u015fme bak\u0131m\u0131 \u00e7ok \u00f6nemlidir:<\/p>\n<ul>\n<li><strong>Hastanede Kal\u0131\u015f<\/strong>: Hastalar\u0131n yak\u0131n takip i\u00e7in bir veya daha fazla gece hastanede kalmas\u0131 gerekebilir.<\/li>\n<li><strong>Aktivite K\u0131s\u0131tlamalar\u0131<\/strong>:\n<ul>\n<li>6-8 hafta boyunca yorucu aktivitelerden ve sporlardan ka\u00e7\u0131n\u0131n.<\/li>\n<li>\u0130yile\u015fmeyi desteklemek i\u00e7in iyile\u015fme d\u00f6neminde hafif hareketler yap\u0131n.<\/li>\n<li>\u0130lk iyile\u015fme a\u015famas\u0131nda a\u015f\u0131r\u0131 s\u0131ca\u011fa maruz kalmaktan ka\u00e7\u0131n\u0131n.<\/li>\n<\/ul>\n<\/li>\n<li><strong>Ya\u015fam Tarz\u0131 Ayarlamalar\u0131<\/strong>: Ameliyat \u00f6ncesi ve sonras\u0131nda sigara i\u00e7mek yasakt\u0131r, \u00e7\u00fcnk\u00fc iyile\u015fme s\u00fcrecini \u00f6nemli \u00f6l\u00e7\u00fcde engeller.<\/li>\n<li><strong>Beslenme ve Kilo Y\u00f6netimi<\/strong>:Ameliyat sonras\u0131 dengeli beslenmek ve kilo al\u0131m\u0131n\u0131 \u00f6nlemek sonu\u00e7lar\u0131n kal\u0131c\u0131 olmas\u0131na yard\u0131mc\u0131 olur.<\/li>\n<\/ul>\n<p><a href=\"https:\/\/healthestetik.com\/tr\/our-doctors\/\"  data-wpil-monitor-id=\"204\">Doktorlar\u0131m\u0131z<\/a> \u00f6zel durumunuza g\u00f6re uyarlanm\u0131\u015f detayl\u0131 rehberlik sa\u011flayacakt\u0131r.<\/p>\n<hr \/>\n<h3><strong>V\u00fccut Kald\u0131rma Maliyetleri<\/strong><\/h3>\n<p>V\u00fccut germe i\u015fleminin maliyeti a\u015fa\u011f\u0131dakilere g\u00f6re de\u011fi\u015fir:<\/p>\n<ol>\n<li><strong>Ameliyat\u0131n Kapsam\u0131<\/strong>: Sarkma derecesi ve tedavi edilen b\u00f6lgeler.<\/li>\n<li><strong>Cerrahi Y\u00f6ntem<\/strong>: Kullan\u0131lan teknikler ve malzemeler.<\/li>\n<li><strong>Cerrah Uzmanl\u0131\u011f\u0131<\/strong>:Cerrah\u0131n deneyimi ve becerisi.<\/li>\n<\/ol>\n<p>Klini\u011fimizde kaliteden \u00f6d\u00fcn vermeden uygun fiyat politikas\u0131 sunarak, en iyi bak\u0131m\u0131 ve sonu\u00e7lar\u0131 alman\u0131z\u0131 sa\u011fl\u0131yoruz. <a href=\"https:\/\/healthestetik.com\/tr\/bize-ulasin\/\"  data-wpil-monitor-id=\"205\">Bize Ula\u015f\u0131n<\/a> \u0130htiya\u00e7lar\u0131n\u0131za uygun ki\u015fiselle\u015ftirilmi\u015f bir teklif i\u00e7in.<\/p>\n<hr \/>\n<h3><strong>V\u00fccut Germe \u0130\u00e7in Neden T\u00fcrkiye&#039;yi Se\u00e7melisiniz?<\/strong><\/h3>\n<p>T\u00fcrkiye, estetik cerrahi alan\u0131nda k\u00fcresel bir lider olarak ortaya \u00e7\u0131kt\u0131; buna <strong>v\u00fccut kald\u0131rma<\/strong>, sayesinde:<\/p>\n<ul>\n<li><strong>Deneyimli Cerrahlar<\/strong>: \u0130leri tekniklerde e\u011fitim alm\u0131\u015f, y\u00fcksek vas\u0131fl\u0131 profesyoneller.<\/li>\n<li><strong>Son Teknoloji Klinikler<\/strong>: Son teknoloji t\u0131bbi cihazlarla donat\u0131lm\u0131\u015ft\u0131r.<\/li>\n<li><strong>Uygun Maliyetler<\/strong>: Avrupa ve ABD ile kar\u015f\u0131la\u015ft\u0131r\u0131ld\u0131\u011f\u0131nda rekabet\u00e7i fiyatlar<\/li>\n<li><strong>Kapsaml\u0131 Bak\u0131m<\/strong>: Yolculu\u011funuz boyunca destekle birlikte her \u015fey dahil paketler.<\/li>\n<\/ul>\n<p>Klini\u011fimiz, ola\u011fan\u00fcst\u00fc hasta memnuniyeti oranlar\u0131, uygun maliyetleri ve ola\u011fan\u00fcst\u00fc cerrahi sonu\u00e7lar\u0131yla \u00f6ne \u00e7\u0131k\u0131yor.<\/p>\n<hr \/>\n<figure id=\"attachment_1222\" aria-describedby=\"caption-attachment-1222\" style=\"width: 1707px\" class=\"wp-caption aligncenter\"><img decoding=\"async\" class=\"wp-image-1222 size-full\" src=\"https:\/\/healthestetik.com\/wp-content\/uploads\/2024\/12\/71498598_l_normal_none-scaled.jpg\" alt=\"\" width=\"1707\" height=\"2560\" srcset=\"https:\/\/healthestetik.com\/wp-content\/uploads\/2024\/12\/71498598_l_normal_none-scaled.jpg 1707w, https:\/\/healthestetik.com\/wp-content\/uploads\/2024\/12\/71498598_l_normal_none-683x1024.jpg 683w, https:\/\/healthestetik.com\/wp-content\/uploads\/2024\/12\/71498598_l_normal_none-768x1152.jpg 768w, https:\/\/healthestetik.com\/wp-content\/uploads\/2024\/12\/71498598_l_normal_none-1024x1536.jpg 1024w\" sizes=\"(max-width: 1707px) 100vw, 1707px\" \/><figcaption id=\"caption-attachment-1222\" class=\"wp-caption-text\">Estetik ameliyat i\u00e7in i\u015faretlenmi\u015f kad\u0131n v\u00fccudu. Beyaz \u00fczerinde izole edilmi\u015f.<\/figcaption><\/figure>\n<h3><strong>V\u00fccut Germe: \u00d6ncesi ve Sonras\u0131<\/strong><\/h3>\n<h4><strong>Ameliyat \u00d6ncesi<\/strong>:<\/h4>\n<ul>\n<li>Alkol, sigara, kan suland\u0131r\u0131c\u0131 ila\u00e7lar ve bitkisel takviyelerden uzak durun.<\/li>\n<li>Ameliyattan \u00f6nceki gece yemek yemeyi ve i\u00e7meyi kesin.<\/li>\n<li>D\u00fczenli kulland\u0131\u011f\u0131n\u0131z ila\u00e7lar varsa doktorunuza bildirin.<\/li>\n<\/ul>\n<h4><strong>Ameliyat Sonras\u0131<\/strong>:<\/h4>\n<ul>\n<li>Enfeksiyonlar\u0131 \u00f6nlemek i\u00e7in ki\u015fisel hijyeninize dikkat edin.<\/li>\n<li>En az 1,5 ay spordan, en az iki ay sigaradan uzak durun.<\/li>\n<li>Doktorunuzun verdi\u011fi ameliyat sonras\u0131 bak\u0131m talimatlar\u0131na uyun.<\/li>\n<\/ul>\n<p>Sorunsuz bir iyile\u015fme ve uzun s\u00fcreli sonu\u00e7lar elde etmek i\u00e7in uygun bak\u0131m \u015fartt\u0131r.<\/p>\n<hr \/>\n<h3><strong>V\u00fccudunuzu Bug\u00fcn D\u00f6n\u00fc\u015ft\u00fcr\u00fcn<\/strong><\/h3>\n<p>A <strong>v\u00fccut kald\u0131rma<\/strong> sadece estetikle ilgili de\u011fil; v\u00fccudunuzu d\u00f6n\u00fc\u015ft\u00fcrmek, \u00f6zg\u00fcveninizi art\u0131rmak ve daha sa\u011fl\u0131kl\u0131 bir ya\u015fam tarz\u0131n\u0131 benimsemekle ilgilidir. T\u00fcrkiye, y\u00fcksek kaliteli bak\u0131m, deneyimli cerrahlar ve uygun maliyetli \u00e7\u00f6z\u00fcmlerle bu prosed\u00fcr i\u00e7in ideal bir destinasyon sunmaktad\u0131r.<\/p>\n<p>Daha fazla bilgi edinmek i\u00e7in bug\u00fcn bizimle ileti\u015fime ge\u00e7in <strong>T\u00fcrkiye&#039;de v\u00fccut germe ameliyat\u0131<\/strong> ve hayalinizdeki v\u00fccuda kavu\u015fmak i\u00e7in ilk ad\u0131m\u0131 at\u0131n!<\/p>\n<\/figure>\n\r\n\t\t<\/div>\r\n\t<\/div>\r\n<\/div><\/div><\/div><div class=\"vc_row wpb_row row top-row wpb_custom_034b39d9bc6c6b310d69e39f0ccf274f\"><div class=\"vc_column_container col-md-12\"><div class=\"wpb_wrapper vc_column-inner\"><section class=\"vc_do_toggle toggle\"><label>V\u00fccut germe ameliyat\u0131ndan sonra kilo alabilir miyim?<\/label><div class=\"toggle-content\"><p><span data-preserver-spaces=\"true\">Cevap evet. V\u00fccut germe ameliyat\u0131ndan sonra kilo alman\u0131n bir\u00e7ok nedeni olabilir:<\/span><\/p>\n<ol>\n<li><span data-preserver-spaces=\"true\">V\u00fccut germe, belirli b\u00f6lgelerdeki ya\u011flar\u0131n al\u0131nmas\u0131 i\u015flemidir. Kilo verme ameliyat\u0131 de\u011fildir. <a href=\"https:\/\/healthestetik.com\/tr\/mide-balonu\/\"  data-wpil-monitor-id=\"147\">kilo vermek istiyorsan\u0131z mide prosed\u00fcrleri<\/a> \u00e7are.<\/span><\/li>\n<li><span data-preserver-spaces=\"true\">A\u015f\u0131r\u0131 kilo al\u0131m\u0131n\u0131 \u00f6nlemek i\u00e7in sa\u011fl\u0131kl\u0131 beslenmek ve aktif bir ya\u015fam tarz\u0131 benimsemek \u00f6nerilir.<\/span><\/li>\n<li><span data-preserver-spaces=\"true\">Egzersiz yapmak v\u00fccut formunuzu koruman\u0131z i\u00e7in \u00e7ok \u00f6nemlidir ve kaslar\u0131n\u0131z\u0131 beslemek gelecekte ya\u011flanman\u0131z\u0131 \u00f6nler.<\/span><\/li>\n<\/ol>\n<\/div><\/section><section class=\"vc_do_toggle toggle\"><label>360 v\u00fccut germe operasyonu nedir?<\/label><div class=\"toggle-content\"><p><span data-preserver-spaces=\"true\">Bel, s\u0131rt ve kar\u0131n \u00e7evresindeki fazla ya\u011f ve deri dokusunun al\u0131nd\u0131\u011f\u0131 cerrahi bir operasyondur. Daha ince ve ger\u00e7ek\u00e7i v\u00fccut hatlar\u0131na kavu\u015fman\u0131z\u0131 sa\u011flayan bir v\u00fccut \u015fekillendirme i\u015flemidir. V\u00fccut germe ameliyat\u0131n\u0131n iyile\u015fme s\u00fcreci 6 ila 8 hafta s\u00fcrebilir ve sonu\u00e7lar hemen fark edilir.<\/span><\/p>\n<\/div><\/section><\/div><\/div><\/div><\/div>","protected":false},"excerpt":{"rendered":"Body Lift Surgery in Turkey: Transform Your Body with Confidence A body lift is a transformative surgical procedure designed to reshape and contour the abdomen, hips, thighs, and buttocks. As one of the most popular belt lipectomy procedures, it has gained significant traction over the past years, offering patients a solution to excess skin and [...]","protected":false},"author":1,"featured_media":841,"parent":0,"menu_order":0,"comment_status":"open","ping_status":"open","template":"elementor_header_footer","meta":{"rs_blank_template":"","rs_page_bg_color":"","slide_template_v7":"","footnotes":""},"class_list":["post-768","page","type-page","status-publish","has-post-thumbnail","hentry"],"_links":{"self":[{"href":"https:\/\/healthestetik.com\/tr\/wp-json\/wp\/v2\/pages\/768","targetHints":{"allow":["GET"]}}],"collection":[{"href":"https:\/\/healthestetik.com\/tr\/wp-json\/wp\/v2\/pages"}],"about":[{"href":"https:\/\/healthestetik.com\/tr\/wp-json\/wp\/v2\/types\/page"}],"author":[{"embeddable":true,"href":"https:\/\/healthestetik.com\/tr\/wp-json\/wp\/v2\/users\/1"}],"replies":[{"embeddable":true,"href":"https:\/\/healthestetik.com\/tr\/wp-json\/wp\/v2\/comments?post=768"}],"version-history":[{"count":0,"href":"https:\/\/healthestetik.com\/tr\/wp-json\/wp\/v2\/pages\/768\/revisions"}],"wp:featuredmedia":[{"embeddable":true,"href":"https:\/\/healthestetik.com\/tr\/wp-json\/wp\/v2\/media\/841"}],"wp:attachment":[{"href":"https:\/\/healthestetik.com\/tr\/wp-json\/wp\/v2\/media?parent=768"}],"curies":[{"name":"wp","href":"https:\/\/api.w.org\/{rel}","templated":true}]}}