{"id":766,"date":"2022-12-11T17:23:30","date_gmt":"2022-12-11T14:23:30","guid":{"rendered":"https:\/\/healthestetik.com\/?p=766"},"modified":"2025-05-08T14:07:58","modified_gmt":"2025-05-08T11:07:58","slug":"karin-germe","status":"publish","type":"page","link":"https:\/\/healthestetik.com\/tr\/karin-germe\/","title":{"rendered":"Kar\u0131n Germe"},"content":{"rendered":"<figure class=\"wp-block-image size-large is-resized\"><img fetchpriority=\"high\" decoding=\"async\" width=\"1024\" height=\"459\" src=\"https:\/\/healthestetik.com\/wp-content\/uploads\/2024\/10\/abdominoplasty-1-1024x459.jpg\" alt=\"\" class=\"wp-image-837\" style=\"width:1236px;height:auto\" srcset=\"https:\/\/healthestetik.com\/wp-content\/uploads\/2024\/10\/abdominoplasty-1-1024x459.jpg 1024w, https:\/\/healthestetik.com\/wp-content\/uploads\/2024\/10\/abdominoplasty-1-768x344.jpg 768w, https:\/\/healthestetik.com\/wp-content\/uploads\/2024\/10\/abdominoplasty-1-320x143.jpg 320w, https:\/\/healthestetik.com\/wp-content\/uploads\/2024\/10\/abdominoplasty-1-480x215.jpg 480w, https:\/\/healthestetik.com\/wp-content\/uploads\/2024\/10\/abdominoplasty-1-800x358.jpg 800w, https:\/\/healthestetik.com\/wp-content\/uploads\/2024\/10\/abdominoplasty-1-640x287.jpg 640w, https:\/\/healthestetik.com\/wp-content\/uploads\/2024\/10\/abdominoplasty-1-400x179.jpg 400w\" sizes=\"(max-width: 1024px) 100vw, 1024px\" \/><figcaption class=\"wp-element-caption\">Kar\u0131n Germe<\/figcaption><\/figure>\n\n\n\n<p><strong>Kar\u0131n Germe: Kar\u0131n Konturunuzu De\u011fi\u015ftirin<\/strong><\/p>\n\n\n\n<p>G\u00f6\u011f\u00fcs ve pelvis aras\u0131nda yer alan kar\u0131n b\u00f6lgesi, mide, karaci\u011fer, ba\u011f\u0131rsaklar, pankreas ve safra kesesi gibi \u00f6nemli organlar\u0131 bar\u0131nd\u0131ran v\u00fccudun hayati bir par\u00e7as\u0131d\u0131r. Zamanla kilo dalgalanmalar\u0131, hamilelik ve ya\u015flanma gibi fakt\u00f6rler kar\u0131n g\u00f6r\u00fcn\u00fcm\u00fcn\u00fc etkileyerek cildin sarkmas\u0131na ve kaslar\u0131n zay\u0131flamas\u0131na neden olabilir. <strong>Kar\u0131n Germe<\/strong>Kar\u0131n germe olarak da bilinen bu i\u015flem, kar\u0131n b\u00f6lgesinin daha s\u0131k\u0131 ve tonlu bir g\u00f6r\u00fcn\u00fcme kavu\u015fturulmas\u0131 i\u00e7in etkili bir \u00e7\u00f6z\u00fcmd\u00fcr.<\/p>\n\n\n\n<figure class=\"wp-block-image size-large\"><img decoding=\"async\" width=\"1024\" height=\"683\" src=\"https:\/\/healthestetik.com\/wp-content\/uploads\/2024\/12\/118005754_l_normal_none-1024x683.webp?wsr\" alt=\"\" class=\"wp-image-1284\" srcset=\"https:\/\/healthestetik.com\/wp-content\/uploads\/2024\/12\/118005754_l_normal_none-1024x683.webp 1024w, https:\/\/healthestetik.com\/wp-content\/uploads\/2024\/12\/118005754_l_normal_none-768x513.webp 768w, https:\/\/healthestetik.com\/wp-content\/uploads\/2024\/12\/118005754_l_normal_none-320x214.webp 320w, https:\/\/healthestetik.com\/wp-content\/uploads\/2024\/12\/118005754_l_normal_none-480x320.webp 480w, https:\/\/healthestetik.com\/wp-content\/uploads\/2024\/12\/118005754_l_normal_none-800x534.webp 800w, https:\/\/healthestetik.com\/wp-content\/uploads\/2024\/12\/118005754_l_normal_none-640x427.webp 640w, https:\/\/healthestetik.com\/wp-content\/uploads\/2024\/12\/118005754_l_normal_none-400x267.webp 400w\" sizes=\"(max-width: 1024px) 100vw, 1024px\" \/><\/figure>\n\n\n\n<hr class=\"wp-block-separator has-alpha-channel-opacity\"\/>\n\n\n\n<h3 class=\"wp-block-heading\"><strong>Kar\u0131n Germe Ameliyat\u0131n\u0131 Anlamak<\/strong><\/h3>\n\n\n\n<p><strong>Kar\u0131n Germe<\/strong> Kar\u0131n b\u00f6lgesini inceltmek ve s\u0131k\u0131la\u015ft\u0131rmak i\u00e7in tasarlanm\u0131\u015f bir kozmetik cerrahi i\u015flemidir. Kar\u0131n duvar\u0131 kaslar\u0131n\u0131 s\u0131k\u0131la\u015ft\u0131r\u0131rken fazla deri ve ya\u011f\u0131n al\u0131nmas\u0131n\u0131 i\u00e7erir. Bu i\u015flem, a\u015fa\u011f\u0131daki sorunlarla m\u00fccadele eden ki\u015filer i\u00e7in idealdir:<\/p>\n\n\n\n<ul class=\"wp-block-list\">\n<li>\u00d6nemli bir ameliyattan sonra sarkan cilt <a href=\"https:\/\/healthestetik.com\/tr\/mide-balonu\/\"  data-wpil-monitor-id=\"151\">kilo kayb\u0131<\/a>.<\/li>\n\n\n\n<li>Hamilelik sonras\u0131 kar\u0131n gev\u015fekli\u011fi.<\/li>\n\n\n\n<li>A\u015f\u0131r\u0131 ya\u011f ve zay\u0131flam\u0131\u015f kar\u0131n kaslar\u0131.<\/li>\n<\/ul>\n\n\n\n<hr class=\"wp-block-separator has-alpha-channel-opacity\"\/>\n\n\n\n<h3 class=\"wp-block-heading\"><strong>Kar\u0131n Sarkmas\u0131n\u0131n Nedenleri Nelerdir?<\/strong><\/h3>\n\n\n\n<p>Kar\u0131n derisinin gev\u015femesine ve sarkmas\u0131na bir\u00e7ok etken neden olabilir:<\/p>\n\n\n\n<ol class=\"wp-block-list\">\n<li><strong>Kilo Dalgalanmalar\u0131<\/strong>: H\u0131zl\u0131 kilo al\u0131p verme, cildi gererek sarkmalara yol a\u00e7abilir.<\/li>\n\n\n\n<li><strong>Gebelik<\/strong>:Hamilelik s\u0131ras\u0131nda kar\u0131n b\u00f6lgesi \u00f6nemli de\u011fi\u015fikliklere u\u011frar, bu da s\u0131kl\u0131kla cildin gerilmesine ve kaslar\u0131n zay\u0131flamas\u0131na neden olur.<\/li>\n\n\n\n<li><strong>Hareketsiz Ya\u015fam Tarz\u0131<\/strong>: Fiziksel aktivite eksikli\u011fi, k\u00f6t\u00fc beslenmeyle birle\u015fince kilo al\u0131m\u0131na ve kar\u0131n sarkmas\u0131na neden oluyor.<\/li>\n<\/ol>\n\n\n\n<p>Kilo verme, ya\u011f birikimini giderirken, \u00e7o\u011fu zaman geride fazla deri b\u0131rak\u0131r ve bu da ancak kar\u0131n germe gibi i\u015flemlerle d\u00fczeltilebilir.<\/p>\n\n\n\n<figure class=\"wp-block-gallery has-nested-images columns-default is-cropped wp-block-gallery-1 is-layout-flex wp-block-gallery-is-layout-flex\">\n<figure class=\"wp-block-image size-large\"><img decoding=\"async\" width=\"1024\" height=\"678\" data-id=\"1263\" src=\"https:\/\/healthestetik.com\/wp-content\/uploads\/2024\/12\/104284777_l_normal_none-1024x678.webp?wsr\" alt=\"\" class=\"wp-image-1263\" srcset=\"https:\/\/healthestetik.com\/wp-content\/uploads\/2024\/12\/104284777_l_normal_none-1024x678.webp 1024w, https:\/\/healthestetik.com\/wp-content\/uploads\/2024\/12\/104284777_l_normal_none-768x509.webp 768w, https:\/\/healthestetik.com\/wp-content\/uploads\/2024\/12\/104284777_l_normal_none-320x212.webp 320w, https:\/\/healthestetik.com\/wp-content\/uploads\/2024\/12\/104284777_l_normal_none-480x318.webp 480w, https:\/\/healthestetik.com\/wp-content\/uploads\/2024\/12\/104284777_l_normal_none-800x530.webp 800w, https:\/\/healthestetik.com\/wp-content\/uploads\/2024\/12\/104284777_l_normal_none-640x424.webp 640w, https:\/\/healthestetik.com\/wp-content\/uploads\/2024\/12\/104284777_l_normal_none-400x265.webp 400w\" sizes=\"(max-width: 1024px) 100vw, 1024px\" \/><\/figure>\n<\/figure>\n\n\n\n<hr class=\"wp-block-separator has-alpha-channel-opacity\"\/>\n\n\n\n<h3 class=\"wp-block-heading\"><strong>Kar\u0131n Germe \u0130\u015flemi<\/strong><\/h3>\n\n\n\n<p>Kar\u0131n germe ameliyat\u0131n\u0131n nas\u0131l yap\u0131ld\u0131\u011f\u0131na dair ad\u0131m ad\u0131m bir genel bak\u0131\u015f \u015f\u00f6yledir:<\/p>\n\n\n\n<ol class=\"wp-block-list\">\n<li><strong>Kesiler<\/strong>: Kal\u00e7alar\u0131n aras\u0131nda, kas\u0131k b\u00f6lgesinin hemen \u00fczerinde yatay bir kesi yap\u0131l\u0131r. G\u00f6bek deli\u011finin etraf\u0131nda da \u00e7evre cildi serbest b\u0131rakmak i\u00e7in ba\u015fka bir kesi yap\u0131labilir.<\/li>\n\n\n\n<li><strong>Fazla Deri ve Ya\u011f\u0131n Al\u0131nmas\u0131<\/strong>: Gev\u015fek deri kesilir ve <a href=\"https:\/\/healthestetik.com\/tr\/liposuction\/\"  data-wpil-monitor-id=\"49\">liposuction<\/a> \u0130nat\u00e7\u0131 ya\u011f birikintilerini gidermek i\u00e7in kullan\u0131labilir.<\/li>\n\n\n\n<li><strong>Kas S\u0131k\u0131la\u015ft\u0131rma<\/strong>: Kar\u0131n duvar\u0131 kaslar\u0131 s\u0131k\u0131la\u015ft\u0131r\u0131larak daha s\u0131k\u0131 bir orta b\u00f6lge olu\u015fturulur.<\/li>\n\n\n\n<li><strong>Kapan\u0131\u015f<\/strong>: Kesiler dikkatlice diki\u015flerle kapat\u0131l\u0131r.<\/li>\n<\/ol>\n\n\n\n<hr class=\"wp-block-separator has-alpha-channel-opacity\"\/>\n\n\n\n<h3 class=\"wp-block-heading\"><strong>Ameliyat Sonras\u0131 \u0130yile\u015fme<\/strong><\/h3>\n\n\n\n<ul class=\"wp-block-list\">\n<li><strong>\u0130lk Kurtarma<\/strong>: Diki\u015fler 1-3 hafta i\u00e7inde al\u0131n\u0131r ve hastalar\u0131n \u00e7o\u011fu 2-4 hafta i\u00e7inde i\u015flerine d\u00f6nebilir.<\/li>\n\n\n\n<li><strong>Tam \u0130yile\u015fme<\/strong>: \u015ei\u015fli\u011fin inmesi ve t\u00fcm fiziksel aktivitelere d\u00f6nebilmeniz birka\u00e7 ay s\u00fcrebilir.<\/li>\n\n\n\n<li><strong>Sonu\u00e7lar\u0131n Uzun \u00d6mr\u00fc<\/strong>:Do\u011fru beslenme ve d\u00fczenli egzersizi de i\u00e7eren sa\u011fl\u0131kl\u0131 bir ya\u015fam tarz\u0131, sonu\u00e7lar\u0131n y\u0131llarca korunmas\u0131na yard\u0131mc\u0131 olur.<\/li>\n<\/ul>\n\n\n\n<figure class=\"wp-block-image size-large is-resized\"><img loading=\"lazy\" decoding=\"async\" width=\"1024\" height=\"683\" src=\"https:\/\/healthestetik.com\/wp-content\/uploads\/2024\/12\/117097973_l_normal_none-1024x683.webp?wsr\" alt=\"\" class=\"wp-image-1283\" style=\"width:1236px;height:auto\" srcset=\"https:\/\/healthestetik.com\/wp-content\/uploads\/2024\/12\/117097973_l_normal_none-1024x683.webp 1024w, https:\/\/healthestetik.com\/wp-content\/uploads\/2024\/12\/117097973_l_normal_none-768x512.webp 768w, https:\/\/healthestetik.com\/wp-content\/uploads\/2024\/12\/117097973_l_normal_none-320x213.webp 320w, https:\/\/healthestetik.com\/wp-content\/uploads\/2024\/12\/117097973_l_normal_none-480x320.webp 480w, https:\/\/healthestetik.com\/wp-content\/uploads\/2024\/12\/117097973_l_normal_none-800x533.webp 800w, https:\/\/healthestetik.com\/wp-content\/uploads\/2024\/12\/117097973_l_normal_none-640x427.webp 640w, https:\/\/healthestetik.com\/wp-content\/uploads\/2024\/12\/117097973_l_normal_none-400x267.webp 400w\" sizes=\"(max-width: 1024px) 100vw, 1024px\" \/><\/figure>\n\n\n\n<hr class=\"wp-block-separator has-alpha-channel-opacity\"\/>\n\n\n\n<h3 class=\"wp-block-heading\"><strong>Kar\u0131n Germe Maliyetleri<\/strong><\/h3>\n\n\n\n<p>Kar\u0131n germe ameliyat\u0131n\u0131n maliyeti a\u015fa\u011f\u0131dakilere ba\u011fl\u0131 olarak de\u011fi\u015fir:<\/p>\n\n\n\n<ul class=\"wp-block-list\">\n<li>Sarkma ve ya\u011f birikiminin derecesi.<\/li>\n\n\n\n<li>Liposuction dahil mi?<\/li>\n\n\n\n<li>Hastan\u0131n ya\u015f\u0131 ve genel sa\u011fl\u0131k durumu.<\/li>\n<\/ul>\n\n\n\n<p><strong>Maliyet Bile\u015fenleri<\/strong>:<\/p>\n\n\n\n<ul class=\"wp-block-list\">\n<li>Cerrah \u00fccretleri.<\/li>\n\n\n\n<li>Hastane ve anestezi \u00fccretleri.<\/li>\n\n\n\n<li>T\u0131bbi testler ve ameliyat sonras\u0131 giysiler.<\/li>\n<\/ul>\n\n\n\n<p>\u0130htiya\u00e7lar\u0131n\u0131za uygun do\u011fru bir maliyet tahmini i\u00e7in cerrah\u0131n\u0131za dan\u0131\u015f\u0131n.<\/p>\n\n\n\n<figure class=\"wp-block-image size-large is-resized\"><img loading=\"lazy\" decoding=\"async\" width=\"1024\" height=\"778\" src=\"https:\/\/healthestetik.com\/wp-content\/uploads\/2024\/12\/90653214_l_normal_none-1024x778.webp?wsr\" alt=\"\" class=\"wp-image-1251\" style=\"width:1236px;height:auto\" srcset=\"https:\/\/healthestetik.com\/wp-content\/uploads\/2024\/12\/90653214_l_normal_none-1024x778.webp 1024w, https:\/\/healthestetik.com\/wp-content\/uploads\/2024\/12\/90653214_l_normal_none-768x583.webp 768w, https:\/\/healthestetik.com\/wp-content\/uploads\/2024\/12\/90653214_l_normal_none-320x243.webp 320w, https:\/\/healthestetik.com\/wp-content\/uploads\/2024\/12\/90653214_l_normal_none-480x365.webp 480w, https:\/\/healthestetik.com\/wp-content\/uploads\/2024\/12\/90653214_l_normal_none-800x608.webp 800w, https:\/\/healthestetik.com\/wp-content\/uploads\/2024\/12\/90653214_l_normal_none-640x486.webp 640w, https:\/\/healthestetik.com\/wp-content\/uploads\/2024\/12\/90653214_l_normal_none-400x304.webp 400w\" sizes=\"(max-width: 1024px) 100vw, 1024px\" \/><\/figure>\n\n\n\n<hr class=\"wp-block-separator has-alpha-channel-opacity\"\/>\n\n\n\n<h3 class=\"wp-block-heading\"><strong>T\u00fcrkiye&#039;de Kar\u0131n Germe: Pop\u00fcler Bir Se\u00e7im<\/strong><\/h3>\n\n\n\n<p>T\u00fcrkiye, kar\u0131n germe de dahil olmak \u00fczere kozmetik cerrahi alan\u0131nda k\u00fcresel bir merkez haline gelmi\u015ftir \u00e7\u00fcnk\u00fc:<\/p>\n\n\n\n<ul class=\"wp-block-list\">\n<li><strong>Uygun Fiyatlar<\/strong>: Maliyetler Avrupa ve ABD ile kar\u015f\u0131la\u015ft\u0131r\u0131ld\u0131\u011f\u0131nda \u00f6nemli \u00f6l\u00e7\u00fcde daha d\u00fc\u015f\u00fckt\u00fcr<\/li>\n\n\n\n<li><strong>Y\u00fcksek Standartlar<\/strong>: Son teknolojiye sahip tesisler ve yetenekli cerrahlar.<\/li>\n\n\n\n<li><strong>Kapsaml\u0131 Paketler<\/strong>:Bir\u00e7ok klinik, ameliyat\u0131, konaklamay\u0131 ve ula\u015f\u0131m\u0131 kapsayan her \u015fey dahil paketler sunmaktad\u0131r.<\/li>\n<\/ul>\n\n\n\n<hr class=\"wp-block-separator has-alpha-channel-opacity\"\/>\n\n\n\n<h3 class=\"wp-block-heading\"><strong>Kar\u0131n Germe \u00d6ncesi ve Sonras\u0131<\/strong><\/h3>\n\n\n\n<h4 class=\"wp-block-heading\"><strong>Ameliyat \u00d6ncesi<\/strong>:<\/h4>\n\n\n\n<ul class=\"wp-block-list\">\n<li>Hastalar\u0131n herhangi bir sa\u011fl\u0131k komplikasyonunu elemek i\u00e7in kapsaml\u0131 bir t\u0131bbi de\u011ferlendirmeden ge\u00e7meleri gerekir.<\/li>\n\n\n\n<li>Hamile veya lohusa hastalar\u0131n i\u015flem i\u00e7in do\u011fum sonras\u0131n\u0131 beklemeleri gerekmektedir.<\/li>\n\n\n\n<li>Ameliyattan \u00f6nce fazla ya\u011flar\u0131n diyet ve egzersizle azalt\u0131lmas\u0131 en iyi sonucun al\u0131nmas\u0131 i\u00e7in \u00f6nerilir.<\/li>\n<\/ul>\n\n\n\n<h4 class=\"wp-block-heading\"><strong>Ameliyat Sonras\u0131<\/strong>:<\/h4>\n\n\n\n<ul class=\"wp-block-list\">\n<li>Sarkmay\u0131 \u00f6nlemek ve iyile\u015fmeyi desteklemek i\u00e7in yakla\u015f\u0131k bir ay boyunca ki\u015fiye \u00f6zel kompresyon giysileri kullan\u0131lmas\u0131 gerekir.<\/li>\n\n\n\n<li>Morarma ve \u015fi\u015flik normaldir ancak zamanla azal\u0131r.<\/li>\n\n\n\n<li>Diki\u015flerin al\u0131nmas\u0131 ve tam iyile\u015fmenin ard\u0131ndan tam sonu\u00e7lar g\u00f6r\u00fcl\u00fcr.<\/li>\n<\/ul>\n\n\n\n<hr class=\"wp-block-separator has-alpha-channel-opacity\"\/>\n\n\n\n<figure class=\"wp-block-image size-large is-resized\"><img loading=\"lazy\" decoding=\"async\" width=\"1024\" height=\"698\" src=\"https:\/\/healthestetik.com\/wp-content\/uploads\/2024\/12\/91108971_l_normal_none-1024x698.webp?wsr\" alt=\"\" class=\"wp-image-1252\" style=\"width:1236px;height:auto\" srcset=\"https:\/\/healthestetik.com\/wp-content\/uploads\/2024\/12\/91108971_l_normal_none-1024x698.webp 1024w, https:\/\/healthestetik.com\/wp-content\/uploads\/2024\/12\/91108971_l_normal_none-768x523.webp 768w, https:\/\/healthestetik.com\/wp-content\/uploads\/2024\/12\/91108971_l_normal_none-320x218.webp 320w, https:\/\/healthestetik.com\/wp-content\/uploads\/2024\/12\/91108971_l_normal_none-480x327.webp 480w, https:\/\/healthestetik.com\/wp-content\/uploads\/2024\/12\/91108971_l_normal_none-800x545.webp 800w, https:\/\/healthestetik.com\/wp-content\/uploads\/2024\/12\/91108971_l_normal_none-640x436.webp 640w, https:\/\/healthestetik.com\/wp-content\/uploads\/2024\/12\/91108971_l_normal_none-400x272.webp 400w\" sizes=\"(max-width: 1024px) 100vw, 1024px\" \/><\/figure>\n\n\n\n<h3 class=\"wp-block-heading\"><strong>Kar\u0131n Germe Hakk\u0131nda S\u0131k\u00e7a Sorulan Sorular<\/strong><\/h3>\n\n\n\n<h4 class=\"wp-block-heading\"><strong>\u00c7ocuk sahibi olmadan \u00f6nce kar\u0131n germe ameliyat\u0131 yapt\u0131rmak g\u00fcvenli midir?<\/strong><\/h4>\n\n\n\n<p>Kar\u0131n germe ameliyat\u0131 g\u00fcvenli olsa da, \u00e7ocuk sahibi olmay\u0131 planlayan kad\u0131nlar do\u011fum sonras\u0131n\u0131 beklemelidir. Hamilelik, kar\u0131n dokular\u0131n\u0131 gererek i\u015flemin sonu\u00e7lar\u0131n\u0131 olumsuz etkileyebilir.<\/p>\n\n\n\n<h4 class=\"wp-block-heading\"><strong>Kar\u0131n germe ameliyat\u0131ndan sonra iyile\u015fme s\u00fcreci ne kadar s\u00fcrer?<\/strong><\/h4>\n\n\n\n<p>Hastalar\u0131n \u00e7o\u011fu 2 hafta sonra hafif aktivitelere d\u00f6nebilir, ancak 12 hafta boyunca a\u011f\u0131r aktivitelerden ka\u00e7\u0131n\u0131lmal\u0131d\u0131r. \u0130yile\u015fme s\u0131ras\u0131nda nazik hareketler doku yenilenmesini h\u0131zland\u0131rmaya yard\u0131mc\u0131 olur.<\/p>\n\n\n\n<hr class=\"wp-block-separator has-alpha-channel-opacity\"\/>\n\n\n\n<h3 class=\"wp-block-heading\"><strong>Neden Kar\u0131n Germe Ameliyat\u0131n\u0131 Se\u00e7melisiniz?<\/strong><\/h3>\n\n\n\n<p>Kar\u0131n germe, sadece kozmetik bir iyile\u015ftirmeden \u00e7ok daha fazlas\u0131d\u0131r; \u00f6zg\u00fcveni ve rahatl\u0131\u011f\u0131 geri kazand\u0131ran d\u00f6n\u00fc\u015ft\u00fcr\u00fcc\u00fc bir i\u015flemdir. \u0130ster hamilelik sonras\u0131 de\u011fi\u015fiklikleri d\u00fczeltmek, ister kilo kayb\u0131ndan sonra olu\u015fan sark\u0131k cildi gidermek isteyin, kar\u0131n germe uzun s\u00fcreli bir \u00e7\u00f6z\u00fcm sunar.<\/p>\n\n\n\n<p><a href=\"https:\/\/healthestetik.com\/tr\/bize-ulasin\/\"  data-wpil-monitor-id=\"206\">Bize Ula\u015f\u0131n<\/a> bug\u00fcn daha fazlas\u0131n\u0131 \u00f6\u011frenmek i\u00e7in <strong>T\u00fcrkiye&#039;de kar\u0131n germe<\/strong> ve hayalinizdeki v\u00fccuda kavu\u015fmak i\u00e7in ilk ad\u0131m\u0131 at\u0131n! \u0130yile\u015fmeye do\u011fru ilerleyin. Ancak cilt dokusunun daha h\u0131zl\u0131 yenilenmesine yard\u0131mc\u0131 olmak i\u00e7in evde hareket etmek \u00f6nemlidir, bu da iyile\u015fme s\u00fcrecine yard\u0131mc\u0131 olacakt\u0131r.<\/p>\n\n\n\n<figure class=\"wp-block-image size-large is-resized\"><img loading=\"lazy\" decoding=\"async\" width=\"1024\" height=\"683\" src=\"https:\/\/healthestetik.com\/wp-content\/uploads\/2024\/12\/76263691_l_normal_none-1024x683.webp?wsr\" alt=\"\" class=\"wp-image-1242\" style=\"width:1236px;height:auto\" srcset=\"https:\/\/healthestetik.com\/wp-content\/uploads\/2024\/12\/76263691_l_normal_none-1024x683.webp 1024w, https:\/\/healthestetik.com\/wp-content\/uploads\/2024\/12\/76263691_l_normal_none-768x512.webp 768w, https:\/\/healthestetik.com\/wp-content\/uploads\/2024\/12\/76263691_l_normal_none-320x213.webp 320w, https:\/\/healthestetik.com\/wp-content\/uploads\/2024\/12\/76263691_l_normal_none-480x320.webp 480w, https:\/\/healthestetik.com\/wp-content\/uploads\/2024\/12\/76263691_l_normal_none-800x533.webp 800w, https:\/\/healthestetik.com\/wp-content\/uploads\/2024\/12\/76263691_l_normal_none-640x427.webp 640w, https:\/\/healthestetik.com\/wp-content\/uploads\/2024\/12\/76263691_l_normal_none-400x267.webp 400w\" sizes=\"(max-width: 1024px) 100vw, 1024px\" \/><\/figure>","protected":false},"excerpt":{"rendered":"<p>Kar\u0131n Germe, Kar\u0131n b\u00f6lgesi insan v\u00fccudunun merkezinde g\u00f6\u011f\u00fcs ile pelvis aras\u0131nda yer al\u0131r. <\/p>","protected":false},"author":1,"featured_media":837,"parent":0,"menu_order":0,"comment_status":"open","ping_status":"open","template":"elementor_header_footer","meta":{"rs_blank_template":"","rs_page_bg_color":"","slide_template_v7":"","footnotes":""},"class_list":["post-766","page","type-page","status-publish","has-post-thumbnail","hentry"],"_links":{"self":[{"href":"https:\/\/healthestetik.com\/tr\/wp-json\/wp\/v2\/pages\/766","targetHints":{"allow":["GET"]}}],"collection":[{"href":"https:\/\/healthestetik.com\/tr\/wp-json\/wp\/v2\/pages"}],"about":[{"href":"https:\/\/healthestetik.com\/tr\/wp-json\/wp\/v2\/types\/page"}],"author":[{"embeddable":true,"href":"https:\/\/healthestetik.com\/tr\/wp-json\/wp\/v2\/users\/1"}],"replies":[{"embeddable":true,"href":"https:\/\/healthestetik.com\/tr\/wp-json\/wp\/v2\/comments?post=766"}],"version-history":[{"count":0,"href":"https:\/\/healthestetik.com\/tr\/wp-json\/wp\/v2\/pages\/766\/revisions"}],"wp:featuredmedia":[{"embeddable":true,"href":"https:\/\/healthestetik.com\/tr\/wp-json\/wp\/v2\/media\/837"}],"wp:attachment":[{"href":"https:\/\/healthestetik.com\/tr\/wp-json\/wp\/v2\/media?parent=766"}],"curies":[{"name":"wp","href":"https:\/\/api.w.org\/{rel}","templated":true}]}}