{"id":741,"date":"2022-12-11T17:00:16","date_gmt":"2022-12-11T14:00:16","guid":{"rendered":"https:\/\/healthestetik.com\/?page_id=741"},"modified":"2025-03-07T14:24:53","modified_gmt":"2025-03-07T11:24:53","slug":"nose-surgery","status":"publish","type":"page","link":"https:\/\/healthestetik.com\/tr\/nose-surgery\/","title":{"rendered":"Burun Ameliyat\u0131"},"content":{"rendered":"<p><strong>Burun ameliyat\u0131<\/strong>\u00a0Burun esteti\u011fi, burnu yeniden \u015fekillendirmeyi ama\u00e7layan t\u0131bbi bir i\u015flemdir. Rinoplasti olarak da bilinir. Burun \u015fekli nedeniyle sa\u011fl\u0131k sorunlar\u0131 ya\u015fayan, kaza sonucu burun deformasyonu ya\u015fayan veya burun \u015feklini be\u011fenmeyen ki\u015filer rinoplasti yapt\u0131rabilir. G\u00fcn\u00fcm\u00fcz d\u00fcnyas\u0131nda standart bir t\u0131bbi i\u015flemdir. Ameliyat olman\u0131z\u0131 engelleyen belirli bir sa\u011fl\u0131k sorununuz yoksa, endi\u015felerinizi bir kenara b\u0131rakabilirsiniz.<\/p>\r\n\r\n\r\n\r\n<h2 class=\"wp-block-heading\"><strong>Ameliyat S\u00fcreci Nas\u0131l \u0130\u015fler?<\/strong><\/h2>\r\n\r\n\r\n\r\n<p>\u0130lk ve en \u00f6nemli k\u0131s\u0131m\u00a0<strong>burun ameliyat\u0131 s\u00fcreci<\/strong>\u00a0Doktorunuzla birlikte t\u0131bbi ge\u00e7mi\u015finizi belirlemek ve ihtiya\u00e7lar\u0131n\u0131z\u0131 te\u015fhis etmek \u00f6nemlidir. \u00d6zellikle kanama bozukluklar\u0131, ciddi sorunlara yol a\u00e7abilir. <a href=\"https:\/\/healthestetik.com\/tr\/service-template\/\" data-wpil-monitor-id=\"2\">burun esteti\u011fi<\/a>T\u0131bbi ge\u00e7mi\u015finizle ilgili herhangi bir yanl\u0131\u015f bilgi, ba\u015far\u0131s\u0131z bir operasyona yol a\u00e7abilir. Bu nedenle, doktorunuza \u00f6nceden do\u011fru ve eksiksiz bilgi verdi\u011finizden emin olun.<\/p>\r\n\r\n\r\n\r\n<p>\u0130kinci olarak, ameliyat anestezi gerektirir. Anestezi t\u00fcr\u00fc, lokal veya genel, cerrah\u0131n\u0131z\u0131n tercihine ve ameliyat\u0131n karma\u015f\u0131kl\u0131\u011f\u0131na ba\u011fl\u0131d\u0131r. Anestezi uyguland\u0131ktan sonra ameliyata haz\u0131rs\u0131n\u0131z.\u00a0<\/p>\r\n\r\n\r\n\r\n<p>Ameliyat iki \u015fekilde yap\u0131labilir. Burun ameliyat\u0131, burun deliklerinizden veya burnunuzun taban\u0131na hafif\u00e7e d\u0131\u015far\u0131dan dokunarak yap\u0131labilir.<\/p>\r\n\r\n\r\n\r\n<p>Cerrahlar\u0131m\u0131z ihtiya\u00e7lar\u0131n\u0131za g\u00f6re kemik, k\u0131k\u0131rdak veya deriyi yeniden ayarlayabilir. Burun yap\u0131s\u0131 ve mevcut malzeme miktar\u0131 ki\u015fiden ki\u015fiye de\u011fi\u015fti\u011finden, cerrah farkl\u0131 operasyon y\u00f6ntemleri aras\u0131ndan se\u00e7im yapabilir. Cerrah, k\u00fc\u00e7\u00fck de\u011fi\u015fiklikler i\u00e7in burnunuzun i\u00e7inden veya kula\u011f\u0131n\u0131zdan al\u0131nan k\u0131k\u0131rdak kullanabilir. Daha kapsaml\u0131 de\u011fi\u015fiklikler, farkl\u0131 b\u00f6lgelerden daha b\u00fcy\u00fck par\u00e7alar gerektirir; bu durumda doktorunuz kaburgalar\u0131n\u0131z\u0131, v\u00fccudunuzun di\u011fer b\u00f6lgelerinden kemiklerinizi veya <a href=\"https:\/\/healthestetik.com\/tr\/implant-treatment\/\" data-wpil-monitor-id=\"134\">implantlar<\/a>.<\/p>\r\n\r\n\r\n\r\n<p>T\u00fcm d\u00fczeltmeler tamamland\u0131ktan sonra, doktorlar burnunuzdaki kesileri diker ve ameliyat biter. Sonras\u0131nda, doktor g\u00f6zetiminde klinikte bir veya iki g\u00fcn ge\u00e7irmeniz gerekecektir.<\/p>\r\n\r\n\r\n\r\n<h2 class=\"wp-block-heading\"><strong>T\u00fcrkiye&#039;de Burun Ameliyat\u0131<\/strong><\/h2>\r\n\r\n\r\n\r\n<p><a href=\"https:\/\/healthestetik.com\/tr\/burun-estetigi\/\" data-wpil-monitor-id=\"4\">T\u00fcrkiye&#039;de burun ameliyat\u0131<\/a> Bir\u00e7ok hasta i\u00e7in \u00f6zellikle ba\u015far\u0131l\u0131 ve memnuniyet vericidir. Hem t\u0131bbi hem de kozmetik nedenlerle, deneyimli doktorlar ameliyat\u0131 ger\u00e7ekle\u015ftirir. Burun boyutunu k\u00fc\u00e7\u00fcltmek, solunum problemlerini d\u00fczeltmek, burun e\u011frili\u011fini d\u00fczeltmek ve burun ucunu \u015fekillendirmek, bu y\u00f6ntemin ba\u015far\u0131lar\u0131na \u00f6rnektir.\u00a0<strong><a href=\"https:\/\/healthestetik.com\/tr\/body-contouring-surgery\/\"  data-wpil-monitor-id=\"256\">burun ameliyat\u0131<\/a> T\u00fcrkiye&#039;de<\/strong>Ameliyat genellikle 1-2 saat, en fazla 4 saat s\u00fcrmektedir.<\/p>\r\n\r\n\r\n\r\n<p>Ameliyat i\u00e7in bir ya\u015f s\u0131n\u0131r\u0131 yoktur. Ancak 15-16 ya\u015f alt\u0131ndaki gen\u00e7lere bu ameliyat\u0131 \u00f6nermiyoruz.<\/p>\r\n\r\n\r\n\r\n<h2 class=\"wp-block-heading\"><strong>Burun Ameliyat\u0131 Maliyeti<\/strong><\/h2>\r\n\r\n\r\n\r\n<p>Ameliyat\u0131n fiyat\u0131na g\u00f6re maliyet de\u011fi\u015fse de, T\u00fcrkiye&#039;de burun ameliyat\u0131 \u00e7o\u011fu hasta i\u00e7in nispeten d\u00fc\u015f\u00fckt\u00fcr. T\u00fcrk Liras\u0131&#039;n\u0131n \u0130ngiliz Sterlini ve Euro kar\u015f\u0131s\u0131ndaki y\u00fcksek d\u00f6viz kuru, seyahat ve konaklama masraflar\u0131n\u0131z\u0131 da ekledi\u011finizde bile T\u00fcrkiye&#039;deki operasyonu olduk\u00e7a avantajl\u0131 hale getiriyor!<\/p>\r\n\r\n\r\n\r\n<h2 class=\"wp-block-heading\"><strong>Burun Ameliyat\u0131 Genel Maliyeti<\/strong><\/h2>\r\n\r\n\r\n\r\n<p>Gerekti\u011finde burun ameliyat\u0131 korkman\u0131za gerek olmayan bir i\u015flemdir. Uzman doktorlar\u0131m\u0131z e\u015fli\u011finde burnunuzla ilgili sorunlar\u0131n\u0131z\u0131n \u00fcstesinden kolayca gelebilirsiniz.\u00a0<\/p>\r\n\r\n\r\n\r\n<p>L\u00fctfen web sitemizi inceleyerek s\u00fcre\u00e7 ve fiyat hakk\u0131nda detayl\u0131 bilgi edinin!<\/p>","protected":false},"excerpt":{"rendered":"<p>Nose surgery\u00a0is a medical procedure that intends to reshape the nose. It is also known as rhinoplasty. People with health issues due to their noses\u2019 shape, nose deformation caused by accidents, or those who don\u2019t like their noses\u2019 form can undergo rhinoplasty. It is a standard medical procedure in today\u2019s world. If you don\u2019t have [&hellip;]<\/p>\n","protected":false},"author":1,"featured_media":0,"parent":0,"menu_order":0,"comment_status":"closed","ping_status":"closed","template":"","meta":{"rs_blank_template":"","rs_page_bg_color":"","slide_template_v7":"","footnotes":""},"class_list":["post-741","page","type-page","status-publish","hentry"],"_links":{"self":[{"href":"https:\/\/healthestetik.com\/tr\/wp-json\/wp\/v2\/pages\/741","targetHints":{"allow":["GET"]}}],"collection":[{"href":"https:\/\/healthestetik.com\/tr\/wp-json\/wp\/v2\/pages"}],"about":[{"href":"https:\/\/healthestetik.com\/tr\/wp-json\/wp\/v2\/types\/page"}],"author":[{"embeddable":true,"href":"https:\/\/healthestetik.com\/tr\/wp-json\/wp\/v2\/users\/1"}],"replies":[{"embeddable":true,"href":"https:\/\/healthestetik.com\/tr\/wp-json\/wp\/v2\/comments?post=741"}],"version-history":[{"count":0,"href":"https:\/\/healthestetik.com\/tr\/wp-json\/wp\/v2\/pages\/741\/revisions"}],"wp:attachment":[{"href":"https:\/\/healthestetik.com\/tr\/wp-json\/wp\/v2\/media?parent=741"}],"curies":[{"name":"wp","href":"https:\/\/api.w.org\/{rel}","templated":true}]}}