{"id":716,"date":"2022-12-10T16:19:15","date_gmt":"2022-12-10T13:19:15","guid":{"rendered":"https:\/\/healthestetik.com\/?p=716"},"modified":"2025-05-08T14:08:19","modified_gmt":"2025-05-08T11:08:19","slug":"mide-balonu","status":"publish","type":"page","link":"https:\/\/healthestetik.com\/tr\/mide-balonu\/","title":{"rendered":"Mide Balonu"},"content":{"rendered":"<figure class=\"wp-block-image size-large is-resized\"><img fetchpriority=\"high\" decoding=\"async\" width=\"1024\" height=\"459\" src=\"https:\/\/healthestetik.com\/wp-content\/uploads\/2024\/10\/gastric-balloon-surgery-1024x459.jpg\" alt=\"\" class=\"wp-image-862\" style=\"width:1236px;height:auto\" srcset=\"https:\/\/healthestetik.com\/wp-content\/uploads\/2024\/10\/gastric-balloon-surgery-1024x459.jpg 1024w, https:\/\/healthestetik.com\/wp-content\/uploads\/2024\/10\/gastric-balloon-surgery-768x344.jpg 768w, https:\/\/healthestetik.com\/wp-content\/uploads\/2024\/10\/gastric-balloon-surgery-320x143.jpg 320w, https:\/\/healthestetik.com\/wp-content\/uploads\/2024\/10\/gastric-balloon-surgery-480x215.jpg 480w, https:\/\/healthestetik.com\/wp-content\/uploads\/2024\/10\/gastric-balloon-surgery-800x358.jpg 800w, https:\/\/healthestetik.com\/wp-content\/uploads\/2024\/10\/gastric-balloon-surgery-640x287.jpg 640w, https:\/\/healthestetik.com\/wp-content\/uploads\/2024\/10\/gastric-balloon-surgery-400x179.jpg 400w\" sizes=\"(max-width: 1024px) 100vw, 1024px\" \/><figcaption class=\"wp-element-caption\">Mide Balonu<\/figcaption><\/figure>\n\n\n\n<h1 class=\"wp-block-heading\">Kilo Verme Balonu Y\u00f6ntemi<\/h1>\n\n\n\n<p>Mide Balonu, Obeziteyi tedavi etmek i\u00e7in cerrahi y\u00f6ntemlere ek olarak, kilo problemi olan hastalar i\u00e7in bir\u00e7ok se\u00e7enek bulunmaktad\u0131r. Bu se\u00e7enekler aras\u0131nda,&nbsp;<strong>mide balonu<\/strong>&nbsp;\u00d6zellikle morbid obezitesi olan hastalarda cerrahi riskleri azalt\u0131r. Son y\u0131llarda obezitede en s\u0131k kullan\u0131lan cerrahi olmayan y\u00f6ntemlerden biridir. Bu nedenle mide balonu a\u015f\u0131r\u0131 kilolu obez hastalar i\u00e7in bir umut haline gelmi\u015ftir.<\/p>\n\n\n\n<p>Son y\u0131llarda obezite tedavisinde cerrahi olmayan teknikler olduk\u00e7a etkili sonu\u00e7lar veriyor. Bu y\u00f6ntemlerden biri olan mide balonu tekni\u011fi obezite sorunu ya\u015fayanlar\u0131n imdad\u0131na yeti\u015fiyor. Ancak uzmanlar operasyondan sonra dikkatli olman\u0131z gerekti\u011fini belirtiyor.&nbsp;<\/p>\n\n\n\n<p>Ameliyat gerektirmeyen mide balonu tekni\u011fi ortalama 20-25 kg kilo kayb\u0131 sa\u011flar. Ancak balonu \u00e7\u0131kard\u0131ktan sonra beslenmenize dikkat etmenizde fayda vard\u0131r. Aksi takdirde kilo alman\u0131z ka\u00e7\u0131n\u0131lmazd\u0131r.&nbsp;<\/p>\n\n\n\n<p>Hastanede yatmay\u0131 gerektirmez. Ancak balon tedavisi kal\u0131c\u0131 de\u011fildir. Balonu tak\u0131ld\u0131ktan alt\u0131 ay veya bir y\u0131l sonra \u00e7\u0131kar\u0131r\u0131z. Balonu \u00e7\u0131kard\u0131ktan sonra tekrar kilo alabilirsiniz.&nbsp;<\/p>\n\n\n\n<figure class=\"wp-block-gallery has-nested-images columns-default is-cropped wp-block-gallery-1 is-layout-flex wp-block-gallery-is-layout-flex\">\n<figure class=\"wp-block-image size-large\"><img decoding=\"async\" width=\"1024\" height=\"683\" data-id=\"1284\" src=\"https:\/\/healthestetik.com\/wp-content\/uploads\/2024\/12\/118005754_l_normal_none-1024x683.webp?wsr\" alt=\"\" class=\"wp-image-1284\" srcset=\"https:\/\/healthestetik.com\/wp-content\/uploads\/2024\/12\/118005754_l_normal_none-1024x683.webp 1024w, https:\/\/healthestetik.com\/wp-content\/uploads\/2024\/12\/118005754_l_normal_none-768x513.webp 768w, https:\/\/healthestetik.com\/wp-content\/uploads\/2024\/12\/118005754_l_normal_none-320x214.webp 320w, https:\/\/healthestetik.com\/wp-content\/uploads\/2024\/12\/118005754_l_normal_none-480x320.webp 480w, https:\/\/healthestetik.com\/wp-content\/uploads\/2024\/12\/118005754_l_normal_none-800x534.webp 800w, https:\/\/healthestetik.com\/wp-content\/uploads\/2024\/12\/118005754_l_normal_none-640x427.webp 640w, https:\/\/healthestetik.com\/wp-content\/uploads\/2024\/12\/118005754_l_normal_none-400x267.webp 400w\" sizes=\"(max-width: 1024px) 100vw, 1024px\" \/><\/figure>\n<\/figure>\n\n\n\n<h3 class=\"wp-block-heading\">Mide Balonu Mekanizmas\u0131<\/h3>\n\n\n\n<p>Midedeki hacim, insanlar\u0131n standart diyete g\u00f6re daha az porsiyon yemesini ve ideal kiloya daha erken ula\u015fmas\u0131n\u0131 sa\u011flar. Ki\u015finin besin de\u011feri y\u00fcksek ancak kalorisi d\u00fc\u015f\u00fck paylar\u0131 se\u00e7mesini ve bunu g\u00fcnl\u00fck ihtiya\u00e7lar\u0131n\u0131 kar\u015f\u0131layacak bir ya\u015fam tarz\u0131na d\u00f6n\u00fc\u015ft\u00fcrmesini sa\u011flamay\u0131 ama\u00e7l\u0131yoruz. Mide balonu midede uzun s\u00fcre, \u00f6rne\u011fin 6-12 ay kald\u0131\u011f\u0131 i\u00e7in sa\u011fl\u0131kl\u0131 ve d\u00fczenli beslenme al\u0131\u015fkanl\u0131\u011f\u0131 edinmek daha kolay hale gelir. Yani m\u00fckemmel bir zay\u0131flama etkisine sahip olursunuz.<\/p>\n\n\n\n<p>Obezite tedavisinde t\u0131bbi y\u00f6ntemler aras\u0131nda mide kelep\u00e7eleri ve bantlar\u0131 gibi i\u015flemler b\u00fcy\u00fck bir ba\u015far\u0131 elde etti. Ancak 2016 y\u0131l\u0131 sonuna do\u011fru mide balonu daha \u00e7ok tercih edilmeye ba\u015fland\u0131.&nbsp;<\/p>\n\n\n\n<p>Y\u00fczlerce \u00e7al\u0131\u015fma mide balonlar\u0131n\u0131n ba\u015far\u0131l\u0131 kilo kayb\u0131 sa\u011flayabilece\u011fini kan\u0131tlam\u0131\u015ft\u0131r. B\u00f6ylece yeni nesil mide balonlar\u0131 Avrupa genelinde kabul g\u00f6rm\u00fc\u015f bir tedavi y\u00f6ntemi haline gelmi\u015ftir.&nbsp;<\/p>\n\n\n\n<h3 class=\"wp-block-heading\">Mide Balonu T\u00fcrkiye<\/h3>\n\n\n\n<p>Endoskopik intragastrik balon veya gastrik balon ge\u00e7erli ve <a href=\"https:\/\/healthestetik.com\/tr\/ameliyatsiz-yuz-germe\/\"  data-wpil-monitor-id=\"94\">cerrahi olmayan<\/a> D\u00fcnya \u00e7ap\u0131nda obeziteyi tedavi etmek i\u00e7in kullan\u0131lan obezite tedavi y\u00f6ntemi. Obezite tedavisinde cerrahi prosed\u00fcrlerin yan\u0131 s\u0131ra endoskopik prosed\u00fcrler de mevcuttur. Bunlar aras\u0131nda en yayg\u0131n olan\u0131 gastrik balon uygulamas\u0131d\u0131r.<\/p>\n\n\n\n<p>Mide balonu, doktorlar\u0131n endoskopi kullanarak mideye yerle\u015ftirdi\u011fi bir silikon balondur. G\u00fcn\u00fcm\u00fczde genel cerrahlar obeziteyle m\u00fccadelede mide balonu uygulamas\u0131n\u0131 ger\u00e7ekle\u015ftirmektedir.<\/p>\n\n\n\n<p>G\u00fcn\u00fcm\u00fczde piyasada \u00e7ok say\u0131da mide balonu bulunmaktad\u0131r. En \u00f6nemli iki grup serumlu veya hava i\u00e7erenlerdir. Genel olarak, balon alt\u0131 ay mide asidine dayanabilir. Sonu\u00e7 olarak, t\u00fcm balonlar midede doyurucu bir etki yaratarak tokluk hissi yarat\u0131r. Ayr\u0131ca, mide bo\u015falmas\u0131n\u0131 geciktirerek Ghrelin hormonu ile a\u00e7l\u0131k hissini azalt\u0131r.&nbsp;<\/p>\n\n\n\n<p>Uzman doktorlar\u0131m\u0131z endoskop ad\u0131 verilen \u0131\u015f\u0131kl\u0131 bir kamera yard\u0131m\u0131yla mide balonunu mideye yerle\u015ftirir. Bu cihaz yakla\u015f\u0131k 0,8-12 mm kal\u0131nl\u0131\u011f\u0131ndad\u0131r ve yemek borusundan kolayca ge\u00e7ebilecek kadar esnektir. T\u00fcm i\u015flem yakla\u015f\u0131k 10 dakika s\u00fcrer. Ameliyattan sonra bilincinizi yeniden kazan\u0131rs\u0131n\u0131z. 1-2 saatlik dinlenmenin ard\u0131ndan hastaneden ayr\u0131labilirsiniz. Ameliyat sonras\u0131 s\u00fcre\u00e7te rahats\u0131zl\u0131k hissetmezsiniz.&nbsp;<\/p>\n\n\n\n<h4 class=\"wp-block-heading\">&nbsp;Mide Balonu Verimlili\u011fi<\/h4>\n\n\n\n<p>Balon obezite i\u00e7in ge\u00e7ici bir \u00e7\u00f6z\u00fcm sunar. Obeziteyle ili\u015fkili di\u011fer hastal\u0131klar\u0131n risklerini \u00f6nemli \u00f6l\u00e7\u00fcde azaltt\u0131\u011f\u0131 i\u00e7in hasta i\u00e7in olduk\u00e7a faydal\u0131d\u0131r. Kilo vermeye ve mevcut kiloyu korumaya yard\u0131mc\u0131 olur. En \u00f6nemli faydas\u0131, hastaya yeni bir diyet edinmesi i\u00e7in alt\u0131 ay gibi yeterli zaman vermesidir.<\/p>\n\n\n\n<p>Balon midede en fazla alt\u0131 ay kalmal\u0131d\u0131r. Bu gibi durumlarda silikon bozulmaya ba\u015flar ve olduk\u00e7a karma\u015f\u0131k bir i\u015flem olan \u00e7\u0131karma i\u015flemi daha da zorla\u015f\u0131r. Tekrarlamakta fayda var; al\u0131\u015f\u0131k olunmayan ellerde \u00e7\u0131karma s\u0131ras\u0131nda yemek borusu veya mide delinmesi gibi ciddi komplikasyonlar meydana gelebilir. Uzman ellerde bu riskler s\u0131f\u0131ra yak\u0131nd\u0131r.&nbsp;<\/p>\n\n\n\n<h3 class=\"wp-block-heading\"><strong>Mide Balonu Hap\u0131&nbsp;<\/strong><\/h3>\n\n\n\n<p>Bu yeni kilo verme y\u00f6nteminde, hastalar kaps\u00fcl\u00fc yutar ve ard\u0131ndan kaps\u00fcl mide i\u00e7inde \u015fi\u015ferek tokluk hissini canland\u0131r\u0131r. Obalon, mide balonu hap\u0131, cerrahi m\u00fcdahale gerektiren di\u011fer prosed\u00fcrlere k\u0131yasla en etkili non-invaziv y\u00f6ntemdir. Kaps\u00fcl\u00fcn haplar gibi yutulmas\u0131 15 dakikaya kadar s\u00fcrer ve balonlar gibi \u015fi\u015fer.<\/p>\n\n\n\n<p>Obalon balonu, metrekare ba\u015f\u0131na en az 59 pound v\u00fccut kitle indeksine sahip hastalar i\u00e7in uygundur ve kullan\u0131m s\u0131ras\u0131nda yeme al\u0131\u015fkanl\u0131klar\u0131n\u0131zda ve ya\u015fam tarz\u0131n\u0131zda de\u011fi\u015fiklikler yapmal\u0131s\u0131n\u0131z. Mide balonunu yuttuktan sonra mide alt\u0131 ay boyunca \u015fi\u015fkin kal\u0131r. \u0130htiya\u00e7lara ve i\u015fleme ba\u011fl\u0131 olarak bu s\u00fcre i\u00e7inde iki ek balon daha alabilirsiniz.<\/p>\n\n\n\n<p>Ara\u015ft\u0131rmaya g\u00f6re bu mide balonu di\u011ferlerinden \u00e7ok daha k\u00fc\u00e7\u00fck ve hafif. Tuz yerine nitrojen i\u00e7eriyor, bu y\u00fczden midenizde kal\u0131yor.<\/p>\n\n\n\n<h2 class=\"wp-block-heading\"><strong>Mide Balonu T\u00fcrkiye&nbsp;<\/strong><\/h2>\n\n\n\n<p>Fizyolojik ve psikolojik bir\u00e7ok soruna yol a\u00e7an obezite, T\u00fcrkiye ve t\u0131p d\u00fcnyas\u0131n\u0131n s\u00fcrekli sorun arad\u0131\u011f\u0131 \u00e7a\u011f\u0131m\u0131z\u0131n hastal\u0131\u011f\u0131d\u0131r. Fast-food t\u00fcketimi, ins\u00fclin direnci, hareketsiz ya\u015fam ve d\u00fczensiz beslenme obeziteye giden yolu a\u00e7ar. Hastalar obeziteden kurtulmak i\u00e7in bir\u00e7ok diyet denese de bazen ins\u00fclin direnci ve ila\u00e7 kullan\u0131m\u0131 gibi fakt\u00f6rler kilo verme direncine yol a\u00e7abilir ve kilo vermek hayallerin \u00f6tesindedir.<\/p>\n\n\n\n<p>Fazla kilolardan kurtulmak sa\u011fl\u0131kl\u0131 bir ya\u015fam i\u00e7in \u00e7ok \u00f6nemlidir \u00e7\u00fcnk\u00fc obezite kanserden \u00e7oklu organ sorunlar\u0131na kadar bir\u00e7ok sorunu beraberinde getirir. Spor veya diyet nedeniyle istedikleri kiloya ula\u015famayan hastalar ameliyattan korkar ve bu psikolojik durum daha fazla kilo almalar\u0131na neden oldu\u011fundan i\u015fler daha da karma\u015f\u0131k hale gelir. Mide balonu h\u0131zl\u0131 kilo vermeye yard\u0131mc\u0131 olan uygulamalardan biridir. T\u00fcrkiye, mide balonunun ba\u015far\u0131l\u0131 operasyonlar\u0131n\u0131 g\u00f6rebilece\u011finiz \u00fclkelerden biridir.<\/p>\n\n\n\n<p>T\u00fcrkiye&#039;de, \u0130stanbul&#039;da mide balonu y\u00f6ntemini uyguluyoruz ve hastalar tesisten fazlas\u0131yla memnun bir \u015fekilde ayr\u0131l\u0131yor. Teknik, cerrahi olmayan ve etkili oldu\u011fu i\u00e7in hastalar\u0131n ilk tercihi haline geldi. \u00d6te yandan,&nbsp;<strong>T\u00fcrkiye&#039;de mide balonu<\/strong>&nbsp;H\u0131zl\u0131 ve pratik bir y\u00f6ntem olup obezite tedavisinde en \u00e7ok tercih edilen y\u00f6ntemlerden biridir.<\/p>\n\n\n\n<h3 class=\"wp-block-heading\"><strong>Mide Balonu Maliyetleri&nbsp;<\/strong><\/h3>\n\n\n\n<p>\u00d6ncelikle Sa\u011fl\u0131k Bakanl\u0131\u011f\u0131&#039;n\u0131n mide balonu gibi tedavilerin fiyatlar\u0131n\u0131 internet \u00fczerinden vermesini yasaklad\u0131\u011f\u0131n\u0131 bilmelisiniz. Ancak genel bilgi vermek gerekirse, etkileyen \u00e7ok fazla fakt\u00f6r var.&nbsp;<strong>mide<\/strong><strong> Mide <\/strong><a href=\"https:\/\/healthestetik.com\/tr\/gastric-sleeve\/\"  data-wpil-monitor-id=\"138\">balon maliyetleri, di\u011fer obezite cerrahisi t\u00fcrlerinde oldu\u011fu gibi<\/a>Piyasada \u00e7ok say\u0131da farkl\u0131 kalitede mide balonu bulundu\u011fu i\u00e7in fiyatlar\u0131 da de\u011fi\u015fkendir.&nbsp;<\/p>\n\n\n\n<p>Cerrah\u0131n yetkinli\u011fi, hastane ve malzeme gibi de\u011fi\u015fkenler fiyat\u0131 belirler.&nbsp;<strong>mide balonu tekni\u011fi<\/strong>&nbsp;Maliyetleri art\u0131rabilir. \u00d6te yandan, bariatrik cerrahiden daha ekonomiktir. Bu operasyonda, ekonomik y\u00f6nden ziyade prosed\u00fcr\u00fcn ba\u015far\u0131s\u0131 daha \u00f6nemlidir. Bu nedenle, bunu akl\u0131n\u0131zda bulundurman\u0131z\u0131 \u00f6neririz.<\/p>\n\n\n\n<figure class=\"wp-block-image size-large is-resized\"><img decoding=\"async\" width=\"1024\" height=\"684\" src=\"https:\/\/healthestetik.com\/wp-content\/uploads\/2024\/12\/cropped-view-of-young-size-plus-woman-in-underwear-2023-11-27-05-31-37-utc-copy-1024x684.webp?wsr\" alt=\"\" class=\"wp-image-1147\" style=\"width:1236px;height:auto\" srcset=\"https:\/\/healthestetik.com\/wp-content\/uploads\/2024\/12\/cropped-view-of-young-size-plus-woman-in-underwear-2023-11-27-05-31-37-utc-copy-1024x684.webp 1024w, https:\/\/healthestetik.com\/wp-content\/uploads\/2024\/12\/cropped-view-of-young-size-plus-woman-in-underwear-2023-11-27-05-31-37-utc-copy-768x513.webp 768w, https:\/\/healthestetik.com\/wp-content\/uploads\/2024\/12\/cropped-view-of-young-size-plus-woman-in-underwear-2023-11-27-05-31-37-utc-copy-320x214.webp 320w, https:\/\/healthestetik.com\/wp-content\/uploads\/2024\/12\/cropped-view-of-young-size-plus-woman-in-underwear-2023-11-27-05-31-37-utc-copy-480x320.webp 480w, https:\/\/healthestetik.com\/wp-content\/uploads\/2024\/12\/cropped-view-of-young-size-plus-woman-in-underwear-2023-11-27-05-31-37-utc-copy-800x534.webp 800w, https:\/\/healthestetik.com\/wp-content\/uploads\/2024\/12\/cropped-view-of-young-size-plus-woman-in-underwear-2023-11-27-05-31-37-utc-copy-640x427.webp 640w, https:\/\/healthestetik.com\/wp-content\/uploads\/2024\/12\/cropped-view-of-young-size-plus-woman-in-underwear-2023-11-27-05-31-37-utc-copy-400x267.webp 400w\" sizes=\"(max-width: 1024px) 100vw, 1024px\" \/><\/figure>\n\n\n\n<h2 class=\"wp-block-heading\"><strong>Mide Balonu Sonu\u00e7lar\u0131<\/strong><\/h2>\n\n\n\n<p>Bu y\u00f6ntem, bireylerin alt\u0131 ayda 20-25% kilo vermelerini sa\u011flar. Diyet ve egzersiz programlar\u0131n\u0131n d\u00fczenli uygulanmas\u0131yla 30-40 pound&#039;a kadar kilo verebilirsiniz. Kilo kayb\u0131 ve kilo al\u0131m\u0131 tamamen bireyin yeni bir ya\u015fam tarz\u0131 i\u00e7in motivasyonuna ve yeme al\u0131\u015fkanl\u0131klar\u0131n\u0131 de\u011fi\u015ftirme kararl\u0131l\u0131\u011f\u0131na ba\u011fl\u0131d\u0131r, bu da balon midenizde olsa bile kilo veremeyece\u011finiz anlam\u0131na gelir. Hasta, yeme al\u0131\u015fkanl\u0131klar\u0131n\u0131 ve ya\u015fam tarz\u0131n\u0131 de\u011fi\u015ftirmeye istekli ve kararl\u0131 olmal\u0131d\u0131r.<\/p>\n\n\n\n<p>Balonun birincil mekanizmas\u0131 midede doygunluk hissi yaratmak ve yiyecek al\u0131m\u0131n\u0131 s\u0131n\u0131rlamakt\u0131r. Uygun hasta se\u00e7imi ve uygun diyetetik ve davran\u0131\u015fsal tedavi, balonun ba\u015far\u0131s\u0131nda kritik noktalard\u0131r. Ancak kilo verebilece\u011finizi garanti eden bir \u015fey yoktur.&nbsp;<\/p>\n\n\n\n<p>Balon ilk 3-4 ay en etkilidir. Bu d\u00f6nemde i\u015ftahta azalma ve a\u015f\u0131r\u0131 g\u0131da al\u0131m\u0131nda rahats\u0131zl\u0131k g\u00f6r\u00fcl\u00fcr. Beslenme program\u0131na s\u0131k\u0131 s\u0131k\u0131ya uyulmas\u0131 esast\u0131r. \u0130talya ve Hollanda gibi \u00fclkelerde y\u00fczlerce hasta \u00fczerinde yap\u0131lan \u00e7ok say\u0131da \u00e7al\u0131\u015fmada ba\u015far\u0131l\u0131 sonu\u00e7lar bildirilmi\u015ftir.<\/p>\n\n\n\n<p>Mide balonu uygulamas\u0131ndan sonra beslenme de\u011fi\u015fikliklerinin amac\u0131, balon midede kald\u0131\u011f\u0131 s\u00fcrece v\u00fccudun bu yeni duruma uyum sa\u011flamas\u0131n\u0131 kolayla\u015ft\u0131rmakt\u0131r. Diyetiniz ve egzersiz program\u0131n\u0131z, mide balonunuzdan \u00e7\u0131k\u0131\u015f yolunda size yard\u0131mc\u0131 olmak i\u00e7in oradad\u0131r. Bu yard\u0131m\u0131 iyi kullan\u0131rsan\u0131z ve bir ya\u015fam tarz\u0131 de\u011fi\u015fikli\u011fi hedeflerseniz, maksimum fayda ve sa\u011fl\u0131k ba\u015far\u0131s\u0131 elde edersiniz.<\/p>\n\n\n\n<p>Bu y\u00f6ntemin cerrahi olmayan, d\u00fc\u015f\u00fck riskli ve tekrarlanabilir bir y\u00f6ntem oldu\u011funu ve yeme al\u0131\u015fkanl\u0131klar\u0131n\u0131 de\u011fi\u015ftirmeyi destekledi\u011fini anlamak zorunludur. Balonun tam etkisini beklemek veya onu harika bir ikram olarak sunmak yanl\u0131\u015ft\u0131r.&nbsp;&nbsp;<\/p>\n\n\n\n<h3 class=\"wp-block-heading\"><strong>Mide Balonu Riskleri&nbsp;<\/strong><\/h3>\n\n\n\n<p>Balonun maksimum tutma s\u00fcresi alt\u0131 ayd\u0131r. T\u00fcm t\u0131bbi operasyonlarda oldu\u011fu gibi mide balonlar\u0131n\u0131n da baz\u0131 riskleri vard\u0131r.&nbsp;<\/p>\n\n\n\n<p>Balon, balonun erken teslimini tespit etmek i\u00e7in Metilen mavisi i\u00e7erir. Balon sa\u011flamsa basit bir kar\u0131n r\u00f6ntgeni veya ultrason yeterli olacakt\u0131r. Ba\u011f\u0131rsak t\u0131kan\u0131kl\u0131\u011f\u0131 \u00e7ok nadirdir ve balon inerse bu ger\u00e7ekle\u015fir.&nbsp;<\/p>\n\n\n\n<p>Yeni nesil balonlar\u0131 her zamanki y\u00f6ntemlerle atabilirsiniz. Ancak sporadik vakalarda ba\u011f\u0131rsak t\u0131kan\u0131kl\u0131\u011f\u0131 geli\u015febilir.&nbsp;<\/p>\n\n\n\n<p>Bu t\u00fcr hastalar i\u00e7in mide balonu y\u00f6ntemi uygun de\u011fildir;<\/p>\n\n\n\n<ul class=\"wp-block-list\">\n<li>Mide rahats\u0131zl\u0131\u011f\u0131 olan ki\u015filer<\/li>\n\n\n\n<li>Uzun s\u00fcreli kortizon kullananlar<\/li>\n\n\n\n<li>Hamile kad\u0131nlar.<\/li>\n\n\n\n<li>Alkolikler, uyu\u015fturucu ba\u011f\u0131ml\u0131lar\u0131<\/li>\n\n\n\n<li>Ak\u0131l hastalar\u0131.<\/li>\n<\/ul>\n\n\n\n<p>Yukar\u0131da belirtilen ki\u015filerden biriyseniz, bunu tekrar g\u00f6zden ge\u00e7irmeniz daha iyi olur. Ayr\u0131ca, bize dan\u0131\u015f\u0131rsan\u0131z, davan\u0131z\u0131 bireysel olarak inceleyebilir ve karar verebiliriz.<\/p>\n\n\n\n<h3 class=\"wp-block-heading\"><strong>Mide Balonu Kilo Kayb\u0131&nbsp;&nbsp;<\/strong><\/h3>\n\n\n\n<p>K\u00fcresel obezitenin bir\u00e7ok nedeni vard\u0131r ve porsiyon kontrol\u00fcn\u00fcn zay\u0131f olmas\u0131 bu nedenlerden biridir. Obalon mide balonu tek ba\u015f\u0131na k\u00fcresel salg\u0131n\u0131 ortadan kald\u0131ramayabilir. Yine de, sa\u011fl\u0131klar\u0131 konusunda endi\u015fe duyanlar\u0131n ve ba\u015fka bir tedavisi olmayan a\u015f\u0131r\u0131 kilolu ve obez ki\u015filerin b\u00fcy\u00fck \u00e7o\u011funlu\u011funa yard\u0131mc\u0131 olabilir.<\/p>\n\n\n\n<p>Kilo vermek i\u00e7in tats\u0131z yiyecekler yemeye \u00e7al\u0131\u015fan ve haftalarca a\u00e7 kalan ki\u015filer bir s\u00fcre sonra ba\u015far\u0131s\u0131z oluyor ve birka\u00e7 denemeden sonra tamamen vazge\u00e7ip eski yeme al\u0131\u015fkanl\u0131klar\u0131na geri d\u00f6n\u00fcyorlar. Yayg\u0131n inan\u0131\u015f\u0131n aksine, kilo kayb\u0131n\u0131n alt\u0131nda yatan bir\u00e7ok genetik ve biyolojik fakt\u00f6r vard\u0131r. \u0130lk olarak, kilo kayb\u0131n\u0131n alt\u0131nda yatan neden \u015feker veya di\u011fer sorunlar olabilir.&nbsp;<\/p>\n\n\n\n<p><strong>Mide balonu kilo kayb\u0131<\/strong>&nbsp;Ki\u015finin mevcut fazla kilosuna, metabolizma h\u0131z\u0131na, cinsiyetine, ya\u015f\u0131na, hormonal hastal\u0131klar\u0131na, diyete uyumuna ve fiziksel aktivitesine ba\u011fl\u0131 olarak de\u011fi\u015fecektir. Ortalama olarak 20-30% kilo kayb\u0131 m\u00fcmk\u00fcnd\u00fcr. Diyet uyumunu ve fiziksel aktiviteyi art\u0131rmak bu oran\u0131 art\u0131racakt\u0131r.<\/p>\n\n\n\n<p>Klinik \u00e7al\u0131\u015fmalara g\u00f6re, \u00fc\u00e7 ayl\u0131k tedaviden sonra v\u00fccut ya\u011f oran\u0131 50.2%, toplam v\u00fccut a\u011f\u0131rl\u0131\u011f\u0131 8.3% ve v\u00fccut kitle indeksi 2.8 puan azal\u0131r. Ba\u015far\u0131l\u0131 sonu\u00e7lar i\u00e7in uzun vadeli davran\u0131\u015f de\u011fi\u015fiklikleri ve ya\u015fam tarz\u0131 de\u011fi\u015fiklikleri \u015fartt\u0131r. Yani mide balonu y\u00f6ntemiyle kilo vermek isteyen hastalar mutlaka doktorlar\u0131n\u0131n tavsiyelerine uymal\u0131d\u0131r.<\/p>\n\n\n\n<p>Mide balonuyla g\u00fcnl\u00fck t\u00fcketti\u011finiz yiyecek miktar\u0131n\u0131 k\u0131s\u0131tlamak, g\u00fcnl\u00fck alman\u0131z gereken enerjiyi otomatik olarak azaltacakt\u0131r. Midenizde balon varsa protein al\u0131m\u0131n\u0131z\u0131 etkileyebilir. Bu d\u00f6nemde maksimum ya\u011f kayb\u0131n\u0131 sa\u011flamak, kas k\u00fctlesini korumak ve v\u00fccut direncinizi engellemek i\u00e7in protein t\u00fcketimine ekstra dikkat etmeniz gerekir.<\/p>\n\n\n\n<h3 class=\"wp-block-heading\"><strong>Mide Balonu \u00d6ncesi ve Sonras\u0131&nbsp;<\/strong><\/h3>\n\n\n\n<p>Her teknik ve i\u015flem gibi mide balonu uygulamas\u0131n\u0131n da operasyon \u00f6ncesi ve sonras\u0131 belirli d\u00f6nemleri bulunmaktad\u0131r.<\/p>\n\n\n\n<h4 class=\"wp-block-heading\">&nbsp;<strong>Mide Balonu Ameliyat\u0131 \u00d6ncesi<\/strong><\/h4>\n\n\n\n<p>\u00d6ncelikle mide balonu yapt\u0131rmaya karar verdi\u011finizde doktorunuzla g\u00f6r\u00fc\u015fmeli ve gerekli kontrolleri yapt\u0131rmal\u0131s\u0131n\u0131z. Bu nedenle ger\u00e7ek\u00e7i hedefler koydu\u011funuz ve ilerledik\u00e7e yan\u0131n\u0131zda olan ekibi se\u00e7melisiniz. Uygulama sonras\u0131 d\u00f6nemde beslenme takiplerinizin, balonun mideye uyum s\u00fcrecini y\u00f6netmek, sa\u011fl\u0131kl\u0131 kilo kayb\u0131 ve al\u0131\u015fkanl\u0131klar\u0131n\u0131z\u0131 de\u011fi\u015ftirmek i\u00e7in olmazsa olmaz oldu\u011funu unutmamal\u0131s\u0131n\u0131z.<\/p>\n\n\n\n<p>Mide balonu i\u015fleminin ilk ad\u0131m\u0131 v\u00fccudun analizidir. Gerekli ko\u015fullara sahipseniz ameliyat olabilirsiniz. Anestezi, operasyondan \u00f6nceki bir sonraki ad\u0131md\u0131r. Anestezistler i\u015flemden \u00f6nce bilin\u00e7li sedasyon tekni\u011fini uygularlar. Hastan\u0131n nefes almay\u0131 b\u0131rakmadan 10-15 dakika boyunca tamamen uyumas\u0131n\u0131 sa\u011flar. B\u00f6ylece i\u015flem s\u0131ras\u0131nda hi\u00e7bir \u015fey hissedemez veya hat\u0131rlayamaz.<\/p>\n\n\n\n<p>Anesteziden sonra, operasyon i\u00e7in tam bir endoskopik muayene \u015fartt\u0131r. Yani doktorlar yemek borusundan onikiparmak ba\u011f\u0131rsa\u011f\u0131na kadar t\u00fcm \u00fcst sindirim sistemini incelerler. Midede refl\u00fc, \u00fclser, \u015fiddetli gastrit veya \u015f\u00fcpheli lezyon belirtisi yoksa balonu kar\u0131na indirirler.<\/p>\n\n\n\n<p>Daha sonra ekip, endoskopu g\u00f6zlemleyerek balonu kademeli olarak hava veya fizyolojik tuzlu su gibi di\u011fer maddelerle doldurur. Fizyolojik tuzlu su, metilen mavisi olan m\u00fcrekkep rengi bir boyad\u0131r.&nbsp;<\/p>\n\n\n\n<p>Bu, balon s\u0131zd\u0131r\u0131rsa hastan\u0131n idrardaki rengi veya b\u00fcy\u00fck abdesti tan\u0131yarak kontrole gelmesini sa\u011flar. Ancak, i\u015flem normal \u015fartlarda yakla\u015f\u0131k yar\u0131m saat s\u00fcrer.<\/p>\n\n\n\n<h4 class=\"wp-block-heading\"><strong>Mide Balonu Ameliyat\u0131 Sonras\u0131<\/strong><\/h4>\n\n\n\n<p>Hastalar bir g\u00fcn hastanede kal\u0131rlar. Yeni geli\u015ftirilen balonlar (Ayarlanabilir Gastrik Balon Sistemi) sayesinde balon bir y\u0131l boyunca midede kalabilir. Eski balonun \u00e7\u0131kar\u0131lmas\u0131ndan sonra hasta isterse analizden sonra yeni bir balon takt\u0131rabilir.<\/p>\n\n\n\n<h4 class=\"wp-block-heading\">&nbsp;Yeme al\u0131\u015fkanl\u0131klar\u0131 ve ipu\u00e7lar\u0131<\/h4>\n\n\n\n<p>Uygulaman\u0131n ilk iki ila \u00fc\u00e7 g\u00fcn\u00fcnde tamamen veya k\u0131smen s\u0131v\u0131 bir diyet \u00f6neriyoruz. \u00c7orba, su, meyve sular\u0131, s\u00fct, ezilmi\u015f muz ve patates gibi yiyecekler uygundur. Bu a\u015famada \u00f6nemli noktalar \u015funlard\u0131r:&nbsp;<\/p>\n\n\n\n<ol class=\"wp-block-list\">\n<li>G\u00fcnde 3-4 \u00f6\u011f\u00fcn yemek yemelisiniz. (Kahvalt\u0131, \u00f6\u011fle yeme\u011fi, ikindi ve ak\u015fam yeme\u011fi.)<\/li>\n\n\n\n<li>K\u00fc\u00e7\u00fck lokmalar halinde ve dik pozisyonda yiyin.<\/li>\n\n\n\n<li>\u00d6\u011f\u00fcnleriniz aras\u0131nda en az 1 saat olmas\u0131na dikkat etmenizde fayda var.<\/li>\n\n\n\n<li>Karabiber, ya\u011f, tuz gibi katk\u0131 maddelerinden m\u00fcmk\u00fcn oldu\u011funca uzak durun.<\/li>\n\n\n\n<li>G\u00fcnl\u00fck 1-1,5 litre su, \u00e7ay veya meyve suyu i\u00e7melisiniz.<\/li>\n<\/ol>\n\n\n\n<p>D\u00f6rd\u00fcnc\u00fc g\u00fcnden sonra kademeli olarak kat\u0131 g\u0131dalara ge\u00e7ebilirsiniz. Kahvalt\u0131da s\u00fct veya yo\u011furt, \u00f6\u011fle yeme\u011finde bisk\u00fcvi, makarna, ak\u015fam yeme\u011finde ha\u015flanm\u0131\u015f sebzeler, ha\u015flanm\u0131\u015f patates ve buharda pi\u015firilmi\u015f bal\u0131k diyet i\u00e7in uygundur. Bu a\u015famada kat\u0131 g\u0131dalara ge\u00e7i\u015f kademeli olmal\u0131d\u0131r. Diyet gereksinimlerine s\u0131k\u0131 s\u0131k\u0131ya uyman\u0131n ba\u015far\u0131y\u0131 etkiledi\u011fini unutmamak \u00f6nemlidir. Beslenme \u00f6nerilerimizi g\u00f6rebilirsiniz.<\/p>\n\n\n\n<ul class=\"wp-block-list\">\n<li>\u00c7ok yava\u015f ve iyi \u00e7i\u011fneyerek yemek yemeniz faydal\u0131 olacakt\u0131r.<\/li>\n\n\n\n<li>Yiyecekleri k\u00fc\u00e7\u00fck par\u00e7alara b\u00f6l\u00fcp k\u00fc\u00e7\u00fck tabaklarda servis etmek, yemek yemede yard\u0131mc\u0131 olacakt\u0131r.<\/li>\n\n\n\n<li>Yemekten \u00f6nce asla sigara i\u00e7meyin<\/li>\n\n\n\n<li>\u00c7ok ge\u00e7 yemeyin<\/li>\n\n\n\n<li>Yatmadan en az 2 saat \u00f6nce yemeyi ve i\u00e7meyi b\u0131rak\u0131n<\/li>\n\n\n\n<li>G\u00fcnde en az 40 dakika egzersiz yapmaya \u00e7al\u0131\u015f\u0131n.<\/li>\n<\/ul>\n\n\n\n<p>K\u0131s\u0131tl\u0131 bir diyetle g\u00fcnl\u00fck vitamin ve mineral al\u0131m\u0131n\u0131z\u0131 kar\u015f\u0131layamayabilirsiniz. Tetkiklerinizle birlikte eksikliklerinizi tamamlamak i\u00e7in vitamin-mineral takviyesi kullan\u0131m\u0131 gereklidir.<\/p>","protected":false},"excerpt":{"rendered":"<p>Mide Balonu, Obezite tedavisinde cerrahi y\u00f6ntemlerin yan\u0131 s\u0131ra kilo problemi ya\u015fayan hastalar i\u00e7in de pek \u00e7ok se\u00e7enek bulunmaktad\u0131r. <\/p>","protected":false},"author":1,"featured_media":862,"parent":0,"menu_order":0,"comment_status":"open","ping_status":"open","template":"elementor_header_footer","meta":{"rs_blank_template":"","rs_page_bg_color":"","slide_template_v7":"","footnotes":""},"class_list":["post-716","page","type-page","status-publish","has-post-thumbnail","hentry"],"_links":{"self":[{"href":"https:\/\/healthestetik.com\/tr\/wp-json\/wp\/v2\/pages\/716","targetHints":{"allow":["GET"]}}],"collection":[{"href":"https:\/\/healthestetik.com\/tr\/wp-json\/wp\/v2\/pages"}],"about":[{"href":"https:\/\/healthestetik.com\/tr\/wp-json\/wp\/v2\/types\/page"}],"author":[{"embeddable":true,"href":"https:\/\/healthestetik.com\/tr\/wp-json\/wp\/v2\/users\/1"}],"replies":[{"embeddable":true,"href":"https:\/\/healthestetik.com\/tr\/wp-json\/wp\/v2\/comments?post=716"}],"version-history":[{"count":0,"href":"https:\/\/healthestetik.com\/tr\/wp-json\/wp\/v2\/pages\/716\/revisions"}],"wp:featuredmedia":[{"embeddable":true,"href":"https:\/\/healthestetik.com\/tr\/wp-json\/wp\/v2\/media\/862"}],"wp:attachment":[{"href":"https:\/\/healthestetik.com\/tr\/wp-json\/wp\/v2\/media?parent=716"}],"curies":[{"name":"wp","href":"https:\/\/api.w.org\/{rel}","templated":true}]}}