{"id":712,"date":"2022-12-10T15:51:45","date_gmt":"2022-12-10T12:51:45","guid":{"rendered":"https:\/\/healthestetik.com\/?p=712"},"modified":"2025-05-08T14:08:37","modified_gmt":"2025-05-08T11:08:37","slug":"zirconium-crowns","status":"publish","type":"page","link":"https:\/\/healthestetik.com\/tr\/zirconium-crowns\/","title":{"rendered":"Zirkonyum Kaplamalar"},"content":{"rendered":"<figure class=\"wp-block-image size-large is-resized\"><img fetchpriority=\"high\" decoding=\"async\" width=\"1024\" height=\"459\" src=\"https:\/\/healthestetik.com\/wp-content\/uploads\/2024\/10\/Zirconium-crowns-1024x459.jpg\" alt=\"\" class=\"wp-image-884\" style=\"width:1236px;height:auto\" srcset=\"https:\/\/healthestetik.com\/wp-content\/uploads\/2024\/10\/Zirconium-crowns-1024x459.jpg 1024w, https:\/\/healthestetik.com\/wp-content\/uploads\/2024\/10\/Zirconium-crowns-768x344.jpg 768w, https:\/\/healthestetik.com\/wp-content\/uploads\/2024\/10\/Zirconium-crowns-320x143.jpg 320w, https:\/\/healthestetik.com\/wp-content\/uploads\/2024\/10\/Zirconium-crowns-480x215.jpg 480w, https:\/\/healthestetik.com\/wp-content\/uploads\/2024\/10\/Zirconium-crowns-800x358.jpg 800w, https:\/\/healthestetik.com\/wp-content\/uploads\/2024\/10\/Zirconium-crowns-640x287.jpg 640w, https:\/\/healthestetik.com\/wp-content\/uploads\/2024\/10\/Zirconium-crowns-400x179.jpg 400w\" sizes=\"(max-width: 1024px) 100vw, 1024px\" \/><figcaption class=\"wp-element-caption\">Zirkonyum Kaplamalar<\/figcaption><\/figure>\n\n\n\n<p>Zirkonyum kaplamalar, \u00e7ok y\u00f6nl\u00fcl\u00fckleri nedeniyle di\u015f klinikleri aras\u0131nda pop\u00fclerlik kazanm\u0131\u015ft\u0131r. Zirkonyum, kliniklere blok halinde gelir ve \u00f6zel bir kesme makinesi kullan\u0131larak di\u015f \u015feklinde i\u015flenir. Sonunda bildi\u011fimiz zirkonyum kaplamalar ortaya \u00e7\u0131kar.<\/p>\n\n\n\n<h2 class=\"wp-block-heading\"><strong>Zirkonyum Kaplamalar Nedir?<\/strong><\/h2>\n\n\n\n<p>Zirkonyum veya Zirkonyum, seramik yap\u0131s\u0131nda bir kimyasal elementtir. Dayan\u0131kl\u0131l\u0131\u011f\u0131 ve sertli\u011fiyle bilinir. Bu nedenle, kaplamalar \u00e7o\u011funlukla zirkonyumdan yap\u0131l\u0131r.<\/p>\n\n\n\n<p>Esnek yap\u0131s\u0131 sayesinde \u015fekillendirilmesi \u00e7ok az seans gerektirir. Bu nedenle, hastaya uyum sa\u011flamas\u0131 i\u00e7in bir veya iki di\u015f hekimi randevusu yeterlidir.&nbsp;<\/p>\n\n\n\n<p>Zirkonyum kaplamalar di\u015flerin rengiyle \u00e7ok iyi uyum sa\u011flar. Ayr\u0131ca, uzun \u00f6m\u00fcrl\u00fcd\u00fcrler ve di\u015f minesini a\u015farlar. <a href=\"https:\/\/healthestetik.com\/tr\/porselen-ve-lamina\/\"  data-wpil-monitor-id=\"130\">porselenler<\/a>Ayr\u0131ca malzeme 100% ile biyouyumludur, alerjik bir sonu\u00e7 yaratmaz.<\/p>\n\n\n\n<figure class=\"wp-block-gallery has-nested-images columns-default is-cropped wp-block-gallery-1 is-layout-flex wp-block-gallery-is-layout-flex\">\n<figure class=\"wp-block-image size-large\"><img decoding=\"async\" data-id=\"1464\" src=\"https:\/\/healthestetik.com\/wp-content\/uploads\/2022\/12\/8-2-1024x1024.jpg?wsr\" alt=\"\" class=\"wp-image-1464\"\/><\/figure>\n<\/figure>\n\n\n\n<h2 class=\"wp-block-heading\"><strong>Zirkonyum Kaplama Maliyetleri<\/strong>&nbsp;<\/h2>\n\n\n\n<p>Bu kronlar\u0131n maliyetleri de\u011fi\u015fiklik g\u00f6sterir. Se\u00e7ti\u011finiz doktorun deneyimi, bu i\u015flem i\u00e7in seyahat masraflar\u0131n\u0131n yan\u0131 s\u0131ra ula\u015f\u0131m ve konaklama masraflar\u0131nda belirleyici bir fakt\u00f6rd\u00fcr.<\/p>\n\n\n\n<p>Her \u015feyden \u00f6nce, hastalar zirkonyum kaplamalar i\u00e7in daha fazla \u00f6deme yapacaklard\u0131r \u00e7\u00fcnk\u00fc bunlar en dayan\u0131kl\u0131 olanlard\u0131r. D\u00fcnyan\u0131n \u00e7o\u011fu yerinde zirkonyum kaplamalar, piyasadaki en pahal\u0131 kaplama t\u00fcr\u00fcd\u00fcr.&nbsp;<\/p>\n\n\n\n<p>Fiyatlar \u00e7e\u015fitli fakt\u00f6rlere ba\u011fl\u0131 oldu\u011fu s\u00fcrece klini\u011fimizden \u00f6zel fiyat alabilirsiniz. Uzmanlar\u0131m\u0131za dan\u0131\u015f\u0131n, merak etti\u011finiz her konuda sizi bilgilendirecekler.<\/p>\n\n\n\n<figure class=\"wp-block-image size-large is-resized\"><img decoding=\"async\" src=\"https:\/\/healthestetik.com\/wp-content\/uploads\/2022\/12\/9-1-1024x1024.jpg?wsr\" alt=\"\" class=\"wp-image-1465\" style=\"width:1236px;height:auto\"\/><\/figure>\n\n\n\n<h2 class=\"wp-block-heading\"><strong>Zirkonyum Kaplamalar\u0131n Yan Etkileri<\/strong>&nbsp;<\/h2>\n\n\n\n<p>Zirkonyum, malzeme a\u00e7\u0131s\u0131ndan o kadar zorlu bir malzemedir ki, baz\u0131 endi\u015felere yol a\u00e7m\u0131\u015ft\u0131r. Malzeme, s\u00fcrt\u00fcnme nedeniyle kom\u015fu di\u015fleri a\u015f\u0131nd\u0131rabilir. Ancak d\u00fczenli kontroller, olas\u0131 etkiyi azaltmaya yard\u0131mc\u0131 olur.&nbsp;<\/p>\n\n\n\n<p>Kaplama bir kez tak\u0131ld\u0131\u011f\u0131nda neredeyse yok edilemez. Ancak alt\u0131ndaki di\u015f i\u00e7in durum farkl\u0131d\u0131r. Zirkonyum kaplaman\u0131n neden oldu\u011fu a\u015f\u0131nma, \u00fczerinde bulundu\u011fu di\u015fi etkileyebilir ve bu da kaplaman\u0131n a\u015f\u0131nmas\u0131na ve \u00e7\u00fcr\u00fcmesine neden olabilir. Dayan\u0131kl\u0131l\u0131\u011f\u0131 nedeniyle, yaln\u0131zca zirkonyum kaplama \u00e7\u0131kar\u0131ld\u0131\u011f\u0131nda fark edilebilir.<\/p>\n\n\n\n<figure class=\"wp-block-image size-large is-resized\"><img decoding=\"async\" src=\"https:\/\/healthestetik.com\/wp-content\/uploads\/2022\/12\/5-4-1024x1024.jpg?wsr\" alt=\"\" class=\"wp-image-1461\" style=\"width:1236px;height:auto\"\/><\/figure>\n\n\n\n<h2 class=\"wp-block-heading\"><strong>Zirkonyum Kaplamalar T\u00fcrkiye<\/strong>&nbsp;<\/h2>\n\n\n\n<p>\u00dclkemiz, di\u015f tedavilerini yapt\u0131rmak isteyen uluslararas\u0131 hastalar i\u00e7in tan\u0131nm\u0131\u015f bir destinasyondur.&nbsp;<\/p>\n\n\n\n<p>Sonu\u00e7 olarak, T\u00fcrkiye zirkonyum kaplamalar da dahil olmak \u00fczere en son trendleri s\u00fcrekli takip ediyor. Bu ba\u011flamda, en dayan\u0131kl\u0131 kaplama se\u00e7ene\u011fimiz olan zirkonyum kaplamalar\u0131 sunuyoruz.&nbsp;<\/p>\n\n\n\n<p>Ortodontistlerimize ve protez uzmanlar\u0131m\u0131za ulusal d\u00fczeyde m\u00fckemmel bir e\u011fitim sunuyoruz. Bu sayede, uygun fiyatlarla birlikte geni\u015f bir yerel ve uluslararas\u0131 yetenek havuzuna sahibiz.&nbsp;<\/p>\n\n\n\n<p>\u00d6te yandan, fiyatlar uluslararas\u0131 pazara k\u0131yasla makul seviyelerde seyrediyor. Bu fakt\u00f6rler sayesinde T\u00fcrkiye, di\u015f tedavileri i\u00e7in en pop\u00fcler destinasyonlardan biri olmaya devam ediyor.<\/p>\n\n\n\n<figure class=\"wp-block-image size-large is-resized\"><img decoding=\"async\" src=\"https:\/\/healthestetik.com\/wp-content\/uploads\/2022\/12\/6-5-1024x1024.jpg?wsr\" alt=\"\" class=\"wp-image-1462\" style=\"width:1236px;height:auto\"\/><\/figure>","protected":false},"excerpt":{"rendered":"<p>Zirkonyum Kaplamalar \u00e7ok y\u00f6nl\u00fcl\u00fckleri nedeniyle di\u015f klinikleri aras\u0131nda pop\u00fcler hale geldi. <\/p>","protected":false},"author":1,"featured_media":884,"parent":0,"menu_order":0,"comment_status":"open","ping_status":"open","template":"elementor_header_footer","meta":{"rs_blank_template":"","rs_page_bg_color":"","slide_template_v7":"","footnotes":""},"class_list":["post-712","page","type-page","status-publish","has-post-thumbnail","hentry"],"_links":{"self":[{"href":"https:\/\/healthestetik.com\/tr\/wp-json\/wp\/v2\/pages\/712","targetHints":{"allow":["GET"]}}],"collection":[{"href":"https:\/\/healthestetik.com\/tr\/wp-json\/wp\/v2\/pages"}],"about":[{"href":"https:\/\/healthestetik.com\/tr\/wp-json\/wp\/v2\/types\/page"}],"author":[{"embeddable":true,"href":"https:\/\/healthestetik.com\/tr\/wp-json\/wp\/v2\/users\/1"}],"replies":[{"embeddable":true,"href":"https:\/\/healthestetik.com\/tr\/wp-json\/wp\/v2\/comments?post=712"}],"version-history":[{"count":0,"href":"https:\/\/healthestetik.com\/tr\/wp-json\/wp\/v2\/pages\/712\/revisions"}],"wp:featuredmedia":[{"embeddable":true,"href":"https:\/\/healthestetik.com\/tr\/wp-json\/wp\/v2\/media\/884"}],"wp:attachment":[{"href":"https:\/\/healthestetik.com\/tr\/wp-json\/wp\/v2\/media?parent=712"}],"curies":[{"name":"wp","href":"https:\/\/api.w.org\/{rel}","templated":true}]}}