{"id":705,"date":"2022-12-10T15:35:00","date_gmt":"2022-12-10T12:35:00","guid":{"rendered":"https:\/\/healthestetik.com\/?p=705"},"modified":"2025-05-08T14:09:12","modified_gmt":"2025-05-08T11:09:12","slug":"implant-treatment","status":"publish","type":"page","link":"https:\/\/healthestetik.com\/tr\/implant-treatment\/","title":{"rendered":"\u0130mplant Tedavisi"},"content":{"rendered":"<figure class=\"wp-block-image size-large is-resized\"><img fetchpriority=\"high\" decoding=\"async\" width=\"1024\" height=\"459\" src=\"https:\/\/healthestetik.com\/wp-content\/uploads\/2024\/10\/implant-treatment-1024x459.jpg\" alt=\"\" class=\"wp-image-869\" style=\"width:1236px;height:auto\" srcset=\"https:\/\/healthestetik.com\/wp-content\/uploads\/2024\/10\/implant-treatment-1024x459.jpg 1024w, https:\/\/healthestetik.com\/wp-content\/uploads\/2024\/10\/implant-treatment-768x344.jpg 768w, https:\/\/healthestetik.com\/wp-content\/uploads\/2024\/10\/implant-treatment-320x143.jpg 320w, https:\/\/healthestetik.com\/wp-content\/uploads\/2024\/10\/implant-treatment-480x215.jpg 480w, https:\/\/healthestetik.com\/wp-content\/uploads\/2024\/10\/implant-treatment-800x358.jpg 800w, https:\/\/healthestetik.com\/wp-content\/uploads\/2024\/10\/implant-treatment-640x287.jpg 640w, https:\/\/healthestetik.com\/wp-content\/uploads\/2024\/10\/implant-treatment-400x179.jpg 400w\" sizes=\"(max-width: 1024px) 100vw, 1024px\" \/><figcaption class=\"wp-element-caption\">\u0130mplant Tedavisi<\/figcaption><\/figure>\n\n\n\n<p>\u0130mplant Tedavisi, \u0130nsan v\u00fccudundaki her \u015feyde oldu\u011fu gibi, y\u00fcz\u00fcm\u00fcz\u00fcn \u00e7o\u011fu b\u00f6lgesi a\u015f\u0131nmaya ve y\u0131pranmaya e\u011filimlidir. Bu a\u015f\u0131nma di\u015flerimizde de meydana gelebilir.<\/p>\n\n\n\n<p>Di\u015fler, kemiklerden daha sert olduklar\u0131 i\u00e7in insan v\u00fccudunun en dayan\u0131kl\u0131 k\u0131s\u0131mlar\u0131ndan biridir. Dayan\u0131kl\u0131l\u0131klar\u0131na ra\u011fmen, zamanla bozulmaya kar\u015f\u0131 muaf de\u011fillerdir.<\/p>\n\n\n\n<p>\u0130ster g\u00fc\u00e7l\u00fc ve k\u00fcnt bir etki, ister ileri ya\u015fa ba\u011fl\u0131 \u00e7\u00fcr\u00fcme, isterse a\u015f\u0131r\u0131 bak\u0131m eksikli\u011fi olsun, di\u015fler d\u00fc\u015fer. Bir veya birka\u00e7 di\u015fin kayb\u0131, a\u011f\u0131z fonksiyonlar\u0131n\u0131 olumsuz etkileyebilir; \u00e7i\u011fneme gibi basit bir eylemi bile zorla\u015ft\u0131r\u0131r.&nbsp;<\/p>\n\n\n\n<p>Ancak g\u00fcn\u00fcm\u00fczde modern t\u0131ptaki geli\u015fmeler sayesinde bunu d\u00fczeltebiliyoruz.<\/p>\n\n\n\n<figure class=\"wp-block-gallery has-nested-images columns-default is-cropped wp-block-gallery-1 is-layout-flex wp-block-gallery-is-layout-flex\">\n<figure class=\"wp-block-image size-large\"><img decoding=\"async\" data-id=\"1473\" src=\"https:\/\/healthestetik.com\/wp-content\/uploads\/2022\/12\/17-1-1024x1024.jpg?wsr\" alt=\"\" class=\"wp-image-1473\"\/><\/figure>\n<\/figure>\n\n\n\n<h2 class=\"wp-block-heading\"><strong>Di\u015f \u0130mplant\u0131 Tedavisi<\/strong><\/h2>\n\n\n\n<p>Di\u015f implant\u0131 tedavileri, bir as\u0131rdan fazla s\u00fcredir di\u015f kay\u0131plar\u0131n\u0131n giderilmesinde ba\u015fvurulan y\u00f6ntem olmu\u015ftur.<\/p>\n\n\n\n<p><a href=\"https:\/\/healthestetik.com\/tr\/our-doctors\/\"  data-wpil-monitor-id=\"214\">Doktorlar\u0131m\u0131z<\/a> Eksik di\u015flerin di\u015f etini delerek \u00e7ene kemi\u011fine bir direk tak\u0131l\u0131r. Daha sonra protez uygulan\u0131r. Son olarak, operat\u00f6rler yapay bir di\u015f takar. Bu da do\u011fal g\u00f6r\u00fcn\u00fcml\u00fc bir protez sa\u011flar.<\/p>\n\n\n\n<p>\u0130mplant tedavisi, k\u00f6t\u00fc uyum g\u00f6steren protezler ve ba\u015far\u0131s\u0131z k\u00f6pr\u00fc uygulamalar\u0131na alternatif bir tedavi se\u00e7ene\u011fi sunar.<\/p>\n\n\n\n<figure class=\"wp-block-image size-large is-resized\"><img decoding=\"async\" src=\"https:\/\/healthestetik.com\/wp-content\/uploads\/2022\/12\/6-5-1024x1024.jpg?wsr\" alt=\"\" class=\"wp-image-1462\" style=\"width:1236px;height:auto\"\/><\/figure>\n\n\n\n<h3 class=\"wp-block-heading\"><strong>\u0130mplant Tedavisi T\u00fcrkiye<\/strong><\/h3>\n\n\n\n<p>T\u00fcrkiye&#039;de implant tedavisi yapt\u0131rmak giderek daha pop\u00fcler hale geliyor. \u00d6yle ki, \u00fclkemizi en iyi di\u015f turizmi destinasyonlar\u0131ndan biri olarak adland\u0131rmaya yetiyor.<\/p>\n\n\n\n<p>Her y\u0131l yar\u0131m milyon insan di\u015f tedavisi i\u00e7in buraya geliyor. Bunun sebebi basit: birinci s\u0131n\u0131f operasyon kalitesi, birinci s\u0131n\u0131f hizmet ve uygun fiyat.<\/p>\n\n\n\n<p>T\u00fcrkiye, d\u00fc\u015f\u00fck fiyatlar\u0131n\u0131n yan\u0131 s\u0131ra \u00fcst d\u00fczey e\u011fitim profesyonellerine de b\u00fcy\u00fck \u00f6nem veriyor, bu da \u00fclkemizin bu sekt\u00f6rde en iyilerden biri olmas\u0131n\u0131n bir di\u011fer nedeni.<\/p>\n\n\n\n<figure class=\"wp-block-image size-large is-resized\"><img decoding=\"async\" src=\"https:\/\/healthestetik.com\/wp-content\/uploads\/2022\/12\/16-1-1024x1024.jpg?wsr\" alt=\"\" class=\"wp-image-1472\" style=\"width:1236px;height:auto\"\/><\/figure>\n\n\n\n<h3 class=\"wp-block-heading\"><strong>\u0130mplant Tedavi Maliyetleri<\/strong><\/h3>\n\n\n\n<p>D\u00fc\u015f\u00fck fiyatlar, d\u00fcnyan\u0131n d\u00f6rt bir yan\u0131ndan \u00e7ok say\u0131da insan\u0131 T\u00fcrkiye&#039;deki di\u015f kliniklerine \u00e7ekiyor. D\u00fcnya fiyatlar\u0131n\u0131n aksine, masraflar\u0131n\u0131z\u0131n \u00e7o\u011fundan tasarruf edebilirsiniz.&nbsp;<\/p>\n\n\n\n<p>Bunlara ek olarak, T\u00fcrkiye&#039;nin g\u00fczelliklerinden de faydalanabilirsiniz. T\u00fcrkiye, k\u00fclt\u00fcrel miras\u0131ndan do\u011fal g\u00fczelliklerine kadar ziyaret\u00e7ilerine sunabilece\u011fi \u00e7ok \u015fey var.<\/p>\n\n\n\n<h2 class=\"wp-block-heading\">\u0130mplantlar i\u00e7in 6 ay sonra tekrar gelmek gerekiyor mu?<\/h2>\n\n\n\n<p>Evet, ayn\u0131 di\u015f hekimine gidip i\u015flemi tamamlaman\u0131z tavsiye edilir. Yine de, i\u015flemi tamamlaman\u0131z\u0131 engelleyen \u00f6nemli bir etken varsa, implantlar\u0131n\u0131z\u0131 talep edebilir ve en yak\u0131n di\u015f hekimi implant\u0131 takabilir, ancak bu daha pahal\u0131 olacakt\u0131r.<\/p>\n\n\n\n<figure class=\"wp-block-image size-large is-resized\"><img decoding=\"async\" src=\"https:\/\/healthestetik.com\/wp-content\/uploads\/2022\/12\/14-1-1024x1024.jpg?wsr\" alt=\"\" class=\"wp-image-1470\" style=\"width:1236px;height:auto\"\/><\/figure>\n\n\n\n<h2 class=\"wp-block-heading\">Di\u015flerimde yapt\u0131rd\u0131\u011f\u0131m herhangi bir di\u015f operasyonunda alkol veya asitli i\u00e7ecekler (kola, gazoz vb.) risk olu\u015fturur mu?<\/h2>\n\n\n\n<p>Alkol ve gazl\u0131 i\u00e7ecekler zaten di\u015flerinize zarar verir. Ancak, her iki kategorideki i\u00e7eceklerin a\u015f\u0131r\u0131 t\u00fcketilmesini \u00f6nermiyoruz. Herhangi bir ek risk alt\u0131ndaysan\u0131z di\u015f hekimimize dan\u0131\u015fmaktan \u00e7ekinmeyin.<\/p>\n\n\n\n<figure class=\"wp-block-image size-large is-resized\"><img decoding=\"async\" src=\"https:\/\/healthestetik.com\/wp-content\/uploads\/2022\/12\/9-1-1024x1024.jpg?wsr\" alt=\"\" class=\"wp-image-1465\" style=\"width:1236px;height:auto\"\/><\/figure>","protected":false},"excerpt":{"rendered":"<p>\u0130mplant Tedavisi, \u0130nsan v\u00fccudundaki her \u015feyde oldu\u011fu gibi, y\u00fcz\u00fcm\u00fcz\u00fcn \u00e7o\u011fu k\u0131sm\u0131 a\u015f\u0131nmaya ve y\u0131pranmaya e\u011filimlidir. <\/p>","protected":false},"author":1,"featured_media":869,"parent":0,"menu_order":0,"comment_status":"open","ping_status":"open","template":"elementor_header_footer","meta":{"rs_blank_template":"","rs_page_bg_color":"","slide_template_v7":"","footnotes":""},"class_list":["post-705","page","type-page","status-publish","has-post-thumbnail","hentry"],"_links":{"self":[{"href":"https:\/\/healthestetik.com\/tr\/wp-json\/wp\/v2\/pages\/705","targetHints":{"allow":["GET"]}}],"collection":[{"href":"https:\/\/healthestetik.com\/tr\/wp-json\/wp\/v2\/pages"}],"about":[{"href":"https:\/\/healthestetik.com\/tr\/wp-json\/wp\/v2\/types\/page"}],"author":[{"embeddable":true,"href":"https:\/\/healthestetik.com\/tr\/wp-json\/wp\/v2\/users\/1"}],"replies":[{"embeddable":true,"href":"https:\/\/healthestetik.com\/tr\/wp-json\/wp\/v2\/comments?post=705"}],"version-history":[{"count":0,"href":"https:\/\/healthestetik.com\/tr\/wp-json\/wp\/v2\/pages\/705\/revisions"}],"wp:featuredmedia":[{"embeddable":true,"href":"https:\/\/healthestetik.com\/tr\/wp-json\/wp\/v2\/media\/869"}],"wp:attachment":[{"href":"https:\/\/healthestetik.com\/tr\/wp-json\/wp\/v2\/media?parent=705"}],"curies":[{"name":"wp","href":"https:\/\/api.w.org\/{rel}","templated":true}]}}