{"id":697,"date":"2022-12-10T14:23:22","date_gmt":"2022-12-10T11:23:22","guid":{"rendered":"https:\/\/healthestetik.com\/?p=697"},"modified":"2025-05-08T14:09:45","modified_gmt":"2025-05-08T11:09:45","slug":"womens-hair-transplant","status":"publish","type":"page","link":"https:\/\/healthestetik.com\/tr\/womens-hair-transplant\/","title":{"rendered":"Kad\u0131nlarda Sa\u00e7 Ekimi"},"content":{"rendered":"<figure class=\"wp-block-image size-large is-resized\"><img fetchpriority=\"high\" decoding=\"async\" width=\"1024\" height=\"459\" src=\"https:\/\/healthestetik.com\/wp-content\/uploads\/2024\/10\/womens-hair-transplant-1024x459.jpg\" alt=\"\" class=\"wp-image-883\" style=\"width:1236px;height:auto\" srcset=\"https:\/\/healthestetik.com\/wp-content\/uploads\/2024\/10\/womens-hair-transplant-1024x459.jpg 1024w, https:\/\/healthestetik.com\/wp-content\/uploads\/2024\/10\/womens-hair-transplant-768x344.jpg 768w, https:\/\/healthestetik.com\/wp-content\/uploads\/2024\/10\/womens-hair-transplant-320x143.jpg 320w, https:\/\/healthestetik.com\/wp-content\/uploads\/2024\/10\/womens-hair-transplant-480x215.jpg 480w, https:\/\/healthestetik.com\/wp-content\/uploads\/2024\/10\/womens-hair-transplant-800x358.jpg 800w, https:\/\/healthestetik.com\/wp-content\/uploads\/2024\/10\/womens-hair-transplant-640x287.jpg 640w, https:\/\/healthestetik.com\/wp-content\/uploads\/2024\/10\/womens-hair-transplant-400x179.jpg 400w\" sizes=\"(max-width: 1024px) 100vw, 1024px\" \/><figcaption class=\"wp-element-caption\">Kad\u0131nlarda Sa\u00e7 Ekimi<\/figcaption><\/figure>\n\n\n\n<p>Kad\u0131nlarda Sa\u00e7 Ekimi, Sa\u00e7 d\u00f6k\u00fclmesi ve incelmesi sorunu kad\u0131nlar aras\u0131nda giderek yayg\u0131nla\u015f\u0131yor. Yepyeni DHI sa\u00e7 ekimi tekni\u011fiyle art\u0131k kad\u0131nlar da g\u00f6n\u00fcl rahatl\u0131\u011f\u0131yla ekim yapt\u0131rabiliyor ve kal\u0131c\u0131 olarak sa\u011fl\u0131kl\u0131 sa\u00e7lara kavu\u015fabiliyor.&nbsp;<\/p>\n\n\n\n<p>Kad\u0131nlara sa\u011fl\u0131kl\u0131 ve konforlu bir ortam sunuyoruz. Deneyimli ekibimiz, en son teknolojiyle sa\u011fl\u0131kl\u0131 sa\u00e7lar\u0131n\u0131za kavu\u015fman\u0131za yard\u0131mc\u0131 olacak.<\/p>\n\n\n\n<p>Kad\u0131nlarda sa\u00e7 d\u00f6k\u00fclmesi genetik, mevsimsel veya hamilelik ve menopoz gibi \u00f6zel d\u00f6nemlerdeki \u00e7evresel etkilerden kaynaklanabilir. \u00d6rne\u011fin, hormonal d\u00fczensizlik, demir eksikli\u011fi, yetersiz beslenme, adet d\u00fczensizli\u011fi, polikistik over sendromu ve tiroid bozukluklar\u0131 kad\u0131nlarda en s\u0131k g\u00f6r\u00fclen sa\u00e7 d\u00f6k\u00fclmesi nedenleri aras\u0131ndad\u0131r.<\/p>\n\n\n\n<p>Ayr\u0131ca, hamilelik ve do\u011fumun kad\u0131n v\u00fccudu \u00fczerinde \u00f6nemli etkileri vard\u0131r. Bu etkilerden biri de sa\u00e7 d\u00f6k\u00fclmesidir. Sa\u00e7 d\u00f6k\u00fclmesinin nedeni tedavi edildikten sonra, <a href=\"https:\/\/healthestetik.com\/tr\/sakal-ve-biyik-nakli\/\"  data-wpil-monitor-id=\"98\">sa\u00e7 ekimi<\/a> Sa\u011fl\u0131kl\u0131 sa\u00e7lara kavu\u015fman\u0131n tek kal\u0131c\u0131 y\u00f6ntemidir.&nbsp;<\/p>\n\n\n\n<h3 class=\"wp-block-heading\">&nbsp;<strong>Kad\u0131nlar \u0130\u00e7in DHI Sa\u00e7 Ekiminin Avantajlar\u0131<\/strong><\/h3>\n\n\n\n<p>Bunun bir\u00e7ok avantaj\u0131 vard\u0131r <a href=\"https:\/\/healthestetik.com\/tr\/dhi-hair-transplant\/\"  data-wpil-monitor-id=\"109\">DHI sa\u00e7 ekimi<\/a> Kad\u0131nlar i\u00e7in bir teknik. Bu y\u00f6ntem, t\u0131ra\u015fs\u0131z ve izsiz bir operasyon ger\u00e7ekle\u015ftirmemizi sa\u011flar. Bu nedenle, kad\u0131n hastalar i\u00e7in m\u00fckemmel bir se\u00e7imdir.<\/p>\n\n\n\n<p><a href=\"https:\/\/healthestetik.com\/tr\/our-doctors\/\"  data-wpil-monitor-id=\"217\">Doktorlar\u0131m\u0131z<\/a> Sa\u00e7 k\u00f6kleri tek tek al\u0131n\u0131r ve toplama i\u015fleminin hemen ard\u0131ndan kanal a\u00e7madan ekilir. DHI tekni\u011fi sayesinde sa\u00e7lar\u0131n ve \u00f6n sa\u00e7 \u00e7izgisinin y\u00f6n\u00fc do\u011fala olabildi\u011fince yak\u0131n kal\u0131r. Sonu\u00e7 olarak, operasyondan sonra do\u011fal bir g\u00f6r\u00fcn\u00fcm elde edebilirsiniz.<\/p>\n\n\n\n<p>\u0130lk y\u0131kamay\u0131 \u015fu \u015fekilde yapabilirsiniz: <a href=\"https:\/\/healthestetik.com\/tr\/\"  data-wpil-monitor-id=\"194\">Ev<\/a> Doktorlar\u0131m\u0131z\u0131n anlatt\u0131\u011f\u0131 gibi, \u015fok d\u00f6k\u00fclme ilk iki haftan\u0131n sonunda h\u0131zla ger\u00e7ekle\u015fir. Ancak \u015fok d\u00f6k\u00fclme ya\u015famayan hasta say\u0131s\u0131 binde birdir. Operasyondan \u00fc\u00e7 ay sonra sa\u00e7lar incelmeye ba\u015flar ve her ge\u00e7en g\u00fcn g\u00fc\u00e7lenir. Son olarak, 8. ay\u0131n sonunda g\u00f6rsel olarak hacim kazan\u0131r.<\/p>\n\n\n\n<h2 class=\"wp-block-heading\"><strong>Kad\u0131nlarda Sa\u00e7 Ekimi Maliyeti&nbsp;<\/strong><\/h2>\n\n\n\n<p><a href=\"https:\/\/healthestetik.com\/tr\/dhi-pro-sac-ekimi\/\"  data-wpil-monitor-id=\"159\">Sa\u00e7 ekimi<\/a> Fiyatlar herkes i\u00e7in farkl\u0131d\u0131r. Bu anlamda, greft say\u0131s\u0131 ve y\u00f6ntem, maliyeti belirleyen iki temel kriterdir. <a href=\"https:\/\/healthestetik.com\/tr\/eyebrow-transplant\/\"  data-wpil-monitor-id=\"175\">sa\u00e7 ekimi<\/a>.&nbsp;<\/p>\n\n\n\n<p>Bu konuda kad\u0131nlar\u0131n <a href=\"https:\/\/healthestetik.com\/tr\/unshaven-hair-transplant\/\"  data-wpil-monitor-id=\"184\">sa\u00e7 ekimi<\/a> Maliyetler bir\u00e7ok fakt\u00f6re ba\u011fl\u0131 olarak de\u011fi\u015fiklik g\u00f6sterebilir. Kaliteli bir hizmet sunuyoruz.&nbsp;<strong>sa\u00e7<\/strong><strong> <a href=\"https:\/\/healthestetik.com\/tr\/estetik-cerrahi\/sac-ekimi\/\"  data-wpil-monitor-id=\"219\">nakil<\/a> kad\u0131nlara hizmet<\/strong>&nbsp;makul bir fiyata.<\/p>\n\n\n\n<ul class=\"wp-block-list\">\n<li>Greft say\u0131s\u0131<\/li>\n\n\n\n<li>Doktorun uzmanl\u0131\u011f\u0131 ve kalitesi<\/li>\n\n\n\n<li>&nbsp;Sunulan hizmetler ve \u00fcr\u00fcn kalitesi<\/li>\n<\/ul>\n\n\n\n<p>Bunlar, nakil maliyetini etkileyen di\u011fer fakt\u00f6rlerdir. Ayr\u0131ca, ek hizmetler toplam maliyeti art\u0131rabilir.<\/p>\n\n\n\n<h2 class=\"wp-block-heading\"><strong>Kad\u0131n Sa\u00e7 Ekimi T\u00fcrkiye&nbsp;<\/strong><\/h2>\n\n\n\n<p>Personelin deneyimi, tesisin kalitesi ve \u00fcr\u00fcnler \u00f6nemli unsurlard\u0131r.&nbsp;<strong>sa\u00e7 <a href=\"https:\/\/healthestetik.com\/tr\/fue-hair-transplant\/\"  data-wpil-monitor-id=\"247\">nakiller<\/a> kad\u0131nlar i\u00e7in<\/strong>T\u00fcrkiye&#039;nin \u0130stanbul \u015fehrinde bulunan firmam\u0131z, g\u00fcvenilir ekibimizle kad\u0131nlara y\u00f6nelik y\u00fcksek kalitede sa\u00e7 ekimi ve tedavi hizmetleri sunmaktad\u0131r.&nbsp;<\/p>\n\n\n\n<p>Hastalar\u0131m\u0131za tatmin edici sonu\u00e7lar sunmay\u0131 hedefliyoruz.&nbsp;<\/p>\n\n\n\n<p>Klini\u011fimizde en geli\u015fmi\u015f y\u00f6ntem olan DHI hizmeti verilmektedir. Operasyon yakla\u015f\u0131k 8 saat s\u00fcrmektedir.&nbsp;<\/p>\n\n\n\n<h2 class=\"wp-block-heading\">Sa\u00e7 ekimi kal\u0131c\u0131 bir i\u015flem midir?<\/h2>\n\n\n\n<p>Don\u00f6r b\u00f6lgenin \u00f6zelliklerinden biri de sa\u00e7lar\u0131n d\u00f6k\u00fclmeye diren\u00e7li ve \u00f6m\u00fcr boyu kal\u0131c\u0131 olmas\u0131d\u0131r. Bu nedenle sa\u00e7 ekimi kal\u0131c\u0131 bir sonu\u00e7tur.<\/p>\n\n\n\n<h2 class=\"wp-block-heading\">Sa\u00e7 ekiminden sonra hangi \u015fampuan\u0131 kullanmal\u0131y\u0131m? \u0130la\u00e7 kullanmam gerekiyor mu?<\/h2>\n\n\n\n<p>Operasyon s\u0131ras\u0131nda Klinik, nakledilen sa\u00e7 k\u00f6klerine ve don\u00f6r b\u00f6lgelere uygun vitamin, \u015fampuan, serum ve k\u00f6p\u00fck i\u00e7eren bir t\u0131bbi kit sunacakt\u0131r.<\/p>\n\n\n\n<h2 class=\"wp-block-heading\">\u00d6nce ve Sonra Galerisi<\/h2>","protected":false},"excerpt":{"rendered":"<p>Women&#8217;s Hair Transplant, The problem of hair loss and thinning is becoming increasingly common among women. <\/p>","protected":false},"author":1,"featured_media":883,"parent":0,"menu_order":0,"comment_status":"open","ping_status":"open","template":"elementor_header_footer","meta":{"rs_blank_template":"","rs_page_bg_color":"","slide_template_v7":"","footnotes":""},"class_list":["post-697","page","type-page","status-publish","has-post-thumbnail","hentry"],"_links":{"self":[{"href":"https:\/\/healthestetik.com\/tr\/wp-json\/wp\/v2\/pages\/697","targetHints":{"allow":["GET"]}}],"collection":[{"href":"https:\/\/healthestetik.com\/tr\/wp-json\/wp\/v2\/pages"}],"about":[{"href":"https:\/\/healthestetik.com\/tr\/wp-json\/wp\/v2\/types\/page"}],"author":[{"embeddable":true,"href":"https:\/\/healthestetik.com\/tr\/wp-json\/wp\/v2\/users\/1"}],"replies":[{"embeddable":true,"href":"https:\/\/healthestetik.com\/tr\/wp-json\/wp\/v2\/comments?post=697"}],"version-history":[{"count":0,"href":"https:\/\/healthestetik.com\/tr\/wp-json\/wp\/v2\/pages\/697\/revisions"}],"wp:featuredmedia":[{"embeddable":true,"href":"https:\/\/healthestetik.com\/tr\/wp-json\/wp\/v2\/media\/883"}],"wp:attachment":[{"href":"https:\/\/healthestetik.com\/tr\/wp-json\/wp\/v2\/media?parent=697"}],"curies":[{"name":"wp","href":"https:\/\/api.w.org\/{rel}","templated":true}]}}