{"id":695,"date":"2022-12-10T14:14:27","date_gmt":"2022-12-10T11:14:27","guid":{"rendered":"https:\/\/healthestetik.com\/?p=695"},"modified":"2025-05-08T14:09:55","modified_gmt":"2025-05-08T11:09:55","slug":"unshaven-hair-transplant","status":"publish","type":"page","link":"https:\/\/healthestetik.com\/tr\/unshaven-hair-transplant\/","title":{"rendered":"Tra\u015fs\u0131z Sa\u00e7 Ekimi"},"content":{"rendered":"<figure class=\"wp-block-image size-large is-resized\"><img fetchpriority=\"high\" decoding=\"async\" width=\"1024\" height=\"459\" src=\"https:\/\/healthestetik.com\/wp-content\/uploads\/2024\/10\/UNSHAVEN-HAIR-TRANSPLANT-1024x459.jpg\" alt=\"\" class=\"wp-image-882\" style=\"width:1236px;height:auto\" srcset=\"https:\/\/healthestetik.com\/wp-content\/uploads\/2024\/10\/UNSHAVEN-HAIR-TRANSPLANT-1024x459.jpg 1024w, https:\/\/healthestetik.com\/wp-content\/uploads\/2024\/10\/UNSHAVEN-HAIR-TRANSPLANT-768x344.jpg 768w, https:\/\/healthestetik.com\/wp-content\/uploads\/2024\/10\/UNSHAVEN-HAIR-TRANSPLANT-320x143.jpg 320w, https:\/\/healthestetik.com\/wp-content\/uploads\/2024\/10\/UNSHAVEN-HAIR-TRANSPLANT-480x215.jpg 480w, https:\/\/healthestetik.com\/wp-content\/uploads\/2024\/10\/UNSHAVEN-HAIR-TRANSPLANT-800x358.jpg 800w, https:\/\/healthestetik.com\/wp-content\/uploads\/2024\/10\/UNSHAVEN-HAIR-TRANSPLANT-640x287.jpg 640w, https:\/\/healthestetik.com\/wp-content\/uploads\/2024\/10\/UNSHAVEN-HAIR-TRANSPLANT-400x179.jpg 400w\" sizes=\"(max-width: 1024px) 100vw, 1024px\" \/><figcaption class=\"wp-element-caption\">Tra\u015fs\u0131z Sa\u00e7 Ekimi<\/figcaption><\/figure>\n\n\n\n<p>Daha konforlu ve ba\u015far\u0131l\u0131 nakil operasyonlar\u0131 ger\u00e7ekle\u015ftirebilmek amac\u0131yla bu alanda \u00e7e\u015fitli \u00e7al\u0131\u015fmalar yap\u0131lmaktad\u0131r.&nbsp;<strong>T\u0131ra\u015fs\u0131z sa\u00e7 ekimi veya t\u0131ra\u015fs\u0131z sa\u00e7 ekimi<\/strong>&nbsp;Sa\u00e7 ekiminde en yeni tekniklerden biridir. \u00d6zellikle 15 cm&#039;den uzun sa\u00e7lar\u0131 olan kad\u0131nlar sonu\u00e7lardan daha memnun kalmaktad\u0131r. Bu nedenle, giderek daha fazla kad\u0131n tercih etmektedir. <a href=\"https:\/\/healthestetik.com\/tr\/sakal-ve-biyik-nakli\/\"  data-wpil-monitor-id=\"99\">sa\u00e7 ekimi<\/a> t\u0131ra\u015f olmadan sa\u011fl\u0131kl\u0131 sa\u00e7lar\u0131na kavu\u015fuyorlar.<\/p>\n\n\n\n<p>\u00d6te yandan, sa\u00e7 stilini korumak ve sa\u00e7lar\u0131n\u0131 t\u0131ra\u015f etmek isteyen erkekler de bu tekni\u011fi kullanabilir. Ancak, daha iyi sonu\u00e7lar i\u00e7in titiz ve yo\u011fun bir \u00e7al\u0131\u015fma gerektirir. Bu nedenle, do\u011fru tesisi se\u00e7erken son derece dikkatli olmal\u0131s\u0131n\u0131z. Deneyimli ve yetenekli eller daha ba\u015far\u0131l\u0131 sonu\u00e7lar sa\u011flar.<\/p>\n\n\n\n<h2 class=\"wp-block-heading\"><strong>T\u0131ra\u015fs\u0131z sa\u00e7 ekimi&nbsp;<\/strong><\/h2>\n\n\n\n<p>Klasik ekim operasyonlar\u0131ndan \u00f6nce sa\u00e7lar\u0131n t\u0131ra\u015f edilmesinin temel mant\u0131\u011f\u0131, doktor ve ekibin sa\u00e7 k\u00f6klerini daha h\u0131zl\u0131 g\u00f6rebilmesi ve ekim alan\u0131ndaki hareketlili\u011fin daha rahat olmas\u0131d\u0131r. Sa\u00e7lar\u0131n\u0131 k\u0131sa kullanmaya al\u0131\u015fk\u0131n erkekler i\u00e7in klasik FUE ekimi kolayd\u0131r. Ancak, kad\u0131nlar ve i\u015flemden \u00f6nce sa\u00e7lar\u0131n\u0131 kestirmek istemeyen baz\u0131 erkekler i\u00e7in bu zordur. Bu nedenle,&nbsp;<strong>t\u0131ra\u015fs\u0131z<\/strong><strong> sa\u00e7 ekimi<\/strong>&nbsp;ger\u00e7ekle\u015ftirmemizi sa\u011flayan nispeten yeni bir tekniktir <a href=\"https:\/\/healthestetik.com\/tr\/dhi-pro-sac-ekimi\/\"  data-wpil-monitor-id=\"160\">sa\u00e7 ekimi<\/a> Sa\u00e7lar\u0131 tamamen t\u0131ra\u015f etmeden.&nbsp;<\/p>\n\n\n\n<p>Bir i\u015flemi ger\u00e7ekle\u015ftirmenin iki y\u00f6ntemi vard\u0131r <a href=\"https:\/\/healthestetik.com\/tr\/dhi-pro-sac-ekimi\/\"  data-wpil-monitor-id=\"174\">sa\u00e7 ekimi<\/a> t\u0131ra\u015f olmadan.&nbsp;<\/p>\n\n\n\n<ul class=\"wp-block-list\">\n<li>B\u00f6lgesel Budama:<\/li>\n<\/ul>\n\n\n\n<p><a href=\"https:\/\/healthestetik.com\/tr\/our-doctors\/\"  data-wpil-monitor-id=\"223\">Doktorlar\u0131m\u0131z<\/a> B\u00f6lgesel d\u00fczeltme ile 1000-1500 greft ekilebilir. Don\u00f6r b\u00f6lgenin sadece k\u00fc\u00e7\u00fck bir k\u0131sm\u0131n\u0131, genellikle 10*5 \u00f6l\u00e7\u00fclerinde dikd\u00f6rtgen bir alan\u0131 t\u0131ra\u015f ediyoruz.&nbsp;<\/p>\n\n\n\n<ul class=\"wp-block-list\">\n<li>Tamamen t\u0131ra\u015fs\u0131z <a href=\"https:\/\/healthestetik.com\/tr\/eyebrow-transplant\/\"  data-wpil-monitor-id=\"183\">Sa\u00e7 Ekimi<\/a>:<\/li>\n<\/ul>\n\n\n\n<p>\u00d6zellikle 15 cm&#039;den uzun sa\u00e7 kullanan uzun sa\u00e7l\u0131 kad\u0131nlar bu y\u00f6ntemi tercih etmektedir. Klasik FUE ve <a href=\"https:\/\/healthestetik.com\/tr\/dhi-hair-transplant\/\"  data-wpil-monitor-id=\"110\">DHI sa\u00e7 ekimi<\/a> Bu tekni\u011fe uygulanabilir. B\u00f6lgesel d\u00fczeltme ve klasik FUE ile kar\u015f\u0131la\u015ft\u0131r\u0131ld\u0131\u011f\u0131nda, yo\u011fun ve uzun s\u00fcreli bir uygulamad\u0131r. Doktorlar\u0131m\u0131z, hastan\u0131n bu tekni\u011fi uygulamaya uygunlu\u011funu analiz eder.&nbsp;<\/p>\n\n\n\n<figure class=\"wp-block-gallery has-nested-images columns-default is-cropped wp-block-gallery-1 is-layout-flex wp-block-gallery-is-layout-flex\">\n<figure class=\"wp-block-image size-large\"><img decoding=\"async\" width=\"1024\" height=\"683\" data-id=\"1163\" src=\"https:\/\/healthestetik.com\/wp-content\/uploads\/2024\/12\/man-going-through-follicular-unit-extraction-process_18737155-1024x683.jpg?wsr\" alt=\"\" class=\"wp-image-1163\" srcset=\"https:\/\/healthestetik.com\/wp-content\/uploads\/2024\/12\/man-going-through-follicular-unit-extraction-process_18737155-1024x683.jpg 1024w, https:\/\/healthestetik.com\/wp-content\/uploads\/2024\/12\/man-going-through-follicular-unit-extraction-process_18737155-768x512.jpg 768w, https:\/\/healthestetik.com\/wp-content\/uploads\/2024\/12\/man-going-through-follicular-unit-extraction-process_18737155-320x213.jpg 320w, https:\/\/healthestetik.com\/wp-content\/uploads\/2024\/12\/man-going-through-follicular-unit-extraction-process_18737155-480x320.jpg 480w, https:\/\/healthestetik.com\/wp-content\/uploads\/2024\/12\/man-going-through-follicular-unit-extraction-process_18737155-800x534.jpg 800w, https:\/\/healthestetik.com\/wp-content\/uploads\/2024\/12\/man-going-through-follicular-unit-extraction-process_18737155-640x427.jpg 640w, https:\/\/healthestetik.com\/wp-content\/uploads\/2024\/12\/man-going-through-follicular-unit-extraction-process_18737155-400x267.jpg 400w\" sizes=\"(max-width: 1024px) 100vw, 1024px\" \/><\/figure>\n<\/figure>\n\n\n\n<h2 class=\"wp-block-heading\"><strong>T\u00fcrkiye&#039;de t\u0131ra\u015fs\u0131z sa\u00e7 ekimi&nbsp;<\/strong><\/h2>\n\n\n\n<p>T\u00fcrkiye t\u0131ra\u015fs\u0131z sa\u00e7 kesimi sunan birka\u00e7 \u00fclkeden biridir <a href=\"https:\/\/healthestetik.com\/tr\/womens-hair-transplant\/\"  data-wpil-monitor-id=\"187\">sa\u00e7 ekimi<\/a>Binlerce insan bir <a href=\"https:\/\/healthestetik.com\/tr\/estetik-cerrahi\/sac-ekimi\/\"  data-wpil-monitor-id=\"222\">sa\u00e7 ekimi<\/a> Cazip avantajlar\u0131 sayesinde t\u0131ra\u015fs\u0131z epilasyon i\u00e7in y\u00fcksek bir ba\u015far\u0131 oran\u0131 sunuyoruz. T\u00fcrkiye, \u0130stanbul&#039;da bulunuyoruz. <a href=\"https:\/\/healthestetik.com\/tr\/fue-hair-transplant\/\"  data-wpil-monitor-id=\"248\">sa\u00e7 ekimi<\/a>Tesisimizde sa\u00e7 ekimi konusunda deneyimli doktorlar ve sa\u00e7 uzmanlar\u0131 bulunmaktad\u0131r. \u00d6nceli\u011fimiz, sa\u00e7 ekimi operasyonu i\u00e7in T\u00fcrkiye&#039;ye gelen m\u00fc\u015fterilerimizin memnuniyetini sa\u011flamakt\u0131r.&nbsp;<\/p>\n\n\n\n<h2 class=\"wp-block-heading\"><strong>T\u0131ra\u015fs\u0131z sa\u00e7 ekimi maliyetleri&nbsp;<\/strong><\/h2>\n\n\n\n<p>Bu teknikte, daha fazla emek ve zaman gerektirdi\u011finden operasyon fiyatlar\u0131 de\u011fi\u015fmektedir. Operasyon s\u00fcresinin daha uzun olmas\u0131 ve t\u0131ra\u015fs\u0131z sa\u00e7 ekiminde ba\u015far\u0131 riskinin do\u011fal olarak artmas\u0131,&nbsp;<strong>t\u0131ra\u015fs\u0131z sa\u00e7 ekimi maliyetleri<\/strong>Hastan\u0131n konforu ve operasyonun ba\u015far\u0131s\u0131 fiyattan daha \u00f6nemlidir. Merkezimizde uzman kadromuzla kaliteli hizmet bulabilirsiniz.<\/p>\n\n\n\n<figure class=\"wp-block-image size-large is-resized\"><img decoding=\"async\" width=\"1024\" height=\"683\" src=\"https:\/\/healthestetik.com\/wp-content\/uploads\/2024\/12\/man-going-through-follicular-unit-extraction-process_18737148-1024x683.jpg?wsr\" alt=\"\" class=\"wp-image-1162\" style=\"width:1236px;height:auto\" srcset=\"https:\/\/healthestetik.com\/wp-content\/uploads\/2024\/12\/man-going-through-follicular-unit-extraction-process_18737148-1024x683.jpg 1024w, https:\/\/healthestetik.com\/wp-content\/uploads\/2024\/12\/man-going-through-follicular-unit-extraction-process_18737148-768x512.jpg 768w, https:\/\/healthestetik.com\/wp-content\/uploads\/2024\/12\/man-going-through-follicular-unit-extraction-process_18737148-320x213.jpg 320w, https:\/\/healthestetik.com\/wp-content\/uploads\/2024\/12\/man-going-through-follicular-unit-extraction-process_18737148-480x320.jpg 480w, https:\/\/healthestetik.com\/wp-content\/uploads\/2024\/12\/man-going-through-follicular-unit-extraction-process_18737148-800x534.jpg 800w, https:\/\/healthestetik.com\/wp-content\/uploads\/2024\/12\/man-going-through-follicular-unit-extraction-process_18737148-640x427.jpg 640w, https:\/\/healthestetik.com\/wp-content\/uploads\/2024\/12\/man-going-through-follicular-unit-extraction-process_18737148-400x267.jpg 400w\" sizes=\"(max-width: 1024px) 100vw, 1024px\" \/><\/figure>\n\n\n\n<h2 class=\"wp-block-heading\"><strong>T\u0131ra\u015fs\u0131z sa\u00e7 ekimi sonu\u00e7lar\u0131&nbsp;<\/strong><\/h2>\n\n\n\n<p>Sa\u00e7 ekiminden sonraki ilk on g\u00fcn, t\u0131ra\u015f edilmeden, k\u00f6kler iyile\u015fme s\u00fcrecindedir. Bu iyile\u015fme s\u00fcrecinin en \u00f6nemli g\u00f6stergesi kabuklanmad\u0131r. Kabuklanma, tekrarlanan losyon y\u0131kamalar\u0131yla ge\u00e7ecek h\u0131zl\u0131 bir s\u00fcre\u00e7tir.&nbsp;<\/p>\n\n\n\n<p>Yeni \u00e7\u0131kan sa\u00e7 k\u00f6klerinin cilt y\u00fczeyine ula\u015fmaya \u00e7al\u0131\u015fmas\u0131 nedeniyle ka\u015f\u0131nt\u0131 hissedebilirsiniz. Ki\u015fiye ba\u011fl\u0131 olarak, bir ila \u00fc\u00e7 ay aras\u0131nda \u015fok sa\u00e7 d\u00f6k\u00fclmesi ya\u015fayabilirsiniz. D\u00f6k\u00fclmenin ard\u0131ndan yeni sa\u00e7lar\u0131n\u0131z \u00e7\u0131kmaya ba\u015flar ve bu evre alt\u0131 ay sonra tamamlan\u0131r.&nbsp;<\/p>\n\n\n\n<p>Genellikle,&nbsp;<strong>t\u0131ra\u015fs\u0131z sa\u00e7 ekimi sonu\u00e7lar\u0131&nbsp;<\/strong>Di\u011fer y\u00f6ntemler kadar ba\u015far\u0131l\u0131d\u0131r. Klini\u011fimizde operasyonun ba\u015far\u0131s\u0131ndan biz sorumluyuz. Doktorumuzun yetenekli ellerinde olan t\u0131ra\u015fs\u0131z sa\u00e7 ekimi sonu\u00e7lar\u0131n\u0131n neredeyse tamam\u0131 ba\u015far\u0131l\u0131d\u0131r. Uygun fiyatlarla 0% m\u00fc\u015fteri memnuniyeti politikam\u0131z vard\u0131r.<\/p>\n\n\n\n<h3 class=\"wp-block-heading\"><strong>T\u0131ra\u015fs\u0131z sa\u00e7 ekiminin avantajlar\u0131&nbsp;<\/strong><\/h3>\n\n\n\n<p>Bu teknik doktora bir avantaj sa\u011flamazken, birka\u00e7 avantaj\u0131 daha vard\u0131r.&nbsp;<strong>t\u0131ra\u015fs\u0131z sa\u00e7 ekiminin avantajlar\u0131&nbsp;<\/strong>hasta i\u00e7in.&nbsp;<\/p>\n\n\n\n<ul class=\"wp-block-list\">\n<li>Bu teknik, ameliyat sonras\u0131 estetik olmayan g\u00f6r\u00fcn\u00fcm\u00fc kamufle eder.<\/li>\n\n\n\n<li>Ameliyat \u00f6ncesi ve sonras\u0131 mevcut sa\u00e7 \u015feklinizi koruyabilirsiniz.<\/li>\n\n\n\n<li>G\u00fcnl\u00fck hayat\u0131n\u0131za \u00e7ok daha h\u0131zl\u0131 d\u00f6nebilirsiniz.<\/li>\n\n\n\n<li>Kad\u0131nlar\u0131n ortalama sa\u00e7 uzunlu\u011funa ula\u015fmak i\u00e7in y\u0131llarca beklemelerine gerek kalm\u0131yor.<\/li>\n<\/ul>\n\n\n\n<p>Bu teknik, cazip avantajlar\u0131yla tercih edilen bir teknik haline geldi. Bu avantajlar, ki\u015filerin ameliyat sonras\u0131 d\u00f6nemi daha rahat ge\u00e7irmelerine yard\u0131mc\u0131 oluyor.<\/p>\n\n\n\n<figure class=\"wp-block-image size-large is-resized\"><img loading=\"lazy\" decoding=\"async\" width=\"1024\" height=\"683\" src=\"https:\/\/healthestetik.com\/wp-content\/uploads\/2024\/12\/mature-man-having-balding-problems_19966407-1024x683.jpg?wsr\" alt=\"\" class=\"wp-image-1164\" style=\"width:1236px;height:auto\" srcset=\"https:\/\/healthestetik.com\/wp-content\/uploads\/2024\/12\/mature-man-having-balding-problems_19966407-1024x683.jpg 1024w, https:\/\/healthestetik.com\/wp-content\/uploads\/2024\/12\/mature-man-having-balding-problems_19966407-768x512.jpg 768w\" sizes=\"(max-width: 1024px) 100vw, 1024px\" \/><\/figure>\n\n\n\n<h3 class=\"wp-block-heading\"><strong>T\u0131ra\u015fs\u0131z sa\u00e7 ekiminin dezavantajlar\u0131&nbsp;<\/strong><\/h3>\n\n\n\n<p>Bu avantajlara ek olarak,&nbsp;<strong>t\u0131ra\u015fs\u0131z sa\u00e7 ekiminin dezavantajlar\u0131&nbsp;<\/strong>sizi hayal k\u0131r\u0131kl\u0131\u011f\u0131na u\u011fratabilir.<\/p>\n\n\n\n<ul class=\"wp-block-list\">\n<li>T\u0131ra\u015fs\u0131z sa\u00e7 ekimi \u00f6zellikle sa\u00e7 ekimi ekibi i\u00e7in \u00e7ok daha fazla emek ve sab\u0131r gerektirmektedir.<\/li>\n\n\n\n<li>Hijyenik bir ortam sa\u011flamak ise daha zordur.<\/li>\n\n\n\n<li>T\u0131ra\u015fs\u0131z sa\u00e7 ekimi operasyonlar\u0131nda fiyatlar daha y\u00fcksek olabilir.<\/li>\n\n\n\n<li>Ameliyat sonras\u0131 komplikasyon riski daha y\u00fcksektir. Hastan\u0131n daha fazla dikkat etmesi gerekebilir.<\/li>\n<\/ul>\n\n\n\n<p>Birden fazla dezavantaj\u0131 olsa da, daha fazla dikkat ederek bunlar\u0131n \u00fcstesinden gelebilirsiniz. Bu avantajlar\u0131 ortadan kald\u0131rmak i\u00e7in kapsaml\u0131 bak\u0131m ve periyodik muayeneler faydal\u0131 olacakt\u0131r.<\/p>\n\n\n\n<h2 class=\"wp-block-heading\">Sa\u00e7 ekimi yapt\u0131rmadan \u00f6nce almam gereken \u00f6nlemler var m\u0131?<\/h2>\n\n\n\n<p>Elbette, online\/ilk g\u00f6r\u00fc\u015fme s\u0131ras\u0131nda doktor sizi sa\u00e7 ekimine zihinsel ve fiziksel olarak haz\u0131rlayacak ve uygulanmas\u0131 gereken \u00f6nlemlerin bir listesini sunacakt\u0131r. Bunlar aras\u0131nda, greftlere zarar veren kimyasallar i\u00e7eren herhangi bir ila\u00e7 veya sa\u00e7 \u00fcr\u00fcn\u00fcn\u00fcn kesilmesi, operasyon \u00f6ncesi sa\u00e7 kesimi yap\u0131lmas\u0131, i\u015flem \u00f6ncesi oru\u00e7 tutulmas\u0131 vb. yer almaktad\u0131r.<\/p>\n\n\n\n<figure class=\"wp-block-image size-large is-resized\"><img loading=\"lazy\" decoding=\"async\" width=\"1024\" height=\"683\" src=\"https:\/\/healthestetik.com\/wp-content\/uploads\/2024\/12\/adult-male-having-balding-problems_19966381-1024x683.jpg?wsr\" alt=\"\" class=\"wp-image-1160\" style=\"width:1236px;height:auto\" srcset=\"https:\/\/healthestetik.com\/wp-content\/uploads\/2024\/12\/adult-male-having-balding-problems_19966381-1024x683.jpg 1024w, https:\/\/healthestetik.com\/wp-content\/uploads\/2024\/12\/adult-male-having-balding-problems_19966381-768x512.jpg 768w\" sizes=\"(max-width: 1024px) 100vw, 1024px\" \/><\/figure>\n\n\n\n<h2 class=\"wp-block-heading\">Sa\u00e7 ekimi sonras\u0131 sa\u00e7\u0131m\u0131 boyatabilir miyim?<\/h2>\n\n\n\n<p>\u0130lk alt\u0131 ay boyunca sa\u00e7 derinize y\u00fcksek kimyasal i\u00e7erikli \u00fcr\u00fcnler uygulaman\u0131z \u00f6nerilmez. \u0130yile\u015fme s\u00fcreci tamamlanana kadar sab\u0131rl\u0131 olman\u0131z \u00f6nerilir.<\/p>\n\n\n\n<figure class=\"wp-block-image size-large\"><img decoding=\"async\" src=\"https:\/\/healthestetik.com\/wp-content\/uploads\/2024\/12\/male-going-through-follicular-unit-extraction-process_18737182.jpg\" alt=\"\" class=\"wp-image-1161\"\/><\/figure>","protected":false},"excerpt":{"rendered":"<p>T\u0131ra\u015fs\u0131z sa\u00e7 ekimi veya t\u0131ra\u015fs\u0131z sa\u00e7 ekimi, sa\u00e7 ekiminde en son tekniklerden biridir. <\/p>","protected":false},"author":1,"featured_media":882,"parent":0,"menu_order":0,"comment_status":"open","ping_status":"open","template":"elementor_header_footer","meta":{"rs_blank_template":"","rs_page_bg_color":"","slide_template_v7":"","footnotes":""},"class_list":["post-695","page","type-page","status-publish","has-post-thumbnail","hentry"],"_links":{"self":[{"href":"https:\/\/healthestetik.com\/tr\/wp-json\/wp\/v2\/pages\/695","targetHints":{"allow":["GET"]}}],"collection":[{"href":"https:\/\/healthestetik.com\/tr\/wp-json\/wp\/v2\/pages"}],"about":[{"href":"https:\/\/healthestetik.com\/tr\/wp-json\/wp\/v2\/types\/page"}],"author":[{"embeddable":true,"href":"https:\/\/healthestetik.com\/tr\/wp-json\/wp\/v2\/users\/1"}],"replies":[{"embeddable":true,"href":"https:\/\/healthestetik.com\/tr\/wp-json\/wp\/v2\/comments?post=695"}],"version-history":[{"count":0,"href":"https:\/\/healthestetik.com\/tr\/wp-json\/wp\/v2\/pages\/695\/revisions"}],"wp:featuredmedia":[{"embeddable":true,"href":"https:\/\/healthestetik.com\/tr\/wp-json\/wp\/v2\/media\/882"}],"wp:attachment":[{"href":"https:\/\/healthestetik.com\/tr\/wp-json\/wp\/v2\/media?parent=695"}],"curies":[{"name":"wp","href":"https:\/\/api.w.org\/{rel}","templated":true}]}}