{"id":681,"date":"2022-12-10T13:05:02","date_gmt":"2022-12-10T10:05:02","guid":{"rendered":"https:\/\/healthestetik.com\/?p=681"},"modified":"2025-05-08T14:10:35","modified_gmt":"2025-05-08T11:10:35","slug":"dhi-hair-transplant","status":"publish","type":"page","link":"https:\/\/healthestetik.com\/tr\/dhi-hair-transplant\/","title":{"rendered":"DHI Sa\u00e7 Ekimi"},"content":{"rendered":"<figure class=\"wp-block-image size-large is-resized\"><img fetchpriority=\"high\" decoding=\"async\" width=\"1024\" height=\"459\" src=\"https:\/\/healthestetik.com\/wp-content\/uploads\/2024\/10\/DHI-HAIR-TRANSPLANT-1024x459.jpg\" alt=\"\" class=\"wp-image-851\" style=\"width:1236px;height:auto\" srcset=\"https:\/\/healthestetik.com\/wp-content\/uploads\/2024\/10\/DHI-HAIR-TRANSPLANT-1024x459.jpg 1024w, https:\/\/healthestetik.com\/wp-content\/uploads\/2024\/10\/DHI-HAIR-TRANSPLANT-768x344.jpg 768w, https:\/\/healthestetik.com\/wp-content\/uploads\/2024\/10\/DHI-HAIR-TRANSPLANT-320x143.jpg 320w, https:\/\/healthestetik.com\/wp-content\/uploads\/2024\/10\/DHI-HAIR-TRANSPLANT-480x215.jpg 480w, https:\/\/healthestetik.com\/wp-content\/uploads\/2024\/10\/DHI-HAIR-TRANSPLANT-800x358.jpg 800w, https:\/\/healthestetik.com\/wp-content\/uploads\/2024\/10\/DHI-HAIR-TRANSPLANT-640x287.jpg 640w, https:\/\/healthestetik.com\/wp-content\/uploads\/2024\/10\/DHI-HAIR-TRANSPLANT-400x179.jpg 400w\" sizes=\"(max-width: 1024px) 100vw, 1024px\" \/><figcaption class=\"wp-element-caption\">DHI Sa\u00e7 Ekimi<\/figcaption><\/figure>\n\n\n\n<p><strong>DHI sa\u00e7 ekimi&nbsp;<\/strong>Sa\u00e7 d\u00f6k\u00fclmesi tedavisinde en pop\u00fcler y\u00f6ntemlerden biridir. Tekni\u011fin en belirgin \u00f6zelli\u011fi Choi kalemleridir. Bu nedenle, Choi y\u00f6ntemi bu tekni\u011fin di\u011fer ad\u0131d\u0131r. Bu kalemlerin u\u00e7lar\u0131 k\u0131r\u0131lgan ve keskindir. Bu \u00f6zel kalemler sayesinde sa\u00e7 ekimi ve kanal a\u00e7ma ayn\u0131 anda ger\u00e7ekle\u015fir. Uzmanlar sa\u00e7 k\u00f6klerini tek tek yerle\u015ftirir. Yerle\u015ftirme i\u015flemi olduk\u00e7a hassas bir i\u015flemdir.&nbsp;<\/p>\n\n\n\n<p>Doktor <a href=\"https:\/\/healthestetik.com\/tr\/implant-treatment\/\"  data-wpil-monitor-id=\"142\">implantlar<\/a> Sa\u00e7 k\u00f6klerine en uygun a\u00e7\u0131 olan 40-45 derecelik a\u00e7\u0131yla yerle\u015ftirilir. Yay d\u0131\u015f\u0131nda bir di\u011fer \u00f6nemli husus ise \u00f6nceki sa\u00e7 \u00e7izgisini takip eden do\u011fru y\u00f6nd\u00fcr.<\/p>\n\n\n\n<figure class=\"wp-block-gallery has-nested-images columns-1 is-cropped wp-block-gallery-1 is-layout-flex wp-block-gallery-is-layout-flex\">\n<figure class=\"wp-block-image size-large\"><img decoding=\"async\" width=\"1024\" height=\"683\" data-id=\"1175\" src=\"https:\/\/healthestetik.com\/wp-content\/uploads\/2024\/12\/Hair3-1024x683.jpg?wsr\" alt=\"\" class=\"wp-image-1175\" srcset=\"https:\/\/healthestetik.com\/wp-content\/uploads\/2024\/12\/Hair3-1024x683.jpg 1024w, https:\/\/healthestetik.com\/wp-content\/uploads\/2024\/12\/Hair3-768x512.jpg 768w, https:\/\/healthestetik.com\/wp-content\/uploads\/2024\/12\/Hair3-320x213.jpg 320w, https:\/\/healthestetik.com\/wp-content\/uploads\/2024\/12\/Hair3-480x320.jpg 480w, https:\/\/healthestetik.com\/wp-content\/uploads\/2024\/12\/Hair3-800x533.jpg 800w, https:\/\/healthestetik.com\/wp-content\/uploads\/2024\/12\/Hair3-640x427.jpg 640w, https:\/\/healthestetik.com\/wp-content\/uploads\/2024\/12\/Hair3-400x267.jpg 400w\" sizes=\"(max-width: 1024px) 100vw, 1024px\" \/><\/figure>\n<\/figure>\n\n\n\n<h2 class=\"wp-block-heading\"><strong>DHI Sa\u00e7 Ekimi T\u00fcrkiye&nbsp;<\/strong><\/h2>\n\n\n\n<p>T\u00fcrkiye, do\u011frudan ba\u015fvuruda bulunan ilk \u00fclkelerden biridir <a href=\"https:\/\/healthestetik.com\/tr\/sakal-ve-biyik-nakli\/\"  data-wpil-monitor-id=\"102\">sa\u00e7 ekimi<\/a> D\u00fcnya \u00e7ap\u0131nda. Ciddi sa\u00e7 d\u00f6k\u00fclmesi ya\u015fayan hem erkekler hem de kad\u0131nlar i\u00e7in m\u00fckemmel bir se\u00e7enek sunuyor. DHI y\u00f6ntemi, do\u011fal sa\u00e7a en yak\u0131n sonu\u00e7lar\u0131 verir. Ayr\u0131ca y\u00fcksek bir iyile\u015fme h\u0131z\u0131 sa\u011flar. Bu teknik, T\u00fcrkiye&#039;de de tercih edilen bir y\u00f6ntem haline geldi. <a href=\"https:\/\/healthestetik.com\/tr\/dhi-pro-sac-ekimi\/\"  data-wpil-monitor-id=\"158\">sa\u00e7 ekimi<\/a> Sa\u00e7 ekiminin bu zahmetli s\u00fcrecini ortadan kald\u0131ran bir y\u00f6ntemdir.<\/p>\n\n\n\n<h2 class=\"wp-block-heading\"><strong>DHI Sa\u00e7 Ekimi Maliyetleri&nbsp;<\/strong><\/h2>\n\n\n\n<p><strong>Do\u011frudan <a href=\"https:\/\/healthestetik.com\/tr\/eyebrow-transplant\/\"  data-wpil-monitor-id=\"176\">sa\u00e7 ekimi<\/a> maliyetler<\/strong>&nbsp;Tipik bir sa\u00e7 ekiminden daha y\u00fcksek olabilir. Bunun ba\u015fl\u0131ca nedeni uygulama s\u0131ras\u0131nda kullan\u0131lan tek kullan\u0131ml\u0131k kalemlerdir. DHI&#039;da operasyonlarda daha fazla teknisyen ve hem\u015fire bulunur. Sa\u00e7 k\u00f6klerini beklemeden h\u00fccrelerin hassas bir \u015fekilde yerle\u015ftirilmesi daha kalabal\u0131k bir ekip \u00e7al\u0131\u015fmas\u0131 gerektirebilir.<\/p>\n\n\n\n<h2 class=\"wp-block-heading\"><strong>DHI Sa\u00e7 Ekimi ve FUE&nbsp;<\/strong><\/h2>\n\n\n\n<p>DHI y\u00f6ntemi, greft toplama i\u015flemi i\u00e7in FUE y\u00f6nteminin kullan\u0131lmas\u0131n\u0131 da i\u00e7erir. Bu teknik, greftlerin \u00f6zel kalemler kullan\u0131larak e\u015f zamanl\u0131 olarak kanal a\u00e7ma ve yerle\u015ftirme i\u015flemini i\u00e7erir. Bu kalem, sa\u00e7 folik\u00fcl\u00fcn\u00fcn hem kanal hem de postunun ayn\u0131 anda a\u00e7\u0131lmas\u0131na yard\u0131mc\u0131 olur.<\/p>\n\n\n\n<p>Do\u011frudan pazarlaman\u0131n temel farkl\u0131l\u0131klar\u0131ndan biri <a href=\"https:\/\/healthestetik.com\/tr\/unshaven-hair-transplant\/\"  data-wpil-monitor-id=\"185\">sa\u00e7 ekimi<\/a> y\u00f6ntem, t\u0131ra\u015f olmadan sa\u00e7 ekimine izin vermektir. \u00d6zellikle dar alanlarda, do\u011frudan <a href=\"https:\/\/healthestetik.com\/tr\/womens-hair-transplant\/\"  data-wpil-monitor-id=\"188\">sa\u00e7 ekimi<\/a> etkili bir y\u00f6ntemdir. Sa\u00e7 k\u00f6klerinin transferi 1-2 dakika i\u00e7inde ger\u00e7ekle\u015fti\u011fi i\u00e7in sa\u00e7 k\u00f6kleri v\u00fccut d\u0131\u015f\u0131nda kalamaz. Bu nedenle sa\u00e7 k\u00f6klerine verilen zarar\u0131 b\u00fcy\u00fck \u00f6l\u00e7\u00fcde azalt\u0131r.<\/p>\n\n\n\n<figure class=\"wp-block-image size-large is-resized\"><img decoding=\"async\" src=\"https:\/\/healthestetik.com\/wp-content\/uploads\/2022\/12\/6f6b9ae9b3e859dcdc4e137b800551a2.jpg\" alt=\"\" class=\"wp-image-1381\" style=\"width:1236px;height:auto\"\/><\/figure>\n\n\n\n<h2 class=\"wp-block-heading\"><strong>DHI Sa\u00e7 Ekimi Sonu\u00e7lar\u0131&nbsp;<\/strong><\/h2>\n\n\n\n<p>DHI y\u00f6nteminde, doktor tek bir hareketle sa\u00e7 k\u00f6klerinin a\u00e7\u0131lar\u0131n\u0131 ve derinliklerini daha verimli bir \u015fekilde belirler ve do\u011fal g\u00f6r\u00fcn\u00fcml\u00fc sa\u00e7lar i\u00e7in iyile\u015fme s\u00fcresini h\u0131zland\u0131r\u0131r. <a href=\"https:\/\/healthestetik.com\/tr\/estetik-cerrahi\/sac-ekimi\/\"  data-wpil-monitor-id=\"231\">sa\u00e7 ekimi<\/a> Sonu\u00e7lar genellikle di\u011fer y\u00f6ntemlere g\u00f6re daha ba\u015far\u0131l\u0131d\u0131r.<\/p>\n\n\n\n<h3 class=\"wp-block-heading\"><strong>DHI Sa\u00e7 Ekimi Avantajlar\u0131&nbsp;<\/strong><\/h3>\n\n\n\n<ul class=\"wp-block-list\">\n<li>Sa\u00e7 k\u00f6klerinin sa\u011fl\u0131kl\u0131 sa\u00e7 k\u00f6kleri i\u00e7in doku d\u0131\u015f\u0131nda kalma s\u00fcresini en aza indirir.<\/li>\n\n\n\n<li>Sa\u00e7 k\u00f6klerinin korunmas\u0131 daha kolayd\u0131r.<\/li>\n\n\n\n<li>Neredeyse hi\u00e7 kesi olmayacak.&nbsp;<\/li>\n\n\n\n<li>Ameliyat sonras\u0131 iyile\u015fme daha h\u0131zl\u0131 ger\u00e7ekle\u015fmekte, hasta g\u00fcnl\u00fck rutinine k\u0131sa s\u00fcrede d\u00f6nebilmektedir.<\/li>\n<\/ul>\n\n\n\n<h3 class=\"wp-block-heading\"><strong>DHI Sa\u00e7 Ekimi Dezavantajlar\u0131&nbsp;<\/strong><\/h3>\n\n\n\n<ul class=\"wp-block-list\">\n<li>Y\u00f6ntem hassast\u0131r ve a\u015f\u0131r\u0131 dikkat gerektirir, bu da tekni\u011fin maliyetini art\u0131racakt\u0131r.<\/li>\n\n\n\n<li>Bu tekni\u011fin iyi bir \u015fekilde uygulanabilmesi i\u00e7in hekimin ve ekibin s\u0131k\u0131 bir e\u011fitim s\u00fcrecinden ge\u00e7mesi gerekir.<\/li>\n<\/ul>\n\n\n\n<figure class=\"wp-block-image size-large is-resized\"><img decoding=\"async\" width=\"1024\" height=\"683\" src=\"https:\/\/healthestetik.com\/wp-content\/uploads\/2024\/12\/after-hair-transplantation-surgical-technique-that-2023-11-27-05-21-08-utc-1024x683.jpg?wsr\" alt=\"\" class=\"wp-image-1170\" style=\"width:1236px;height:auto\" srcset=\"https:\/\/healthestetik.com\/wp-content\/uploads\/2024\/12\/after-hair-transplantation-surgical-technique-that-2023-11-27-05-21-08-utc-1024x683.jpg 1024w, https:\/\/healthestetik.com\/wp-content\/uploads\/2024\/12\/after-hair-transplantation-surgical-technique-that-2023-11-27-05-21-08-utc-768x512.jpg 768w, https:\/\/healthestetik.com\/wp-content\/uploads\/2024\/12\/after-hair-transplantation-surgical-technique-that-2023-11-27-05-21-08-utc-320x213.jpg 320w, https:\/\/healthestetik.com\/wp-content\/uploads\/2024\/12\/after-hair-transplantation-surgical-technique-that-2023-11-27-05-21-08-utc-480x320.jpg 480w, https:\/\/healthestetik.com\/wp-content\/uploads\/2024\/12\/after-hair-transplantation-surgical-technique-that-2023-11-27-05-21-08-utc-800x533.jpg 800w, https:\/\/healthestetik.com\/wp-content\/uploads\/2024\/12\/after-hair-transplantation-surgical-technique-that-2023-11-27-05-21-08-utc-640x427.jpg 640w, https:\/\/healthestetik.com\/wp-content\/uploads\/2024\/12\/after-hair-transplantation-surgical-technique-that-2023-11-27-05-21-08-utc-400x267.jpg 400w\" sizes=\"(max-width: 1024px) 100vw, 1024px\" \/><figcaption class=\"wp-element-caption\">Sa\u00e7 ekimi sonras\u0131 sa\u00e7 k\u00f6klerini hareket ettiren cerrahi teknik. Sa\u00e7 d\u00f6k\u00fclmesi sorunu ya\u015fayan gen\u00e7 kel adam.<\/figcaption><\/figure>\n\n\n\n<h3 class=\"wp-block-heading\">Hakk\u0131nda S\u0131k\u00e7a Sorulan Sorular <strong>DHI sa\u00e7 ekimi<\/strong><\/h3>\n\n\n\n<h4 class=\"wp-block-heading\">&nbsp;DHI sa\u00e7 ekimi sonras\u0131 g\u00fcnl\u00fck aktivitelerime ne zaman d\u00f6nebilirim?<\/h4>\n\n\n\n<p>Bu, sizin dahil edece\u011finiz tekni\u011fe ba\u011fl\u0131d\u0131r <a href=\"https:\/\/healthestetik.com\/tr\/fue-hair-transplant\/\"  data-wpil-monitor-id=\"250\">sa\u00e7 ekimi<\/a> Ameliyatta. \u00d6rne\u011fin, DHI, ofis i\u015flerine geri d\u00f6nmek i\u00e7in 4-5 g\u00fcne kadar, a\u00e7\u0131k havada \u00e7al\u0131\u015fmaya geri d\u00f6nmek i\u00e7in ise 10 g\u00fcne kadar minimum bir iyile\u015fme s\u00fcreci sunar.<\/p>\n\n\n\n<h4 class=\"wp-block-heading\">Sa\u00e7 ekimi i\u00e7in uygun bir aday m\u0131y\u0131m?<\/h4>\n\n\n\n<p>Don\u00f6r b\u00f6lgeye ve sa\u00e7 d\u00f6k\u00fclme \u015feklinize ba\u011fl\u0131d\u0131r. Elbette, tam durumunuzu, ekilecek greft say\u0131s\u0131n\u0131, toplam kapsama alan\u0131n\u0131, beklentilerinizi ve sonras\u0131ndaki bak\u0131m\u0131 a\u00e7\u0131klamak i\u00e7in bir doktora dan\u0131\u015fman\u0131z gerekir.<\/p>\n\n\n\n<h2 class=\"wp-block-heading\">\u00d6nce ve Sonra Galerisi<\/h2>\n\n\n\n<figure class=\"wp-block-gallery has-nested-images columns-1 is-cropped wp-block-gallery-2 is-layout-flex wp-block-gallery-is-layout-flex\">\n<figure class=\"wp-block-image size-large\"><img decoding=\"async\" data-id=\"1390\" src=\"https:\/\/healthestetik.com\/wp-content\/uploads\/2022\/12\/WhatsApp-Image-2022-09-26-at-12.43.14-PM-1024x583.webp?wsr\" alt=\"\" class=\"wp-image-1390\"\/><\/figure>\n\n\n\n<figure class=\"wp-block-image size-large\"><img decoding=\"async\" data-id=\"1389\" src=\"https:\/\/healthestetik.com\/wp-content\/uploads\/2022\/12\/sac-ekimisonrasi-ilk-hafta_637520376901485594.png\" alt=\"\" class=\"wp-image-1389\"\/><\/figure>\n\n\n\n<figure class=\"wp-block-image size-large\"><img decoding=\"async\" data-id=\"1387\" src=\"https:\/\/healthestetik.com\/wp-content\/uploads\/2022\/12\/i-1024x747.webp?wsr\" alt=\"\" class=\"wp-image-1387\"\/><\/figure>\n\n\n\n<figure class=\"wp-block-image size-large\"><img decoding=\"async\" data-id=\"1386\" src=\"https:\/\/healthestetik.com\/wp-content\/uploads\/2022\/12\/a36b6f6d1a43fce0f4fafa2cbc5d35cc-1024x535.jpg?wsr\" alt=\"\" class=\"wp-image-1386\"\/><\/figure>\n\n\n\n<figure class=\"wp-block-image size-large\"><img decoding=\"async\" data-id=\"1385\" src=\"https:\/\/healthestetik.com\/wp-content\/uploads\/2022\/12\/peresadka_volos_minsk.jpg\" alt=\"\" class=\"wp-image-1385\"\/><\/figure>\n\n\n\n<figure class=\"wp-block-image size-large\"><img decoding=\"async\" data-id=\"1384\" src=\"https:\/\/healthestetik.com\/wp-content\/uploads\/2022\/12\/nNQtciUvpAG3sRNAFXVzj5NyvrA3aly0-1024x576.jpg?wsr\" alt=\"\" class=\"wp-image-1384\"\/><\/figure>\n<\/figure>","protected":false},"excerpt":{"rendered":"<p>DHI sa\u00e7 ekimi, sa\u00e7 d\u00f6k\u00fclmesini tedavi etmek i\u00e7in en \u00e7ok tercih edilen y\u00f6ntemlerden biridir.<\/p>","protected":false},"author":1,"featured_media":851,"parent":0,"menu_order":0,"comment_status":"open","ping_status":"open","template":"elementor_header_footer","meta":{"rs_blank_template":"","rs_page_bg_color":"","slide_template_v7":"","footnotes":""},"class_list":["post-681","page","type-page","status-publish","has-post-thumbnail","hentry"],"_links":{"self":[{"href":"https:\/\/healthestetik.com\/tr\/wp-json\/wp\/v2\/pages\/681","targetHints":{"allow":["GET"]}}],"collection":[{"href":"https:\/\/healthestetik.com\/tr\/wp-json\/wp\/v2\/pages"}],"about":[{"href":"https:\/\/healthestetik.com\/tr\/wp-json\/wp\/v2\/types\/page"}],"author":[{"embeddable":true,"href":"https:\/\/healthestetik.com\/tr\/wp-json\/wp\/v2\/users\/1"}],"replies":[{"embeddable":true,"href":"https:\/\/healthestetik.com\/tr\/wp-json\/wp\/v2\/comments?post=681"}],"version-history":[{"count":0,"href":"https:\/\/healthestetik.com\/tr\/wp-json\/wp\/v2\/pages\/681\/revisions"}],"wp:featuredmedia":[{"embeddable":true,"href":"https:\/\/healthestetik.com\/tr\/wp-json\/wp\/v2\/media\/851"}],"wp:attachment":[{"href":"https:\/\/healthestetik.com\/tr\/wp-json\/wp\/v2\/media?parent=681"}],"curies":[{"name":"wp","href":"https:\/\/api.w.org\/{rel}","templated":true}]}}