{"id":679,"date":"2022-12-10T12:57:08","date_gmt":"2022-12-10T09:57:08","guid":{"rendered":"https:\/\/healthestetik.com\/?p=679"},"modified":"2025-05-08T14:10:44","modified_gmt":"2025-05-08T11:10:44","slug":"sakal-ve-biyik-nakli","status":"publish","type":"page","link":"https:\/\/healthestetik.com\/tr\/sakal-ve-biyik-nakli\/","title":{"rendered":"Sakal ve B\u0131y\u0131k Ekimi"},"content":{"rendered":"<figure class=\"wp-block-image size-large is-resized\"><img fetchpriority=\"high\" decoding=\"async\" width=\"1024\" height=\"459\" src=\"https:\/\/healthestetik.com\/wp-content\/uploads\/2024\/10\/Beard-and-mustache-transplant-1024x459.jpg\" alt=\"\" class=\"wp-image-833\" style=\"width:1236px;height:auto\" srcset=\"https:\/\/healthestetik.com\/wp-content\/uploads\/2024\/10\/Beard-and-mustache-transplant-1024x459.jpg 1024w, https:\/\/healthestetik.com\/wp-content\/uploads\/2024\/10\/Beard-and-mustache-transplant-768x344.jpg 768w, https:\/\/healthestetik.com\/wp-content\/uploads\/2024\/10\/Beard-and-mustache-transplant-320x143.jpg 320w, https:\/\/healthestetik.com\/wp-content\/uploads\/2024\/10\/Beard-and-mustache-transplant-480x215.jpg 480w, https:\/\/healthestetik.com\/wp-content\/uploads\/2024\/10\/Beard-and-mustache-transplant-800x358.jpg 800w, https:\/\/healthestetik.com\/wp-content\/uploads\/2024\/10\/Beard-and-mustache-transplant-640x287.jpg 640w, https:\/\/healthestetik.com\/wp-content\/uploads\/2024\/10\/Beard-and-mustache-transplant-400x179.jpg 400w\" sizes=\"(max-width: 1024px) 100vw, 1024px\" \/><figcaption class=\"wp-element-caption\">Sakal ve B\u0131y\u0131k Ekimi<\/figcaption><\/figure>\n\n\n\n<p>Sakal ve B\u0131y\u0131k Ekimi<strong>&nbsp;Sakal ve b\u0131y\u0131k ekimi<\/strong>&nbsp;Son y\u0131llarda pop\u00fcler bir trend haline geldi. K\u00fc\u00e7\u00fck farkl\u0131l\u0131klar olsa da, i\u015flem DHI ile sa\u00e7 ekimine benzer. \u0130nsanlar bir\u00e7ok estetik nedenden dolay\u0131 sakal ve b\u0131y\u0131k ekimini tercih ediyor.<\/p>\n\n\n\n<p>Sakal ve b\u0131y\u0131k ekiminin temel nedeni, seyrek sa\u00e7 k\u00f6klerinin belirli b\u00f6lgelere yerle\u015ftirilmesiyle sorun \u00e7\u00f6z\u00fclebilir. Ekim i\u015flemini deneyimli bir uzman ger\u00e7ekle\u015ftirirse, ekim yap\u0131lan b\u00f6lgeyi di\u011fer b\u00f6lgelerden ay\u0131rt etmek kolay olmayacakt\u0131r.&nbsp;<\/p>\n\n\n\n<p>Kimisi sa\u00e7 k\u0131r\u0131klar\u0131ndan veya ge\u00e7irdi\u011fi ameliyatlardan kalan izlerden \u015fikayet\u00e7i olurken, kimisi de sakal veya b\u0131y\u0131klar\u0131n\u0131n \u015feklinden memnun de\u011fildir.&nbsp;<strong>Sakal ve b\u0131y\u0131k ekimi<\/strong>&nbsp;her t\u00fcrl\u00fc talebinize cevap vermekteyiz.&nbsp;<\/p>\n\n\n\n<p>\u00c7e\u015fitli nedenlerle olu\u015fabilecek yara ve yan\u0131klar\u0131n yan\u0131 s\u0131ra hormonal bozukluklar ve metabolik hastal\u0131klar da y\u00fcz b\u00f6lgesinde sa\u00e7 d\u00f6k\u00fclmesine neden olabilir. Sakal ekimine karar vermeden \u00f6nce, sakal veya b\u0131y\u0131k d\u00f6k\u00fclmesinin nedenini ara\u015ft\u0131rmal\u0131s\u0131n\u0131z. 22 ya\u015f\u0131na kadar beklemenizi \u00f6neririz. <a href=\"https:\/\/healthestetik.com\/tr\/eyebrow-transplant\/\"  data-wpil-monitor-id=\"117\">sa\u00e7 ekimi<\/a> operasyon.<\/p>\n\n\n\n<p>Sakal ve b\u0131y\u0131k ekimi i\u00e7in genellikle ense b\u00f6lgesi don\u00f6r b\u00f6lgedir. Baz\u0131 durumlarda doktorlar don\u00f6r greftler i\u00e7in v\u00fccut k\u0131llar\u0131n\u0131 kullanmay\u0131 tercih edebilirler. Greft toplama ve ekim i\u00e7in DHI y\u00f6ntemini kullan\u0131rlar. Genellikle sakal ekimi i\u00e7in yakla\u015f\u0131k 3000 sa\u00e7 k\u00f6k\u00fc tatmin edici sonu\u00e7lar verir. B\u0131y\u0131k ekimi i\u00e7in ise 400-800 k\u00f6k yeterlidir. Ba\u015far\u0131l\u0131 bir ekim i\u00e7in hijyenik bir ortam \u00e7ok \u00f6nemlidir. Bu nedenle t\u00fcm malzemelerin steril olmas\u0131 gerekir.<\/p>\n\n\n\n<h2 class=\"wp-block-heading\"><strong>Sakal Ekimi&nbsp;<\/strong><\/h2>\n\n\n\n<p>Sakal d\u00f6k\u00fclmesi baz\u0131 ki\u015filerde genetik olabilirken, baz\u0131lar\u0131nda \u00e7e\u015fitli durumlar bu d\u00f6k\u00fclmeye neden olabilir. Sakal\u0131n s\u0131kl\u0131\u011f\u0131n\u0131 ve kalitesini etkileyen bir\u00e7ok fakt\u00f6r vard\u0131r. Ancak hormonal nedenler bunlar\u0131n ba\u015f\u0131nda gelir. K\u0131l k\u00f6k\u00fcn\u00fc geli\u015ftiren ve yo\u011funla\u015ft\u0131ran hormonlar\u0131n eksikli\u011fi genellikle genetik yap\u0131dan kaynaklan\u0131r.<\/p>\n\n\n\n<p><strong>Sakal ekimi<\/strong>&nbsp;taraf\u0131ndan <a href=\"https:\/\/healthestetik.com\/tr\/fue-hair-transplant\/\"  data-wpil-monitor-id=\"251\">FUE y\u00f6ntemi yeterli sa\u00e7 topluyor<\/a> Don\u00f6r b\u00f6lgeden al\u0131nan sa\u00e7 k\u00f6kleri, do\u011fal a\u00e7\u0131y\u0131 takip ederek hedef b\u00f6lgedeki kanallara yerle\u015ftirilir. Y\u00fcz\u00fcn di\u011fer b\u00f6lgeleri de don\u00f6r b\u00f6lge olarak kullan\u0131labilir, ancak ense b\u00f6lgesinden al\u0131nan greftler genellikle ba\u015far\u0131l\u0131 bir ekim i\u00e7in daha uygundur.<\/p>\n\n\n\n<p>Sakal\u0131n olmad\u0131\u011f\u0131 durumlarda, istenen g\u00f6r\u00fcn\u00fcm\u00fc elde etmek i\u00e7in 1000 ila 3000 k\u00f6k ekimi yeterli olabilir. Ancak, doktorlar hastan\u0131n iste\u011fine g\u00f6re daha fazla k\u00f6k ekebilir. Lokal anestezi alt\u0131nda olaca\u011f\u0131n\u0131z i\u00e7in herhangi bir ac\u0131 hissetmezsiniz. Mikro punchlar sayesinde i\u015flemden sonra herhangi bir iz kalmaz.&nbsp;<strong>sakal nakli<\/strong>Ayr\u0131ca, k\u0131l k\u00f6klerinin daha derine yerle\u015fmesi nedeniyle b\u00f6lgede sivilce b\u00fcy\u00fckl\u00fc\u011f\u00fcnde kistler olu\u015fabilir. Bu dermoid kistler s\u0131k g\u00f6r\u00fclen komplikasyonlard\u0131r ve zamanla iyile\u015firler.&nbsp;<\/p>\n\n\n\n<h2 class=\"wp-block-heading\"><strong>Sakal Ekimi \u00d6ncesi ve Sonras\u0131&nbsp;<\/strong><\/h2>\n\n\n\n<p>Operasyon s\u00fcrecinin bir par\u00e7as\u0131 olarak, ekim \u00f6ncesi ve sonras\u0131 d\u00f6nem ba\u015far\u0131l\u0131 sonu\u00e7lar i\u00e7in \u00e7ok \u00f6nemlidir. Sakal ekimi \u00f6ncesinde dikkat etmeniz gereken baz\u0131 \u00f6nlemler ve operasyon sonras\u0131nda uyman\u0131z gereken baz\u0131 tavsiyeler vard\u0131r.<\/p>\n\n\n\n<h4 class=\"wp-block-heading\"><strong>Sakal Ekimi \u00d6ncesi<\/strong><\/h4>\n\n\n\n<p>Sakal ekimi, sakal ekiminden biraz farkl\u0131d\u0131r. <a href=\"https:\/\/healthestetik.com\/tr\/dhi-pro-sac-ekimi\/\"  data-wpil-monitor-id=\"162\">sa\u00e7<\/a> Sakal ekimi, sakal yo\u011funlu\u011fu ki\u015fiden ki\u015fiye de\u011fi\u015febilece\u011finden, ger\u00e7ekle\u015ftirilir. E\u011fer d\u00f6k\u00fclme varsa, doktorlar sakal s\u0131kl\u0131\u011f\u0131n\u0131 g\u00f6z \u00f6n\u00fcnde bulundurmal\u0131 ve yeni k\u00f6kleri \u00e7evredeki k\u0131llarla uyumlu hale getirmelidir. \u0130\u015flem s\u0131ras\u0131nda anestezi alt\u0131nda olacaks\u0131n\u0131z. \u00dc\u00e7 anestezi tekni\u011fi mevcuttur.&nbsp;<strong>sakal ekiminden \u00f6nce<\/strong>.<\/p>\n\n\n\n<p><strong>Anestezi T\u00fcrleri<\/strong><\/p>\n\n\n\n<ul class=\"wp-block-list\">\n<li>Genel Anestezi: Anestezi t\u00fcrlerinin en kapsaml\u0131s\u0131 olan genel anestezide, ki\u015fi tamamen bilin\u00e7siz ve uyu\u015fuk durumdad\u0131r.<\/li>\n\n\n\n<li>B\u00f6lgesel Anestezi: B\u00f6lgesel anestezide ki\u015fi uykuda de\u011fildir. Bilinci a\u00e7\u0131kt\u0131r ve g\u00f6rme, i\u015fitme, tat ve koku gibi duyular\u0131 i\u015flevseldir.&nbsp;&nbsp;<\/li>\n\n\n\n<li>Lokal Anestezi: K\u00fc\u00e7\u00fck cerrahi operasyonlarda, hem\u015fireler hassas i\u011fnelerle belirli bir b\u00f6lgeye anestezi uygular. Etkisi 15-20 dakika s\u00fcrer.&nbsp;<\/li>\n<\/ul>\n\n\n\n<h4 class=\"wp-block-heading\"><strong>Sakal Ekimi Sonras\u0131<\/strong><\/h4>\n\n\n\n<p><strong>Sakal ekiminden sonra<\/strong>G\u00fcnl\u00fck hayat\u0131n\u0131za m\u00fcmk\u00fcn olan en k\u0131sa s\u00fcrede d\u00f6nebilirsiniz. Operasyondan 24-48 saat sonra y\u00fcz\u00fcn\u00fcz\u00fc y\u0131kayabilirsiniz. Ekilen sa\u00e7 k\u00f6kleri 2-3 g\u00fcn i\u00e7inde \u00e7\u0131kar. Ekim b\u00f6lgesinde kanlanma artar ve bu da sa\u00e7 k\u00f6klerinde 2-3 g\u00fcn boyunca sivilce benzeri k\u00fc\u00e7\u00fck k\u0131zar\u0131kl\u0131klara neden olur.<\/p>\n\n\n\n<p>K\u00fc\u00e7\u00fck deliklerden kan\u0131n p\u0131ht\u0131la\u015fmas\u0131 nedeniyle, k\u00f6k say\u0131s\u0131na ba\u011fl\u0131 olarak 4 ila 6 saat s\u00fcrebilen k\u0131zar\u0131kl\u0131klar g\u00f6zlemleyebilirsiniz. Sa\u00e7 k\u00f6klerinin daha iyi beslenmesini sa\u011flayan bu hafif k\u0131zar\u0131kl\u0131klar bir hafta i\u00e7inde kaybolacakt\u0131r.<\/p>\n\n\n\n<p>Sakal ekiminden yakla\u015f\u0131k iki hafta sonra sa\u00e7 k\u00f6kleri \u015fok d\u00f6k\u00fclme ya\u015far. Bu ge\u00e7ici d\u00f6k\u00fclmenin ard\u0131ndan, ki\u015finin genetik yap\u0131s\u0131na ba\u011fl\u0131 olarak 4-8 ay i\u00e7erisinde sa\u00e7 k\u00f6kleri tamamen \u00e7\u0131kar.<\/p>\n\n\n\n<h3 class=\"wp-block-heading\"><strong>Sakal Ekimi Maliyeti&nbsp; &nbsp;<\/strong><\/h3>\n\n\n\n<p>T\u00fcm estetik operasyonlarda oldu\u011fu gibi, sakal ekimi i\u00e7in de en s\u0131k sorulan soru, i\u015flemin maliyetidir. Di\u011fer ekim t\u00fcrlerinde oldu\u011fu gibi sabit bir rakam s\u00f6ylemek m\u00fcmk\u00fcn de\u011fildir. \u00c7\u00fcnk\u00fc ki\u015finin sa\u00e7 d\u00f6k\u00fclmesini tedavi etmek i\u00e7in mi yoksa estetik kayg\u0131larla m\u0131 sakal b\u0131rakmak istedi\u011fini belirlememiz gerekir. Greft say\u0131s\u0131 genellikle en kritik belirleyicidir.&nbsp;<strong>sakal ekimi maliyeti<\/strong>. Tekni\u011fin, klini\u011fin lokasyonunun, doktorun deneyiminin de fiyatlar\u0131 etkiledi\u011fi biliniyor.<\/p>\n\n\n\n<h3 class=\"wp-block-heading\"><strong>Sakal Ekimi T\u00fcrkiye&nbsp;<\/strong><\/h3>\n\n\n\n<p>Erkeklerin en belirgin \u00f6zelliklerinden biri, y\u00fczlerinde ve \u00e7ene \u00e7izgisinde bulunan sakallar\u0131d\u0131r. Sakal, ki\u015finin ya\u015f\u0131n\u0131n bir g\u00f6stergesidir. Hatta baz\u0131lar\u0131 sakal\u0131 erkek makyaj\u0131 olarak bile g\u00f6rmektedir. Bu nedenle, hem d\u00fcnyada hem de T\u00fcrkiye&#039;de kritik bir estetik \u00f6neme sahiptir.<\/p>\n\n\n\n<p>Geli\u015fmi\u015f ve geli\u015ftirilmi\u015f teknikler sayesinde <a href=\"https:\/\/healthestetik.com\/tr\/womens-hair-transplant\/\"  data-wpil-monitor-id=\"180\">sa\u00e7 ekimi<\/a>T\u00fcrkiye&#039;de sakal ekimi operasyonlar\u0131 kolay ve ba\u015far\u0131l\u0131 hale geldi. Sakal ekimine olan talep art\u0131yor ve giderek daha fazla ki\u015fi i\u015flem hakk\u0131nda detayl\u0131 bilgi almak i\u00e7in ar\u0131yor.<\/p>\n\n\n\n<p>T\u00fcrkiye&#039;de sakal ekimi konusunda deneyimli ve yetenekli cerrahlar\u0131m\u0131z da bulunmaktad\u0131r. \u00d6te yandan, T\u00fcrkiye di\u011fer \u00fclkelere k\u0131yasla ekim operasyonlar\u0131nda en d\u00fc\u015f\u00fck fiyatlar\u0131 sunmaktad\u0131r. Bu nedenle, farkl\u0131 \u00fclkelerden insanlar sakal ekimi i\u00e7in T\u00fcrkiye&#039;ye gelmektedir.&nbsp;<\/p>\n\n\n\n<h2 class=\"wp-block-heading\"><strong>B\u0131y\u0131k Ekimi&nbsp;<\/strong><\/h2>\n\n\n\n<p>Erkeklerde b\u0131y\u0131k, y\u00fcz ifadesini de\u011fi\u015ftiren estetik bir unsurdur. Erkekler \u00e7e\u015fitli nedenlerle b\u0131y\u0131klar\u0131n\u0131n olmamas\u0131ndan \u015fikayet\u00e7idir. Yaralar, izler ve hormonal fakt\u00f6rler b\u0131y\u0131\u011f\u0131n g\u00f6r\u00fcn\u00fcm\u00fcn\u00fc etkiler. <a href=\"https:\/\/healthestetik.com\/tr\/unshaven-hair-transplant\/\"  data-wpil-monitor-id=\"186\">sa\u00e7 ekimi<\/a> Bu deformasyonlar\u0131 tedavi etmemizi ve hastan\u0131n y\u00fcz g\u00f6r\u00fcn\u00fcm\u00fcnde \u00f6nemli de\u011fi\u015fiklikler yapmam\u0131z\u0131 sa\u011flar. DHI tekni\u011fi ile a\u011fr\u0131s\u0131z ve k\u0131sa s\u00fcreli bir i\u015flem m\u00fcmk\u00fcnd\u00fcr.<\/p>\n\n\n\n<p>The <a href=\"https:\/\/healthestetik.com\/tr\/dhi-hair-transplant\/\"  data-wpil-monitor-id=\"111\">B\u0131y\u0131k ekimi i\u00e7in en iyi se\u00e7enek DHI y\u00f6ntemidir<\/a><strong> nakil<\/strong>Uygulama anlam\u0131nda, ikisi aras\u0131nda bir fark yoktur. <a href=\"https:\/\/healthestetik.com\/tr\/estetik-cerrahi\/sac-ekimi\/\"  data-wpil-monitor-id=\"233\">sa\u00e7 ekimi<\/a>B\u0131y\u0131k ekiminde \u00f6nemli olan, operasyon sonras\u0131 g\u00f6r\u00fcn\u00fcm\u00fcn ba\u015far\u0131l\u0131 olmas\u0131d\u0131r. B\u0131y\u0131k k\u0131llar\u0131 cilde yak\u0131n uzar. Bu nedenle, do\u011fal bir g\u00f6r\u00fcn\u00fcm elde etmek i\u00e7in do\u011fru a\u00e7\u0131 \u00e7ok \u00f6nemlidir. Tam bir sonu\u00e7 i\u00e7in 4 ila 6 ay aras\u0131nda beklemek gerekir.<\/p>\n\n\n\n<p><strong>B\u0131y\u0131k nakli<\/strong>&nbsp;20 ya\u015f ve \u00fczeri ki\u015filer i\u00e7in daha iyi bir se\u00e7enektir. Bu ekim, sa\u00e7 ekimine \u00e7ok benzer. Ancak y\u00fcz b\u00f6lgesinde ger\u00e7ekle\u015fece\u011fi i\u00e7in \u00e7ok daha hassas bir i\u015flemdir. Olas\u0131 yara izi veya istenmeyen komplikasyonlar\u0131 \u00f6nlemek i\u00e7in titiz bir \u00e7al\u0131\u015fma \u015fartt\u0131r.<\/p>\n\n\n\n<p>Boyun b\u00f6lgesi genellikle don\u00f6r b\u00f6lge i\u00e7in en iyi se\u00e7enektir. Ancak, boyun b\u00f6lgesinde yeterli don\u00f6r k\u0131l yoksa, kol veya bacak k\u0131llar\u0131 da b\u0131y\u0131k ekimi i\u00e7in uygun olabilir. B\u0131y\u0131k b\u00f6lgesinin seyrekli\u011fine ba\u011fl\u0131 olarak 300 ila 500 k\u0131l k\u00f6k\u00fc yeterlidir.<\/p>\n\n\n\n<h4 class=\"wp-block-heading\"><strong>B\u0131y\u0131k Kayb\u0131n\u0131n Nedenleri<\/strong><\/h4>\n\n\n\n<p><strong>Sa\u00e7k\u0131ran hastal\u0131\u011f\u0131:<\/strong>&nbsp;Dudaklardaki k\u0131llar belirli aral\u0131klarla d\u00f6k\u00fcl\u00fcr. G\u00fcn\u00fcm\u00fczde sa\u00e7k\u0131ran hastal\u0131\u011f\u0131n\u0131n tedavi y\u00f6ntemleri olduk\u00e7a fazlad\u0131r.<\/p>\n\n\n\n<p><strong>B\u0131y\u0131k yaralar\u0131:<\/strong>&nbsp;Bu b\u00f6lgedeki derin yaralar\u0131n k\u0131l k\u00f6klerine zarar verme olas\u0131l\u0131\u011f\u0131 y\u00fcksektir. Derin yaralar\u0131n zaman\u0131nda tedavi edilmemesi, hastan\u0131n sa\u011fl\u0131\u011f\u0131na ve b\u0131y\u0131k b\u00f6lgesindeki k\u0131l k\u00f6klerine zarar verebilir.&nbsp;<\/p>\n\n\n\n<p><strong>B\u0131y\u0131k al\u0131\u015fkanl\u0131\u011f\u0131:<\/strong>&nbsp;Baz\u0131 ki\u015filer fark etmese de \u00e7e\u015fitli tikler vard\u0131r. Bu hareketlerin s\u0131k tekrarlanmas\u0131 zamanla k\u0131l k\u00f6klerine zarar verebilir.<\/p>\n\n\n\n<p><strong>\u0130ltihaplanma ve Enfeksiyonlar:<\/strong>&nbsp;\u00dcst dudak b\u00f6lgesindeki iltihaplanma, ilgili b\u00f6lgede ileride d\u00f6k\u00fclmeye neden olur. Ayr\u0131ca, sivilce say\u0131s\u0131n\u0131n fazla olmas\u0131 k\u0131l k\u00f6klerini olumsuz etkileyebilir. K\u0131l k\u00f6kleri tedavi edilmeden kaybolabilir.&nbsp;<\/p>\n\n\n\n<p><strong>Sedef hastal\u0131\u011f\u0131:<\/strong>&nbsp;Sedef hastal\u0131\u011f\u0131, b\u0131y\u0131k ve sakal k\u00f6klerine zarar veren bir di\u011fer hastal\u0131kt\u0131r. Baz\u0131 durumlarda dudaklardaki k\u0131l k\u00f6kleri ciddi \u015fekilde zarar g\u00f6rebilir.<\/p>\n\n\n\n<h4 class=\"wp-block-heading\"><strong>B\u0131y\u0131k Ekimi Sonras\u0131<\/strong><\/h4>\n\n\n\n<p>Ameliyat b\u00f6lgenizi saran bir bandajla hastaneden ayr\u0131l\u0131rs\u0131n\u0131z. Pansuman\u0131 \u00fc\u00e7 g\u00fcn boyunca ara s\u0131ra de\u011fi\u015ftirmelisiniz. Bu s\u00fcre zarf\u0131nda y\u00fcz\u00fcn\u00fcz\u00fc y\u0131kamamal\u0131s\u0131n\u0131z; ekimden sonraki iyile\u015fme s\u00fcreci yakla\u015f\u0131k on g\u00fcn s\u00fcrer. Bu s\u00fcre\u00e7te sa\u00e7 k\u00f6kleri kabuklan\u0131r. Bu kabuklanma, 3. g\u00fcnk\u00fc ilk y\u0131kamayla birlikte yava\u015f yava\u015f kaybolmaya ba\u015flar. Ard\u0131ndan, ekim b\u00f6lgesindeki k\u00f6klerin rahatlad\u0131\u011f\u0131n\u0131 ve geli\u015fti\u011fini hissedebilirsiniz.<\/p>\n\n\n\n<p>B\u0131y\u0131klar\u0131n\u0131z\u0131 15 g\u00fcn sonra makasla k\u0131saltabilirsiniz. Ancak, makas kullan\u0131rken dikkatli olun, \u00e7\u00fcnk\u00fc k\u00f6kler hen\u00fcz deriye tutunmam\u0131\u015f olabilir. Operasyondan 2-3 hafta sonra d\u00f6k\u00fclme meydana gelebilir. 2-3 ay sonra yeni b\u0131y\u0131\u011f\u0131n\u0131z tekrar \u00e7\u0131kar ve normal seyrinde uzamaya devam eder. B\u0131y\u0131k ekiminden alt\u0131 ay sonra k\u00f6kler deriye tutunur ve bu sayede normal d\u00f6ng\u00fcs\u00fcnde uzamaya devam eder.<\/p>\n\n\n\n<h4 class=\"wp-block-heading\">&nbsp;<strong>B\u0131y\u0131k Ekimi Ameliyat\u0131 G\u00fcn\u00fc \u0130pu\u00e7lar\u0131<\/strong><\/h4>\n\n\n\n<p>Nakilden \u00f6nceki ameliyat g\u00fcn\u00fcnde doktorunuzun tavsiyelerine uyman\u0131z \u00e7ok \u00f6nemlidir \u00e7\u00fcnk\u00fc Tavsiyelere uymak, naklin ba\u015far\u0131s\u0131 \u00fczerinde \u00f6nemli bir etkiye sahiptir. Ameliyat g\u00fcn\u00fc i\u00e7in ipu\u00e7lar\u0131n\u0131 a\u015fa\u011f\u0131da bulabilirsiniz:<\/p>\n\n\n\n<ul class=\"wp-block-list\">\n<li>Ameliyat g\u00fcn\u00fc y\u00fcz\u00fcn\u00fcze s\u00fcrtmeyecek bol giysiler tercih edin.<\/li>\n\n\n\n<li>B\u0131y\u0131k ekimi \u00f6ncesinde sigara i\u00e7mek, operasyonu ve iyile\u015fme s\u00fcrecini zorla\u015ft\u0131rd\u0131\u011f\u0131 i\u00e7in yasakt\u0131r.<\/li>\n\n\n\n<li>Abart\u0131l\u0131 istek ve beklentiler operasyonun gidi\u015fat\u0131n\u0131 etkileyebilir.<\/li>\n\n\n\n<li>Hafif yiyecekler yemeli ve tokluk hissetti\u011finiz anda hastaneye gitmelisiniz.<\/li>\n\n\n\n<li>E\u011fer ila\u00e7 kullan\u0131yorsan\u0131z, ameliyattan \u00f6nce doktorunuza bilgi vermelisiniz.&nbsp;<\/li>\n\n\n\n<li>Alkol b\u0131y\u0131k ekiminin sonu\u00e7lar\u0131n\u0131 olumsuz etkiliyor.<\/li>\n\n\n\n<li>Zaten b\u0131y\u0131\u011f\u0131n\u0131z varsa, kendiniz kesmemelisiniz. Ameliyat g\u00fcn\u00fc yap\u0131lan analizden sonra, gerekirse uzmanlar hastane ortam\u0131nda b\u0131y\u0131\u011f\u0131n\u0131z\u0131 k\u0131saltabilir.<\/li>\n\n\n\n<li>Ameliyattan \u00f6nce kafeinli i\u00e7eceklerden uzak durman\u0131zda fayda var.<\/li>\n<\/ul>\n\n\n\n<p>T\u00fcm bu \u00f6nerilere dikkat etti\u011finizde ekim i\u015fleminiz kolay ve etkili olacakt\u0131r.<\/p>\n\n\n\n<h3 class=\"wp-block-heading\"><strong>B\u0131y\u0131k Ekimi Maliyeti&nbsp;<\/strong><\/h3>\n\n\n\n<p>Nakil i\u00e7in kesin bir fiyat vermek m\u00fcmk\u00fcn de\u011fildir, \u00e7\u00fcnk\u00fc fiyat\u0131 etkileyen bir\u00e7ok fakt\u00f6r vard\u0131r. Bu nedenle, daha fazla bilgi i\u00e7in Whatsapp \u00fczerinden bize ula\u015fman\u0131z\u0131 \u00f6neririz.&nbsp;<strong>b\u0131y\u0131k ekimi maliyeti<\/strong>&nbsp;ve s\u00fcre\u00e7. Kafan\u0131zdaki soru i\u015faretlerini gidermek i\u00e7in h\u0131zl\u0131 bir g\u00f6r\u00fc\u015fme yapabilirsiniz.<\/p>\n\n\n\n<p>Uzman\u0131n\u0131zla yapaca\u011f\u0131n\u0131z g\u00f6r\u00fc\u015fmeyle b\u0131y\u0131k ekimi planlamas\u0131, operasyonun kesin maliyetini belirleyecektir. Bu planlamada, ekilecek sa\u00e7 k\u00f6k\u00fc say\u0131s\u0131n\u0131, don\u00f6r b\u00f6lgeleri ve ekim tekni\u011fini siz belirlersiniz. Bu fakt\u00f6rler, b\u0131y\u0131k ekimi maliyetinin belirlenmesinde b\u00fcy\u00fck \u00f6nem ta\u015f\u0131r. Sa\u00e7lar\u0131n sa\u011fl\u0131kl\u0131 ve rahat bir \u015fekilde ekilmesi, k\u00fc\u00e7\u00fck fiyat farklar\u0131ndan daha \u00f6nemlidir. Bu nedenle, g\u00fcvenilir bir uzmandan tavsiye almak faydal\u0131d\u0131r.<\/p>\n\n\n\n<p>\u00d6te yandan,&nbsp;<strong>b\u0131y\u0131k ekimi maliyeti<\/strong>&nbsp;Sa\u00e7 ekimi fiyatlar\u0131yla ayn\u0131 seviyededir. Ancak detayl\u0131 bir analiz, t\u00fcm s\u00fcre\u00e7 hakk\u0131nda g\u00fcvenilir bilgi sa\u011flayacakt\u0131r. B\u0131y\u0131k ekiminde en \u00f6nemli unsurun hizmet kalitesi oldu\u011funu bilmelisiniz.&nbsp;<\/p>\n\n\n\n<p>G\u00fcvenilir, deneyimli ve alan\u0131nda uzman ki\u015filerin bulundu\u011fu bir merkez bulmak, nakil operasyonunun sonu\u00e7lar\u0131n\u0131 etkiler. <a href=\"https:\/\/healthestetik.com\/tr\/bize-ulasin\/\"  data-wpil-monitor-id=\"216\">Bize Ula\u015f\u0131n<\/a> S\u00fcrecinizin detayl\u0131 bir plan\u0131n\u0131 almak i\u00e7in. B\u0131y\u0131k ekimi konusunda size kaliteli bir hizmet sunmaktan mutluluk duyar\u0131z.<\/p>\n\n\n\n<h2 class=\"wp-block-heading\">&nbsp;Sakal ekimi kons\u00fcltasyonu i\u00e7in nas\u0131l randevu alabilirim?<\/h2>\n\n\n\n<p>Sakal ekimi i\u00e7in bir klinikten randevunuzu tek bir t\u0131klamayla alabilirsiniz. \u0130lk temas telefon \u00fczerinden olacak ve t\u0131bbi dan\u0131\u015fman, daha sonra doktorunuzla te\u015fhis koyman\u0131z i\u00e7in bir t\u0131bbi dosya olu\u015fturacak ve s\u00fcre\u00e7 ak\u0131\u015f\u0131na devam edecektir.<\/p>\n\n\n\n<h2 class=\"wp-block-heading\">&nbsp;Sakal ekimi sonras\u0131 alkol alabilir miyim?<\/h2>\n\n\n\n<p>Sakal ekimi sonras\u0131 olu\u015fan k\u0131zar\u0131kl\u0131k ve yutkunma hissini kontrol alt\u0131na almak i\u00e7in doktorunuz 1 hafta s\u00fcreyle ila\u00e7 verece\u011finden, en az\u0131ndan ilk on g\u00fcn alkoll\u00fc \u00fcr\u00fcn t\u00fcketmeniz tavsiye edilmez.<\/p>","protected":false},"excerpt":{"rendered":"<p>Sakal ve B\u0131y\u0131k Ekimi Sakal ve b\u0131y\u0131k ekimi son y\u0131llarda olduk\u00e7a pop\u00fcler bir trend haline geldi.<\/p>","protected":false},"author":1,"featured_media":833,"parent":0,"menu_order":0,"comment_status":"open","ping_status":"open","template":"elementor_header_footer","meta":{"rs_blank_template":"","rs_page_bg_color":"","slide_template_v7":"","footnotes":""},"class_list":["post-679","page","type-page","status-publish","has-post-thumbnail","hentry"],"_links":{"self":[{"href":"https:\/\/healthestetik.com\/tr\/wp-json\/wp\/v2\/pages\/679","targetHints":{"allow":["GET"]}}],"collection":[{"href":"https:\/\/healthestetik.com\/tr\/wp-json\/wp\/v2\/pages"}],"about":[{"href":"https:\/\/healthestetik.com\/tr\/wp-json\/wp\/v2\/types\/page"}],"author":[{"embeddable":true,"href":"https:\/\/healthestetik.com\/tr\/wp-json\/wp\/v2\/users\/1"}],"replies":[{"embeddable":true,"href":"https:\/\/healthestetik.com\/tr\/wp-json\/wp\/v2\/comments?post=679"}],"version-history":[{"count":0,"href":"https:\/\/healthestetik.com\/tr\/wp-json\/wp\/v2\/pages\/679\/revisions"}],"wp:featuredmedia":[{"embeddable":true,"href":"https:\/\/healthestetik.com\/tr\/wp-json\/wp\/v2\/media\/833"}],"wp:attachment":[{"href":"https:\/\/healthestetik.com\/tr\/wp-json\/wp\/v2\/media?parent=679"}],"curies":[{"name":"wp","href":"https:\/\/api.w.org\/{rel}","templated":true}]}}