{"id":631,"date":"2022-12-08T13:44:32","date_gmt":"2022-12-08T10:44:32","guid":{"rendered":"https:\/\/healthestetik.com\/?p=631"},"modified":"2025-06-10T17:09:55","modified_gmt":"2025-06-10T14:09:55","slug":"dolgu-enjeksiyonlari","status":"publish","type":"page","link":"https:\/\/healthestetik.com\/tr\/dolgu-enjeksiyonlari\/","title":{"rendered":"Dolgu Enjeksiyonlar\u0131"},"content":{"rendered":"<div class=\"wpb-content-wrapper\"><div class=\"vc_row wpb_row row top-row wpb_custom_034b39d9bc6c6b310d69e39f0ccf274f\"><div class=\"vc_column_container col-md-12\"><div class=\"wpb_wrapper vc_column-inner\">\r\n\t<div class=\"wpb_text_column wpb_content_element wpb_custom_7c91d232724f73626cc933bd95b25ff0\" >\r\n\t\t<div class=\"wpb_wrapper\">\r\n\t\t\t<figure class=\"wp-block-image size-large\"><img fetchpriority=\"high\" decoding=\"async\" class=\"alignnone wp-image-850 size-full\" title=\"Dolgu Enjeksiyonu\" src=\"https:\/\/healthestetik.com\/wp-content\/uploads\/2024\/10\/dermal-filler-injection.jpg\" alt=\"\" width=\"1440\" height=\"645\" srcset=\"https:\/\/healthestetik.com\/wp-content\/uploads\/2024\/10\/dermal-filler-injection.jpg 1440w, https:\/\/healthestetik.com\/wp-content\/uploads\/2024\/10\/dermal-filler-injection-1024x459.jpg 1024w, https:\/\/healthestetik.com\/wp-content\/uploads\/2024\/10\/dermal-filler-injection-768x344.jpg 768w, https:\/\/healthestetik.com\/wp-content\/uploads\/2024\/10\/dermal-filler-injection-320x143.jpg 320w, https:\/\/healthestetik.com\/wp-content\/uploads\/2024\/10\/dermal-filler-injection-480x215.jpg 480w, https:\/\/healthestetik.com\/wp-content\/uploads\/2024\/10\/dermal-filler-injection-800x358.jpg 800w, https:\/\/healthestetik.com\/wp-content\/uploads\/2024\/10\/dermal-filler-injection-640x287.jpg 640w, https:\/\/healthestetik.com\/wp-content\/uploads\/2024\/10\/dermal-filler-injection-400x179.jpg 400w\" sizes=\"(max-width: 1440px) 100vw, 1440px\" \/><figcaption class=\"wp-element-caption\">Dolgu enjeksiyonlar\u0131<\/figcaption><\/figure>\n<p><!-- \/wp:post-content --><\/p>\n<p><!-- wp:paragraph -->K\u0131r\u0131\u015f\u0131kl\u0131klar\u0131n\u0131zdan kurtulmaya m\u0131 \u00e7al\u0131\u015f\u0131yorsunuz? Dolgu enjeksiyonlar\u0131 gen\u00e7 bir g\u00f6r\u00fcn\u00fcme kavu\u015fman\u0131za yard\u0131mc\u0131 olabilir. \u0130yi yan\u0131 ise geleneksel y\u00f6ntemlere k\u0131yasla \u00e7ok daha uygun fiyatl\u0131 olmalar\u0131d\u0131r. <a href=\"https:\/\/healthestetik.com\/tr\/yuz-germe\/\" data-wpil-monitor-id=\"16\">y\u00fcz germe<\/a> \u0130\u015flemler. 30 dakikadan k\u0131sa s\u00fcrede, bir y\u0131la kadar kal\u0131c\u0131, ola\u011fan\u00fcst\u00fc sonu\u00e7lar elde edebilirsiniz. Botoks enjeksiyonlar\u0131, alttaki kaslar\u0131 gev\u015feterek k\u0131r\u0131\u015f\u0131kl\u0131klar\u0131 azalt\u0131rken, dolgu enjeksiyonu, dolgu enjeksiyonlar\u0131 olarak da bilinen dolgu enjeksiyonlar\u0131 sayesinde k\u0131r\u0131\u015f\u0131kl\u0131klar\u0131 do\u011frudan doldurarak giderir.<\/p>\n<p><!-- \/wp:paragraph --><\/p>\n<p><!-- wp:paragraph -->Plastik cerrahlar bu dolgular\u0131 v\u00fccudun hemen hemen her yerine enjekte edebilirler. Dolay\u0131s\u0131yla, \u00e7e\u015fitli dolgu enjeksiyonu prosed\u00fcrleri mevcuttur. Baz\u0131 \u00f6rnekler \u015funlard\u0131r:<\/p>\n<p><!-- \/wp:paragraph --><br \/>\n<!-- wp:list --><\/p>\n<ul>\n<li style=\"list-style-type: none;\">\n<ul><!-- wp:list-item --><\/p>\n<li><strong>Dudak Dolgusu Enjeksiyonlar\u0131:&nbsp;<\/strong>Dudak dolgusu enjeksiyonlar\u0131, dudaklar\u0131n\u0131 b\u00fcy\u00fctmek isteyen hastalar aras\u0131nda olduk\u00e7a pop\u00fclerdir. Bu enjeksiyonlar, dudaklara \u00f6nemli bir hacim kazand\u0131rarak daha dolgun ve dolgun dudaklar sa\u011flar.<\/li>\n<p><!-- \/wp:list-item --><br \/>\n<!-- wp:list-item --><\/p>\n<li><a href=\"https:\/\/healthestetik.com\/tr\/meme-buyutme-buyutme\/\" data-wpil-monitor-id=\"39\">G\u00f6\u011f\u00fcs Dolgu Enjeksiyonlar\u0131: Bu enjeksiyonlar g\u00f6\u011f\u00fcsleri b\u00fcy\u00fctebilir.<\/a> G\u00f6\u011f\u00fcslerin do\u011fal g\u00f6r\u00fcn\u00fcm\u00fcn\u00fc koruyarak.<\/li>\n<p><!-- \/wp:list-item --><br \/>\n<!-- wp:list-item --><\/p>\n<li><strong>G\u00f6z Alt\u0131 Dolgu Enjeksiyonlar\u0131:&nbsp;<\/strong>G\u00f6z alt\u0131 dolgu enjeksiyonlar\u0131 g\u00f6z alt\u0131ndaki cildi s\u0131k\u0131la\u015ft\u0131rabilir ve hastaya dinlenmi\u015f bir g\u00f6r\u00fcn\u00fcm kazand\u0131rabilir.<\/li>\n<\/ul>\n<\/li>\n<\/ul>\n<p><!-- \/wp:list-item --><!-- \/wp:list --> <img decoding=\"async\" class=\"aligncenter size-large wp-image-2045\" src=\"https:\/\/healthestetik.com\/wp-content\/uploads\/2025\/06\/jawline-1024x1024.jpg\" alt=\"\" width=\"1024\" height=\"1024\" srcset=\"https:\/\/healthestetik.com\/wp-content\/uploads\/2025\/06\/jawline-1024x1024.jpg 1024w, https:\/\/healthestetik.com\/wp-content\/uploads\/2025\/06\/jawline-768x768.jpg 768w, https:\/\/healthestetik.com\/wp-content\/uploads\/2025\/06\/jawline-320x320.jpg 320w, https:\/\/healthestetik.com\/wp-content\/uploads\/2025\/06\/jawline-480x480.jpg 480w, https:\/\/healthestetik.com\/wp-content\/uploads\/2025\/06\/jawline-800x800.jpg 800w, https:\/\/healthestetik.com\/wp-content\/uploads\/2025\/06\/jawline-640x640.jpg 640w, https:\/\/healthestetik.com\/wp-content\/uploads\/2025\/06\/jawline-400x400.jpg 400w, https:\/\/healthestetik.com\/wp-content\/uploads\/2025\/06\/jawline-560x560.jpg 560w, https:\/\/healthestetik.com\/wp-content\/uploads\/2025\/06\/jawline-367x367.jpg 367w\" sizes=\"(max-width: 1024px) 100vw, 1024px\" \/><\/p>\n<p><!-- wp:paragraph \/--><br \/>\n<!-- wp:heading --><\/p>\n<h2><strong>Dolgu Enjeksiyonlar\u0131n\u0131n Maddeleri<\/strong><\/h2>\n<p><!-- \/wp:heading --><\/p>\n<p><!-- wp:paragraph -->&quot;Evet, sonu\u00e7lar olduk\u00e7a tatmin edici g\u00f6r\u00fcn\u00fcyor. Peki enjekte ettikleri bu madde nedir?&quot; diye sorabilirsiniz. Dolgu enjeksiyonlar\u0131,&nbsp;<strong>dermal dolgu enjeksiyonlar\u0131 olarak<\/strong>Bu dermal dolgu maddeleri, v\u00fccutta genellikle do\u011fal olarak bulunan jel benzeri maddelerdir. Sentetik alternatifleri de mevcuttur. Bu maddelerin neler oldu\u011funa bir bakal\u0131m.<\/p>\n<p><!-- \/wp:paragraph --><br \/>\n<!-- wp:list {\"ordered\":true} --><\/p>\n<ol>\n<li style=\"list-style-type: none;\">\n<ol><!-- wp:list-item --><\/p>\n<li>Hyaluronik Asit \u2013 V\u00fccutta do\u011fal olarak bulunur, cildi dolgun ve nemli tutar.<\/li>\n<p><!-- \/wp:list-item --><br \/>\n<!-- wp:list-item --><\/p>\n<li>Kalsiyum Hidroksilapatit \u2013 kemiklerde bulunur, HA&#039;ya k\u0131yasla daha uzun s\u00fcre dayan\u0131r (12 ay)<\/li>\n<p><!-- \/wp:list-item --><br \/>\n<!-- wp:list-item --><\/p>\n<li>Poli-L-Laktik Asit \u2013 sentetik ama g\u00fcvenli, 2 y\u0131la kadar etkilidir.<\/li>\n<p><!-- \/wp:list-item --><br \/>\n<!-- wp:list-item --><\/p>\n<li>Polimetilmetakrilat \u2013 sentetik, t\u0131pta yayg\u0131n olarak kullan\u0131l\u0131r<\/li>\n<p><!-- \/wp:list-item --><br \/>\n<!-- wp:list-item --><\/p>\n<li>Otolog Ya\u011f \u2013 Hastan\u0131n kendi ya\u011f\u0131ndan elde edilen ya\u011f, do\u011fal ve uzun s\u00fcreli sonu\u00e7lar sa\u011flar.<\/li>\n<\/ol>\n<\/li>\n<\/ol>\n<p><!-- \/wp:list-item --><!-- \/wp:list --><\/p>\n<p><!-- wp:paragraph -->Yani, plastik cerrahlar\u0131n bu i\u015flemlerde kulland\u0131\u011f\u0131 \u00e7e\u015fitli maddeler var. Her maddenin kendine g\u00f6re avantajlar\u0131 var. <a href=\"https:\/\/healthestetik.com\/tr\/bize-ulasin\/\" data-wpil-monitor-id=\"221\">bize Ula\u015f\u0131n<\/a> Hedeflerinize ula\u015fman\u0131zda hangi duyunun sizin i\u00e7in daha uygun oldu\u011funu \u00f6\u011frenmek istiyorsan\u0131z, uzmanlar\u0131m\u0131z size memnuniyetle daha fazla bilgi sa\u011flayacakt\u0131r.<\/p>\n<p><!-- \/wp:paragraph --><br \/>\n<!-- wp:heading --><\/p>\n<h2><strong><img decoding=\"async\" class=\"aligncenter size-large wp-image-2048\" src=\"https:\/\/healthestetik.com\/wp-content\/uploads\/2025\/06\/sakak-1024x1024.jpg\" alt=\"\" width=\"1024\" height=\"1024\" srcset=\"https:\/\/healthestetik.com\/wp-content\/uploads\/2025\/06\/sakak-1024x1024.jpg 1024w, https:\/\/healthestetik.com\/wp-content\/uploads\/2025\/06\/sakak-768x768.jpg 768w, https:\/\/healthestetik.com\/wp-content\/uploads\/2025\/06\/sakak-320x320.jpg 320w, https:\/\/healthestetik.com\/wp-content\/uploads\/2025\/06\/sakak-480x480.jpg 480w, https:\/\/healthestetik.com\/wp-content\/uploads\/2025\/06\/sakak-800x800.jpg 800w, https:\/\/healthestetik.com\/wp-content\/uploads\/2025\/06\/sakak-640x640.jpg 640w, https:\/\/healthestetik.com\/wp-content\/uploads\/2025\/06\/sakak-400x400.jpg 400w, https:\/\/healthestetik.com\/wp-content\/uploads\/2025\/06\/sakak-560x560.jpg 560w, https:\/\/healthestetik.com\/wp-content\/uploads\/2025\/06\/sakak-367x367.jpg 367w\" sizes=\"(max-width: 1024px) 100vw, 1024px\" \/><\/strong><\/h2>\n<h2><strong><img loading=\"lazy\" decoding=\"async\" class=\"aligncenter size-large wp-image-2043\" src=\"https:\/\/healthestetik.com\/wp-content\/uploads\/2025\/06\/jawline-4-1024x1024.jpg\" alt=\"\" width=\"1024\" height=\"1024\" srcset=\"https:\/\/healthestetik.com\/wp-content\/uploads\/2025\/06\/jawline-4-1024x1024.jpg 1024w, https:\/\/healthestetik.com\/wp-content\/uploads\/2025\/06\/jawline-4-768x768.jpg 768w, https:\/\/healthestetik.com\/wp-content\/uploads\/2025\/06\/jawline-4-320x320.jpg 320w, https:\/\/healthestetik.com\/wp-content\/uploads\/2025\/06\/jawline-4-480x480.jpg 480w, https:\/\/healthestetik.com\/wp-content\/uploads\/2025\/06\/jawline-4-800x800.jpg 800w, https:\/\/healthestetik.com\/wp-content\/uploads\/2025\/06\/jawline-4-640x640.jpg 640w, https:\/\/healthestetik.com\/wp-content\/uploads\/2025\/06\/jawline-4-400x400.jpg 400w, https:\/\/healthestetik.com\/wp-content\/uploads\/2025\/06\/jawline-4-560x560.jpg 560w, https:\/\/healthestetik.com\/wp-content\/uploads\/2025\/06\/jawline-4-367x367.jpg 367w\" sizes=\"(max-width: 1024px) 100vw, 1024px\" \/><\/strong><\/h2>\n<h2><strong><img loading=\"lazy\" decoding=\"async\" class=\"aligncenter size-large wp-image-2042\" src=\"https:\/\/healthestetik.com\/wp-content\/uploads\/2025\/06\/jawline-3-1024x1024.jpg\" alt=\"\" width=\"1024\" height=\"1024\" srcset=\"https:\/\/healthestetik.com\/wp-content\/uploads\/2025\/06\/jawline-3-1024x1024.jpg 1024w, https:\/\/healthestetik.com\/wp-content\/uploads\/2025\/06\/jawline-3-768x768.jpg 768w, https:\/\/healthestetik.com\/wp-content\/uploads\/2025\/06\/jawline-3-320x320.jpg 320w, https:\/\/healthestetik.com\/wp-content\/uploads\/2025\/06\/jawline-3-480x480.jpg 480w, https:\/\/healthestetik.com\/wp-content\/uploads\/2025\/06\/jawline-3-800x800.jpg 800w, https:\/\/healthestetik.com\/wp-content\/uploads\/2025\/06\/jawline-3-640x640.jpg 640w, https:\/\/healthestetik.com\/wp-content\/uploads\/2025\/06\/jawline-3-400x400.jpg 400w, https:\/\/healthestetik.com\/wp-content\/uploads\/2025\/06\/jawline-3-560x560.jpg 560w, https:\/\/healthestetik.com\/wp-content\/uploads\/2025\/06\/jawline-3-367x367.jpg 367w\" sizes=\"(max-width: 1024px) 100vw, 1024px\" \/><\/strong><\/h2>\n<h2><strong><img loading=\"lazy\" decoding=\"async\" class=\"aligncenter size-large wp-image-2041\" src=\"https:\/\/healthestetik.com\/wp-content\/uploads\/2025\/06\/jawline-2-1024x1024.jpg\" alt=\"\" width=\"1024\" height=\"1024\" srcset=\"https:\/\/healthestetik.com\/wp-content\/uploads\/2025\/06\/jawline-2-1024x1024.jpg 1024w, https:\/\/healthestetik.com\/wp-content\/uploads\/2025\/06\/jawline-2-768x768.jpg 768w, https:\/\/healthestetik.com\/wp-content\/uploads\/2025\/06\/jawline-2-320x320.jpg 320w, https:\/\/healthestetik.com\/wp-content\/uploads\/2025\/06\/jawline-2-480x480.jpg 480w, https:\/\/healthestetik.com\/wp-content\/uploads\/2025\/06\/jawline-2-800x800.jpg 800w, https:\/\/healthestetik.com\/wp-content\/uploads\/2025\/06\/jawline-2-640x640.jpg 640w, https:\/\/healthestetik.com\/wp-content\/uploads\/2025\/06\/jawline-2-400x400.jpg 400w, https:\/\/healthestetik.com\/wp-content\/uploads\/2025\/06\/jawline-2-560x560.jpg 560w, https:\/\/healthestetik.com\/wp-content\/uploads\/2025\/06\/jawline-2-367x367.jpg 367w\" sizes=\"(max-width: 1024px) 100vw, 1024px\" \/>T\u00fcrkiye&#039;de Dolgu Enjeksiyonu<\/strong><\/h2>\n<p><!-- \/wp:heading --><\/p>\n<p><!-- wp:paragraph -->Kozmetik sekt\u00f6r\u00fc T\u00fcrkiye&#039;de y\u00fckseli\u015fte. Bu sekt\u00f6re yap\u0131lan \u00f6nemli yat\u0131r\u0131mlar, son derece geli\u015fmi\u015f teknolojilerin kullan\u0131m\u0131na olanak sa\u011fl\u0131yor. Geli\u015fmi\u015f teknoloji, deneyimli kadroyla birle\u015fti\u011finde ola\u011fan\u00fcst\u00fc sonu\u00e7lar do\u011furabiliyor. Kliniklerimizde en yeni teknolojileri uygulad\u0131\u011f\u0131m\u0131z\u0131 ve en yetenekli personeli istihdam etti\u011fimizi duyurmaktan gurur duyuyoruz.<\/p>\n<p><!-- \/wp:paragraph --><\/p>\n<p><!-- wp:paragraph --><strong>T\u00fcrkiye&#039;de dolgu enjeksiyonu&nbsp;<\/strong>D\u00f6viz kuru de\u011fi\u015fimleri nedeniyle maliyetler nispeten daha d\u00fc\u015f\u00fck. Dolgu yapt\u0131rmay\u0131 planl\u0131yorsan\u0131z T\u00fcrkiye makul bir se\u00e7enek. Ayr\u0131ca buradayken baz\u0131 tarihi ve do\u011fal yerleri de ziyaret edebilirsiniz. Daha fazla bilgi edinmek i\u00e7in bizimle ileti\u015fime ge\u00e7mekten \u00e7ekinmeyin.&nbsp;<strong>dolgu enjeksiyonu maliyetleri<\/strong>Uzmanlar\u0131m\u0131z, isteklerinizi de kar\u015f\u0131layacak uygun maliyetli bir plan geli\u015ftirecektir.<\/p>\n<p><!-- \/wp:paragraph -->&nbsp;<\/p>\n\r\n\t\t<\/div>\r\n\t<\/div>\r\n<\/div><\/div><\/div><\/div>","protected":false},"excerpt":{"rendered":"Filler injections Are you trying to get rid of your wrinkles? Filler injections can help you get a youthful appearance. What is good about them is that they cost a fraction compared to traditional facelift operations. In less than 30 minutes, you can get outstanding results that will last up to a year. While Botox [...]","protected":false},"author":1,"featured_media":850,"parent":0,"menu_order":0,"comment_status":"open","ping_status":"open","template":"elementor_header_footer","meta":{"rs_blank_template":"","rs_page_bg_color":"","slide_template_v7":"","footnotes":""},"class_list":["post-631","page","type-page","status-publish","has-post-thumbnail","hentry"],"_links":{"self":[{"href":"https:\/\/healthestetik.com\/tr\/wp-json\/wp\/v2\/pages\/631","targetHints":{"allow":["GET"]}}],"collection":[{"href":"https:\/\/healthestetik.com\/tr\/wp-json\/wp\/v2\/pages"}],"about":[{"href":"https:\/\/healthestetik.com\/tr\/wp-json\/wp\/v2\/types\/page"}],"author":[{"embeddable":true,"href":"https:\/\/healthestetik.com\/tr\/wp-json\/wp\/v2\/users\/1"}],"replies":[{"embeddable":true,"href":"https:\/\/healthestetik.com\/tr\/wp-json\/wp\/v2\/comments?post=631"}],"version-history":[{"count":0,"href":"https:\/\/healthestetik.com\/tr\/wp-json\/wp\/v2\/pages\/631\/revisions"}],"wp:featuredmedia":[{"embeddable":true,"href":"https:\/\/healthestetik.com\/tr\/wp-json\/wp\/v2\/media\/850"}],"wp:attachment":[{"href":"https:\/\/healthestetik.com\/tr\/wp-json\/wp\/v2\/media?parent=631"}],"curies":[{"name":"wp","href":"https:\/\/api.w.org\/{rel}","templated":true}]}}