{"id":790,"date":"2022-12-11T19:07:33","date_gmt":"2022-12-11T16:07:33","guid":{"rendered":"https:\/\/healthestetik.com\/?p=790"},"modified":"2025-05-08T14:05:19","modified_gmt":"2025-05-08T11:05:19","slug":"brustvergroserung-2","status":"publish","type":"page","link":"https:\/\/healthestetik.com\/de\/brustvergroserung-2\/","title":{"rendered":"Brustvergr\u00f6\u00dferung"},"content":{"rendered":"<figure class=\"wp-block-image size-large is-resized\"><img fetchpriority=\"high\" decoding=\"async\" width=\"1024\" height=\"459\" src=\"https:\/\/healthestetik.com\/wp-content\/uploads\/2024\/10\/breast-asymmetry-1024x459.jpg\" alt=\"\" class=\"wp-image-844\" style=\"width:1236px;height:auto\" srcset=\"https:\/\/healthestetik.com\/wp-content\/uploads\/2024\/10\/breast-asymmetry-1024x459.jpg 1024w, https:\/\/healthestetik.com\/wp-content\/uploads\/2024\/10\/breast-asymmetry-768x344.jpg 768w, https:\/\/healthestetik.com\/wp-content\/uploads\/2024\/10\/breast-asymmetry-320x143.jpg 320w, https:\/\/healthestetik.com\/wp-content\/uploads\/2024\/10\/breast-asymmetry-480x215.jpg 480w, https:\/\/healthestetik.com\/wp-content\/uploads\/2024\/10\/breast-asymmetry-800x358.jpg 800w, https:\/\/healthestetik.com\/wp-content\/uploads\/2024\/10\/breast-asymmetry-640x287.jpg 640w, https:\/\/healthestetik.com\/wp-content\/uploads\/2024\/10\/breast-asymmetry-400x179.jpg 400w\" sizes=\"(max-width: 1024px) 100vw, 1024px\" \/><figcaption class=\"wp-element-caption\">Brustvergr\u00f6\u00dferung in der T\u00fcrkei<\/figcaption><\/figure>\n\n\n\n<p><strong>Brustvergr\u00f6\u00dferung in der T\u00fcrkei: Hochwertige Versorgung zu erschwinglichen Preisen<\/strong><\/p>\n\n\n\n<p>Die T\u00fcrkei ist zu einem der beliebtesten Reiseziele f\u00fcr <strong>Brustvergr\u00f6\u00dferungsoperation<\/strong>Wir bieten Ihnen herausragende Servicequalit\u00e4t, qualifizierte Chirurgen und erschwingliche Preise. In unseren Kliniken kombinieren wir modernste medizinische Infrastruktur mit erstklassiger Kundenbetreuung f\u00fcr ein reibungsloses und komfortables Erlebnis.<\/p>\n\n\n\n<p>Jedes Jahr entscheiden sich Tausende Patientinnen f\u00fcr eine Brustvergr\u00f6\u00dferung in der T\u00fcrkei und freuen sich \u00fcber positive Ergebnisse und neues Selbstvertrauen. Hier erfahren Sie alles Wissenswerte \u00fcber diesen lebensver\u00e4ndernden Eingriff.<\/p>\n\n\n\n<figure class=\"wp-block-image size-large is-resized\"><img decoding=\"async\" width=\"1024\" height=\"683\" src=\"https:\/\/healthestetik.com\/wp-content\/uploads\/2024\/12\/105054257_l_normal_none-1024x683.webp?wsr\" alt=\"\" class=\"wp-image-1265\" style=\"width:1236px;height:auto\" srcset=\"https:\/\/healthestetik.com\/wp-content\/uploads\/2024\/12\/105054257_l_normal_none-1024x683.webp 1024w, https:\/\/healthestetik.com\/wp-content\/uploads\/2024\/12\/105054257_l_normal_none-768x512.webp 768w, https:\/\/healthestetik.com\/wp-content\/uploads\/2024\/12\/105054257_l_normal_none-320x213.webp 320w, https:\/\/healthestetik.com\/wp-content\/uploads\/2024\/12\/105054257_l_normal_none-480x320.webp 480w, https:\/\/healthestetik.com\/wp-content\/uploads\/2024\/12\/105054257_l_normal_none-800x533.webp 800w, https:\/\/healthestetik.com\/wp-content\/uploads\/2024\/12\/105054257_l_normal_none-640x427.webp 640w, https:\/\/healthestetik.com\/wp-content\/uploads\/2024\/12\/105054257_l_normal_none-400x267.webp 400w\" sizes=\"(max-width: 1024px) 100vw, 1024px\" \/><\/figure>\n\n\n\n<hr class=\"wp-block-separator has-alpha-channel-opacity\"\/>\n\n\n\n<h3 class=\"wp-block-heading\"><strong>Was ist eine Brustvergr\u00f6\u00dferung?<\/strong><\/h3>\n\n\n\n<p><strong>Brustvergr\u00f6\u00dferung<\/strong> (oder Brustvergr\u00f6\u00dferung) ist ein kosmetischer chirurgischer Eingriff, der darauf abzielt, die Gr\u00f6\u00dfe und Form der Br\u00fcste zu verbessern. Als eine der am h\u00e4ufigsten durchgef\u00fchrten <a href=\"https:\/\/healthestetik.com\/de\/nasenkorrektur\/\"  data-wpil-monitor-id=\"7\">plastische Chirurgie<\/a> Weltweit weist es hohe Erfolgsraten auf und ist eine transformative L\u00f6sung f\u00fcr Frauen, die mit dem Aussehen ihrer Br\u00fcste unzufrieden sind.<\/p>\n\n\n\n<p><strong>Gr\u00fcnde f\u00fcr eine Brustvergr\u00f6\u00dferung<\/strong>:<\/p>\n\n\n\n<ul class=\"wp-block-list\">\n<li>Nat\u00fcrlich kleine Br\u00fcste.<\/li>\n\n\n\n<li>Ver\u00e4nderungen der Brustform oder -gr\u00f6\u00dfe aufgrund von <a href=\"https:\/\/healthestetik.com\/de\/magenballon\/\"  data-wpil-monitor-id=\"148\">Gewichtsverlust<\/a>, Schwangerschaft oder Stillzeit.<\/li>\n\n\n\n<li>Brustrekonstruktion nach Krebs oder anderen Erkrankungen.<\/li>\n<\/ul>\n\n\n\n<p>Psychologische Studien haben gezeigt, dass eine Verbesserung des K\u00f6rperbildes durch Eingriffe wie Brustvergr\u00f6\u00dferungen das Selbstwertgef\u00fchl und die allgemeine Stimmung deutlich steigern kann.<\/p>\n\n\n\n<hr class=\"wp-block-separator has-alpha-channel-opacity\"\/>\n\n\n\n<h3 class=\"wp-block-heading\"><strong>Arten von Brustimplantaten<\/strong><\/h3>\n\n\n\n<p>Es gibt zwei Haupttypen von Brust <a href=\"https:\/\/healthestetik.com\/de\/implantatbehandlung\/\"  data-wpil-monitor-id=\"128\">Implantate<\/a>:<\/p>\n\n\n\n<ol class=\"wp-block-list\">\n<li><strong>Kochsalzimplantate<\/strong>:\n<ul class=\"wp-block-list\">\n<li>Mit sterilem Salzwasser gef\u00fcllte Silikonschalen.<\/li>\n\n\n\n<li>Bei einem Riss wird die Kochsalzl\u00f6sung ohne Gefahr vom K\u00f6rper aufgenommen.<\/li>\n<\/ul>\n<\/li>\n\n\n\n<li><strong>Silikonimplantate<\/strong>:\n<ul class=\"wp-block-list\">\n<li>Mit einem Gel gef\u00fcllte Silikonschalen, die sich nat\u00fcrlicher anf\u00fchlen.<\/li>\n\n\n\n<li>Bietet im Vergleich zu Kochsalzimplantaten eine realistischere Textur und Optik.<\/li>\n<\/ul>\n<\/li>\n<\/ol>\n\n\n\n<figure class=\"wp-block-image size-large is-resized\"><img decoding=\"async\" width=\"1024\" height=\"683\" src=\"https:\/\/healthestetik.com\/wp-content\/uploads\/2024\/12\/111014775_l_normal_none-1024x683.webp?wsr\" alt=\"\" class=\"wp-image-1273\" style=\"width:1236px;height:auto\" srcset=\"https:\/\/healthestetik.com\/wp-content\/uploads\/2024\/12\/111014775_l_normal_none-1024x683.webp 1024w, https:\/\/healthestetik.com\/wp-content\/uploads\/2024\/12\/111014775_l_normal_none-768x512.webp 768w, https:\/\/healthestetik.com\/wp-content\/uploads\/2024\/12\/111014775_l_normal_none-320x213.webp 320w, https:\/\/healthestetik.com\/wp-content\/uploads\/2024\/12\/111014775_l_normal_none-480x320.webp 480w, https:\/\/healthestetik.com\/wp-content\/uploads\/2024\/12\/111014775_l_normal_none-800x533.webp 800w, https:\/\/healthestetik.com\/wp-content\/uploads\/2024\/12\/111014775_l_normal_none-640x427.webp 640w, https:\/\/healthestetik.com\/wp-content\/uploads\/2024\/12\/111014775_l_normal_none-400x267.webp 400w\" sizes=\"(max-width: 1024px) 100vw, 1024px\" \/><\/figure>\n\n\n\n<p><\/p>\n\n\n\n<hr class=\"wp-block-separator has-alpha-channel-opacity\"\/>\n\n\n\n<h3 class=\"wp-block-heading\"><strong>Der Brustvergr\u00f6\u00dferungsprozess<\/strong><\/h3>\n\n\n\n<ol class=\"wp-block-list\">\n<li><strong>Erstberatung<\/strong>:\n<ul class=\"wp-block-list\">\n<li>Besprechen Sie Ihre Ziele mit Ihrem Chirurgen.<\/li>\n\n\n\n<li>\u00dcberpr\u00fcfen Sie die Optionen hinsichtlich Gr\u00f6\u00dfe, Form und Implantattyp.<\/li>\n<\/ul>\n<\/li>\n\n\n\n<li><strong>Details zur Operation<\/strong>:\n<ul class=\"wp-block-list\">\n<li>Dauer: 1\u20132 Stunden.<\/li>\n\n\n\n<li>An\u00e4sthesie: Es wird eine Vollnarkose angewendet.<\/li>\n\n\n\n<li>Narben: Minimal und strategisch platziert, um Diskretion zu gew\u00e4hrleisten.<\/li>\n<\/ul>\n<\/li>\n\n\n\n<li><strong>Nachsorge<\/strong>:\n<ul class=\"wp-block-list\">\n<li>Tragen Sie zur Unterst\u00fctzung einen Kompressions- oder b\u00fcgellosen Sport-BH.<\/li>\n\n\n\n<li>Befolgen Sie die Genesungsanweisungen des Chirurgen.<\/li>\n<\/ul>\n<\/li>\n<\/ol>\n\n\n\n<hr class=\"wp-block-separator has-alpha-channel-opacity\"\/>\n\n\n\n<h3 class=\"wp-block-heading\"><strong>Erholung nach einer Brustvergr\u00f6\u00dferung<\/strong><\/h3>\n\n\n\n<ul class=\"wp-block-list\">\n<li><strong>Erholungszeit<\/strong>: Die meisten Patienten erholen sich innerhalb einer Woche und k\u00f6nnen ihre t\u00e4glichen Aktivit\u00e4ten wieder aufnehmen. Die vollst\u00e4ndige Heilung dauert 5\u20136 Wochen.<\/li>\n\n\n\n<li><strong>Schmerzbehandlung<\/strong>: Leichte bis m\u00e4\u00dfige Schmerzen kommen h\u00e4ufig vor, k\u00f6nnen aber mit verschreibungspflichtigen Medikamenten behandelt werden.<\/li>\n\n\n\n<li><strong>Wichtige Tipps<\/strong>:\n<ul class=\"wp-block-list\">\n<li>Vermeiden Sie die Einnahme von Medikamenten ohne R\u00fccksprache mit Ihrem Arzt.<\/li>\n\n\n\n<li>Befolgen Sie alle postoperativen Anweisungen f\u00fcr eine reibungslose Genesung.<\/li>\n<\/ul>\n<\/li>\n<\/ul>\n\n\n\n<hr class=\"wp-block-separator has-alpha-channel-opacity\"\/>\n\n\n\n<h3 class=\"wp-block-heading\"><strong>Brustvergr\u00f6\u00dferung vorher und nachher<\/strong><\/h3>\n\n\n\n<p>Das Ergebnis Ihrer Operation h\u00e4ngt weitgehend von Ihren Erwartungen und dem K\u00f6nnen Ihres Chirurgen ab. W\u00e4hrend Ihrer Beratung k\u00f6nnen Sie <strong>Vorher-Nachher-Fotos<\/strong> um sicherzustellen, dass die Klinik Ihren Zielen entspricht.<\/p>\n\n\n\n<p>Patienten berichten oft von hoher Zufriedenheit und nennen ein verbessertes Selbstvertrauen und ein besseres K\u00f6rperbild als wesentliche Vorteile. Die Wahl der richtigen Klinik ist entscheidend f\u00fcr das Erreichen der gew\u00fcnschten Ergebnisse.<\/p>\n\n\n\n<hr class=\"wp-block-separator has-alpha-channel-opacity\"\/>\n\n\n\n<h3 class=\"wp-block-heading\"><strong>Kosten einer Brustvergr\u00f6\u00dferung<\/strong><\/h3>\n\n\n\n<p>Die Kosten f\u00fcr <strong>Brustvergr\u00f6\u00dferung<\/strong> variiert basierend auf:<\/p>\n\n\n\n<ul class=\"wp-block-list\">\n<li>Der Standort und der Ruf der Klinik.<\/li>\n\n\n\n<li>Die Fachkompetenz und Erfahrung des Chirurgen.<\/li>\n\n\n\n<li>Die Art des Implantats und die verwendeten chirurgischen Techniken.<\/li>\n<\/ul>\n\n\n\n<p>In unseren Kliniken in der T\u00fcrkei bieten wir:<\/p>\n\n\n\n<ul class=\"wp-block-list\">\n<li>Transparente Preise ohne versteckte Geb\u00fchren (einschlie\u00dflich An\u00e4sthesie, Medikamente und Verband).<\/li>\n\n\n\n<li>All-inclusive-Pakete, die Operation, Hotelunterkunft, Transport und \u00dcbersetzerdienste abdecken.<\/li>\n<\/ul>\n\n\n\n<p><strong>Warum die T\u00fcrkei w\u00e4hlen?<\/strong><br>Eine Brustvergr\u00f6\u00dferung ist in der T\u00fcrkei wesentlich g\u00fcnstiger und kostet oft bis zu 501 TP3T weniger als in den USA, Gro\u00dfbritannien oder Europa, ohne dass dabei Kompromisse bei der Qualit\u00e4t eingegangen werden m\u00fcssen.<\/p>\n\n\n\n<figure class=\"wp-block-image size-large is-resized\"><img loading=\"lazy\" decoding=\"async\" width=\"1024\" height=\"684\" src=\"https:\/\/healthestetik.com\/wp-content\/uploads\/2024\/12\/cropped-view-of-plastic-surgeon-in-latex-gloves-ma-2023-11-27-05-17-18-utc-copy-1024x684.webp?wsr\" alt=\"\" class=\"wp-image-1145\" style=\"width:1236px;height:auto\" srcset=\"https:\/\/healthestetik.com\/wp-content\/uploads\/2024\/12\/cropped-view-of-plastic-surgeon-in-latex-gloves-ma-2023-11-27-05-17-18-utc-copy-1024x684.webp 1024w, https:\/\/healthestetik.com\/wp-content\/uploads\/2024\/12\/cropped-view-of-plastic-surgeon-in-latex-gloves-ma-2023-11-27-05-17-18-utc-copy-768x513.webp 768w, https:\/\/healthestetik.com\/wp-content\/uploads\/2024\/12\/cropped-view-of-plastic-surgeon-in-latex-gloves-ma-2023-11-27-05-17-18-utc-copy-320x214.webp 320w, https:\/\/healthestetik.com\/wp-content\/uploads\/2024\/12\/cropped-view-of-plastic-surgeon-in-latex-gloves-ma-2023-11-27-05-17-18-utc-copy-480x320.webp 480w, https:\/\/healthestetik.com\/wp-content\/uploads\/2024\/12\/cropped-view-of-plastic-surgeon-in-latex-gloves-ma-2023-11-27-05-17-18-utc-copy-800x534.webp 800w, https:\/\/healthestetik.com\/wp-content\/uploads\/2024\/12\/cropped-view-of-plastic-surgeon-in-latex-gloves-ma-2023-11-27-05-17-18-utc-copy-640x427.webp 640w, https:\/\/healthestetik.com\/wp-content\/uploads\/2024\/12\/cropped-view-of-plastic-surgeon-in-latex-gloves-ma-2023-11-27-05-17-18-utc-copy-400x267.webp 400w\" sizes=\"(max-width: 1024px) 100vw, 1024px\" \/><\/figure>\n\n\n\n<hr class=\"wp-block-separator has-alpha-channel-opacity\"\/>\n\n\n\n<h3 class=\"wp-block-heading\"><strong>H\u00e4ufig gestellte Fragen<\/strong><\/h3>\n\n\n\n<p><strong>1. Welche Art von BH sollte ich nach der Operation tragen?<\/strong><br>F\u00fcr optimalen Halt w\u00e4hrend der Genesung ben\u00f6tigen Sie einen medizinischen Kompressions-BH oder einen b\u00fcgellosen Sport-BH. Befolgen Sie stets die Empfehlungen Ihres Chirurgen.<\/p>\n\n\n\n<p><strong>2. Wie w\u00e4hle ich den besten Brustvergr\u00f6\u00dferungschirurgen in der T\u00fcrkei aus?<\/strong><\/p>\n\n\n\n<ul class=\"wp-block-list\">\n<li>Suchen Sie nach Chirurgen mit umfassender Erfahrung und nachweisbaren Ergebnissen.<\/li>\n\n\n\n<li>Informieren Sie sich \u00fcber den Ruf der Klinik und ihre Stellung im Vergleich zu den \u00f6rtlichen Krankenh\u00e4usern.<\/li>\n\n\n\n<li>Stellen Sie sicher, dass in der Klinik modernste Technologien und Techniken eingesetzt werden.<\/li>\n<\/ul>\n\n\n\n<p><strong>3. Warum ist eine Brustvergr\u00f6\u00dferung in der T\u00fcrkei g\u00fcnstiger?<\/strong><br>Die T\u00fcrkei bietet aufgrund niedrigerer L\u00f6hne und Betriebskosten eine g\u00fcnstige Kostenstruktur und bietet qualitativ hochwertige Pflege zu wettbewerbsf\u00e4higen Preisen.<\/p>\n\n\n\n<hr class=\"wp-block-separator has-alpha-channel-opacity\"\/>\n\n\n\n<h3 class=\"wp-block-heading\"><strong>\u00dcbersicht \u00fcber Brustvergr\u00f6\u00dferungsoperationen<\/strong><\/h3>\n\n\n\n<figure class=\"wp-block-table\"><table class=\"has-fixed-layout\"><thead><tr><th><strong>Detail<\/strong><\/th><th><strong>Beschreibung<\/strong><\/th><\/tr><\/thead><tbody><tr><td><strong>Dauer<\/strong><\/td><td>1\u20132 Stunden<\/td><\/tr><tr><td><strong>An\u00e4sthesietyp<\/strong><\/td><td>Allgemein<\/td><\/tr><tr><td><strong>Erste Dusche<\/strong><\/td><td>48 Stunden nach der Operation<\/td><\/tr><tr><td><strong>Altersgrenze<\/strong><\/td><td>18+<\/td><\/tr><tr><td><strong>Krankenhausaufenthalt<\/strong><\/td><td>Nicht erforderlich<\/td><\/tr><tr><td><strong>Schmerzniveau<\/strong><\/td><td>M\u00e4\u00dfig<\/td><\/tr><tr><td><strong>\u00d6demdauer<\/strong><\/td><td>2\u20134 Wochen<\/td><\/tr><tr><td><strong>Narbenbildung<\/strong><\/td><td>Minimal<\/td><\/tr><\/tbody><\/table><\/figure>\n\n\n\n<hr class=\"wp-block-separator has-alpha-channel-opacity\"\/>\n\n\n\n<h3 class=\"wp-block-heading\"><strong>Brustvergr\u00f6\u00dferung in der T\u00fcrkei: Eine kluge Wahl<\/strong><\/h3>\n\n\n\n<p>Die T\u00fcrkei vereint eine fortschrittliche medizinische Infrastruktur, erfahrene Chirurgen und kosteng\u00fcnstige Preise und ist damit ein ideales Reiseziel f\u00fcr <strong>Brustvergr\u00f6\u00dferungsoperation<\/strong>. Unsere All-Inclusive-Pakete sorgen f\u00fcr eine stressfreie Reise, von der Online-Beratung bis zur postoperativen Betreuung.<\/p>\n\n\n\n<p><a href=\"https:\/\/healthestetik.com\/de\/kontaktieren-sie-uns\/\"  data-wpil-monitor-id=\"201\">Kontaktieren Sie uns<\/a> Sprechen Sie noch heute mit unseren medizinischen Beratern, erhalten Sie ein individuelles Preisangebot und machen Sie den ersten Schritt zur Verwirklichung Ihrer \u00e4sthetischen Ziele!<\/p>\n\n\n\n<figure class=\"wp-block-gallery has-nested-images columns-default is-cropped wp-block-gallery-1 is-layout-flex wp-block-gallery-is-layout-flex\"><\/figure>\n\n\n\n<p><\/p>","protected":false},"excerpt":{"rendered":"<p>Als eine der Brustvergr\u00f6\u00dferungskliniken in der T\u00fcrkei bieten wir unseren Klienten einen hochwertigen Service.<\/p>","protected":false},"author":1,"featured_media":845,"parent":0,"menu_order":0,"comment_status":"open","ping_status":"open","template":"elementor_header_footer","meta":{"rs_blank_template":"","rs_page_bg_color":"","slide_template_v7":"","footnotes":""},"class_list":["post-790","page","type-page","status-publish","has-post-thumbnail","hentry"],"_links":{"self":[{"href":"https:\/\/healthestetik.com\/de\/wp-json\/wp\/v2\/pages\/790","targetHints":{"allow":["GET"]}}],"collection":[{"href":"https:\/\/healthestetik.com\/de\/wp-json\/wp\/v2\/pages"}],"about":[{"href":"https:\/\/healthestetik.com\/de\/wp-json\/wp\/v2\/types\/page"}],"author":[{"embeddable":true,"href":"https:\/\/healthestetik.com\/de\/wp-json\/wp\/v2\/users\/1"}],"replies":[{"embeddable":true,"href":"https:\/\/healthestetik.com\/de\/wp-json\/wp\/v2\/comments?post=790"}],"version-history":[{"count":0,"href":"https:\/\/healthestetik.com\/de\/wp-json\/wp\/v2\/pages\/790\/revisions"}],"wp:featuredmedia":[{"embeddable":true,"href":"https:\/\/healthestetik.com\/de\/wp-json\/wp\/v2\/media\/845"}],"wp:attachment":[{"href":"https:\/\/healthestetik.com\/de\/wp-json\/wp\/v2\/media?parent=790"}],"curies":[{"name":"wp","href":"https:\/\/api.w.org\/{rel}","templated":true}]}}