{"id":780,"date":"2022-12-11T18:02:26","date_gmt":"2022-12-11T15:02:26","guid":{"rendered":"https:\/\/healthestetik.com\/?p=780"},"modified":"2025-05-08T14:07:12","modified_gmt":"2025-05-08T11:07:12","slug":"genital-aesthetics","status":"publish","type":"page","link":"https:\/\/healthestetik.com\/de\/genital-aesthetics\/","title":{"rendered":"Genital\u00e4sthetik"},"content":{"rendered":"<p>Genital\u00e4sthetik: Die Akzeptanz chirurgischer Eingriffe zur Ver\u00e4nderung des Erscheinungsbilds der Vagina nimmt zu. Auch der weibliche Intimbereich kann nun einer Operation unterzogen werden. Die chirurgische Ver\u00e4nderung der weiblichen Genitalien umfasst eine Reihe von Eingriffen. Jeder Eingriff zielt auf bestimmte Bereiche ab und verbessert deren Erscheinungsbild. In unserer Klinik finden Sie die besten M\u00f6glichkeiten zur Genital\u00e4sthetik.<\/p>\n\n\n\n<h2 class=\"wp-block-heading\"><strong>Genital\u00e4sthetische Verfahren<\/strong><\/h2>\n\n\n\n<p>&nbsp;Es gibt einen vereinbarten Satz von Verfahren, um das \u00e4sthetische Erscheinungsbild jedes behandelten Bereichs zu verbessern.<\/p>\n\n\n\n<p>&nbsp;Die kritischsten sind:<\/p>\n\n\n\n<ol class=\"wp-block-list\">\n<li>Schamlippenverkleinerung: Verringert sowohl die Gr\u00f6\u00dfe der kleinen Schamlippen als auch deren Hervortreten. Dabei werden die Schamlippen auf eine \u00fcberschaubarere Gr\u00f6\u00dfe verkleinert, wobei der Schwerpunkt auf einer ansprechenden Optik liegt.&nbsp;<\/li>\n\n\n\n<li>Vaginale Straffung: Wie der Name schon sagt, wird die Straffung der Vaginalw\u00e4nde verbessert. Geburten und Alter sind die beiden Hauptfaktoren, die zu einer Lockerung der Vagina f\u00fchren.&nbsp;<\/li>\n\n\n\n<li>Vaginal <a href=\"https:\/\/healthestetik.com\/de\/fettabsaugung\/\"  data-wpil-monitor-id=\"48\">Fettabsaugung<\/a>: Kann normalerweise in Verbindung mit einer Bauchfettabsaugung durchgef\u00fchrt werden. Dabei wird lediglich Masse aus dem Schamh\u00fcgel (dem Fett, das den Schambeinbereich bedeckt) entfernt, um seine Kontur zu sch\u00e4rfen.&nbsp;<\/li>\n<\/ol>\n\n\n\n<p>Dar\u00fcber hinaus gibt es noch einige weitere Methoden. Zu diesen Verfahren geh\u00f6ren:<\/p>\n\n\n\n<ul class=\"wp-block-list\">\n<li>Perineoplastik (\u00c4sthetik des Dammbereichs)<\/li>\n\n\n\n<li>Klitorishaubenplastik (Korrektur der Hautfalten \u00fcber der Klitoris)<\/li>\n\n\n\n<li>Puboplastik (\u00c4sthetik der Schambeinspitze)<\/li>\n<\/ul>\n\n\n\n<h3 class=\"wp-block-heading\"><strong>Kosten f\u00fcr Genital\u00e4sthetik<\/strong><\/h3>\n\n\n\n<p>Da es sich um eine Vielzahl von Eingriffen handelt, variieren die Preise stark. Der endg\u00fcltige Preis h\u00e4ngt daher von den gew\u00e4hlten Methoden ab. Dar\u00fcber hinaus variiert der Preis je nach den erforderlichen Parametern und der Ausr\u00fcstung. Besprechen Sie daher die Wahl der Methoden ausf\u00fchrlich mit Ihrem Arzt.&nbsp;<\/p>\n\n\n\n<p>Wenn Sie detaillierte Informationen \u00fcber die&nbsp;<strong>Kosten f\u00fcr Genital\u00e4sthetik<\/strong>, k\u00f6nnen Sie mit uns Kontakt aufnehmen. Anschlie\u00dfend erhalten Sie ein genaues Honorar f\u00fcr Ihren Eingriff.<\/p>\n\n\n\n<h3 class=\"wp-block-heading\"><strong>Genital\u00e4sthetik T\u00fcrkei<\/strong><\/h3>\n\n\n\n<p>Vaginoplastiken erfreuen sich in der T\u00fcrkei zunehmender Beliebtheit. Dies ist auf die zunehmende Beliebtheit renommierter ausl\u00e4ndischer Chirurgen mit Expertise auf diesem Gebiet zur\u00fcckzuf\u00fchren. Die Qualit\u00e4t der Krankenhausleistungen ist insgesamt erstklassig, die Preise niedriger als in westlichen L\u00e4ndern.<\/p>\n\n\n\n<p>Andererseits gibt es nichts zu sagen \u00fcber die sch\u00f6ne Kultur und die Touristenattraktionen \u2013 alles Faktoren, die dazu beigetragen haben, dass die T\u00fcrkei zu einem Zentrum der Sch\u00f6nheitschirurgie wurde.<\/p>\n\n\n\n<h2 class=\"wp-block-heading\">Was ist Genital\u00e4sthetik?&nbsp;<\/h2>\n\n\n\n<p>Eine Genital\u00e4sthetik ist ein \u00e4u\u00dferer chirurgischer Eingriff zur Verbesserung des Aussehens der Genitalien. Ziel ist es, Deformationen zu korrigieren, die zu Beschwerden f\u00fchren. <a href=\"https:\/\/healthestetik.com\/de\/gesichtsverjungung\/\"  data-wpil-monitor-id=\"80\">Genital\u00e4sthetik umfasst&nbsp;<strong>Schamlippenkorrektur<\/strong>,&nbsp;<strong>Korrektur der Klitorisfalten<\/strong>,&nbsp;<strong>Vaginoplastik<\/strong>,&nbsp;<strong>Genitalbleiche<\/a><\/strong>,&nbsp;<strong>Vaginale Verj\u00fcngung<\/strong>,&nbsp;<strong>Straffung mit Laser<\/strong>,&nbsp;<strong>Schamlippenkorrektur<\/strong>, Und&nbsp;<strong>nicht-chirurgische kosmetische Anwendungen<\/strong>.<\/p>\n\n\n\n<h2 class=\"wp-block-heading\">&nbsp;Wie lange werde ich brauchen, um wieder arbeiten zu k\u00f6nnen?&nbsp;<\/h2>\n\n\n\n<p>Die Operation kann je nach Art des Eingriffs bis zu einer Stunde dauern. Da es sich um einen sensiblen Eingriff handelt, werden Sie unter Vollnarkose behandelt und verbringen m\u00f6glicherweise eine Nacht im Krankenhaus. Anschlie\u00dfend empfiehlt Ihnen der Chirurg, eine Woche lang mit eingeschr\u00e4nkten Aktivit\u00e4ten im Bett zu bleiben. Nach der zweiten Woche k\u00f6nnen Sie wieder zu Ihrem normalen Lebensstil zur\u00fcckkehren.<\/p>","protected":false},"excerpt":{"rendered":"<p>Genital Aesthetics, Acceptance of surgical procedures aimed at altering vaginal appearance is increasing. Now even women\u2019s intimate regions can opt for a transformative operation. The surgical alteration of the female genitalia includes a series of procedures. Each one targets specific areas and enhances its appearance. At our clinic, you can find the best options for [&hellip;]<\/p>\n","protected":false},"author":1,"featured_media":850,"parent":0,"menu_order":0,"comment_status":"open","ping_status":"open","template":"elementor_header_footer","meta":{"rs_blank_template":"","rs_page_bg_color":"","slide_template_v7":"","footnotes":""},"class_list":["post-780","page","type-page","status-publish","has-post-thumbnail","hentry"],"_links":{"self":[{"href":"https:\/\/healthestetik.com\/de\/wp-json\/wp\/v2\/pages\/780","targetHints":{"allow":["GET"]}}],"collection":[{"href":"https:\/\/healthestetik.com\/de\/wp-json\/wp\/v2\/pages"}],"about":[{"href":"https:\/\/healthestetik.com\/de\/wp-json\/wp\/v2\/types\/page"}],"author":[{"embeddable":true,"href":"https:\/\/healthestetik.com\/de\/wp-json\/wp\/v2\/users\/1"}],"replies":[{"embeddable":true,"href":"https:\/\/healthestetik.com\/de\/wp-json\/wp\/v2\/comments?post=780"}],"version-history":[{"count":0,"href":"https:\/\/healthestetik.com\/de\/wp-json\/wp\/v2\/pages\/780\/revisions"}],"wp:featuredmedia":[{"embeddable":true,"href":"https:\/\/healthestetik.com\/de\/wp-json\/wp\/v2\/media\/850"}],"wp:attachment":[{"href":"https:\/\/healthestetik.com\/de\/wp-json\/wp\/v2\/media?parent=780"}],"curies":[{"name":"wp","href":"https:\/\/api.w.org\/{rel}","templated":true}]}}