{"id":741,"date":"2022-12-11T17:00:16","date_gmt":"2022-12-11T14:00:16","guid":{"rendered":"https:\/\/healthestetik.com\/?page_id=741"},"modified":"2025-03-07T14:24:53","modified_gmt":"2025-03-07T11:24:53","slug":"nose-surgery","status":"publish","type":"page","link":"https:\/\/healthestetik.com\/de\/nose-surgery\/","title":{"rendered":"Nasenoperation"},"content":{"rendered":"<p><strong>Nasenoperation<\/strong>\u00a0ist ein medizinischer Eingriff zur Neuformung der Nase. Er wird auch als Rhinoplastik bezeichnet. Menschen mit gesundheitlichen Problemen aufgrund der Nasenform, einer durch Unf\u00e4lle verursachten Nasendeformation oder Unzufriedenheit mit ihrer Nasenform k\u00f6nnen sich einer Rhinoplastik unterziehen. Es handelt sich um einen medizinischen Standardeingriff. Wenn Sie keine besonderen gesundheitlichen Probleme haben, die Sie von einer Operation abhalten, k\u00f6nnen Sie Ihre Sorgen hinter sich lassen.<\/p>\r\n\r\n\r\n\r\n<h2 class=\"wp-block-heading\"><strong>Wie l\u00e4uft der chirurgische Eingriff ab?<\/strong><\/h2>\r\n\r\n\r\n\r\n<p>Der erste und wichtigste Teil des\u00a0<strong>Ablauf einer Nasenoperation<\/strong>\u00a0ist die Ermittlung Ihrer Krankengeschichte und die Diagnose Ihrer Bed\u00fcrfnisse mit Ihrem Arzt. Insbesondere Blutungsst\u00f6rungen k\u00f6nnen schwere Probleme verursachen f\u00fcr <a href=\"https:\/\/healthestetik.com\/de\/service-template\/\" data-wpil-monitor-id=\"2\">Nasenkorrektur<\/a>Jede falsche Angabe Ihrer Krankengeschichte kann zu einem Fehlschlag der Operation f\u00fchren. Stellen Sie daher sicher, dass Sie Ihrem Arzt im Vorfeld korrekte und vollst\u00e4ndige Informationen geben.<\/p>\r\n\r\n\r\n\r\n<p>Zweitens erfordert die Operation eine Narkose. Die Art der An\u00e4sthesie, ob lokal oder allgemein, h\u00e4ngt von den Pr\u00e4ferenzen Ihres Chirurgen und der Komplexit\u00e4t der Operation ab. Nach der An\u00e4sthesie sind Sie bereit f\u00fcr die Operation.\u00a0<\/p>\r\n\r\n\r\n\r\n<p>Es gibt zwei M\u00f6glichkeiten, eine Operation durchzuf\u00fchren. Eine Nasenoperation kann entweder durch die Nasenl\u00f6cher oder durch eine leichte \u00e4u\u00dfere Ber\u00fchrung an der Nasenwurzel durchgef\u00fchrt werden.<\/p>\r\n\r\n\r\n\r\n<p>Unsere Chirurgen k\u00f6nnen Knochen, Knorpel oder Haut nach Ihren Bed\u00fcrfnissen anpassen. Da die Nasenstruktur und die Menge des verf\u00fcgbaren Materials von Person zu Person unterschiedlich sind, kann der Chirurg zwischen verschiedenen Operationsmethoden w\u00e4hlen. F\u00fcr kleinere Ver\u00e4nderungen kann der Chirurg Knorpel aus der Nase oder dem Ohr verwenden. F\u00fcr umfangreichere Ver\u00e4nderungen sind gr\u00f6\u00dfere Teile verschiedener K\u00f6rperteile erforderlich, in diesem Fall verwendet Ihr Arzt Rippen, Knochen aus anderen K\u00f6rperteilen oder <a href=\"https:\/\/healthestetik.com\/de\/implantatbehandlung\/\" data-wpil-monitor-id=\"134\">Implantate<\/a>.<\/p>\r\n\r\n\r\n\r\n<p>Sobald alle Anpassungen abgeschlossen sind, vern\u00e4hen die \u00c4rzte die Schnitte an Ihrer Nase und die Operation ist beendet. Anschlie\u00dfend m\u00fcssen Sie ein oder zwei Tage unter \u00e4rztlicher Aufsicht in der Klinik verbringen.<\/p>\r\n\r\n\r\n\r\n<h2 class=\"wp-block-heading\"><strong>Nasenoperation in der T\u00fcrkei<\/strong><\/h2>\r\n\r\n\r\n\r\n<p><a href=\"https:\/\/healthestetik.com\/de\/nasenkorrektur\/\" data-wpil-monitor-id=\"4\">Nasenoperation in der T\u00fcrkei<\/a> ist f\u00fcr viele Patienten besonders erfolgreich und erfreulich. Aus medizinischen und kosmetischen Gr\u00fcnden f\u00fchren erfahrene \u00c4rzte die Operation durch. Die Verkleinerung der Nase, die Korrektur von Atemproblemen, die Wiederherstellung einer Nasenabweichung und die Konturierung der Nasenspitze sind Beispiele f\u00fcr Erfolge von\u00a0<strong><a href=\"https:\/\/healthestetik.com\/de\/korperformungschirurgie\/\"  data-wpil-monitor-id=\"256\">Nasenoperation<\/a> in der T\u00fcrkei<\/strong>Die Operation dauert in der Regel 1 bis 2 Stunden, h\u00f6chstens jedoch 4 Stunden.<\/p>\r\n\r\n\r\n\r\n<p>F\u00fcr die Operation gibt es keine Altersbeschr\u00e4nkung. Wir empfehlen jedoch nicht, dass sich junge Menschen unter 15 oder 16 Jahren dieser Operation unterziehen.<\/p>\r\n\r\n\r\n\r\n<h2 class=\"wp-block-heading\"><strong>Kosten einer Nasenoperation<\/strong><\/h2>\r\n\r\n\r\n\r\n<p>Obwohl die Kosten je nach Operationspreis variieren, ist eine Nasenoperation in der T\u00fcrkei f\u00fcr die meisten Patienten relativ g\u00fcnstig. Der hohe Wechselkurs der t\u00fcrkischen W\u00e4hrung zum Pfund und Euro macht die Operation in der T\u00fcrkei sehr g\u00fcnstig, selbst wenn Sie Ihre Reise- und Unterkunftskosten einbeziehen!<\/p>\r\n\r\n\r\n\r\n<h2 class=\"wp-block-heading\"><strong>Gesamtkosten einer Nasenoperation<\/strong><\/h2>\r\n\r\n\r\n\r\n<p>Bei Bedarf ist eine Nasenoperation ein Eingriff, vor dem Sie keine Angst haben m\u00fcssen. Mit unseren spezialisierten \u00c4rzten k\u00f6nnen Sie Ihre Nasenprobleme problemlos \u00fcberwinden.\u00a0<\/p>\r\n\r\n\r\n\r\n<p>Informieren Sie sich auf unserer Website ausf\u00fchrlich \u00fcber Ablauf und Preis!<\/p>","protected":false},"excerpt":{"rendered":"<p>Nose surgery\u00a0is a medical procedure that intends to reshape the nose. It is also known as rhinoplasty. People with health issues due to their noses\u2019 shape, nose deformation caused by accidents, or those who don\u2019t like their noses\u2019 form can undergo rhinoplasty. It is a standard medical procedure in today\u2019s world. If you don\u2019t have [&hellip;]<\/p>\n","protected":false},"author":1,"featured_media":0,"parent":0,"menu_order":0,"comment_status":"closed","ping_status":"closed","template":"","meta":{"rs_blank_template":"","rs_page_bg_color":"","slide_template_v7":"","footnotes":""},"class_list":["post-741","page","type-page","status-publish","hentry"],"_links":{"self":[{"href":"https:\/\/healthestetik.com\/de\/wp-json\/wp\/v2\/pages\/741","targetHints":{"allow":["GET"]}}],"collection":[{"href":"https:\/\/healthestetik.com\/de\/wp-json\/wp\/v2\/pages"}],"about":[{"href":"https:\/\/healthestetik.com\/de\/wp-json\/wp\/v2\/types\/page"}],"author":[{"embeddable":true,"href":"https:\/\/healthestetik.com\/de\/wp-json\/wp\/v2\/users\/1"}],"replies":[{"embeddable":true,"href":"https:\/\/healthestetik.com\/de\/wp-json\/wp\/v2\/comments?post=741"}],"version-history":[{"count":0,"href":"https:\/\/healthestetik.com\/de\/wp-json\/wp\/v2\/pages\/741\/revisions"}],"wp:attachment":[{"href":"https:\/\/healthestetik.com\/de\/wp-json\/wp\/v2\/media?parent=741"}],"curies":[{"name":"wp","href":"https:\/\/api.w.org\/{rel}","templated":true}]}}