{"id":719,"date":"2022-12-11T15:41:11","date_gmt":"2022-12-11T12:41:11","guid":{"rendered":"https:\/\/healthestetik.com\/?p=719"},"modified":"2025-05-08T14:08:10","modified_gmt":"2025-05-08T11:08:10","slug":"magenbypass","status":"publish","type":"page","link":"https:\/\/healthestetik.com\/de\/magenbypass\/","title":{"rendered":"Magenbypass"},"content":{"rendered":"<figure class=\"wp-block-image size-large is-resized\"><img fetchpriority=\"high\" decoding=\"async\" width=\"1024\" height=\"459\" src=\"https:\/\/healthestetik.com\/wp-content\/uploads\/2024\/10\/gastric-bypass-surgery-1024x459.jpg\" alt=\"\" class=\"wp-image-863\" style=\"width:1236px;height:auto\" srcset=\"https:\/\/healthestetik.com\/wp-content\/uploads\/2024\/10\/gastric-bypass-surgery-1024x459.jpg 1024w, https:\/\/healthestetik.com\/wp-content\/uploads\/2024\/10\/gastric-bypass-surgery-768x344.jpg 768w, https:\/\/healthestetik.com\/wp-content\/uploads\/2024\/10\/gastric-bypass-surgery-320x143.jpg 320w, https:\/\/healthestetik.com\/wp-content\/uploads\/2024\/10\/gastric-bypass-surgery-480x215.jpg 480w, https:\/\/healthestetik.com\/wp-content\/uploads\/2024\/10\/gastric-bypass-surgery-800x358.jpg 800w, https:\/\/healthestetik.com\/wp-content\/uploads\/2024\/10\/gastric-bypass-surgery-640x287.jpg 640w, https:\/\/healthestetik.com\/wp-content\/uploads\/2024\/10\/gastric-bypass-surgery-400x179.jpg 400w\" sizes=\"(max-width: 1024px) 100vw, 1024px\" \/><figcaption class=\"wp-element-caption\">Magenbypass<\/figcaption><\/figure>\n\n\n\n<p>Fettleibigkeit ist eine gewichtsbedingte Erkrankung, deren Ursache mehrere Faktoren sind. Patienten mit Fettleibigkeit haben \u00fcberm\u00e4\u00dfig viel K\u00f6rperfett.&nbsp;<\/p>\n\n\n\n<p>Weltweit sind mehr als 101 Milliarden Menschen fettleibig. In einigen Industriel\u00e4ndern ist diese Rate sogar noch h\u00f6her. Obwohl das nicht bedeutet, dass Fettleibigkeit ein Problem der Industriel\u00e4nder ist, weisen auch zahlreiche Entwicklungsl\u00e4nder relativ hohe Fettleibigkeitsraten auf.&nbsp;<\/p>\n\n\n\n<p>Viele Menschen denken bei Fettleibigkeit an den kosmetischen Aspekt. Obwohl dieser nach wie vor wichtig ist, stehen andere gesundheitliche Probleme im Vordergrund. Fettleibigkeit f\u00fchrt oft zu weiteren Erkrankungen. Es gibt verschiedene weitere Erkrankungen, darunter bestimmte Krebsarten, Typ-2-Diabetes und Herzerkrankungen. Wir werden diese potenziellen Gesundheitsprobleme in den folgenden Abschnitten n\u00e4her untersuchen.<\/p>\n\n\n\n<p>Die Ursachen f\u00fcr Fettleibigkeit sind bei jedem Menschen sehr unterschiedlich. Anders ausgedr\u00fcckt: Jeder Mensch hat individuelle Gr\u00fcnde f\u00fcr Fettleibigkeit. Diese reichen von genetischen Merkmalen bis hin zu unseren Gewohnheiten. Auch die regelm\u00e4\u00dfige Bewegung und die Ern\u00e4hrung beeinflussen, ob jemand fettleibig wird oder nicht.&nbsp;<\/p>\n\n\n\n<figure class=\"wp-block-gallery has-nested-images columns-default is-cropped wp-block-gallery-1 is-layout-flex wp-block-gallery-is-layout-flex\">\n<figure class=\"wp-block-image size-large\"><img decoding=\"async\" width=\"1024\" height=\"684\" data-id=\"1147\" src=\"https:\/\/healthestetik.com\/wp-content\/uploads\/2024\/12\/cropped-view-of-young-size-plus-woman-in-underwear-2023-11-27-05-31-37-utc-copy-1024x684.webp?wsr\" alt=\"\" class=\"wp-image-1147\" srcset=\"https:\/\/healthestetik.com\/wp-content\/uploads\/2024\/12\/cropped-view-of-young-size-plus-woman-in-underwear-2023-11-27-05-31-37-utc-copy-1024x684.webp 1024w, https:\/\/healthestetik.com\/wp-content\/uploads\/2024\/12\/cropped-view-of-young-size-plus-woman-in-underwear-2023-11-27-05-31-37-utc-copy-768x513.webp 768w, https:\/\/healthestetik.com\/wp-content\/uploads\/2024\/12\/cropped-view-of-young-size-plus-woman-in-underwear-2023-11-27-05-31-37-utc-copy-320x214.webp 320w, https:\/\/healthestetik.com\/wp-content\/uploads\/2024\/12\/cropped-view-of-young-size-plus-woman-in-underwear-2023-11-27-05-31-37-utc-copy-480x320.webp 480w, https:\/\/healthestetik.com\/wp-content\/uploads\/2024\/12\/cropped-view-of-young-size-plus-woman-in-underwear-2023-11-27-05-31-37-utc-copy-800x534.webp 800w, https:\/\/healthestetik.com\/wp-content\/uploads\/2024\/12\/cropped-view-of-young-size-plus-woman-in-underwear-2023-11-27-05-31-37-utc-copy-640x427.webp 640w, https:\/\/healthestetik.com\/wp-content\/uploads\/2024\/12\/cropped-view-of-young-size-plus-woman-in-underwear-2023-11-27-05-31-37-utc-copy-400x267.webp 400w\" sizes=\"(max-width: 1024px) 100vw, 1024px\" \/><\/figure>\n<\/figure>\n\n\n\n<h2 class=\"wp-block-heading\"><strong>Was ist ein Magenbypass?<\/strong><\/h2>\n\n\n\n<p>Magenbypass-Operation, die auch Roux-en-Y-Magenbypass genannt wird. Es ist eine der beliebtesten <a href=\"https:\/\/healthestetik.com\/de\/schlauchmagen\/\"  data-wpil-monitor-id=\"140\">Adipositas-Operationen<\/a> in diesen Tagen. Fast 50% von <a href=\"https:\/\/healthestetik.com\/de\/magenballon\/\"  data-wpil-monitor-id=\"171\">Adipositas-Operationen<\/a> nutzen diese Operationsmethode heutzutage. Dabei besteht die Operation aus zwei Teilen,<\/p>\n\n\n\n<h3 class=\"wp-block-heading\">&nbsp;<strong>Teil I: Bildung des Magenbeutels<\/strong><\/h3>\n\n\n\n<p>Der Arzt zerlegt den Magen des Patienten in zwei Teile. Ein Teil ist gro\u00df, der andere relativ klein. Anschlie\u00dfend vern\u00e4ht er den kleineren Beutel. Dieser neue Magenbeutel fasst nur etwa 200 bis 300 Milliliter.&nbsp;<\/p>\n\n\n\n<p>Wenn der Magen auf diese Weise kleiner wird, f\u00fchlt sich der Patient viel schneller satt und kann nicht mehr so viel essen wie zuvor. Dies ist ein restriktiver Prozess, da wir die Menge an Nahrung, die der Magen aufnehmen kann, begrenzen.&nbsp;<\/p>\n\n\n\n<h3 class=\"wp-block-heading\"><strong>Teil II: Die Umgehungsstra\u00dfe<\/strong><\/h3>\n\n\n\n<p>Der Arzt trennt zun\u00e4chst den neu entstandenen kleineren Beutel vom restlichen Verdauungstrakt. Anschlie\u00dfend verbindet er diesen kleineren Beutel einige Zentimeter hinter dem Anfang mit dem D\u00fcnndarm. Die Stelle, an der dieser neue D\u00fcnnmagen mit dem D\u00fcnndarm verbunden ist, wird als Jejunum bezeichnet.&nbsp;<\/p>\n\n\n\n<p>Da wir den ersten Teil des D\u00fcnndarms umgehen, kann der K\u00f6rper des Patienten die N\u00e4hrstoffe aus der Nahrung nicht mehr so effizient aufnehmen wie zuvor. Es handelt sich um einen Malabsorptivprozess.<\/p>\n\n\n\n<h2 class=\"wp-block-heading\">&nbsp;<strong>Einfache \u00c4nderungen helfen Ihnen, dar\u00fcber hinwegzukommen<\/strong><\/h2>\n\n\n\n<p>Positiv zu vermerken ist, dass sich kleine \u00c4nderungen Ihres Lebensstils, mit denen Sie auch nur das geringste bisschen K\u00f6rperfett verlieren, positiv auf Sie auswirken.&nbsp;<\/p>\n\n\n\n<p>Sie k\u00f6nnen Ihre Ern\u00e4hrung umstellen, sich tags\u00fcber mehr bewegen und Ihr Verhalten \u00e4ndern. Schon der kleinste Ansto\u00df in die richtige Richtung kann Ihr Wohlbefinden langfristig deutlich steigern.<\/p>\n\n\n\n<p>In diesem Zusammenhang ist eine Magenbypass-Operation nicht auf die leichte Schulter zu nehmen. Nach dem Magenbypass k\u00f6nnen Patienten nicht mehr so viel essen wie zuvor. Au\u00dferdem m\u00fcssen sie sich an einen ver\u00e4nderten Lebensstil mit Di\u00e4t- und Trainingsplan gew\u00f6hnen.&nbsp;<\/p>\n\n\n\n<h2 class=\"wp-block-heading\"><strong>Ergebnisse des Magenbypasses<\/strong><\/h2>\n\n\n\n<p>In der Regel bleibt der Krankenhausaufenthalt nach einem Magenbypass zwei bis drei Tage. Nach zwei bis drei Wochen k\u00f6nnen die Patienten wieder zu ihrem gewohnten Alltag und ihren Aktivit\u00e4ten zur\u00fcckkehren.&nbsp;<\/p>\n\n\n\n<p>In sehr seltenen F\u00e4llen kann es nach der Operation zu Komplikationen kommen. Um dies zu vermeiden, k\u00f6nnen Sie die Expertise unserer Chirurgen in Anspruch nehmen. Dar\u00fcber hinaus sind die Einnahme von Nahrungserg\u00e4nzungsmitteln und regelm\u00e4\u00dfige Blutzuckerkontrollen wertvolle Ma\u00dfnahmen, um das Risiko zu verringern.&nbsp;<\/p>\n\n\n\n<figure class=\"wp-block-image size-large is-resized\"><img decoding=\"async\" width=\"1024\" height=\"683\" src=\"https:\/\/healthestetik.com\/wp-content\/uploads\/2024\/12\/58727415_l_normal_none-1024x683.webp?wsr\" alt=\"\" class=\"wp-image-1206\" style=\"width:1236px;height:auto\" srcset=\"https:\/\/healthestetik.com\/wp-content\/uploads\/2024\/12\/58727415_l_normal_none-1024x683.webp 1024w, https:\/\/healthestetik.com\/wp-content\/uploads\/2024\/12\/58727415_l_normal_none-768x513.webp 768w, https:\/\/healthestetik.com\/wp-content\/uploads\/2024\/12\/58727415_l_normal_none-320x214.webp 320w, https:\/\/healthestetik.com\/wp-content\/uploads\/2024\/12\/58727415_l_normal_none-480x320.webp 480w, https:\/\/healthestetik.com\/wp-content\/uploads\/2024\/12\/58727415_l_normal_none-800x534.webp 800w, https:\/\/healthestetik.com\/wp-content\/uploads\/2024\/12\/58727415_l_normal_none-640x427.webp 640w, https:\/\/healthestetik.com\/wp-content\/uploads\/2024\/12\/58727415_l_normal_none-400x267.webp 400w\" sizes=\"(max-width: 1024px) 100vw, 1024px\" \/><\/figure>\n\n\n\n<h2 class=\"wp-block-heading\"><strong>Di\u00e4t vor einem Magenbypass&nbsp;<\/strong><\/h2>\n\n\n\n<p>Unsere Klinik gibt Ihnen die notwendigen Anweisungen zur Ern\u00e4hrung nach der Operation. Wir erkl\u00e4ren Ihnen ausf\u00fchrlich, was Sie essen d\u00fcrfen und was nicht. Wenn Sie unsere Anweisungen nach einer Magenbypass-Operation befolgen, ist eine sichere Reise gew\u00e4hrleistet.&nbsp;&nbsp;<\/p>\n\n\n\n<p>Ern\u00e4hrungsempfehlungen f\u00fcr einen Magenbypass erm\u00f6glichen Ihnen:<\/p>\n\n\n\n<ul class=\"wp-block-list\">\n<li>Lassen Sie Ihren Magen heilen, ohne ihn durch das, was Sie zu sich nehmen, zu \u00fcberfordern.<\/li>\n\n\n\n<li>Steigern Sie sich, indem Sie bei jeder Mahlzeit kleinere Mengen essen. So kann Ihr Magen weiterhin sicher und ohne Stress verdauen.<\/li>\n\n\n\n<li>Nehmen Sie sicher und ohne \u00dcberanstrengung ab. Zudem k\u00f6nnen Sie mit dieser Di\u00e4t Ihr Gewicht besser halten.<\/li>\n\n\n\n<li>Beseitigen oder minimieren Sie das Risiko der Entwicklung bestimmter Komplikationen.<\/li>\n<\/ul>\n\n\n\n<p>Sie erhalten Ern\u00e4hrungsempfehlungen, die individuell auf Ihre Situation zugeschnitten sind. Die postoperative Ern\u00e4hrung zielt in der Regel darauf ab, Sie wieder an die Aufnahme fester Nahrung zu gew\u00f6hnen.&nbsp;<\/p>\n\n\n\n<p>Abh\u00e4ngig von der Heilungsgeschwindigkeit Ihres K\u00f6rpers k\u00f6nnen Sie die Ern\u00e4hrung mit unseren anpassen <a href=\"https:\/\/healthestetik.com\/de\/our-doctors\/\"  data-wpil-monitor-id=\"212\">Arzt<\/a> um Ihre Bed\u00fcrfnisse zu erf\u00fcllen. Im Durchschnitt k\u00f6nnen Patienten nach etwa drei Monaten wieder normale Nahrung zu sich nehmen.<\/p>\n\n\n\n<h3 class=\"wp-block-heading\"><strong>Weitere Details zur Di\u00e4t<\/strong><\/h3>\n\n\n\n<p>Um Dehydrierung zu vermeiden, sollten Sie t\u00e4glich etwa neun Gl\u00e4ser Wasser trinken. Wichtig ist, dass Sie zu den Mahlzeiten keine Fl\u00fcssigkeiten zu sich nehmen. Dies kann Ihren Magen \u00fcberf\u00fcllen und zu Unwohlsein f\u00fchren. Versuchen Sie stattdessen, regelm\u00e4\u00dfig zwischen den Mahlzeiten zu trinken. 30 Minuten vor und nach den Mahlzeiten sollten Sie grunds\u00e4tzlich auf Fl\u00fcssigkeiten verzichten.<\/p>\n\n\n\n<ul class=\"wp-block-list\">\n<li>Nehmen Sie Speisen und Getr\u00e4nke langsam zu sich. Zu langsames Trinken und Essen kann zum Dumping-Syndrom f\u00fchren. Das Dumping-Syndrom tritt auf, wenn zu viel Nahrung und Getr\u00e4nke zu schnell in den D\u00fcnndarm gelangen.&nbsp;<\/li>\n\n\n\n<li>Vermeiden Sie es, t\u00e4glich weniger Protein zu sich zu nehmen als Sie ben\u00f6tigen. Essen Sie Lebensmittel, die reich an magerem Protein sind.<\/li>\n\n\n\n<li>W\u00e4hlen Sie bei der Getr\u00e4nkeauswahl Getr\u00e4nke mit geringem Fett- und Zuckergehalt. Vermeiden Sie au\u00dferdem Alkohol.<\/li>\n\n\n\n<li>Vermeiden Sie den Konsum von zu viel Koffein \u00fcber den Tag verteilt. Koffeinkonsum kann zu Dehydration f\u00fchren.<\/li>\n\n\n\n<li>Vergessen Sie nicht, Ihre Vitamin- und Mineralstoffpr\u00e4parate einzunehmen. Halten Sie sich insbesondere in diesem Sinne an die Empfehlungen Ihres Arztes.&nbsp;<\/li>\n\n\n\n<li>Nach der Genesung beginnen Sie mit der Aufnahme fester Nahrung. Kauen Sie Ihre Nahrung anschlie\u00dfend regelm\u00e4\u00dfig zu einem glatten Brei, bevor Sie sie schlucken.<\/li>\n<\/ul>\n\n\n\n<p>Am ersten Tag nach der Operation d\u00fcrfen Sie nur klare Fl\u00fcssigkeiten trinken. Danach k\u00f6nnen Sie langsam auf andere fl\u00fcssige Nahrungsmittel wie Br\u00fche, zuckerfreien Saft, koffeinfreien Tee, Kaffee und Magermilch umsteigen.<\/p>\n\n\n\n<h3 class=\"wp-block-heading\"><strong>Lebensmittelp\u00fcrees<\/strong><\/h3>\n\n\n\n<p>In der ersten Woche nach der Magenbypass-Operation beginnen Sie, p\u00fcrierte Nahrung zu sich zu nehmen. Die Nahrung sollte eine dicke Konsistenz haben, aber nichts Festes oder Halbfestes enthalten.<\/p>\n\n\n\n<p>Sie d\u00fcrfen t\u00e4glich 3-6 Mahlzeiten zu sich nehmen. Die Menge sollte jedoch 4 bis 6 L\u00f6ffel pro Mahlzeit betragen. Es ist au\u00dferdem hilfreich, die Mahlzeit langsam anzugehen. Geben Sie jede Mahlzeit etwa eine halbe Stunde lang ein. Auch das Aufnehmen von p\u00fcriertem Essen ist hilfreich. Hier sind einige unserer Empfehlungen nach der Magenbypass-Operation.<\/p>\n\n\n\n<ul class=\"wp-block-list\">\n<li>Hackfleisch, H\u00fchnchen oder Fisch<\/li>\n\n\n\n<li>Weiche K\u00e4sesorten<\/li>\n\n\n\n<li>R\u00fchrei (nicht lange gekocht, muss eine glatte Konsistenz haben)<\/li>\n\n\n\n<li>Ger\u00f6stetes M\u00fcsli<\/li>\n\n\n\n<li>Weiche Obst- und Gem\u00fcsesorten, auch gekochtes Gem\u00fcse<\/li>\n\n\n\n<li>Cremesuppe<\/li>\n<\/ul>\n\n\n\n<p>Mischen Sie Ihr Essen au\u00dferdem mit Fl\u00fcssigkeit, um es leichter zu machen. Sie k\u00f6nnen es mit Wasser, fettfreier Milch, unges\u00fc\u00dftem Fruchtsaft und Br\u00fche mischen.<\/p>\n\n\n\n<h4 class=\"wp-block-heading\"><strong>Wann sollte man auf weiche Nahrung umsteigen?<\/strong><\/h4>\n\n\n\n<p>Nachdem Sie einige Wochen p\u00fcrierte Nahrung zu sich genommen haben, wird unser Arzt Ihren Zustand beurteilen. Er wird entscheiden, ob Sie mit dem Verzehr weicher Nahrung beginnen k\u00f6nnen. Die Nahrung sollte kleinst\u00fcckig und leicht zu kauen sein.&nbsp;<\/p>\n\n\n\n<p>Ab sofort k\u00f6nnen Sie t\u00e4glich drei bis f\u00fcnf Mahlzeiten zu sich nehmen. Die Menge kann zwischen einem Drittel und einem Viertel einer Tasse liegen. Am besten kauen Sie jeden Bissen vor dem Verzehr zu einem glatten P\u00fcree ohne feste St\u00fccke. Zu den weichen Lebensmitteln, die wir nennen k\u00f6nnen, geh\u00f6ren:<\/p>\n\n\n\n<ul class=\"wp-block-list\">\n<li>Hackfleisch, H\u00e4hnchen, Gefl\u00fcgel<\/li>\n\n\n\n<li>Eier&nbsp;<\/li>\n\n\n\n<li>Weichk\u00e4sesorten<\/li>\n\n\n\n<li>Ger\u00f6stetes oder getrocknetes Getreide<\/li>\n\n\n\n<li>Weiche Fr\u00fcchte ohne Kerne und Schale<\/li>\n\n\n\n<li>Reis<\/li>\n\n\n\n<li>Gekochtes Gem\u00fcse ohne Haut<\/li>\n<\/ul>\n\n\n\n<figure class=\"wp-block-image size-large is-resized\"><img loading=\"lazy\" decoding=\"async\" width=\"1024\" height=\"683\" src=\"https:\/\/healthestetik.com\/wp-content\/uploads\/2024\/12\/75391170_l_normal_none-1024x683.webp?wsr\" alt=\"\" class=\"wp-image-1235\" style=\"width:1236px;height:auto\" srcset=\"https:\/\/healthestetik.com\/wp-content\/uploads\/2024\/12\/75391170_l_normal_none-1024x683.webp 1024w, https:\/\/healthestetik.com\/wp-content\/uploads\/2024\/12\/75391170_l_normal_none-768x512.webp 768w, https:\/\/healthestetik.com\/wp-content\/uploads\/2024\/12\/75391170_l_normal_none-320x213.webp 320w, https:\/\/healthestetik.com\/wp-content\/uploads\/2024\/12\/75391170_l_normal_none-480x320.webp 480w, https:\/\/healthestetik.com\/wp-content\/uploads\/2024\/12\/75391170_l_normal_none-800x533.webp 800w, https:\/\/healthestetik.com\/wp-content\/uploads\/2024\/12\/75391170_l_normal_none-640x427.webp 640w, https:\/\/healthestetik.com\/wp-content\/uploads\/2024\/12\/75391170_l_normal_none-400x267.webp 400w\" sizes=\"(max-width: 1024px) 100vw, 1024px\" \/><\/figure>\n\n\n\n<h3 class=\"wp-block-heading\"><strong>Umstellung auf feste Nahrung<\/strong><\/h3>\n\n\n\n<p>Nach der achten Woche nach der Magenbypass-Operation k\u00f6nnen Sie langsam und schrittweise wieder feste Nahrung zu sich nehmen. Beginnen Sie mit dreieinhalb Tassen fester Nahrung t\u00e4glich. Es ist hilfreich, wenn Sie so lange mit dem Essen aufh\u00f6ren, bis Sie sich satt f\u00fchlen.&nbsp;<\/p>\n\n\n\n<p>Je nachdem, wie gut Ihr K\u00f6rper feste Nahrung vertr\u00e4gt, k\u00f6nnen Sie Ihre Nahrungsaufnahme anpassen. Integrieren Sie nach und nach neue Lebensmittel. Nach der Operation sowie vor dem Magenbypass kann es sein, dass Ihr K\u00f6rper bestimmte Nahrungsmittel nicht zul\u00e4sst.&nbsp;<\/p>\n\n\n\n<p>Au\u00dferdem gibt es einige Lebensmittel und Getr\u00e4nke, die Sie vermeiden sollten:<\/p>\n\n\n\n<ul class=\"wp-block-list\">\n<li>Brot<\/li>\n\n\n\n<li>Limonaden<\/li>\n\n\n\n<li>Rohes Gem\u00fcse<\/li>\n\n\n\n<li>Gekochtes Gem\u00fcse mit hohem Ballaststoffgehalt, wie Brokkoli, Kohl oder Sellerie<\/li>\n\n\n\n<li>Raue Fleischst\u00fccke, die schwer zu kauen sind<\/li>\n\n\n\n<li>Frittierte Lebensmittel<\/li>\n\n\n\n<li>Lebensmittel mit viel Gew\u00fcrz und\/oder W\u00fcrzung<\/li>\n\n\n\n<li>Getrocknete N\u00fcsse und Samen, Popcorn<\/li>\n<\/ul>\n\n\n\n<p>Sobald sich Ihr Verdauungstrakt erholt und beruhigt hat, k\u00f6nnen Sie diese Lebensmittel wieder genie\u00dfen. Lassen Sie sich hierzu von unserem Arzt beraten. Unser Expertenteam von ClinicExpert ber\u00e4t Sie gerne.<\/p>\n\n\n\n<h3 class=\"wp-block-heading\">&nbsp;<strong>Ihre neue gesunde Ern\u00e4hrung nach einer Magenbypass-Operation<\/strong><\/h3>\n\n\n\n<p>Ihre Ern\u00e4hrung sollte nach einer Magenoperation angepasst werden. Bei einem Magenbypass verkleinert der Arzt Ihren Magen erheblich. Die Art und Weise, wie Sie Nahrung verdauen, \u00e4ndert sich nach dieser Operation dauerhaft. Daher k\u00f6nnen Sie Ihre Ern\u00e4hrung vor der Operation nicht beibehalten. Um sich richtig zu ern\u00e4hren, sollten Sie daher einige Anpassungen in Ihrem Leben vornehmen.&nbsp;<\/p>\n\n\n\n<h4 class=\"wp-block-heading\"><strong>7 einfache Schritte<\/strong><\/h4>\n\n\n\n<p>Ihre Anweisungen k\u00f6nnen je nach Ihren Umst\u00e4nden leicht von unseren hier aufgef\u00fchrten abweichen. Um beim Abnehmen gesund zu bleiben, sollten Sie:<\/p>\n\n\n\n<ol class=\"wp-block-list\">\n<li>Essen Sie langsam. Wir haben in diesem Artikel \u00fcber das Dumping-Syndrom gesprochen. Um dieses Syndrom zu vermeiden, warten Sie vor und nach dem Trinken nach den Mahlzeiten etwas.<\/li>\n\n\n\n<li>Iss kleinere Portionen. Verteile deine Mahlzeiten \u00fcber den Tag verteilt. Beginne mit sechs Mahlzeiten am Tag. Dein Arzt wird dir die genaue Anzahl mitteilen. Nach einer kleinen Umstellung kann er die Anzahl der Mahlzeiten schrittweise reduzieren.<\/li>\n\n\n\n<li>Trinke zwischen den Mahlzeiten ausreichend. Es ist wichtig, Dehydration zu vermeiden. T\u00e4glich etwa 8-9 Gl\u00e4ser Wasser zu trinken, tr\u00e4gt zu deiner Gesundheit bei. Zu viel Fl\u00fcssigkeit zwischen den Mahlzeiten kann jedoch zu einem V\u00f6llegef\u00fchl f\u00fchren und dich davon abhalten, das zu essen, was du essen solltest.<\/li>\n\n\n\n<li>Kauen Sie Ihr Essen st\u00e4ndig gr\u00fcndlich. Der Weg vom Magen zum D\u00fcnndarm ist heute viel enger als zuvor, was zu Verstopfungen durch gro\u00dfe Nahrungsbrocken f\u00fchren kann. Nehmen Sie kleinere Portionen in den Mund und kauen Sie diese, bis keine gro\u00dfen St\u00fccke mehr \u00fcbrig sind.<\/li>\n\n\n\n<li>Bevorzugen Sie proteinreiche Lebensmittel. Essen Sie diese vor den anderen G\u00e4ngen.<\/li>\n\n\n\n<li>Streichen Sie Lebensmittel mit hohem Fett- und\/oder Zuckergehalt aus Ihrem Speiseplan. Lebensmittel mit hohem Zucker- oder Fettgehalt durchlaufen Ihren Verdauungstrakt tendenziell schneller, was zum Dumping-Syndrom f\u00fchren kann.&nbsp;<\/li>\n\n\n\n<li>Halten Sie sich an die empfohlenen Vitamin- und Mineralstoffpr\u00e4parate. Ihr K\u00f6rper kann N\u00e4hrstoffe aus der Nahrung nicht mehr so gut aufnehmen wie zuvor. Patienten nach einem Magenbypass werden h\u00e4ufig bestimmte Nahrungserg\u00e4nzungsmittel verschrieben.<\/li>\n<\/ol>\n\n\n\n<p>Wenn Sie w\u00e4hrend des gesamten Prozesses die Empfehlungen Ihres Arztes befolgen, ist es unwahrscheinlich, dass unerw\u00fcnschte Komplikationen auftreten.&nbsp;<\/p>\n\n\n\n<h3 class=\"wp-block-heading\">&nbsp;<strong>Was sind die Vorteile einer Magenbypass-Operation?&nbsp;&nbsp;<\/strong><\/h3>\n\n\n\n<p>Der Magenbypass ist eine der effektivsten Methoden zum Abnehmen. Im Gegensatz zu anderen Methoden ist der anf\u00e4ngliche Gewichtsverlust aufgrund strenger Di\u00e4tbeschr\u00e4nkungen und geringerer Kalorienaufnahme schnell. Ihr K\u00f6rper gew\u00f6hnt sich also an gesunde Ern\u00e4hrung, doch dann treten starke Beschwerden beim Verzehr von Zucker, Fetten und Kohlenhydraten auf. Dies f\u00fchrt zur dauerhaften L\u00f6sung Ihrer Gesundheitsprobleme.&nbsp;<\/p>\n\n\n\n<h2 class=\"wp-block-heading\"><strong>Magenbypass T\u00fcrkei<\/strong><\/h2>\n\n\n\n<p>Eine Gewichtsverlustoperation kann f\u00fcr manche Menschen, die nicht selbstst\u00e4ndig abnehmen k\u00f6nnen, lebensrettend sein. Manche Patienten k\u00f6nnen \u00fcbersch\u00fcssiges K\u00f6rperfett nicht allein durch Di\u00e4t und Bewegung abbauen. Nach <a href=\"https:\/\/healthestetik.com\/de\/plastische-chirurgie\/adipositaschirurgie\/\"  data-wpil-monitor-id=\"228\">Adipositaschirurgie<\/a>verlieren die Patienten in sechs Monaten etwa 30% bis 50% ihres \u00dcbergewichts.&nbsp;<\/p>\n\n\n\n<p>In den letzten Jahrzehnten begannen Menschen mit der zunehmenden Beliebtheit von Flugreisen, f\u00fcr Behandlungen ins Ausland zu reisen. Durch Auslandsreisen konnten die Behandlungskosten um mindestens 501 TP3T gesenkt werden. Da zwischen den L\u00e4ndern ein Wettbewerb herrscht, versucht jedes Land, seinen Patienten einen besseren Service zu bieten. In diesem Sinne war und ist die T\u00fcrkei ein beliebtes Ziel f\u00fcr Medizintouristen.<\/p>\n\n\n\n<p>Hier bei <a class=\"wpil_keyword_link\" href=\"https:\/\/healthestetik.com\/de\/\"   title=\"Health \u00c4sthetik\" data-wpil-keyword-link=\"linked\"  data-wpil-monitor-id=\"244\">Health \u00c4sthetik<\/a> In unserer Klinik bieten \u00c4rzte mit langj\u00e4hriger Erfahrung den bestm\u00f6glichen Service. Unser gesamtes medizinisches Team besteht aus engagierten Experten, die nach Exzellenz streben. Neben unserem hochwertigen Service bieten wir Ihnen g\u00fcnstige Preise f\u00fcr Ihre Adipositaschirurgie. Kontaktieren Sie unser Team gerne \u00fcber unsere Website, um einen Beratungstermin zu vereinbaren und Angebote f\u00fcr unsere verschiedenen Pakete zu erhalten.<\/p>\n\n\n\n<p>Sie k\u00f6nnen jederzeit ein Beratungsgespr\u00e4ch mit unserem Team buchen und sich \u00fcber Ihre M\u00f6glichkeiten der Adipositaschirurgie informieren. So bekommen Sie eine Vorstellung davon, was Sie von der Operation erwarten k\u00f6nnen.<\/p>\n\n\n\n<h3 class=\"wp-block-heading\"><strong>Kosten f\u00fcr einen Magenbypass in der T\u00fcrkei<\/strong><\/h3>\n\n\n\n<p>Die T\u00fcrkei ist das Reiseziel Nummer 1 f\u00fcr <a href=\"https:\/\/healthestetik.com\/de\/nasenkorrektur\/\"  data-wpil-monitor-id=\"9\">plastische Chirurgie<\/a>Tausende Patienten besuchen Kliniken in der T\u00fcrkei. Dank unserer langj\u00e4hrigen Erfahrung in diesem Bereich bieten wir Ihnen in der Health Aesthetic Clinic hochwertige Leistungen zu fairen Kosten f\u00fcr Magenbypass-Behandlungen. Unser medizinisches Team ist stets auf h\u00f6chste Fachkompetenz bedacht.<\/p>\n\n\n\n<h2 class=\"wp-block-heading\">&nbsp;Wer ist f\u00fcr eine Magenbypass-Operation geeignet?<\/h2>\n\n\n\n<p>Wenn Ihr Body-Mass-Index (BMI) 40 oder mehr betr\u00e4gt, ist ein Magenbypass ratsam, um \u00dcbergewicht zu reduzieren und chronische Gesundheitsprobleme zu vermeiden.<\/p>\n\n\n\n<h2 class=\"wp-block-heading\">&nbsp;Warum ist eine Magenbypass-Operation in der T\u00fcrkei g\u00fcnstig?<\/h2>\n\n\n\n<p>Da diese Operation f\u00fcr manche Patienten lebensbedrohlich ist, gilt die T\u00fcrkei aufgrund der medizinischen Ressourcen und der Erfahrung als bevorzugte Destination f\u00fcr Magenbypass-Operationen. So k\u00f6nnen Sie die Sch\u00f6nheit des Landes genie\u00dfen und neue Herausforderungen in Ihrem Leben meistern.<\/p>\n\n\n\n<h4 class=\"wp-block-heading\"><strong>Karte f\u00fcr Magenbypass-Operationen<\/strong><\/h4>\n\n\n\n<figure class=\"wp-block-table\"><table><tbody><tr><td><code>Betriebsdauer<\/code><\/td><td>1-2 Stunden<\/td><\/tr><tr><td>&nbsp;An\u00e4sthesietyp<\/td><td>Vollnarkose&nbsp;<\/td><\/tr><tr><td>&nbsp;Erste Dusche<\/td><td>48 Stunden&nbsp;<\/td><\/tr><tr><td>&nbsp;Altersgrenze<\/td><td>Keine Altersgrenze&nbsp;<\/td><\/tr><tr><td>Krankenhausaufenthalt<\/td><td>1-3 Tage<\/td><\/tr><tr><td>&nbsp;&nbsp;Schmerzschwelle<\/td><td>M\u00e4\u00dfiges Unbehagen<\/td><\/tr><tr><td>\u00d6demstatus<\/td><td>Eine Woche&nbsp;<\/td><\/tr><tr><td>Komplikationen<\/td><td>Keiner<\/td><\/tr><\/tbody><\/table><figcaption class=\"wp-element-caption\"><strong>Karte f\u00fcr Magenbypass-Operationen<\/strong><\/figcaption><\/figure>","protected":false},"excerpt":{"rendered":"<p>Magenbypass-Operation, auch Roux-en-Y-Magenbypass genannt. Es ist heutzutage eine der beliebtesten Operationen zur Behandlung von Fettleibigkeit. <\/p>","protected":false},"author":1,"featured_media":863,"parent":0,"menu_order":0,"comment_status":"open","ping_status":"open","template":"elementor_header_footer","meta":{"rs_blank_template":"","rs_page_bg_color":"","slide_template_v7":"","footnotes":""},"class_list":["post-719","page","type-page","status-publish","has-post-thumbnail","hentry"],"_links":{"self":[{"href":"https:\/\/healthestetik.com\/de\/wp-json\/wp\/v2\/pages\/719","targetHints":{"allow":["GET"]}}],"collection":[{"href":"https:\/\/healthestetik.com\/de\/wp-json\/wp\/v2\/pages"}],"about":[{"href":"https:\/\/healthestetik.com\/de\/wp-json\/wp\/v2\/types\/page"}],"author":[{"embeddable":true,"href":"https:\/\/healthestetik.com\/de\/wp-json\/wp\/v2\/users\/1"}],"replies":[{"embeddable":true,"href":"https:\/\/healthestetik.com\/de\/wp-json\/wp\/v2\/comments?post=719"}],"version-history":[{"count":0,"href":"https:\/\/healthestetik.com\/de\/wp-json\/wp\/v2\/pages\/719\/revisions"}],"wp:featuredmedia":[{"embeddable":true,"href":"https:\/\/healthestetik.com\/de\/wp-json\/wp\/v2\/media\/863"}],"wp:attachment":[{"href":"https:\/\/healthestetik.com\/de\/wp-json\/wp\/v2\/media?parent=719"}],"curies":[{"name":"wp","href":"https:\/\/api.w.org\/{rel}","templated":true}]}}