{"id":709,"date":"2022-12-10T15:44:43","date_gmt":"2022-12-10T12:44:43","guid":{"rendered":"https:\/\/healthestetik.com\/?p=709"},"modified":"2025-05-08T14:08:49","modified_gmt":"2025-05-08T11:08:49","slug":"zahnaufhellung-in-der-turkei","status":"publish","type":"page","link":"https:\/\/healthestetik.com\/de\/zahnaufhellung-in-der-turkei\/","title":{"rendered":"Zahnaufhellung in der T\u00fcrkei"},"content":{"rendered":"<figure class=\"wp-block-image size-large is-resized\"><img fetchpriority=\"high\" decoding=\"async\" width=\"1024\" height=\"459\" src=\"https:\/\/healthestetik.com\/wp-content\/uploads\/2024\/10\/teeth-whitening-1024x459.jpg\" alt=\"\" class=\"wp-image-881\" style=\"width:1236px;height:auto\" srcset=\"https:\/\/healthestetik.com\/wp-content\/uploads\/2024\/10\/teeth-whitening-1024x459.jpg 1024w, https:\/\/healthestetik.com\/wp-content\/uploads\/2024\/10\/teeth-whitening-768x344.jpg 768w, https:\/\/healthestetik.com\/wp-content\/uploads\/2024\/10\/teeth-whitening-320x143.jpg 320w, https:\/\/healthestetik.com\/wp-content\/uploads\/2024\/10\/teeth-whitening-480x215.jpg 480w, https:\/\/healthestetik.com\/wp-content\/uploads\/2024\/10\/teeth-whitening-800x358.jpg 800w, https:\/\/healthestetik.com\/wp-content\/uploads\/2024\/10\/teeth-whitening-640x287.jpg 640w, https:\/\/healthestetik.com\/wp-content\/uploads\/2024\/10\/teeth-whitening-400x179.jpg 400w\" sizes=\"(max-width: 1024px) 100vw, 1024px\" \/><figcaption class=\"wp-element-caption\">Zahnaufhellung in der T\u00fcrkei<\/figcaption><\/figure>\n\n\n\n<p>Z\u00e4hneputzen und Zahnseide sind effektive Gewohnheiten, um Ihre Z\u00e4hne gesund und wei\u00df zu halten. Manche Menschen haben jedoch das Gef\u00fchl, dass ihre Z\u00e4hne nicht die gew\u00fcnschte Wei\u00dfe erreichen. In solchen F\u00e4llen hilft Zahnaufhellung. Doch zun\u00e4chst wollen wir untersuchen, warum es Ihnen schwerfallen k\u00f6nnte, Ihre Z\u00e4hne wei\u00df zu halten.<\/p>\n\n\n\n<p>Es kann verschiedene Gr\u00fcnde geben, warum Ihre Z\u00e4hne nicht wei\u00df bleiben. Wir erkl\u00e4ren Ihnen diese Faktoren so genau wie m\u00f6glich.<\/p>\n\n\n\n<figure class=\"wp-block-image size-large is-resized\"><img decoding=\"async\" src=\"https:\/\/healthestetik.com\/wp-content\/uploads\/2022\/12\/12-1-1024x1024.jpg?wsr\" alt=\"\" class=\"wp-image-1468\" style=\"width:1236px;height:auto\"\/><\/figure>\n\n\n\n<h4 class=\"wp-block-heading\"><em>Essen und Trinken<\/em><\/h4>\n\n\n\n<p>Es mag offensichtlich erscheinen, aber was Sie konsumieren, ist dabei ein wesentlicher Faktor. Getr\u00e4nke wie Kaffee, Tee und Rotwein enthalten Chromogene, die in den Z\u00e4hnen h\u00e4ngen bleiben und Flecken verursachen.<\/p>\n\n\n\n<h4 class=\"wp-block-heading\"><em>Tabak<\/em><\/h4>\n\n\n\n<p>Auch Raucher haben Probleme damit, ihre Z\u00e4hne wei\u00df zu halten. Tabak enth\u00e4lt Stoffe wie Teer und Nikotin, die Flecken auf den Z\u00e4hnen verursachen.<\/p>\n\n\n\n<h4 class=\"wp-block-heading\"><em>Alter<\/em><\/h4>\n\n\n\n<p>Ihr Alter ist ein weiterer Faktor, der dies beeinflusst. Mit zunehmendem Alter wird die \u00e4u\u00dfere Schicht Ihrer Z\u00e4hne, der Zahnschmelz, d\u00fcnner und gibt die darunterliegende gelblichere Schicht frei. Ein heftiger Schlag auf Ihre Z\u00e4hne kann auch dazu f\u00fchren, dass die Zahnschmelzschicht bricht und die gelbliche Dentinschicht freilegt.<\/p>\n\n\n\n<h2 class=\"wp-block-heading\">Zahnaufhellungsverfahren<\/h2>\n\n\n\n<p>Eines der besten Dinge \u00fcber Z\u00e4hne&nbsp;<strong>Aufhellung&nbsp;<\/strong>ist, dass es ein unkomplizierter und schneller Prozess ist. Die Zahn\u00e4rzte verwenden Wasserstoffperoxid oder Carbamidperoxid, um die Z\u00e4hne bei diesen Verfahren aufzuhellen. Die Produkte, die diese Substanzen enthalten, k\u00f6nnen die Flecken auf Ihren Z\u00e4hnen schnell beseitigen. Ein weiterer Vorteil der Zahnaufhellung ist, dass sie wei\u00dfere Z\u00e4hne bekommt. <a href=\"https:\/\/healthestetik.com\/de\/hollywood-lacheln\/\"  data-wpil-monitor-id=\"122\">l\u00e4cheln<\/a> mit einer einzigen Sitzung. Sie k\u00f6nnen Zahn&nbsp;<strong>Aufhellung vorher und nachher<\/strong>&nbsp;Fotos, um die Ergebnisse mit eigenen Augen zu sehen.<\/p>\n\n\n\n<p>Jedoch,&nbsp;<strong>Zahnaufhellungsverfahren<\/strong>&nbsp;Bei manchen Patienten ist die Wirkung m\u00f6glicherweise nicht immer gegeben. Patienten mit stark gelblichen oder sogar braunen Z\u00e4hnen erzielen m\u00f6glicherweise keine zufriedenstellenden Ergebnisse. Au\u00dferdem wirkt das Bleichen der Z\u00e4hne nicht auf die grauen Bereiche der Z\u00e4hne.<\/p>\n\n\n\n<p>Auch Zahnaufhellung ist bei medikament\u00f6s bedingten Verf\u00e4rbungen unwirksam. Fragen Sie Ihren Zahnarzt, ob eine Zahnaufhellung f\u00fcr Sie geeignet ist.<\/p>\n\n\n\n<figure class=\"wp-block-image size-large is-resized\"><img decoding=\"async\" src=\"https:\/\/healthestetik.com\/wp-content\/uploads\/2022\/12\/4-4-1024x1024.jpg?wsr\" alt=\"\" class=\"wp-image-1460\" style=\"width:1236px;height:auto\"\/><\/figure>\n\n\n\n<h3 class=\"wp-block-heading\">Zahnaufhellung in der T\u00fcrkei<\/h3>\n\n\n\n<p>Aufgrund der g\u00fcnstigen Preise kommen viele Menschen f\u00fcr kosmetische Behandlungen in die T\u00fcrkei. <a href=\"https:\/\/healthestetik.com\/de\/kontaktieren-sie-uns\/\"  data-wpil-monitor-id=\"211\">Kontaktieren Sie uns<\/a> Wenn Sie auch eine Zahnaufhellung in der T\u00fcrkei in Erw\u00e4gung ziehen. Wir bieten unseren Patienten hochwertige Anwendungen zu relativ g\u00fcnstigen Preisen. Sobald Sie in unsere Klinik kommen und Ihre Z\u00e4hne aufhellen lassen, werden Sie die erwarteten wei\u00dfen Z\u00e4hne haben.<\/p>\n\n\n\n<figure class=\"wp-block-image size-large is-resized\"><img decoding=\"async\" src=\"https:\/\/healthestetik.com\/wp-content\/uploads\/2022\/12\/11-1-1024x1024.jpg?wsr\" alt=\"\" class=\"wp-image-1467\" style=\"width:1236px;height:auto\"\/><\/figure>\n\n\n\n<h3 class=\"wp-block-heading\">Kosten f\u00fcr Zahnaufhellung<\/h3>\n\n\n\n<p>Zahnaufhellungsverfahren unterscheiden sich von Patient zu Patient, einschlie\u00dflich Medikamenten und Methoden. Kontaktieren Sie uns daher, um mehr \u00fcber die&nbsp;<strong>Preise f\u00fcr das Aufhellen Ihrer Z\u00e4hne<\/strong>Unsere Experten pr\u00fcfen Ihren Fall und nennen Ihnen ein individuelles Honorar.<\/p>\n\n\n\n<figure class=\"wp-block-gallery has-nested-images columns-default is-cropped wp-block-gallery-1 is-layout-flex wp-block-gallery-is-layout-flex\">\n<figure class=\"wp-block-image size-large\"><img decoding=\"async\" data-id=\"1470\" src=\"https:\/\/healthestetik.com\/wp-content\/uploads\/2022\/12\/14-1-1024x1024.jpg?wsr\" alt=\"\" class=\"wp-image-1470\"\/><\/figure>\n\n\n\n<figure class=\"wp-block-image size-large\"><img decoding=\"async\" data-id=\"1461\" src=\"https:\/\/healthestetik.com\/wp-content\/uploads\/2022\/12\/5-4-1024x1024.jpg?wsr\" alt=\"\" class=\"wp-image-1461\"\/><\/figure>\n<\/figure>","protected":false},"excerpt":{"rendered":"<p>In solchen F\u00e4llen kommt die Zahnaufhellung ins Spiel. Aber zuerst wollen wir untersuchen, warum es Ihnen schwerfallen k\u00f6nnte, Ihre Z\u00e4hne wei\u00df zu halten<\/p>","protected":false},"author":1,"featured_media":881,"parent":0,"menu_order":0,"comment_status":"open","ping_status":"open","template":"elementor_header_footer","meta":{"rs_blank_template":"","rs_page_bg_color":"","slide_template_v7":"","footnotes":""},"class_list":["post-709","page","type-page","status-publish","has-post-thumbnail","hentry"],"_links":{"self":[{"href":"https:\/\/healthestetik.com\/de\/wp-json\/wp\/v2\/pages\/709","targetHints":{"allow":["GET"]}}],"collection":[{"href":"https:\/\/healthestetik.com\/de\/wp-json\/wp\/v2\/pages"}],"about":[{"href":"https:\/\/healthestetik.com\/de\/wp-json\/wp\/v2\/types\/page"}],"author":[{"embeddable":true,"href":"https:\/\/healthestetik.com\/de\/wp-json\/wp\/v2\/users\/1"}],"replies":[{"embeddable":true,"href":"https:\/\/healthestetik.com\/de\/wp-json\/wp\/v2\/comments?post=709"}],"version-history":[{"count":0,"href":"https:\/\/healthestetik.com\/de\/wp-json\/wp\/v2\/pages\/709\/revisions"}],"wp:featuredmedia":[{"embeddable":true,"href":"https:\/\/healthestetik.com\/de\/wp-json\/wp\/v2\/media\/881"}],"wp:attachment":[{"href":"https:\/\/healthestetik.com\/de\/wp-json\/wp\/v2\/media?parent=709"}],"curies":[{"name":"wp","href":"https:\/\/api.w.org\/{rel}","templated":true}]}}