{"id":701,"date":"2022-12-10T15:27:21","date_gmt":"2022-12-10T12:27:21","guid":{"rendered":"https:\/\/healthestetik.com\/?p=701"},"modified":"2025-05-08T14:09:22","modified_gmt":"2025-05-08T11:09:22","slug":"hollywood-lacheln","status":"publish","type":"page","link":"https:\/\/healthestetik.com\/de\/hollywood-lacheln\/","title":{"rendered":"Hollywood-L\u00e4cheln"},"content":{"rendered":"<figure class=\"wp-block-image size-large is-resized\"><img fetchpriority=\"high\" decoding=\"async\" width=\"1024\" height=\"459\" src=\"https:\/\/healthestetik.com\/wp-content\/uploads\/2024\/10\/hollywood-smile-1024x459.jpg\" alt=\"\" class=\"wp-image-868\" style=\"width:1236px;height:auto\" srcset=\"https:\/\/healthestetik.com\/wp-content\/uploads\/2024\/10\/hollywood-smile-1024x459.jpg 1024w, https:\/\/healthestetik.com\/wp-content\/uploads\/2024\/10\/hollywood-smile-768x344.jpg 768w, https:\/\/healthestetik.com\/wp-content\/uploads\/2024\/10\/hollywood-smile-320x143.jpg 320w, https:\/\/healthestetik.com\/wp-content\/uploads\/2024\/10\/hollywood-smile-480x215.jpg 480w, https:\/\/healthestetik.com\/wp-content\/uploads\/2024\/10\/hollywood-smile-800x358.jpg 800w, https:\/\/healthestetik.com\/wp-content\/uploads\/2024\/10\/hollywood-smile-640x287.jpg 640w, https:\/\/healthestetik.com\/wp-content\/uploads\/2024\/10\/hollywood-smile-400x179.jpg 400w\" sizes=\"(max-width: 1024px) 100vw, 1024px\" \/><figcaption class=\"wp-element-caption\">Hollywood-L\u00e4cheln<\/figcaption><\/figure>\n\n\n\n<p>Hollywood Smile: Strahlend wei\u00dfe Z\u00e4hne sind keine Frage der Eitelkeit. Studien belegen, dass gesunde Z\u00e4hne eine Person attraktiver machen. Niemand w\u00fcrde behaupten, dass sch\u00f6ne Z\u00e4hne die Chancen in sozialen Situationen mindern \u2013 ganz im Gegenteil.<\/p>\n\n\n\n<p>Dank moderner technologischer Fortschritte kann jeder, der ein sch\u00f6neres L\u00e4cheln m\u00f6chte, diesen Traum verwirklichen. Dadurch kann jeder ein L\u00e4cheln haben, das als&nbsp;<strong>Hollywood-L\u00e4cheln<\/strong>. Einfach ausgedr\u00fcckt handelt es sich dabei um die kreative Technik des Zahnarztes, ein Set vollkommen gerader und symmetrischer Z\u00e4hne zu schaffen.<\/p>\n\n\n\n<p>Dieses L\u00e4cheln verleiht Ihnen ein v\u00f6llig nat\u00fcrliches Aussehen. Wenn Sie von diesem in der T\u00fcrkei beliebten L\u00e4cheln-Design profitieren m\u00f6chten, k\u00f6nnen Sie sich eine kurze Auszeit von der Arbeit oder dem Privatleben g\u00f6nnen. Dank eines hochqualifizierten Teams bietet Ihnen diese renommierte Zahnklinik ein erstklassiges Erlebnis. Fragen Sie Ihren Zahnarzt, wenn Sie mehr erfahren m\u00f6chten.<\/p>\n\n\n\n<figure class=\"wp-block-image size-large is-resized\"><img decoding=\"async\" src=\"https:\/\/healthestetik.com\/wp-content\/uploads\/2022\/12\/5-4-1024x1024.jpg?wsr\" alt=\"\" class=\"wp-image-1461\" style=\"width:1236px;height:auto\"\/><\/figure>\n\n\n\n<h5 class=\"wp-block-heading\">L\u00e4cheln-Design<\/h5>\n\n\n\n<p>Dieses L\u00e4cheln-Konzept ist eine kosmetische Technik f\u00fcr Ihren Mund, die Ihnen das Hollywood-Starl\u00e4cheln in seiner Grundform erm\u00f6glicht. Lippen, Z\u00e4hne und Zahnfleisch harmonieren perfekt in diesem Grinse-Design. Warum nicht Ihrem L\u00e4cheln ein Makeover verpassen, wenn Sie sich ein charmantes L\u00e4cheln w\u00fcnschen?<\/p>\n\n\n\n<p>Das Aussehen von Z\u00e4hnen und Zahnfleisch ist bei dieser Methode entscheidend. Sie umfasst nicht nur die \u00c4sthetik von Frauen, sondern auch die von M\u00e4nnern. Weitere Fragen betreffen die Dauer, die Kosten und die erforderlichen Verfahren f\u00fcr ein L\u00e4cheln. Um ein passendes L\u00e4cheln zu erreichen, wird der Zahnarzt in einer \u00e4sthetischen Untersuchung die Bed\u00fcrfnisse des Patienten in mehreren Phasen besprechen. Bitte beachten Sie, dass Zahn- oder Zahnfleischerkrankungen vor Beginn des Hollywood-Smile-Verfahrens behoben werden m\u00fcssen. <a href=\"https:\/\/healthestetik.com\/de\/korrektur-einer-brustasymmetrie\/\"  data-wpil-monitor-id=\"41\">Korrektur von Problemen wie Asymmetrie<\/a> in den Z\u00e4hnen des Patienten ist m\u00f6glich.<\/p>\n\n\n\n<p>Wenn Sie ein Problem mit fehlenden Z\u00e4hnen haben, <a href=\"https:\/\/healthestetik.com\/de\/implantatbehandlung\/\"  data-wpil-monitor-id=\"125\">Implantatbehandlungen<\/a> sind eine L\u00f6sung, um das Aussehen Ihrer Z\u00e4hne zu verbessern. Anschlie\u00dfend k\u00f6nnen die Patienten schnell wieder in ihr soziales Leben zur\u00fcckkehren. Bedenken Sie, dass die Behandlungen w\u00e4hrend dieser Zeit weder Schmerzen noch Beschwerden verursachen. In unserer Klinik h\u00f6ren wir Ihnen gerne zu.<\/p>\n\n\n\n<figure class=\"wp-block-image size-large is-resized\"><img decoding=\"async\" src=\"https:\/\/healthestetik.com\/wp-content\/uploads\/2022\/12\/8-2-1024x1024.jpg?wsr\" alt=\"\" class=\"wp-image-1464\" style=\"width:1236px;height:auto\"\/><\/figure>\n\n\n\n<h2 class=\"wp-block-heading\"><strong>Wie lange dauert der Prozess<\/strong><\/h2>\n\n\n\n<p>Sie haben einen Termin in der Zahnklinik in Istanbul vereinbart und von Ihren Zahnproblemen berichtet. Istanbul ist eine der besten Optionen f\u00fcr Ihr Hollywood-L\u00e4cheln. Hier erhalten Sie die bestm\u00f6gliche Behandlung. Ihr Zahnarzt untersucht Ihre Mund- und Zahngesundheit im Untersuchungsstuhl. So k\u00f6nnen Sie Ihre Zahnprobleme und Ihre \u00e4sthetischen Bed\u00fcrfnisse verstehen. Nach dem Eingriff k\u00f6nnen Sie mit einem sch\u00f6nen L\u00e4cheln statt mit Ihren alten schiefen Z\u00e4hnen l\u00e4cheln. Nach Abschluss des Eingriffs erhalten Sie von Ihrem Zahnarzt alle Informationen zu Ihren neuen Z\u00e4hnen.<\/p>\n\n\n\n<p>Jeder Behandlungsverlauf ist individuell, da die erforderlichen Abl\u00e4ufe individuell unterschiedlich sind. Bei Problemen m\u00fcssen die Z\u00e4hne des Patienten zun\u00e4chst behandelt werden. Ist dies der Fall, arbeiten die \u00c4rzte umgehend an der Behebung des Problems. Eine grobe Sch\u00e4tzung der Gesamtdauer h\u00e4ngt von der vom Patienten gew\u00fcnschten Behandlungsart ab.<\/p>\n\n\n\n<figure class=\"wp-block-image size-large is-resized\"><img decoding=\"async\" src=\"https:\/\/healthestetik.com\/wp-content\/uploads\/2022\/12\/4-4-1024x1024.jpg?wsr\" alt=\"\" class=\"wp-image-1460\" style=\"width:1236px;height:auto\"\/><\/figure>\n\n\n\n<h2 class=\"wp-block-heading\"><strong>Vorteile eines Hollywood-L\u00e4chelns<\/strong><\/h2>\n\n\n\n<p>Aufgrund der Vorteile eines&nbsp;<strong>Hollywood-L\u00e4cheln<\/strong>Die Anwendung ist k\u00fcrzlich viral gegangen. Die Kommunikation zwischen Patient und Arzt ist entscheidend, um die Erwartungen an dieses L\u00e4cheln zu erf\u00fcllen. Der Arzt sollte in der Lage sein, das Behandlungsergebnis und die Erwartungen des Patienten zu bewerten und die Erwartungen des Patienten zu verstehen.<\/p>\n\n\n\n<p>Gl\u00fccklicherweise k\u00f6nnen die Fachzahn\u00e4rzte der Larizza-Klinik diesen chirurgischen Eingriff erfolgreich durchf\u00fchren.&nbsp;<\/p>\n\n\n\n<p>Das Design wird im Vorfeld festgelegt, die Zustimmung des Patienten eingeholt und die Formatierung kontinuierlich umgesetzt. Mit dieser Methode lassen sich perfekte Ergebnisse erzielen.<\/p>\n\n\n\n<p>Dank dieser Methode sind optisch ansprechende und symmetrische Z\u00e4hne m\u00f6glich. Ihre Z\u00e4hne und Ihr Zahnfleisch erhalten ein frisches, gesundes Aussehen. W\u00e4hlen Sie das passende L\u00e4cheln f\u00fcr Ihren Gesichtstyp und Ihre Gesichtsform und verleihen Sie sich ein jugendliches Aussehen. Solange das Programm die W\u00fcnsche des Benutzers ber\u00fccksichtigt, ist es m\u00f6glich, rundum zufrieden zu sein. Selbstzweifel in Bezug auf Zahnmedizin und Zahnprobleme geh\u00f6ren der Vergangenheit an.<\/p>\n\n\n\n<figure class=\"wp-block-image size-large is-resized\"><img decoding=\"async\" src=\"https:\/\/healthestetik.com\/wp-content\/uploads\/2022\/12\/7-2-1024x1024.jpg?wsr\" alt=\"\" class=\"wp-image-1463\" style=\"width:1236px;height:auto\"\/><\/figure>\n\n\n\n<h3 class=\"wp-block-heading\">&nbsp;<strong>Vorteil Hollywood Smile in der T\u00fcrkei<\/strong><\/h3>\n\n\n\n<p>Die T\u00fcrkei hat sich im Laufe der Jahre zu einem der beliebtesten Reiseziele f\u00fcr Zahntourismus entwickelt. Zahntouristen sind Menschen, die ihre Zahnbehandlungen aus Budgetgr\u00fcnden im Ausland durchf\u00fchren lassen m\u00f6chten. Daher suchen sie nach einem m\u00f6glichst g\u00fcnstigen Preis-Leistungs-Verh\u00e4ltnis.<\/p>\n\n\n\n<p>Hier in der T\u00fcrkei zeichnen wir uns durch niedrige Betriebskosten bei gleichzeitig hoher Qualit\u00e4t unserer Leistungen aus. Unsere Dentalbranche verf\u00fcgt \u00fcber 15 Schulen, die Kieferorthop\u00e4den nach h\u00f6chsten Standards ausbilden. All diese Faktoren haben die T\u00fcrkei zu einer weltweiten Hochburg der Zahnmedizin gemacht.&nbsp;<\/p>\n\n\n\n<p>Daher ist Zahnmedizin eine sorgf\u00e4ltige Arbeit, doch in der T\u00fcrkei haben Sie den Vorteil, dass Sie Ihre Z\u00e4hne in nur einer Woche behandeln lassen und gleichzeitig die Sch\u00f6nheit der T\u00fcrkei genie\u00dfen k\u00f6nnen.&nbsp;<\/p>\n\n\n\n<h2 class=\"wp-block-heading\"><strong>Wie wird das Hollywood-L\u00e4cheln gemacht?<\/strong><\/h2>\n\n\n\n<p>Ein Hollywood-L\u00e4cheln ist eine komplette Zahnrenovierung, die darauf abzielt, das Erscheinungsbild der Z\u00e4hne zu ver\u00e4ndern und zu erneuern, um ein strahlenderes und gleichm\u00e4\u00dfigeres L\u00e4cheln zu erzielen. Wir definieren den Hollywood-L\u00e4cheln-Prozess in vier Schritten. Er beginnt mit einer zahn\u00e4rztlichen Beratung, um die zu w\u00e4hlenden Materialien, das Aussehen und die Farbe zu bestimmen. Der Zahnarzt wird Sie auf eine L\u00f6sung hinweisen, die zu Ihrem Fall passt. Anschlie\u00dfend kommen Sie zur ersten Sitzung zur\u00fcck, um die Z\u00e4hne zu trimmen und einen Abdruck im Labor zu machen. Au\u00dferdem erhalten Sie eine tempor\u00e4re <a href=\"https:\/\/healthestetik.com\/de\/e-max-veneers\/\"  data-wpil-monitor-id=\"121\">Furniere<\/a> F\u00fcr ein paar Tage, bis Ihre neuen Z\u00e4hne fertig sind. Je nach Bedarf nach 4\u20135 Tagen. Sie kommen zu einer zweiten Sitzung zur\u00fcck, bei der der Zahnarzt Ihre neuen Veneers anbringt und Ihr neues L\u00e4cheln einsetzt. Zu guter Letzt kehren Sie nach R\u00fccksprache mit Ihrem Zahnarzt, der Ihnen Tipps und Tipps f\u00fcr Ihr Hollywood-L\u00e4cheln gibt, in Ihren Alltag zur\u00fcck.&nbsp;<\/p>\n\n\n\n<h3 class=\"wp-block-heading\"><strong>Furniere<\/strong><\/h3>\n\n\n\n<p>Veneers sind eine L\u00f6sung f\u00fcr Ihr neues Aussehen. Die meisten Veneers bedecken die Vorderseite nat\u00fcrlicher Z\u00e4hne mit einer d\u00fcnnen Schicht medizinischer <a href=\"https:\/\/healthestetik.com\/de\/porcelain-and-lamina\/\"  data-wpil-monitor-id=\"133\">Porzellan<\/a>Veneers k\u00f6nnen das L\u00e4cheln eines Patienten im Handumdrehen ver\u00e4ndern. F\u00fcr eine optimale Passform werden Porzellanveneers individuell f\u00fcr jeden Patienten angefertigt. Es wurden zahnschmelz\u00e4hnliche Polymere entwickelt, die dem nat\u00fcrlichen Zahnschmelz \u00e4hneln.<\/p>\n\n\n\n<p>Die Verwendung von Veneers f\u00fcr eine Vielzahl \u00e4sthetischer Verbesserungen, von kieferorthop\u00e4dischen Anpassungen bis hin zu <a href=\"https:\/\/healthestetik.com\/de\/zahnaufhellung-in-der-turkei\/\"  data-wpil-monitor-id=\"170\">Zahnaufhellung<\/a>, ist eine Option, die Zahn\u00e4rzte nutzen k\u00f6nnen. Porzellanfurniere geh\u00f6ren aufgrund ihres lebendigen und nat\u00fcrlichen Aussehens und ihrer vielf\u00e4ltigen Anwendungsm\u00f6glichkeiten zu den beliebtesten und angesehensten kosmetischen Zahnbehandlungen.<\/p>\n\n\n\n<figure class=\"wp-block-image size-large is-resized\"><img decoding=\"async\" src=\"https:\/\/healthestetik.com\/wp-content\/uploads\/2022\/12\/6-5-1024x1024.jpg?wsr\" alt=\"\" class=\"wp-image-1462\" style=\"width:1236px;height:auto\"\/><\/figure>\n\n\n\n<h3 class=\"wp-block-heading\"><strong>Zahnaufhellung<\/strong><\/h3>\n\n\n\n<p>Ziel einer Hollywood Smile Zahnaufhellung ist es, das gesamte Gebiss des Patienten wieder zum Strahlen zu bringen. So k\u00f6nnen Sie sich von Verf\u00e4rbungen und Flecken auf Ihren Z\u00e4hnen verabschieden.<\/p>\n\n\n\n<p>In diesem Zusammenhang: Viele <a href=\"https:\/\/healthestetik.com\/de\/\"  data-wpil-monitor-id=\"192\">heim<\/a> Produkte versprechen \u00e4hnliche Ergebnisse bequem von zu Hause aus. Sie kennen sie schon, fallen Sie nicht darauf herein. Zahnaufhellungsprodukte f\u00fcr zu Hause sch\u00e4digen im schlimmsten Fall den Zahnschmelz und bewirken im besten Fall \u00fcberhaupt nichts.<\/p>\n\n\n\n<p>Mit diesen Heimprodukten erhalten Sie wahrscheinlich eine wei\u00dfe Schicht auf Ihren Z\u00e4hnen, die h\u00f6chstens ein paar Stunden h\u00e4lt. Sie k\u00f6nnen die Technik und die Ger\u00e4te einer professionellen Zahnaufhellung nicht ersetzen. Sparen Sie Zeit und w\u00e4hlen Sie das richtige Verfahren.<\/p>\n\n\n\n<p>Beim Hollywood Smile Zahnbleaching wird ein deutlich h\u00f6herer Anteil des Bleichmittels verwendet. Es wird mit speziellen Ger\u00e4ten durchgef\u00fchrt und sch\u00fctzt Ihr Zahnfleisch beim Auftragen des Gels. Heimprodukte und Behandlungen zu Hause k\u00f6nnen da nicht mithalten.<\/p>\n\n\n\n<h3 class=\"wp-block-heading\"><strong>Kronen<\/strong><\/h3>\n\n\n\n<p>Eine zahn\u00e4rztliche <a href=\"https:\/\/healthestetik.com\/de\/zirkonkronen\/\"  data-wpil-monitor-id=\"141\">Krone<\/a> ist eine Krone, die einen vorhandenen Zahn bedeckt. Sie kann das Aussehen eines kari\u00f6sen oder gebrochenen Zahns verbessern und seine Lebensdauer verl\u00e4ngern. Keramik, Porzellan, Emax und Metall sind die am h\u00e4ufigsten verwendeten Materialien f\u00fcr Kronen. Nach einer Wurzelkanalbehandlung k\u00f6nnen Zahnkronen einen abgebrochenen oder kari\u00f6sen Zahn abdecken, wenn der urspr\u00fcngliche Zahn irreparabel besch\u00e4digt ist. Neben dem Schutz eines schwachen Zahns vor dem Brechen kann die F\u00fcllung auch als Anker f\u00fcr eine Br\u00fccke oder Prothese dienen.<\/p>\n\n\n\n<h2 class=\"wp-block-heading\"><strong>Hollywood-L\u00e4cheln \u2013 Vorher und Nachher<\/strong>&nbsp;<\/h2>\n\n\n\n<p>Nach dem Eingriff werden die Patienten eine deutliche Verbesserung des Aussehens ihrer Z\u00e4hne feststellen. Verf\u00e4rbungen und Flecken sind auf den Z\u00e4hnen nicht mehr sichtbar.<\/p>\n\n\n\n<p>Die Verbesserung des Aussehens durch Zahnaufhellung ist nicht unerheblich. Ein Blick auf die Vorher-Nachher-Bilder verdeutlicht den Unterschied, den ein strahlendes L\u00e4cheln macht. \u00dcberraschen Sie Ihre Mitmenschen mit strahlenden Z\u00e4hnen und erhalten Sie mit Zahnaufhellung sofort ein Hollywood-L\u00e4cheln.<\/p>\n\n\n\n<h2 class=\"wp-block-heading\"><strong>Hollywood Smile Kosten<\/strong><\/h2>\n\n\n\n<p>Der Preis kann erst nach einer gr\u00fcndlichen Untersuchung des Patienten festgelegt werden. Jeder hat unterschiedliche W\u00fcnsche und Erwartungen an die Behandlung. Da der Behandlungsumfang variieren kann, ist eine eindeutige Preisbestimmung nicht m\u00f6glich. Die verf\u00fcgbaren Behandlungsm\u00f6glichkeiten h\u00e4ngen von der Gr\u00f6\u00dfe der Einrichtung, ihrer Erfahrung und der technischen Ausstattung ab. Auch das Wissen und die F\u00e4higkeiten des Arztes k\u00f6nnen den Preis beeinflussen.<\/p>\n\n\n\n<h2 class=\"wp-block-heading\"><strong>Kosten f\u00fcr ein Hollywood-L\u00e4cheln in der T\u00fcrkei<\/strong><\/h2>\n\n\n\n<p>Wie bei den meisten kosmetischen Behandlungen variiert der Preis je nach Faktoren. Zahnaufhellung ist jedoch g\u00fcnstiger als die Anbringung von Veneers. Au\u00dferdem werden alle Z\u00e4hne gleichzeitig behandelt, anstatt einzeln behandelt zu werden. Daher bietet die Hollywood Smile Zahnaufhellung enorme Ergebnisse zu einem fairen Preis.&nbsp;<\/p>\n\n\n\n<p>Um einen genauen Preis f\u00fcr ein Hollywood Smile zu erhalten, k\u00f6nnen Sie unsere Klinik kontaktieren. Anschlie\u00dfend informieren Sie unsere Experten \u00fcber die besten M\u00f6glichkeiten, die wir f\u00fcr Sie haben.<\/p>\n\n\n\n<figure class=\"wp-block-image size-large is-resized\"><img decoding=\"async\" src=\"https:\/\/healthestetik.com\/wp-content\/uploads\/2022\/12\/2-4-1024x1024.jpg?wsr\" alt=\"\" class=\"wp-image-1458\" style=\"width:1236px;height:auto\"\/><\/figure>\n\n\n\n<h2 class=\"wp-block-heading\">-Ist Hollywood Smile f\u00fcr mich geeignet?<\/h2>\n\n\n\n<p>Es h\u00e4ngt von der Diagnose des Zahnarztes ab, doch in der Regel ist das Hollywood-L\u00e4cheln eine Behandlung, die ohnehin jedem m\u00f6glich ist. W\u00e4hrend der Diagnose stellt der Zahnarzt fest, ob Sie eine Behandlung wie Gingivektomie, F\u00fcllung, Wurzelkanalbehandlung und Implantat\/All-in-4 ben\u00f6tigen, um die gew\u00fcnschten Ergebnisse zu erzielen.<\/p>\n\n\n\n<h2 class=\"wp-block-heading\">&nbsp;Warum sollte ich mir in der T\u00fcrkei ein Hollywood-L\u00e4cheln zulegen?<\/h2>\n\n\n\n<p>Zahnbehandlungen in der T\u00fcrkei sind eine Standardursache f\u00fcr mehrere Faktoren, wie z. B. das Verh\u00e4ltnis Qualit\u00e4t\/Preis, das f\u00fcr jeden geeignet und zug\u00e4nglich ist<\/p>\n\n\n\n<p>Labore in der T\u00fcrkei widmen sich der Entwicklung neuer Techniken&nbsp;<\/p>\n\n\n\n<p>L\u00f6sungen f\u00fcr jedes \u00e4sthetische Problem: Die T\u00fcrkei ist ein Touristenziel, warum also nicht das Land genie\u00dfen und gleichzeitig ein Hollywood-L\u00e4cheln bekommen?<\/p>\n\n\n\n<figure class=\"wp-block-image size-large is-resized\"><img decoding=\"async\" src=\"https:\/\/healthestetik.com\/wp-content\/uploads\/2022\/12\/1-5-1024x1024.jpg?wsr\" alt=\"\" class=\"wp-image-1457\" style=\"width:1236px;height:auto\"\/><\/figure>\n\n\n\n<h2 class=\"wp-block-heading\">&nbsp;Tut die Hollywood-Smile-Behandlung weh?<\/h2>\n\n\n\n<p>Die Antwort lautet nein. Es handelt sich um einen v\u00f6llig schmerzfreien Eingriff. Unsere Zahn\u00e4rzte sind erfahren und die Behandlung verl\u00e4uft stets reibungslos. Dar\u00fcber hinaus bietet unser Krankenhaus einen luxuri\u00f6sen Service, der Transfer, Hotel und Kundenbetreuung umfasst.<\/p>\n\n\n\n<figure class=\"wp-block-table\"><table><tbody><tr><td>Dauer des Prozesses<\/td><td>4-6 Tage&nbsp;<\/td><\/tr><tr><td>An\u00e4sthesietyp<\/td><td>Lokal<\/td><\/tr><tr><td>Altersgrenze<\/td><td>Keine Altersgrenze<\/td><\/tr><tr><td>Krankenhausaufenthalt<\/td><td>inklusive, wenn Sie das VIP-Paket w\u00e4hlen<\/td><\/tr><tr><td>Schmerzschwelle<\/td><td>Minimal<\/td><\/tr><tr><td>Komplikationen<\/td><td>Keiner<\/td><\/tr><\/tbody><\/table><figcaption class=\"wp-element-caption\"><strong>Hollywood Smile Operationskarte<\/strong><\/figcaption><\/figure>\n\n\n\n<figure class=\"wp-block-gallery has-nested-images columns-default is-cropped wp-block-gallery-1 is-layout-flex wp-block-gallery-is-layout-flex\">\n<figure class=\"wp-block-image size-large\"><img decoding=\"async\" data-id=\"1459\" src=\"https:\/\/healthestetik.com\/wp-content\/uploads\/2022\/12\/3-6-1024x1024.jpg?wsr\" alt=\"\" class=\"wp-image-1459\"\/><\/figure>\n<\/figure>","protected":false},"excerpt":{"rendered":"<p>Hollywood-L\u00e4cheln: Strahlend wei\u00dfe Z\u00e4hne zu haben, ist keine Frage der Eitelkeit. <\/p>","protected":false},"author":1,"featured_media":868,"parent":0,"menu_order":0,"comment_status":"open","ping_status":"open","template":"elementor_header_footer","meta":{"rs_blank_template":"","rs_page_bg_color":"","slide_template_v7":"","footnotes":""},"class_list":["post-701","page","type-page","status-publish","has-post-thumbnail","hentry"],"_links":{"self":[{"href":"https:\/\/healthestetik.com\/de\/wp-json\/wp\/v2\/pages\/701","targetHints":{"allow":["GET"]}}],"collection":[{"href":"https:\/\/healthestetik.com\/de\/wp-json\/wp\/v2\/pages"}],"about":[{"href":"https:\/\/healthestetik.com\/de\/wp-json\/wp\/v2\/types\/page"}],"author":[{"embeddable":true,"href":"https:\/\/healthestetik.com\/de\/wp-json\/wp\/v2\/users\/1"}],"replies":[{"embeddable":true,"href":"https:\/\/healthestetik.com\/de\/wp-json\/wp\/v2\/comments?post=701"}],"version-history":[{"count":0,"href":"https:\/\/healthestetik.com\/de\/wp-json\/wp\/v2\/pages\/701\/revisions"}],"wp:featuredmedia":[{"embeddable":true,"href":"https:\/\/healthestetik.com\/de\/wp-json\/wp\/v2\/media\/868"}],"wp:attachment":[{"href":"https:\/\/healthestetik.com\/de\/wp-json\/wp\/v2\/media?parent=701"}],"curies":[{"name":"wp","href":"https:\/\/api.w.org\/{rel}","templated":true}]}}