{"id":697,"date":"2022-12-10T14:23:22","date_gmt":"2022-12-10T11:23:22","guid":{"rendered":"https:\/\/healthestetik.com\/?p=697"},"modified":"2025-05-08T14:09:45","modified_gmt":"2025-05-08T11:09:45","slug":"womens-hair-transplant","status":"publish","type":"page","link":"https:\/\/healthestetik.com\/de\/womens-hair-transplant\/","title":{"rendered":"Haartransplantation f\u00fcr Frauen"},"content":{"rendered":"<figure class=\"wp-block-image size-large is-resized\"><img fetchpriority=\"high\" decoding=\"async\" width=\"1024\" height=\"459\" src=\"https:\/\/healthestetik.com\/wp-content\/uploads\/2024\/10\/womens-hair-transplant-1024x459.jpg\" alt=\"\" class=\"wp-image-883\" style=\"width:1236px;height:auto\" srcset=\"https:\/\/healthestetik.com\/wp-content\/uploads\/2024\/10\/womens-hair-transplant-1024x459.jpg 1024w, https:\/\/healthestetik.com\/wp-content\/uploads\/2024\/10\/womens-hair-transplant-768x344.jpg 768w, https:\/\/healthestetik.com\/wp-content\/uploads\/2024\/10\/womens-hair-transplant-320x143.jpg 320w, https:\/\/healthestetik.com\/wp-content\/uploads\/2024\/10\/womens-hair-transplant-480x215.jpg 480w, https:\/\/healthestetik.com\/wp-content\/uploads\/2024\/10\/womens-hair-transplant-800x358.jpg 800w, https:\/\/healthestetik.com\/wp-content\/uploads\/2024\/10\/womens-hair-transplant-640x287.jpg 640w, https:\/\/healthestetik.com\/wp-content\/uploads\/2024\/10\/womens-hair-transplant-400x179.jpg 400w\" sizes=\"(max-width: 1024px) 100vw, 1024px\" \/><figcaption class=\"wp-element-caption\">Haartransplantation f\u00fcr Frauen<\/figcaption><\/figure>\n\n\n\n<p>Haartransplantation f\u00fcr Frauen: Haarausfall und d\u00fcnner werdendes Haar treten bei Frauen immer h\u00e4ufiger auf. Mit der brandneuen DHI-Haartransplantationstechnik k\u00f6nnen Frauen sich jetzt bedenkenlos einer Transplantation unterziehen und dauerhaft gesundes Haar erhalten.&nbsp;<\/p>\n\n\n\n<p>Wir bieten Frauen eine gesunde und angenehme Umgebung. Unser erfahrenes Team hilft Ihnen mit modernster Technologie, Ihr gesundes Haar zur\u00fcckzugewinnen.<\/p>\n\n\n\n<p>Bei Frauen kann Haarausfall genetisch bedingt oder saisonal bedingt sein oder durch Umwelteinfl\u00fcsse in besonderen Phasen wie Schwangerschaft und Wechseljahren verursacht werden. Zu den h\u00e4ufigsten Ursachen f\u00fcr Haarausfall bei Frauen z\u00e4hlen beispielsweise hormonelle Unregelm\u00e4\u00dfigkeiten, Eisenmangel, Unterern\u00e4hrung, Menstruationsst\u00f6rungen, das polyzystische Ovarialsyndrom und Schilddr\u00fcsenerkrankungen.<\/p>\n\n\n\n<p>Dar\u00fcber hinaus haben Schwangerschaft und Geburt erhebliche Auswirkungen auf den weiblichen K\u00f6rper. Eine dieser Auswirkungen ist Haarausfall. Nach der Behandlung der Ursache des Haarausfalls, a <a href=\"https:\/\/healthestetik.com\/de\/bart-und-schnurrbarttransplantation\/\"  data-wpil-monitor-id=\"98\">Haartransplantation<\/a> ist die einzige dauerhafte Methode, um gesundes Haar wiederherzustellen.&nbsp;<\/p>\n\n\n\n<h3 class=\"wp-block-heading\">&nbsp;<strong>Vorteile der DHI-Haartransplantation f\u00fcr Frauen<\/strong><\/h3>\n\n\n\n<p>Es gibt viele Vorteile der <a href=\"https:\/\/healthestetik.com\/de\/dhi-hair-transplant\/\"  data-wpil-monitor-id=\"109\">DHI-Haartransplantation<\/a> Technik f\u00fcr Frauen. Die Methode erm\u00f6glicht uns eine unrasierte und spurlose Operation. Daher ist sie eine perfekte Wahl f\u00fcr weibliche Patienten.<\/p>\n\n\n\n<p><a href=\"https:\/\/healthestetik.com\/de\/our-doctors\/\"  data-wpil-monitor-id=\"217\">Unsere \u00c4rzte<\/a> Die Haarfollikel werden einzeln entnommen und direkt nach der Entnahme eingepflanzt, ohne Kan\u00e4le zu \u00f6ffnen. Dank der DHI-Technik bleibt die Haarrichtung und der vordere Haaransatz so naturnah wie m\u00f6glich. Dadurch k\u00f6nnen Sie nach der Operation ein nat\u00fcrliches Aussehen beobachten.<\/p>\n\n\n\n<p>Den ersten Waschgang k\u00f6nnen Sie bei <a href=\"https:\/\/healthestetik.com\/de\/\"  data-wpil-monitor-id=\"194\">heim<\/a> Wie unsere \u00c4rzte beschrieben haben. Der Haarausfall tritt am Ende der ersten zwei Wochen schnell ein. Die Zahl der Patienten, bei denen dieser Schockausfall nicht auftritt, liegt jedoch bei einem von tausend. Drei Monate nach der Operation beginnt das Haar d\u00fcnner zu wachsen und gewinnt von Tag zu Tag an Kraft. Schlie\u00dflich gewinnt es am Ende des 8. Monats optisch an Volumen.<\/p>\n\n\n\n<h2 class=\"wp-block-heading\"><strong>Kosten einer Haartransplantation bei Frauen&nbsp;<\/strong><\/h2>\n\n\n\n<p><a href=\"https:\/\/healthestetik.com\/de\/dhi-pro-hair-transplant\/\"  data-wpil-monitor-id=\"159\">Haartransplantation<\/a> Die Preise sind f\u00fcr jeden unterschiedlich. In diesem Sinne sind die Anzahl der Transplantate und die Methode zwei Hauptkriterien, die die Kosten bestimmen <a href=\"https:\/\/healthestetik.com\/de\/eyebrow-transplant\/\"  data-wpil-monitor-id=\"175\">Haartransplantation<\/a>.&nbsp;<\/p>\n\n\n\n<p>In diesem Zusammenhang sind Frauen <a href=\"https:\/\/healthestetik.com\/de\/unrasierte-haartransplantation\/\"  data-wpil-monitor-id=\"184\">Haartransplantation<\/a> Die Kosten k\u00f6nnen je nach vielen Faktoren variieren. Wir bieten eine Qualit\u00e4t&nbsp;<strong>Haar<\/strong><strong> <a href=\"https:\/\/healthestetik.com\/de\/plastische-chirurgie\/haartransplantation\/\"  data-wpil-monitor-id=\"219\">Transplantation<\/a> Service f\u00fcr Frauen<\/strong>&nbsp;zu einem vern\u00fcnftigen Preis.<\/p>\n\n\n\n<ul class=\"wp-block-list\">\n<li>Die Anzahl der Transplantate<\/li>\n\n\n\n<li>Die Kompetenz und Qualit\u00e4t des Arztes<\/li>\n\n\n\n<li>&nbsp;Leistungsangebot und Produktqualit\u00e4t<\/li>\n<\/ul>\n\n\n\n<p>Dies sind die weiteren Faktoren, die die Kosten der Transplantation beeinflussen. Dar\u00fcber hinaus k\u00f6nnen zus\u00e4tzliche Leistungen die Gesamtkosten erh\u00f6hen.<\/p>\n\n\n\n<h2 class=\"wp-block-heading\"><strong>Haartransplantation f\u00fcr Frauen in der T\u00fcrkei&nbsp;<\/strong><\/h2>\n\n\n\n<p>Die Erfahrung des Personals, die Qualit\u00e4t der Anlage und der Produkte sind wichtige Aspekte von&nbsp;<strong>Haar <a href=\"https:\/\/healthestetik.com\/de\/fue-haartransplantation\/\"  data-wpil-monitor-id=\"247\">Transplantationen<\/a> f\u00fcr Frauen<\/strong>. Mit Sitz in Istanbul, T\u00fcrkei, bieten wir mit unserem zuverl\u00e4ssigen Team hochwertige Haartransplantations- und Behandlungsdienste f\u00fcr Frauen an.&nbsp;<\/p>\n\n\n\n<p>Unser Ziel ist es, unseren Patienten zufriedenstellende Ergebnisse zu liefern.&nbsp;<\/p>\n\n\n\n<p>In unserer Klinik steht Ihnen die DHI-Methode, die modernste Methode, zur Verf\u00fcgung. Die Operation dauert etwa 8 Stunden.&nbsp;<\/p>\n\n\n\n<h2 class=\"wp-block-heading\">Ist eine Haartransplantation ein dauerhafter Eingriff?<\/h2>\n\n\n\n<p>Eine der Eigenschaften des Spenderbereichs besteht darin, dass das Haar ausfallfest ist und ein Leben lang h\u00e4lt. Eine Haartransplantation ist daher ein dauerhaftes Ergebnis.<\/p>\n\n\n\n<h2 class=\"wp-block-heading\">Welches Shampoo sollte ich nach einer Haartransplantation verwenden? Muss ich Medikamente einnehmen?<\/h2>\n\n\n\n<p>W\u00e4hrend der Operation stellt Ihnen die Klinik ein medizinisches Set mit Vitaminen, Shampoo, Serum und Schaum zur Verf\u00fcgung, das f\u00fcr die transplantierten Follikel und Spenderbereiche geeignet und vertr\u00e4glich ist.<\/p>\n\n\n\n<h2 class=\"wp-block-heading\">Vorher-Nachher-Galerie<\/h2>","protected":false},"excerpt":{"rendered":"<p>Women&#8217;s Hair Transplant, The problem of hair loss and thinning is becoming increasingly common among women. <\/p>","protected":false},"author":1,"featured_media":883,"parent":0,"menu_order":0,"comment_status":"open","ping_status":"open","template":"elementor_header_footer","meta":{"rs_blank_template":"","rs_page_bg_color":"","slide_template_v7":"","footnotes":""},"class_list":["post-697","page","type-page","status-publish","has-post-thumbnail","hentry"],"_links":{"self":[{"href":"https:\/\/healthestetik.com\/de\/wp-json\/wp\/v2\/pages\/697","targetHints":{"allow":["GET"]}}],"collection":[{"href":"https:\/\/healthestetik.com\/de\/wp-json\/wp\/v2\/pages"}],"about":[{"href":"https:\/\/healthestetik.com\/de\/wp-json\/wp\/v2\/types\/page"}],"author":[{"embeddable":true,"href":"https:\/\/healthestetik.com\/de\/wp-json\/wp\/v2\/users\/1"}],"replies":[{"embeddable":true,"href":"https:\/\/healthestetik.com\/de\/wp-json\/wp\/v2\/comments?post=697"}],"version-history":[{"count":0,"href":"https:\/\/healthestetik.com\/de\/wp-json\/wp\/v2\/pages\/697\/revisions"}],"wp:featuredmedia":[{"embeddable":true,"href":"https:\/\/healthestetik.com\/de\/wp-json\/wp\/v2\/media\/883"}],"wp:attachment":[{"href":"https:\/\/healthestetik.com\/de\/wp-json\/wp\/v2\/media?parent=697"}],"curies":[{"name":"wp","href":"https:\/\/api.w.org\/{rel}","templated":true}]}}