{"id":662,"date":"2022-12-08T19:31:45","date_gmt":"2022-12-08T16:31:45","guid":{"rendered":"https:\/\/healthestetik.com\/?p=662"},"modified":"2025-05-08T14:10:57","modified_gmt":"2025-05-08T11:10:57","slug":"prp-and-mesotherapy","status":"publish","type":"page","link":"https:\/\/healthestetik.com\/de\/prp-and-mesotherapy\/","title":{"rendered":"PRP und Mesotherapie"},"content":{"rendered":"<figure class=\"wp-block-image size-large is-resized\"><img fetchpriority=\"high\" decoding=\"async\" width=\"1024\" height=\"459\" src=\"https:\/\/healthestetik.com\/wp-content\/uploads\/2024\/10\/PRP-and-mesotherapy-1024x459.jpg\" alt=\"\" class=\"wp-image-879\" style=\"width:1236px;height:auto\" srcset=\"https:\/\/healthestetik.com\/wp-content\/uploads\/2024\/10\/PRP-and-mesotherapy-1024x459.jpg 1024w, https:\/\/healthestetik.com\/wp-content\/uploads\/2024\/10\/PRP-and-mesotherapy-768x344.jpg 768w, https:\/\/healthestetik.com\/wp-content\/uploads\/2024\/10\/PRP-and-mesotherapy-320x143.jpg 320w, https:\/\/healthestetik.com\/wp-content\/uploads\/2024\/10\/PRP-and-mesotherapy-480x215.jpg 480w, https:\/\/healthestetik.com\/wp-content\/uploads\/2024\/10\/PRP-and-mesotherapy-800x358.jpg 800w, https:\/\/healthestetik.com\/wp-content\/uploads\/2024\/10\/PRP-and-mesotherapy-640x287.jpg 640w, https:\/\/healthestetik.com\/wp-content\/uploads\/2024\/10\/PRP-and-mesotherapy-400x179.jpg 400w\" sizes=\"(max-width: 1024px) 100vw, 1024px\" \/><figcaption class=\"wp-element-caption\">PRP und MESOTHERAPIE<\/figcaption><\/figure>\n\n\n\n<p>PRP und Mesotherapie Haarausfall ist ein weit verbreitetes Problem, das viele Menschen betrifft. Etwa jeder Dritte leidet darunter. Da es sich um ein weit verbreitetes Problem handelt, suchen viele Menschen nach einer L\u00f6sung f\u00fcr ihr Haarausfallproblem.<\/p>\n\n\n\n<p>Manche Menschen tragen selbstgemachte Mischungen auf ihre Kopfhaut und ihr Haar auf, um den Haarausfall zumindest zu verlangsamen. Manche Menschen entscheiden sich jedoch f\u00fcr <a href=\"https:\/\/healthestetik.com\/de\/dhi-hair-transplant\/\"  data-wpil-monitor-id=\"112\">Haartransplantation<\/a> um ihren fortschreitenden Haarausfall zu beheben. Aber es gibt noch andere Methoden, die zwischen diesen L\u00f6sungen liegen: PRP und Mesotherapie.<\/p>\n\n\n\n<p>PRP- und Mesotherapie-Behandlungen sind grunds\u00e4tzlich sehr \u00e4hnlich. Bei beiden werden bestimmte Mischungen in die Kopfhaut des Patienten injiziert. Die Substanzen unterscheiden sich jedoch voneinander. Schauen wir uns beide Behandlungen genauer an.<\/p>\n\n\n\n<h2 class=\"wp-block-heading\">&nbsp;PRP-Behandlung<\/h2>\n\n\n\n<p>PRP, die Abk\u00fcrzung f\u00fcr pl\u00e4ttchenreiches Plasma, ist ein nat\u00fcrliches, nicht-invasives Verfahren zur Behandlung von Haarausfall. Bei PRP-Behandlungen verwenden Chirurgen das Blut der Patienten und andere Substanzen, um das Haarwachstum zu f\u00f6rdern.<\/p>\n\n\n\n<h3 class=\"wp-block-heading\">&nbsp;Wie funktioniert es?<\/h3>\n\n\n\n<p>Werfen wir einen Blick auf die Abl\u00e4ufe der PRP-Behandlung:<\/p>\n\n\n\n<ul class=\"wp-block-list\">\n<li>Zun\u00e4chst zentrifugiert Ihr Chirurg eine kleine Menge Ihres Blutes. Durch den Zentrifugationsprozess werden die Blutpl\u00e4ttchen und die Proteine mit Wachstumsfaktoreigenschaften konzentriert.<\/li>\n\n\n\n<li>Ihr Chirurg wird dann ein Ger\u00e4t verwenden, um die Zielbereiche um Ihren Kopf herum zu stimulieren. Dieser Vorgang ist wichtig, damit die Mischung wirkt.<\/li>\n\n\n\n<li>Sobald die Vorbereitung abgeschlossen ist, injiziert Ihr Chirurg diese Mischung in Ihre Kopfhaut.<\/li>\n<\/ul>\n\n\n\n<p>Die Wachstumsfaktoren in der Mischung reduzieren die Schrumpfung Ihrer Haarfollikel, verbessern die Durchblutung Ihrer Kopfhaut und f\u00f6rdern das Wachstum neuer Zellen.&nbsp;<\/p>\n\n\n\n<p>Sie m\u00fcssen mindestens 3 PRP-Sitzungen absolvieren, um die vollst\u00e4ndigen Ergebnisse zu sehen.&nbsp;<\/p>\n\n\n\n<h4 class=\"wp-block-heading\">&nbsp;<em>Vorteile der PRP-Behandlung<\/em><\/h4>\n\n\n\n<p>PRP-Behandlungen sind wirksame Verfahren zur Bek\u00e4mpfung von Haarausfall. Zu ihren Vorteilen geh\u00f6ren:<\/p>\n\n\n\n<ol class=\"wp-block-list\">\n<li>F\u00f6rderung des Haarwachstums<\/li>\n\n\n\n<li>Wirtschaftlich<\/li>\n\n\n\n<li>Nat\u00fcrliche Ergebnisse<\/li>\n\n\n\n<li>Einfach und schnell<\/li>\n\n\n\n<li>Eine schnelle Erholungsphase, keine Ausfallzeiten<\/li>\n<\/ol>\n\n\n\n<p>Sie sollten sich auch der Nebenwirkungen bewusst sein. Obwohl sie selten auftreten, k\u00f6nnen PRP-Behandlungen Infektionen, Nervenverletzungen und Gewebesch\u00e4den an der Injektionsstelle verursachen.<\/p>\n\n\n\n<h2 class=\"wp-block-heading\">&nbsp;Mesotherapie-Behandlungen<\/h2>\n\n\n\n<p>Mesotherapie-Verfahren sind PRP-Behandlungen sehr \u00e4hnlich. Sie beinhalten die Injektion bestimmter Substanzen, genau wie bei PRP-Behandlungen. Die Bedeutung der Injektionen durch den Chirurgen ist bei Mesotherapie-Sitzungen jedoch unterschiedlich.<\/p>\n\n\n\n<p>Die Mischung in Mesotherapie-Behandlungen besteht aus Vitaminen, Mineralien und Wirkstoffen, die DHT blockieren, das Hormon, das mit Haarausfall in Verbindung gebracht wird.<\/p>\n\n\n\n<p>Die Vorteile und Nebenwirkungen von Mesotherapie-Behandlungen sind denen von PRP-Behandlungen sehr \u00e4hnlich.&nbsp;<\/p>\n\n\n\n<p>Beide Behandlungen k\u00f6nnen ihren Nutzen maximieren. Diese Behandlungen k\u00f6nnten das Richtige f\u00fcr Sie sein, wenn Sie eine nicht-invasive, einfache und schnelle Behandlung gegen Ihren Haarausfall suchen. <a href=\"https:\/\/healthestetik.com\/de\/kontaktieren-sie-uns\/\"  data-wpil-monitor-id=\"218\">Kontaktieren Sie uns<\/a> F\u00fcr weitere Informationen zu diesen Behandlungen stehen wir Ihnen gerne zur Verf\u00fcgung. Wir informieren Sie gerne ausf\u00fchrlich \u00fcber die Behandlungen und deren Preise.<\/p>","protected":false},"excerpt":{"rendered":"<p>PRP und Mesotherapie Haarausfall ist ein weit verbreitetes Problem, unter dem viele Menschen leiden.<\/p>","protected":false},"author":1,"featured_media":879,"parent":0,"menu_order":0,"comment_status":"open","ping_status":"open","template":"elementor_header_footer","meta":{"rs_blank_template":"","rs_page_bg_color":"","slide_template_v7":"","footnotes":""},"class_list":["post-662","page","type-page","status-publish","has-post-thumbnail","hentry"],"_links":{"self":[{"href":"https:\/\/healthestetik.com\/de\/wp-json\/wp\/v2\/pages\/662","targetHints":{"allow":["GET"]}}],"collection":[{"href":"https:\/\/healthestetik.com\/de\/wp-json\/wp\/v2\/pages"}],"about":[{"href":"https:\/\/healthestetik.com\/de\/wp-json\/wp\/v2\/types\/page"}],"author":[{"embeddable":true,"href":"https:\/\/healthestetik.com\/de\/wp-json\/wp\/v2\/users\/1"}],"replies":[{"embeddable":true,"href":"https:\/\/healthestetik.com\/de\/wp-json\/wp\/v2\/comments?post=662"}],"version-history":[{"count":0,"href":"https:\/\/healthestetik.com\/de\/wp-json\/wp\/v2\/pages\/662\/revisions"}],"wp:featuredmedia":[{"embeddable":true,"href":"https:\/\/healthestetik.com\/de\/wp-json\/wp\/v2\/media\/879"}],"wp:attachment":[{"href":"https:\/\/healthestetik.com\/de\/wp-json\/wp\/v2\/media?parent=662"}],"curies":[{"name":"wp","href":"https:\/\/api.w.org\/{rel}","templated":true}]}}