{"id":631,"date":"2022-12-08T13:44:32","date_gmt":"2022-12-08T10:44:32","guid":{"rendered":"https:\/\/healthestetik.com\/?p=631"},"modified":"2025-06-10T17:09:55","modified_gmt":"2025-06-10T14:09:55","slug":"fullstoffinjektionen","status":"publish","type":"page","link":"https:\/\/healthestetik.com\/de\/fullstoffinjektionen\/","title":{"rendered":"F\u00fcllstoffinjektionen"},"content":{"rendered":"<div class=\"wpb-content-wrapper\"><div class=\"vc_row wpb_row row top-row wpb_custom_034b39d9bc6c6b310d69e39f0ccf274f\"><div class=\"vc_column_container col-md-12\"><div class=\"wpb_wrapper vc_column-inner\">\r\n\t<div class=\"wpb_text_column wpb_content_element wpb_custom_7c91d232724f73626cc933bd95b25ff0\" >\r\n\t\t<div class=\"wpb_wrapper\">\r\n\t\t\t<figure class=\"wp-block-image size-large\"><img fetchpriority=\"high\" decoding=\"async\" class=\"alignnone wp-image-850 size-full\" title=\"F\u00fcllstoffinjektion\" src=\"https:\/\/healthestetik.com\/wp-content\/uploads\/2024\/10\/dermal-filler-injection.jpg\" alt=\"\" width=\"1440\" height=\"645\" srcset=\"https:\/\/healthestetik.com\/wp-content\/uploads\/2024\/10\/dermal-filler-injection.jpg 1440w, https:\/\/healthestetik.com\/wp-content\/uploads\/2024\/10\/dermal-filler-injection-1024x459.jpg 1024w, https:\/\/healthestetik.com\/wp-content\/uploads\/2024\/10\/dermal-filler-injection-768x344.jpg 768w, https:\/\/healthestetik.com\/wp-content\/uploads\/2024\/10\/dermal-filler-injection-320x143.jpg 320w, https:\/\/healthestetik.com\/wp-content\/uploads\/2024\/10\/dermal-filler-injection-480x215.jpg 480w, https:\/\/healthestetik.com\/wp-content\/uploads\/2024\/10\/dermal-filler-injection-800x358.jpg 800w, https:\/\/healthestetik.com\/wp-content\/uploads\/2024\/10\/dermal-filler-injection-640x287.jpg 640w, https:\/\/healthestetik.com\/wp-content\/uploads\/2024\/10\/dermal-filler-injection-400x179.jpg 400w\" sizes=\"(max-width: 1440px) 100vw, 1440px\" \/><figcaption class=\"wp-element-caption\">F\u00fcllstoffinjektionen<\/figcaption><\/figure>\n<p><!-- \/wp:post-content --><\/p>\n<p><!-- wp:paragraph -->Versuchen Sie, Ihre Falten loszuwerden? F\u00fcllstoffinjektionen k\u00f6nnen Ihnen helfen, ein jugendliches Aussehen zu erhalten. Das Gute daran ist, dass sie im Vergleich zu herk\u00f6mmlichen Verfahren nur einen Bruchteil kosten. <a href=\"https:\/\/healthestetik.com\/de\/facelift\/\" data-wpil-monitor-id=\"16\">Facelift<\/a> Operationen. In weniger als 30 Minuten erzielen Sie hervorragende Ergebnisse, die bis zu einem Jahr anhalten. W\u00e4hrend Botox-Injektionen Falten durch Entspannung der darunterliegenden Muskeln reduzieren, beseitigt die Filler-Injektion die Falten durch direktes Auff\u00fcllen. Filler-Injektionen werden auch als Volumizer bezeichnet.<\/p>\n<p><!-- \/wp:paragraph --><\/p>\n<p><!-- wp:paragraph -->Plastische Chirurgen k\u00f6nnen diese F\u00fcllstoffe in nahezu jeden K\u00f6rperteil injizieren. Es gibt daher verschiedene Verfahren zur F\u00fcllstoffinjektion. Einige Beispiele sind:<\/p>\n<p><!-- \/wp:paragraph --><br \/>\n<!-- wp:list --><\/p>\n<ul>\n<li style=\"list-style-type: none;\">\n<ul><!-- wp:list-item --><\/p>\n<li><strong>Lippenf\u00fcller-Injektionen:&nbsp;<\/strong>Lippenf\u00fcller-Injektionen erfreuen sich bei Patienten, die ihre Lippen vergr\u00f6\u00dfern m\u00f6chten, gro\u00dfer Beliebtheit. Sie k\u00f6nnen f\u00fcr deutlich mehr Volumen sorgen und den Patienten so vollere, prallere Lippen verleihen.<\/li>\n<p><!-- \/wp:list-item --><br \/>\n<!-- wp:list-item --><\/p>\n<li><a href=\"https:\/\/healthestetik.com\/de\/brustvergroserung-2\/\" data-wpil-monitor-id=\"39\">Brustf\u00fcller-Injektionen: Diese Injektionen k\u00f6nnen vergr\u00f6\u00dfern<\/a> die Br\u00fcste und bewahrt gleichzeitig ihr nat\u00fcrliches Aussehen.<\/li>\n<p><!-- \/wp:list-item --><br \/>\n<!-- wp:list-item --><\/p>\n<li><strong>F\u00fcllstoffinjektionen unter die Augen:&nbsp;<\/strong>Durch die Injektion von F\u00fcllstoffen unter die Augen kann die Haut unter den Augen gestrafft werden und dem Patienten ein ausgeruhtes Aussehen verliehen werden.<\/li>\n<\/ul>\n<\/li>\n<\/ul>\n<p><!-- \/wp:list-item --><!-- \/wp:list --> <img decoding=\"async\" class=\"aligncenter size-large wp-image-2045\" src=\"https:\/\/healthestetik.com\/wp-content\/uploads\/2025\/06\/jawline-1024x1024.jpg\" alt=\"\" width=\"1024\" height=\"1024\" srcset=\"https:\/\/healthestetik.com\/wp-content\/uploads\/2025\/06\/jawline-1024x1024.jpg 1024w, https:\/\/healthestetik.com\/wp-content\/uploads\/2025\/06\/jawline-768x768.jpg 768w, https:\/\/healthestetik.com\/wp-content\/uploads\/2025\/06\/jawline-320x320.jpg 320w, https:\/\/healthestetik.com\/wp-content\/uploads\/2025\/06\/jawline-480x480.jpg 480w, https:\/\/healthestetik.com\/wp-content\/uploads\/2025\/06\/jawline-800x800.jpg 800w, https:\/\/healthestetik.com\/wp-content\/uploads\/2025\/06\/jawline-640x640.jpg 640w, https:\/\/healthestetik.com\/wp-content\/uploads\/2025\/06\/jawline-400x400.jpg 400w, https:\/\/healthestetik.com\/wp-content\/uploads\/2025\/06\/jawline-560x560.jpg 560w, https:\/\/healthestetik.com\/wp-content\/uploads\/2025\/06\/jawline-367x367.jpg 367w\" sizes=\"(max-width: 1024px) 100vw, 1024px\" \/><\/p>\n<p><!-- wp:paragraph \/--><br \/>\n<!-- wp:heading --><\/p>\n<h2><strong>Inhaltsstoffe der Filler-Injektionen<\/strong><\/h2>\n<p><!-- \/wp:heading --><\/p>\n<p><!-- wp:paragraph -->\u201eJa, die Ergebnisse scheinen sehr zufriedenstellend. Aber was ist das f\u00fcr eine Substanz, die sie injizieren?\u201c, fragen Sie sich vielleicht. Nun, F\u00fcllstoffinjektionen werden als&nbsp;<strong>als Injektionen mit Hautf\u00fcllern<\/strong>Diese Hautf\u00fcller sind gelartige Substanzen, die oft nat\u00fcrlich im K\u00f6rper vorkommen. Es gibt auch synthetische Alternativen. Sehen wir uns an, um welche Substanzen es sich handelt.<\/p>\n<p><!-- \/wp:paragraph --><br \/>\n<!-- wp:list {\"ordered\":true} --><\/p>\n<ol>\n<li style=\"list-style-type: none;\">\n<ol><!-- wp:list-item --><\/p>\n<li>Hyalurons\u00e4ure \u2013 kommt nat\u00fcrlich im K\u00f6rper vor und h\u00e4lt die Haut prall und hydratisiert.<\/li>\n<p><!-- \/wp:list-item --><br \/>\n<!-- wp:list-item --><\/p>\n<li>Calciumhydroxylapatit \u2013 kommt in den Knochen vor, h\u00e4lt im Vergleich zu HA l\u00e4nger (12 Monate)<\/li>\n<p><!-- \/wp:list-item --><br \/>\n<!-- wp:list-item --><\/p>\n<li>Poly-L-Milchs\u00e4ure \u2013 synthetisch, aber sicher, h\u00e4lt bis zu 2 Jahre.<\/li>\n<p><!-- \/wp:list-item --><br \/>\n<!-- wp:list-item --><\/p>\n<li>Polymethylmethacrylat \u2013 synthetisch, h\u00e4ufig in der Medizin verwendet<\/li>\n<p><!-- \/wp:list-item --><br \/>\n<!-- wp:list-item --><\/p>\n<li>Autologes Fett \u2013 das Eigenfett des Patienten sorgt f\u00fcr nat\u00fcrliche und langanhaltende Ergebnisse.<\/li>\n<\/ol>\n<\/li>\n<\/ol>\n<p><!-- \/wp:list-item --><!-- \/wp:list --><\/p>\n<p><!-- wp:paragraph -->Es gibt also verschiedene Substanzen, die plastische Chirurgen bei diesen Eingriffen verwenden. Jede Substanz hat ihre Vorteile. Sie k\u00f6nnen <a href=\"https:\/\/healthestetik.com\/de\/kontaktieren-sie-uns\/\" data-wpil-monitor-id=\"221\">Kontaktieren Sie uns<\/a> Wenn Sie erfahren m\u00f6chten, welcher Sinn f\u00fcr Sie am besten geeignet ist, um Ihre Ziele zu erreichen, stehen Ihnen unsere Experten gerne zur Verf\u00fcgung.<\/p>\n<p><!-- \/wp:paragraph --><br \/>\n<!-- wp:heading --><\/p>\n<h2><strong><img decoding=\"async\" class=\"aligncenter size-large wp-image-2048\" src=\"https:\/\/healthestetik.com\/wp-content\/uploads\/2025\/06\/sakak-1024x1024.jpg\" alt=\"\" width=\"1024\" height=\"1024\" srcset=\"https:\/\/healthestetik.com\/wp-content\/uploads\/2025\/06\/sakak-1024x1024.jpg 1024w, https:\/\/healthestetik.com\/wp-content\/uploads\/2025\/06\/sakak-768x768.jpg 768w, https:\/\/healthestetik.com\/wp-content\/uploads\/2025\/06\/sakak-320x320.jpg 320w, https:\/\/healthestetik.com\/wp-content\/uploads\/2025\/06\/sakak-480x480.jpg 480w, https:\/\/healthestetik.com\/wp-content\/uploads\/2025\/06\/sakak-800x800.jpg 800w, https:\/\/healthestetik.com\/wp-content\/uploads\/2025\/06\/sakak-640x640.jpg 640w, https:\/\/healthestetik.com\/wp-content\/uploads\/2025\/06\/sakak-400x400.jpg 400w, https:\/\/healthestetik.com\/wp-content\/uploads\/2025\/06\/sakak-560x560.jpg 560w, https:\/\/healthestetik.com\/wp-content\/uploads\/2025\/06\/sakak-367x367.jpg 367w\" sizes=\"(max-width: 1024px) 100vw, 1024px\" \/><\/strong><\/h2>\n<h2><strong><img loading=\"lazy\" decoding=\"async\" class=\"aligncenter size-large wp-image-2043\" src=\"https:\/\/healthestetik.com\/wp-content\/uploads\/2025\/06\/jawline-4-1024x1024.jpg\" alt=\"\" width=\"1024\" height=\"1024\" srcset=\"https:\/\/healthestetik.com\/wp-content\/uploads\/2025\/06\/jawline-4-1024x1024.jpg 1024w, https:\/\/healthestetik.com\/wp-content\/uploads\/2025\/06\/jawline-4-768x768.jpg 768w, https:\/\/healthestetik.com\/wp-content\/uploads\/2025\/06\/jawline-4-320x320.jpg 320w, https:\/\/healthestetik.com\/wp-content\/uploads\/2025\/06\/jawline-4-480x480.jpg 480w, https:\/\/healthestetik.com\/wp-content\/uploads\/2025\/06\/jawline-4-800x800.jpg 800w, https:\/\/healthestetik.com\/wp-content\/uploads\/2025\/06\/jawline-4-640x640.jpg 640w, https:\/\/healthestetik.com\/wp-content\/uploads\/2025\/06\/jawline-4-400x400.jpg 400w, https:\/\/healthestetik.com\/wp-content\/uploads\/2025\/06\/jawline-4-560x560.jpg 560w, https:\/\/healthestetik.com\/wp-content\/uploads\/2025\/06\/jawline-4-367x367.jpg 367w\" sizes=\"(max-width: 1024px) 100vw, 1024px\" \/><\/strong><\/h2>\n<h2><strong><img loading=\"lazy\" decoding=\"async\" class=\"aligncenter size-large wp-image-2042\" src=\"https:\/\/healthestetik.com\/wp-content\/uploads\/2025\/06\/jawline-3-1024x1024.jpg\" alt=\"\" width=\"1024\" height=\"1024\" srcset=\"https:\/\/healthestetik.com\/wp-content\/uploads\/2025\/06\/jawline-3-1024x1024.jpg 1024w, https:\/\/healthestetik.com\/wp-content\/uploads\/2025\/06\/jawline-3-768x768.jpg 768w, https:\/\/healthestetik.com\/wp-content\/uploads\/2025\/06\/jawline-3-320x320.jpg 320w, https:\/\/healthestetik.com\/wp-content\/uploads\/2025\/06\/jawline-3-480x480.jpg 480w, https:\/\/healthestetik.com\/wp-content\/uploads\/2025\/06\/jawline-3-800x800.jpg 800w, https:\/\/healthestetik.com\/wp-content\/uploads\/2025\/06\/jawline-3-640x640.jpg 640w, https:\/\/healthestetik.com\/wp-content\/uploads\/2025\/06\/jawline-3-400x400.jpg 400w, https:\/\/healthestetik.com\/wp-content\/uploads\/2025\/06\/jawline-3-560x560.jpg 560w, https:\/\/healthestetik.com\/wp-content\/uploads\/2025\/06\/jawline-3-367x367.jpg 367w\" sizes=\"(max-width: 1024px) 100vw, 1024px\" \/><\/strong><\/h2>\n<h2><strong><img loading=\"lazy\" decoding=\"async\" class=\"aligncenter size-large wp-image-2041\" src=\"https:\/\/healthestetik.com\/wp-content\/uploads\/2025\/06\/jawline-2-1024x1024.jpg\" alt=\"\" width=\"1024\" height=\"1024\" srcset=\"https:\/\/healthestetik.com\/wp-content\/uploads\/2025\/06\/jawline-2-1024x1024.jpg 1024w, https:\/\/healthestetik.com\/wp-content\/uploads\/2025\/06\/jawline-2-768x768.jpg 768w, https:\/\/healthestetik.com\/wp-content\/uploads\/2025\/06\/jawline-2-320x320.jpg 320w, https:\/\/healthestetik.com\/wp-content\/uploads\/2025\/06\/jawline-2-480x480.jpg 480w, https:\/\/healthestetik.com\/wp-content\/uploads\/2025\/06\/jawline-2-800x800.jpg 800w, https:\/\/healthestetik.com\/wp-content\/uploads\/2025\/06\/jawline-2-640x640.jpg 640w, https:\/\/healthestetik.com\/wp-content\/uploads\/2025\/06\/jawline-2-400x400.jpg 400w, https:\/\/healthestetik.com\/wp-content\/uploads\/2025\/06\/jawline-2-560x560.jpg 560w, https:\/\/healthestetik.com\/wp-content\/uploads\/2025\/06\/jawline-2-367x367.jpg 367w\" sizes=\"(max-width: 1024px) 100vw, 1024px\" \/>Filler-Injektion in der T\u00fcrkei<\/strong><\/h2>\n<p><!-- \/wp:heading --><\/p>\n<p><!-- wp:paragraph -->Die Kosmetikindustrie in der T\u00fcrkei erlebt einen Aufschwung. Hohe Investitionen in diesem Sektor erm\u00f6glichen den Einsatz hochmoderner Technologien. Fortschrittliche Technologie in Kombination mit erfahrenem Personal f\u00fchrt zu hervorragenden Ergebnissen. Wir sind stolz darauf, die neuesten Technologien einzusetzen und in unseren Kliniken hochqualifiziertes Personal zu besch\u00e4ftigen.<\/p>\n<p><!-- \/wp:paragraph --><\/p>\n<p><!-- wp:paragraph --><strong>Filler-Injektion in der T\u00fcrkei&nbsp;<\/strong>Die Kosten sind aufgrund von W\u00e4hrungsschwankungen relativ niedrig. Die T\u00fcrkei ist eine gute Option, wenn Sie einen F\u00fcller ben\u00f6tigen. Sie k\u00f6nnen auch einige historische und nat\u00fcrliche Orte besuchen, w\u00e4hrend Sie hier sind. Kontaktieren Sie uns gerne, um mehr \u00fcber die&nbsp;<strong>Kosten f\u00fcr F\u00fcllstoffinjektion<\/strong>Unsere Experten entwickeln f\u00fcr Sie ein kosteng\u00fcnstiges Konzept, das auch Ihren W\u00fcnschen gerecht wird.<\/p>\n<p><!-- \/wp:paragraph -->&nbsp;<\/p>\n\r\n\t\t<\/div>\r\n\t<\/div>\r\n<\/div><\/div><\/div><\/div>","protected":false},"excerpt":{"rendered":"Filler injections Are you trying to get rid of your wrinkles? Filler injections can help you get a youthful appearance. What is good about them is that they cost a fraction compared to traditional facelift operations. In less than 30 minutes, you can get outstanding results that will last up to a year. While Botox [...]","protected":false},"author":1,"featured_media":850,"parent":0,"menu_order":0,"comment_status":"open","ping_status":"open","template":"elementor_header_footer","meta":{"rs_blank_template":"","rs_page_bg_color":"","slide_template_v7":"","footnotes":""},"class_list":["post-631","page","type-page","status-publish","has-post-thumbnail","hentry"],"_links":{"self":[{"href":"https:\/\/healthestetik.com\/de\/wp-json\/wp\/v2\/pages\/631","targetHints":{"allow":["GET"]}}],"collection":[{"href":"https:\/\/healthestetik.com\/de\/wp-json\/wp\/v2\/pages"}],"about":[{"href":"https:\/\/healthestetik.com\/de\/wp-json\/wp\/v2\/types\/page"}],"author":[{"embeddable":true,"href":"https:\/\/healthestetik.com\/de\/wp-json\/wp\/v2\/users\/1"}],"replies":[{"embeddable":true,"href":"https:\/\/healthestetik.com\/de\/wp-json\/wp\/v2\/comments?post=631"}],"version-history":[{"count":0,"href":"https:\/\/healthestetik.com\/de\/wp-json\/wp\/v2\/pages\/631\/revisions"}],"wp:featuredmedia":[{"embeddable":true,"href":"https:\/\/healthestetik.com\/de\/wp-json\/wp\/v2\/media\/850"}],"wp:attachment":[{"href":"https:\/\/healthestetik.com\/de\/wp-json\/wp\/v2\/media?parent=631"}],"curies":[{"name":"wp","href":"https:\/\/api.w.org\/{rel}","templated":true}]}}