{"id":571,"date":"2022-12-08T01:51:47","date_gmt":"2022-12-07T22:51:47","guid":{"rendered":"https:\/\/healthestetik.com\/?p=571"},"modified":"2025-05-08T14:21:29","modified_gmt":"2025-05-08T11:21:29","slug":"gesichtsverjungung","status":"publish","type":"page","link":"https:\/\/healthestetik.com\/de\/gesichtsverjungung\/","title":{"rendered":"Gesichtsverj\u00fcngung"},"content":{"rendered":"<div class=\"wpb-content-wrapper\"><div class=\"vc_row wpb_row row top-row wpb_custom_034b39d9bc6c6b310d69e39f0ccf274f\"><div class=\"vc_column_container col-md-12\"><div class=\"wpb_wrapper vc_column-inner\">\r\n\t<div class=\"wpb_single_image wpb_content_element vc_align_left wpb_content_element  wpb_custom_81a4f7ef9830bf958462581aa01150fb\"><div class=\"wpb_wrapper\">\r\n\t\t\t\r\n\t\t\t<div class=\"vc_single_image-wrapper   vc_box_border_grey\"><img fetchpriority=\"high\" decoding=\"async\" width=\"1440\" height=\"645\" src=\"https:\/\/healthestetik.com\/wp-content\/uploads\/2024\/10\/facial-rejuvenation.jpg?wsr\" class=\"vc_single_image-img attachment-full\" alt=\"\" title=\"Gesichtsverj\u00fcngung\" srcset=\"https:\/\/healthestetik.com\/wp-content\/uploads\/2024\/10\/facial-rejuvenation.jpg 1440w, https:\/\/healthestetik.com\/wp-content\/uploads\/2024\/10\/facial-rejuvenation-1024x459.jpg 1024w, https:\/\/healthestetik.com\/wp-content\/uploads\/2024\/10\/facial-rejuvenation-768x344.jpg 768w, https:\/\/healthestetik.com\/wp-content\/uploads\/2024\/10\/facial-rejuvenation-320x143.jpg 320w, https:\/\/healthestetik.com\/wp-content\/uploads\/2024\/10\/facial-rejuvenation-480x215.jpg 480w, https:\/\/healthestetik.com\/wp-content\/uploads\/2024\/10\/facial-rejuvenation-800x358.jpg 800w, https:\/\/healthestetik.com\/wp-content\/uploads\/2024\/10\/facial-rejuvenation-640x287.jpg 640w, https:\/\/healthestetik.com\/wp-content\/uploads\/2024\/10\/facial-rejuvenation-400x179.jpg 400w\" sizes=\"(max-width: 1440px) 100vw, 1440px\" \/><\/div>\r\n\t\t<\/div>\r\n\t<\/div>\r\n\r\n\t<div class=\"wpb_text_column wpb_content_element wpb_custom_7c91d232724f73626cc933bd95b25ff0\" >\r\n\t\t<div class=\"wpb_wrapper\">\r\n\t\t\t<p>M\u00f6chten Sie Ihre Falten loswerden? Vermissen Sie Ihr jugendliches Aussehen? Dann\u00a0<strong>Verfahren zur Gesichtsverj\u00fcngung<\/strong>\u00a0k\u00f6nnte das sein, wonach Sie suchen.<\/p>\n<p>Die Zahl der Menschen, die sich einer Gesichtsverj\u00fcngung unterziehen, steigt. \u00c4sthetische Anti-Aging-Operationen haben in den letzten Jahren sowohl bei M\u00e4nnern als auch bei Frauen an Akzeptanz gewonnen. Mit dem Aufkommen neuer Technologien in diesem Bereich testen immer mehr Menschen diese und pr\u00fcfen, ob sie hilfreich sind. Und ja, sie sind sehr n\u00fctzlich. Sie k\u00f6nnen sehr effektiv gegen die Zeichen der Hautalterung wirken.<\/p>\n<p>Es gibt eine gro\u00dfe Vielfalt an Verfahren zur Gesichtsverj\u00fcngung. Wenn Sie eine Operation vermeiden m\u00f6chten, dann <a href=\"https:\/\/healthestetik.com\/de\/nicht-chirurgisches-facelifting\/\"  data-wpil-monitor-id=\"91\">nicht-chirurgisch<\/a> Eingriffe sind f\u00fcr Sie geeignet. Wer sich drastischere Ver\u00e4nderungen w\u00fcnscht, kann mit mehreren Operationen sein Gesicht um mindestens zehn Jahre verj\u00fcngen.<\/p>\n<h2 class=\"wp-block-heading\"><strong><img decoding=\"async\" class=\"aligncenter size-large wp-image-1502\" src=\"https:\/\/healthestetik.com\/wp-content\/uploads\/2022\/12\/45-1024x1024.jpg\" alt=\"\" width=\"1024\" height=\"1024\" srcset=\"https:\/\/healthestetik.com\/wp-content\/uploads\/2022\/12\/45-1024x1024.jpg 1024w, https:\/\/healthestetik.com\/wp-content\/uploads\/2022\/12\/45-768x768.jpg 768w, https:\/\/healthestetik.com\/wp-content\/uploads\/2022\/12\/45-320x320.jpg 320w, https:\/\/healthestetik.com\/wp-content\/uploads\/2022\/12\/45-480x480.jpg 480w, https:\/\/healthestetik.com\/wp-content\/uploads\/2022\/12\/45-800x800.jpg 800w, https:\/\/healthestetik.com\/wp-content\/uploads\/2022\/12\/45-640x640.jpg 640w, https:\/\/healthestetik.com\/wp-content\/uploads\/2022\/12\/45-400x400.jpg 400w, https:\/\/healthestetik.com\/wp-content\/uploads\/2022\/12\/45-560x560.jpg 560w, https:\/\/healthestetik.com\/wp-content\/uploads\/2022\/12\/45-367x367.jpg 367w\" sizes=\"(max-width: 1024px) 100vw, 1024px\" \/>Verfahren zur Gesichtsverj\u00fcngung<\/strong><\/h2>\n<p>Wir haben erw\u00e4hnt, dass es viele\u00a0<strong>Verfahren zur Gesichtsverj\u00fcngung<\/strong>\u00a0f\u00fcr Patienten. Schauen wir uns diese Verfahren genauer an, um herauszufinden, welches f\u00fcr Sie geeignet ist. Zuvor sollten wir Sie jedoch dar\u00fcber informieren, dass die meisten Patienten mehrere Techniken kombinieren, um den gr\u00f6\u00dftm\u00f6glichen Nutzen zu erzielen. Wenn Sie mehr als nur gute Ergebnisse erzielen m\u00f6chten, sollten Sie mehrere Operationen in Betracht ziehen. Schauen wir uns an, welche Verfahren infrage kommen.<\/p>\n<h3 class=\"wp-block-heading\"><strong><img decoding=\"async\" class=\"aligncenter size-large wp-image-1497\" src=\"https:\/\/healthestetik.com\/wp-content\/uploads\/2022\/12\/41-1024x1024.jpg\" alt=\"\" width=\"1024\" height=\"1024\" srcset=\"https:\/\/healthestetik.com\/wp-content\/uploads\/2022\/12\/41-1024x1024.jpg 1024w, https:\/\/healthestetik.com\/wp-content\/uploads\/2022\/12\/41-768x768.jpg 768w, https:\/\/healthestetik.com\/wp-content\/uploads\/2022\/12\/41-320x320.jpg 320w, https:\/\/healthestetik.com\/wp-content\/uploads\/2022\/12\/41-480x480.jpg 480w, https:\/\/healthestetik.com\/wp-content\/uploads\/2022\/12\/41-800x800.jpg 800w, https:\/\/healthestetik.com\/wp-content\/uploads\/2022\/12\/41-640x640.jpg 640w, https:\/\/healthestetik.com\/wp-content\/uploads\/2022\/12\/41-400x400.jpg 400w, https:\/\/healthestetik.com\/wp-content\/uploads\/2022\/12\/41-560x560.jpg 560w, https:\/\/healthestetik.com\/wp-content\/uploads\/2022\/12\/41-367x367.jpg 367w\" sizes=\"(max-width: 1024px) 100vw, 1024px\" \/>Facelift-Verfahren<\/strong><\/h3>\n<p>Facelifts sind chirurgische Eingriffe, die dem Patienten ein jugendlicheres Aussehen verleihen sollen. Sie straffen und festigen die schlaffe Gesichtshaut, um ein jugendliches Aussehen zu erzielen. Wenn Sie sich wegen Ihres Gesichts unwohl f\u00fchlen, ist es vielleicht Zeit f\u00fcr eine <a href=\"https:\/\/healthestetik.com\/de\/facelift\/\"  data-wpil-monitor-id=\"17\">Facelift<\/a>. Mit einem Facelift k\u00f6nnen Sie Ihr Selbstvertrauen st\u00e4rken und ein aktiveres Leben f\u00fchren.<\/p>\n<p>Bei einem Facelifting schneiden Chirurgen kleine Linien in das Gesicht des Patienten, vom unteren Teil der Ohren bis zum Haaransatz. Anschlie\u00dfend heben sie die Haut an und strecken sie. Sobald sie die gew\u00fcnschte Position erreicht haben, entfernen sie die \u00fcbersch\u00fcssige Haut. Anschlie\u00dfend legen sie die Haut vorsichtig wieder an und beenden die Operation.<\/p>\n<p>Facelift-Operationen erfordern Erfahrung und Geschick der Chirurgen, die sie durchf\u00fchren. Es ist eines unserer Prinzipien, die erfahrensten und qualifiziertesten plastischen Chirurgen f\u00fcr unsere Kliniken zu engagieren. Wir wissen, wie wichtig es ist, seinem Chirurgen vertrauen zu k\u00f6nnen. Werfen wir einen Blick auf weitere Verfahren.<\/p>\n<h3 class=\"wp-block-heading\"><strong><img loading=\"lazy\" decoding=\"async\" class=\"aligncenter size-large wp-image-1487\" src=\"https:\/\/healthestetik.com\/wp-content\/uploads\/2022\/12\/31-1024x1024.jpg\" alt=\"\" width=\"1024\" height=\"1024\" srcset=\"https:\/\/healthestetik.com\/wp-content\/uploads\/2022\/12\/31-1024x1024.jpg 1024w, https:\/\/healthestetik.com\/wp-content\/uploads\/2022\/12\/31-768x768.jpg 768w, https:\/\/healthestetik.com\/wp-content\/uploads\/2022\/12\/31-320x320.jpg 320w, https:\/\/healthestetik.com\/wp-content\/uploads\/2022\/12\/31-480x480.jpg 480w, https:\/\/healthestetik.com\/wp-content\/uploads\/2022\/12\/31-800x800.jpg 800w, https:\/\/healthestetik.com\/wp-content\/uploads\/2022\/12\/31-640x640.jpg 640w, https:\/\/healthestetik.com\/wp-content\/uploads\/2022\/12\/31-400x400.jpg 400w, https:\/\/healthestetik.com\/wp-content\/uploads\/2022\/12\/31-560x560.jpg 560w, https:\/\/healthestetik.com\/wp-content\/uploads\/2022\/12\/31-367x367.jpg 367w\" sizes=\"(max-width: 1024px) 100vw, 1024px\" \/>Kinnlifting-Verfahren<\/strong><\/h3>\n<p>Kinnlifting-Verfahren helfen Patienten, \u00fcbersch\u00fcssige Haut und Erschlaffung im Halsbereich zu entfernen. Wenn Sie das Problem des Doppelkinns beseitigen m\u00f6chten, k\u00f6nnte ein Kinnlifting das Richtige f\u00fcr Sie sein.<\/p>\n<p>Auch Kinnstraffungen sind chirurgische Eingriffe, die Facelifts \u00e4hneln. Der einzige Unterschied besteht in der Schnittf\u00fchrung entlang der Kinnlinie. Der restliche Eingriff verl\u00e4uft unver\u00e4ndert. Die Haut wird gegl\u00e4ttet, gedehnt und \u00fcbersch\u00fcssige Haut entfernt.<\/p>\n<p>Mit diesem Verfahren k\u00f6nnen auch die Falten im unteren Gesichtsbereich des Patienten entfernt werden.<\/p>\n<h3 class=\"wp-block-heading\"><strong>Augenbrauenlifting<\/strong><\/h3>\n<p>Ein Stirnlifting ist f\u00fcr Patienten mit h\u00e4ngenden, niedrigen und asymmetrischen Augenbrauen geeignet. Durch Anheben der Augenbrauen kann das Aussehen wiederhergestellt werden. Dar\u00fcber hinaus kann das Erscheinungsbild der gesamten Stirnpartie verbessert werden.<\/p>\n<p>Chirurgen verleihen Patienten ein jugendlicheres Aussehen, indem sie das Weichgewebe und die Haut an Stirn und Brauen anheben. Tief sitzende Augenbrauen k\u00f6nnen m\u00fcde, w\u00fctend oder traurig wirken lassen. Mit einem Brauenlifting erzielen Sie ein frischeres, angenehmeres Aussehen.<\/p>\n<p>Es gibt verschiedene M\u00f6glichkeiten, kr\u00e4ftigere Augenbrauen zu erzielen. Chirurgen k\u00f6nnen verschiedene Eingriffe durchf\u00fchren, die zu \u00e4hnlichen Ergebnissen f\u00fchren. Dazu geh\u00f6ren das endoskopische Stirnlifting, das Coronal-Stirnlifting und das Hairline-Stirnlifting. <a href=\"https:\/\/healthestetik.com\/de\/kontaktieren-sie-uns\/\"  data-wpil-monitor-id=\"224\">Kontaktieren Sie uns<\/a> Weitere Informationen zu diesen Verfahren erhalten Sie, um zu entscheiden, welches besser geeignet ist.<\/p>\n<h3 class=\"wp-block-heading\"><strong>Augenlidstraffung<\/strong><\/h3>\n<p>Augenlidstraffungen, auch genannt <a href=\"https:\/\/healthestetik.com\/de\/augenlidoperation-blepharoplastik\/\"  data-wpil-monitor-id=\"21\">Blepharoplastik<\/a>, kann die Erschlaffung der unteren Augenlider reduzieren. Sie k\u00f6nnen auch die \u00fcbersch\u00fcssige Haut der oberen Augenlider entfernen. Es kann lebensrettend sein, wenn Sie unter Tr\u00e4nens\u00e4cken oder h\u00e4ngenden Augenlidern leiden.<\/p>\n<p>Eine Augenlidstraffung kann Ihr Aussehen verbessern und Ihr Selbstvertrauen st\u00e4rken. Sie kann auch bei Sehverlust durch Erschlaffung wirksam sein.<\/p>\n<p>Diese Eingriffe dauern in der Regel etwa zwei Stunden. \u00c4hnlich wie beim Facelifting schneiden die Chirurgen einen schmalen Schnitt entlang des Augenlids. Anschlie\u00dfend entfernen sie \u00fcbersch\u00fcssige Haut. Anschlie\u00dfend werden die Schnitte vern\u00e4ht und der Eingriff abgeschlossen. Eine Augenlidstraffung kann Ihnen ein erholtes Aussehen verleihen. Kontaktieren Sie uns f\u00fcr weitere Informationen.<\/p>\n<h3 class=\"wp-block-heading\"><strong><img loading=\"lazy\" decoding=\"async\" class=\"aligncenter size-large wp-image-1484\" src=\"https:\/\/healthestetik.com\/wp-content\/uploads\/2022\/12\/28-1024x1024.jpg\" alt=\"\" width=\"1024\" height=\"1024\" srcset=\"https:\/\/healthestetik.com\/wp-content\/uploads\/2022\/12\/28-1024x1024.jpg 1024w, https:\/\/healthestetik.com\/wp-content\/uploads\/2022\/12\/28-768x768.jpg 768w, https:\/\/healthestetik.com\/wp-content\/uploads\/2022\/12\/28-320x320.jpg 320w, https:\/\/healthestetik.com\/wp-content\/uploads\/2022\/12\/28-480x480.jpg 480w, https:\/\/healthestetik.com\/wp-content\/uploads\/2022\/12\/28-800x800.jpg 800w, https:\/\/healthestetik.com\/wp-content\/uploads\/2022\/12\/28-640x640.jpg 640w, https:\/\/healthestetik.com\/wp-content\/uploads\/2022\/12\/28-400x400.jpg 400w, https:\/\/healthestetik.com\/wp-content\/uploads\/2022\/12\/28-560x560.jpg 560w, https:\/\/healthestetik.com\/wp-content\/uploads\/2022\/12\/28-367x367.jpg 367w\" sizes=\"(max-width: 1024px) 100vw, 1024px\" \/>Chemisches Peeling<\/strong><\/h3>\n<p>Chemische Peelings geh\u00f6ren zu den nicht-chirurgischen kosmetischen Verfahren. Dabei tragen die \u00c4rzte eine chemische L\u00f6sung auf die Haut des Patienten auf. Dadurch bilden sich Blasen, die sich schlie\u00dflich abl\u00f6sen. Die neue Haut ist im Vergleich zur alten Haut glatter und straffer. Zu den Vorteilen des chemischen Peelings geh\u00f6ren:<\/p>\n<ul class=\"wp-block-list\">\n<li style=\"list-style-type: none;\">\n<ul>\n<li>Entfernung von Linien und F\u00e4ltchen unter den Augen und um den Mund<\/li>\n<li>Behandlung von Akne<\/li>\n<li>Behandlung von Sonnensch\u00e4den<\/li>\n<li>Reduzierung von Altersflecken, Sommersprossen und dunklen Flecken<\/li>\n<\/ul>\n<\/li>\n<\/ul>\n<p>Wenn Sie glattere Haut w\u00fcnschen, k\u00f6nnen Ihnen chemische Peelings das gew\u00fcnschte Ergebnis bringen.<\/p>\n<h3 class=\"wp-block-heading\"><strong>Hautf\u00fcller<\/strong><\/h3>\n<p>Dermal <a href=\"https:\/\/healthestetik.com\/de\/fullstoffinjektionen\/\"  data-wpil-monitor-id=\"85\">F\u00fcllstoff<\/a> ist eine weitere nicht-chirurgische Methode zur Behandlung von Alterserscheinungen. Sie k\u00f6nnen Ihnen helfen, Falten im Gesicht zu beseitigen. Dar\u00fcber hinaus stellen sie Volumen und F\u00fclle wieder her, die f\u00fcr ein jugendliches Aussehen unerl\u00e4sslich sind.<\/p>\n<p>Dermalfiller k\u00f6nnen viele positive Auswirkungen auf das Aussehen haben. Sie bieten Patienten Folgendes:<\/p>\n<ul class=\"wp-block-list\">\n<li style=\"list-style-type: none;\">\n<ul>\n<li>Vollere Lippen<\/li>\n<li>Verbesserte flache Konturen<\/li>\n<li>Verbessertes Erscheinungsbild der zur\u00fcckgesetzten Narben<\/li>\n<li>Milderung von Gesichtsfalten und F\u00e4ltchen<\/li>\n<\/ul>\n<\/li>\n<\/ul>\n<p>Bei dermalen Filler-Behandlungen reduzieren plastische Chirurgen das Erscheinungsbild von Falten, indem sie gelartige Substanzen in die Zielregion des Patienten injizieren. Dabei kommen verschiedene Substanzen zum Einsatz. In Kombination mit Botox sorgen diese Filler f\u00fcr ein nat\u00fcrliches und jugendliches Aussehen.<\/p>\n<h2 class=\"wp-block-heading\"><strong><img loading=\"lazy\" decoding=\"async\" class=\"aligncenter size-large wp-image-1478\" src=\"https:\/\/healthestetik.com\/wp-content\/uploads\/2022\/12\/22-1-1024x1024.jpg\" alt=\"\" width=\"1024\" height=\"1024\" srcset=\"https:\/\/healthestetik.com\/wp-content\/uploads\/2022\/12\/22-1-1024x1024.jpg 1024w, https:\/\/healthestetik.com\/wp-content\/uploads\/2022\/12\/22-1-768x768.jpg 768w, https:\/\/healthestetik.com\/wp-content\/uploads\/2022\/12\/22-1-320x320.jpg 320w, https:\/\/healthestetik.com\/wp-content\/uploads\/2022\/12\/22-1-480x480.jpg 480w, https:\/\/healthestetik.com\/wp-content\/uploads\/2022\/12\/22-1-800x800.jpg 800w, https:\/\/healthestetik.com\/wp-content\/uploads\/2022\/12\/22-1-640x640.jpg 640w, https:\/\/healthestetik.com\/wp-content\/uploads\/2022\/12\/22-1-400x400.jpg 400w, https:\/\/healthestetik.com\/wp-content\/uploads\/2022\/12\/22-1-560x560.jpg 560w, https:\/\/healthestetik.com\/wp-content\/uploads\/2022\/12\/22-1-367x367.jpg 367w\" sizes=\"(max-width: 1024px) 100vw, 1024px\" \/>Gesichtsverj\u00fcngung in der T\u00fcrkei<\/strong><\/h2>\n<p>Die T\u00fcrkei z\u00e4hlt zu den Branchenf\u00fchrern im Bereich der kosmetischen Behandlungen. Hochwertige Dienstleistungen zu relativ g\u00fcnstigen Preisen locken viele Touristen aus medizinischen Gr\u00fcnden in die T\u00fcrkei. Gesichtsverj\u00fcngungsverfahren sind in der T\u00fcrkei weit verbreitet. Kontaktieren Sie uns gerne, wenn Sie eine Gesichtsverj\u00fcngung in der T\u00fcrkei in Erw\u00e4gung ziehen. Wir informieren Sie gerne ausf\u00fchrlich \u00fcber Gesichtsverj\u00fcngungsverfahren und deren Ablauf.<\/p>\n<h2 class=\"wp-block-heading\"><strong>Kosten f\u00fcr Gesichtsverj\u00fcngung<\/strong><\/h2>\n<p>Wie Sie in diesem Artikel gesehen haben, stehen Patienten viele verschiedene Verfahren zur Gesichtsverj\u00fcngung zur Verf\u00fcgung. Einige dieser Verfahren haben unterschiedliche Umsetzungsm\u00f6glichkeiten. Diese Faktoren beeinflussen die Preise. Auch Ihre W\u00fcnsche und Erwartungen k\u00f6nnen die Preise beeinflussen. Daher ben\u00f6tigen wir ein Beratungsgespr\u00e4ch, um Ihnen Preisinformationen zukommen zu lassen. Kontaktieren Sie uns, wenn Sie mehr \u00fcber die Kosten einer Gesichtsverj\u00fcngung erfahren m\u00f6chten.<\/p>\n<p><img loading=\"lazy\" decoding=\"async\" class=\"aligncenter size-large wp-image-1480\" src=\"https:\/\/healthestetik.com\/wp-content\/uploads\/2022\/12\/24-1-1024x1024.jpg\" alt=\"\" width=\"1024\" height=\"1024\" srcset=\"https:\/\/healthestetik.com\/wp-content\/uploads\/2022\/12\/24-1-1024x1024.jpg 1024w, https:\/\/healthestetik.com\/wp-content\/uploads\/2022\/12\/24-1-768x768.jpg 768w, https:\/\/healthestetik.com\/wp-content\/uploads\/2022\/12\/24-1-320x320.jpg 320w, https:\/\/healthestetik.com\/wp-content\/uploads\/2022\/12\/24-1-480x480.jpg 480w, https:\/\/healthestetik.com\/wp-content\/uploads\/2022\/12\/24-1-800x800.jpg 800w, https:\/\/healthestetik.com\/wp-content\/uploads\/2022\/12\/24-1-640x640.jpg 640w, https:\/\/healthestetik.com\/wp-content\/uploads\/2022\/12\/24-1-400x400.jpg 400w, https:\/\/healthestetik.com\/wp-content\/uploads\/2022\/12\/24-1-560x560.jpg 560w, https:\/\/healthestetik.com\/wp-content\/uploads\/2022\/12\/24-1-367x367.jpg 367w\" sizes=\"(max-width: 1024px) 100vw, 1024px\" \/><\/p>\n\r\n\t\t<\/div>\r\n\t<\/div>\r\n<\/div><\/div><\/div><\/div>","protected":false},"excerpt":{"rendered":"<p>M\u00f6chten Sie Ihre Falten loswerden? Vermissen Sie Ihr jugendliches Aussehen? <\/p>","protected":false},"author":1,"featured_media":860,"parent":0,"menu_order":0,"comment_status":"open","ping_status":"closed","template":"elementor_header_footer","meta":{"rs_blank_template":"","rs_page_bg_color":"","slide_template_v7":"","footnotes":""},"class_list":["post-571","page","type-page","status-publish","has-post-thumbnail","hentry"],"_links":{"self":[{"href":"https:\/\/healthestetik.com\/de\/wp-json\/wp\/v2\/pages\/571","targetHints":{"allow":["GET"]}}],"collection":[{"href":"https:\/\/healthestetik.com\/de\/wp-json\/wp\/v2\/pages"}],"about":[{"href":"https:\/\/healthestetik.com\/de\/wp-json\/wp\/v2\/types\/page"}],"author":[{"embeddable":true,"href":"https:\/\/healthestetik.com\/de\/wp-json\/wp\/v2\/users\/1"}],"replies":[{"embeddable":true,"href":"https:\/\/healthestetik.com\/de\/wp-json\/wp\/v2\/comments?post=571"}],"version-history":[{"count":0,"href":"https:\/\/healthestetik.com\/de\/wp-json\/wp\/v2\/pages\/571\/revisions"}],"wp:featuredmedia":[{"embeddable":true,"href":"https:\/\/healthestetik.com\/de\/wp-json\/wp\/v2\/media\/860"}],"wp:attachment":[{"href":"https:\/\/healthestetik.com\/de\/wp-json\/wp\/v2\/media?parent=571"}],"curies":[{"name":"wp","href":"https:\/\/api.w.org\/{rel}","templated":true}]}}