{"id":2126,"date":"2025-07-11T16:15:40","date_gmt":"2025-07-11T13:15:40","guid":{"rendered":"https:\/\/healthestetik.com\/cookie-policy\/"},"modified":"2025-07-11T16:15:40","modified_gmt":"2025-07-11T13:15:40","slug":"cookie-richtlinie","status":"publish","type":"page","link":"https:\/\/healthestetik.com\/de\/cookie-richtlinie\/","title":{"rendered":"Cookie-Richtlinie"},"content":{"rendered":"<p>Diese Seite bietet umfassende Informationen dar\u00fcber, wie wir Cookies auf unserer Website einsetzen, um Ihr Surferlebnis zu verbessern, die Website-Leistung zu steigern und personalisierte Inhalte bereitzustellen. Cookies sind kleine Textdateien, die beim Besuch unserer Website auf Ihrem Ger\u00e4t gespeichert werden. Sie helfen uns zu verstehen, wie Besucher mit unserer Website interagieren, und erm\u00f6glichen uns so eine reibungslosere und effizientere Benutzererfahrung. In der folgenden Tabelle finden Sie detaillierte Informationen zu den einzelnen von uns verwendeten Cookie-Typen, ihrem Zweck und ihrer Verweildauer auf Ihrem Ger\u00e4t. Wir verpflichten uns, Ihre Privatsph\u00e4re zu respektieren und Transparenz \u00fcber die von uns durch Cookies erhobenen Daten zu gew\u00e4hrleisten. Weitere Informationen zum Umgang mit Ihren personenbezogenen Daten finden Sie in unserer <a href=\"\">Datenschutzrichtlinie.<\/a><\/p><div class=\"wpconsent-cookie-policy\"><h2 class=\"wpconsent-cookie-category-name\">Essentiell<\/h2><p class=\"wpconsent-cookie-category-description\">Essenzielle Cookies erm\u00f6glichen grundlegende Funktionen und sind f\u00fcr die einwandfreie Funktion der Website erforderlich.<\/p><table class=\"wpconsent-cookie-policy-table\"><tr><th>Name<\/th><th>Beschreibung<\/th><th>Dauer<\/th><\/tr><tr><td>wpconsent_preferences<\/td><td>Dieses Cookie wird verwendet, um die Einstellungen des Benutzers zur Zustimmung zu Cookies zu speichern.<\/td><td>30 Tage<\/td><\/tr><\/table><h3 class=\"wpconsent-cookie-service-name\">Kommentare<\/h3><p class=\"wpconsent-cookie-service-description\">Diese Cookies werden zum Hinzuf\u00fcgen von Kommentaren auf dieser Website ben\u00f6tigt.<\/p><table class=\"wpconsent-cookie-policy-table\"><tr><th>Name<\/th><th>Beschreibung<\/th><th>Dauer<\/th><\/tr><tr><td>Kommentar-Autor-URL<\/td><td>Wird verwendet, um den Benutzer \u00fcber mehrere Sitzungen hinweg zu verfolgen.<\/td><td>Sitzung<\/td><\/tr><tr><td>Kommentar-Autor-E-Mail<\/td><td>Wird verwendet, um den Benutzer \u00fcber mehrere Sitzungen hinweg zu verfolgen.<\/td><td>Sitzung<\/td><\/tr><tr><td>Kommentarautor<\/td><td>Wird verwendet, um den Benutzer \u00fcber mehrere Sitzungen hinweg zu verfolgen.<\/td><td>Sitzung<\/td><\/tr><\/table><h3 class=\"wpconsent-cookie-service-name\">Google Tag Manager<\/h3><p class=\"wpconsent-cookie-service-description\">Google Tag Manager vereinfacht die Verwaltung von Marketing-Tags auf Ihrer Website ohne Code\u00e4nderungen.<\/p><table class=\"wpconsent-cookie-policy-table\"><tr><th>Name<\/th><th>Beschreibung<\/th><th>Dauer<\/th><\/tr><tr><td>Cookie-Einstellungen<\/td><td>Registriert die Cookie-Einstellungen eines Benutzers<\/td><td>2 Jahre<\/td><\/tr><tr><td>td<\/td><td>Registriert statistische Daten \u00fcber das Verhalten der Benutzer auf der Website. Wird f\u00fcr interne Analysen durch den Websitebetreiber verwendet.<\/td><td>Sitzung<\/td><\/tr><\/table><h2 class=\"wpconsent-cookie-category-name\">Statistiken<\/h2><p class=\"wpconsent-cookie-category-description\">Statistik Cookies erfassen Informationen anonym. Diese Informationen helfen uns zu verstehen, wie unsere Besucher unsere Website nutzen.<\/p><h3 class=\"wpconsent-cookie-service-name\">Google Analytics<\/h3><p class=\"wpconsent-cookie-service-description\">Google Analytics ist ein leistungsstarkes Tool, das den Website-Verkehr verfolgt und analysiert, um fundierte Marketingentscheidungen zu erm\u00f6glichen.<\/p><a href=\"https:\/\/policies.google.com\/privacy\" target=\"_blank\" rel=\"noopener\">Mehr erfahren<\/a><table class=\"wpconsent-cookie-policy-table\"><tr><th>Name<\/th><th>Beschreibung<\/th><th>Dauer<\/th><\/tr><tr><td>_ga_<\/td><td>ID zur Identifizierung von Benutzern<\/td><td>2 Jahre<\/td><\/tr><tr><td>_gid<\/td><td>ID, die zur Identifizierung von Benutzern f\u00fcr 24 Stunden nach der letzten Aktivit\u00e4t verwendet wird<\/td><td>24 Stunden<\/td><\/tr><tr><td>_gat<\/td><td>Wird verwendet, um die Anzahl der Google Analytics-Serveranforderungen zu \u00fcberwachen, wenn Google Tag Manager verwendet wird<\/td><td>1 Minute<\/td><\/tr><tr><td>__utmz<\/td><td>Enth\u00e4lt Informationen zur Traffic-Quelle oder Kampagne, die den Benutzer auf die Website geleitet hat. Das Cookie wird gesetzt, wenn das GA.js-Javascript geladen wird, und aktualisiert, wenn Daten an den Google Analytics-Server gesendet werden.<\/td><td>6 Monate nach der letzten Aktivit\u00e4t<\/td><\/tr><tr><td>__utmv<\/td><td>Enth\u00e4lt benutzerdefinierte Informationen, die vom Webentwickler \u00fcber die Methode _setCustomVar in Google Analytics festgelegt wurden. Dieses Cookie wird jedes Mal aktualisiert, wenn neue Daten an den Google Analytics-Server gesendet werden.<\/td><td>2 Jahre nach der letzten Aktivit\u00e4t<\/td><\/tr><tr><td>__utmx<\/td><td>Wird verwendet, um zu bestimmen, ob ein Benutzer in einen A\/B- oder multivarianten Test einbezogen wird.<\/td><td>18 Monate<\/td><\/tr><tr><td>_ga<\/td><td>ID zur Identifizierung von Benutzern<\/td><td>2 Jahre<\/td><\/tr><tr><td>_gali<\/td><td>Wird von Google Analytics verwendet, um festzustellen, welche Links auf einer Seite angeklickt werden<\/td><td>30 Sekunden<\/td><\/tr><tr><td>_gac_<\/td><td>Enth\u00e4lt Informationen zu Marketingkampagnen des Benutzers. Diese werden mit Google AdWords\/Google Ads gemeinsam genutzt, wenn die Google Ads- und Google Analytics-Konten miteinander verkn\u00fcpft sind.<\/td><td>90 Tage<\/td><\/tr><tr><td>__utma<\/td><td>ID zur Identifizierung von Benutzern und Sitzungen<\/td><td>2 Jahre nach der letzten Aktivit\u00e4t<\/td><\/tr><tr><td>__utmt<\/td><td>Wird verwendet, um die Anzahl der Google Analytics-Serveranfragen zu \u00fcberwachen<\/td><td>10 Minuten<\/td><\/tr><tr><td>__utmb<\/td><td>Wird zur Unterscheidung zwischen neuen Sitzungen und Besuchen verwendet. Dieses Cookie wird gesetzt, wenn die GA.js-Javascript-Bibliothek geladen wird und kein __utmb-Cookie vorhanden ist. Das Cookie wird jedes Mal aktualisiert, wenn Daten an den Google Analytics-Server gesendet werden.<\/td><td>30 Minuten nach der letzten Aktivit\u00e4t<\/td><\/tr><tr><td>__utmc<\/td><td>Wird nur mit alten Urchin-Versionen von Google Analytics und nicht mit GA.js verwendet. Wurde verwendet, um zwischen neuen Sitzungen und Besuchen am Ende einer Sitzung zu unterscheiden.<\/td><td>Ende der Sitzung (Browser)<\/td><\/tr><\/table><h2 class=\"wpconsent-cookie-category-name\">Marketing<\/h2><p class=\"wpconsent-cookie-category-description\">Marketing-Cookies werden verwendet, um Besucher von Websites zu verfolgen. Ziel ist es, Anzeigen zu schalten, die f\u00fcr den einzelnen Benutzer relevant und ansprechend sind.<\/p><h3 class=\"wpconsent-cookie-service-name\">Facebook Pixel<\/h3><p class=\"wpconsent-cookie-service-description\">Facebook Pixel ist ein Webanalysedienst, der den Website-Verkehr verfolgt und meldet.<\/p><a href=\"https:\/\/www.facebook.com\/policy.php\" target=\"_blank\" rel=\"noopener\">Mehr erfahren<\/a><table class=\"wpconsent-cookie-policy-table\"><tr><th>Name<\/th><th>Beschreibung<\/th><th>Dauer<\/th><\/tr><tr><td>_fbp<\/td><td>Wird verwendet, um den Benutzer \u00fcber mehrere Sitzungen hinweg zu verfolgen.<\/td><td>3 Monate<\/td><\/tr><tr><td>fr<\/td><td>Wird verwendet, um den Benutzer \u00fcber mehrere Sitzungen hinweg zu verfolgen.<\/td><td>3 Monate<\/td><\/tr><tr><td>_fbc<\/td><td>Wird verwendet, um den letzten Sitzungsbesuch zu verfolgen.<\/td><td>12 Monate<\/td><\/tr><\/table><h3 class=\"wpconsent-cookie-service-name\">Google Maps<\/h3><p class=\"wpconsent-cookie-service-description\">Google Maps ist ein Web-Mapping-Dienst, der Satellitenbilder, Echtzeitnavigation und standortbezogene Informationen bereitstellt.<\/p><a href=\"https:\/\/policies.google.com\/privacy\" target=\"_blank\" rel=\"noopener\">Mehr erfahren<\/a><table class=\"wpconsent-cookie-policy-table\"><tr><th>Name<\/th><th>Beschreibung<\/th><th>Dauer<\/th><\/tr><tr><td>OGPC<\/td><td>Diese Cookies werden von Google verwendet, um Benutzereinstellungen und Informationen beim Anzeigen von Google-Kartenseiten zu speichern.<\/td><td>1 Monat<\/td><\/tr><tr><td>OGP<\/td><td>Dieses Cookie wird von Google zum Aktivieren und Nachverfolgen der Google Maps-Funktionalit\u00e4t verwendet.<\/td><td>2 Monate<\/td><\/tr><\/table><\/div>","protected":false},"excerpt":{"rendered":"<p>This page provides comprehensive information about how we use cookies on our website to enhance your browsing experience, improve website performance, and deliver personalized content. Cookies are small text files that are stored on your device when you visit our site. They help us understand how visitors interact with our website, allowing us to offer [&hellip;]<\/p>\n","protected":false},"author":1,"featured_media":0,"parent":0,"menu_order":0,"comment_status":"closed","ping_status":"closed","template":"","meta":{"rs_blank_template":"","rs_page_bg_color":"","slide_template_v7":"","footnotes":""},"class_list":["post-2126","page","type-page","status-publish","hentry"],"_links":{"self":[{"href":"https:\/\/healthestetik.com\/de\/wp-json\/wp\/v2\/pages\/2126","targetHints":{"allow":["GET"]}}],"collection":[{"href":"https:\/\/healthestetik.com\/de\/wp-json\/wp\/v2\/pages"}],"about":[{"href":"https:\/\/healthestetik.com\/de\/wp-json\/wp\/v2\/types\/page"}],"author":[{"embeddable":true,"href":"https:\/\/healthestetik.com\/de\/wp-json\/wp\/v2\/users\/1"}],"replies":[{"embeddable":true,"href":"https:\/\/healthestetik.com\/de\/wp-json\/wp\/v2\/comments?post=2126"}],"version-history":[{"count":0,"href":"https:\/\/healthestetik.com\/de\/wp-json\/wp\/v2\/pages\/2126\/revisions"}],"wp:attachment":[{"href":"https:\/\/healthestetik.com\/de\/wp-json\/wp\/v2\/media?parent=2126"}],"curies":[{"name":"wp","href":"https:\/\/api.w.org\/{rel}","templated":true}]}}